{"id":115,"date":"2020-03-13T15:28:00","date_gmt":"2020-03-13T15:28:00","guid":{"rendered":"https:\/\/demo.creativethemes.com\/blocksy\/modern-shop\/?page_id=115"},"modified":"2025-06-01T20:17:05","modified_gmt":"2025-06-01T18:17:05","slug":"about","status":"publish","type":"page","link":"https:\/\/babyslane.com\/fr\/about\/","title":{"rendered":"Qui Sommes-Nous?"},"content":{"rendered":"<p><\/p>\n<h2 style=\"text-align: center;\">QUI SOMMES-NOUS ?<\/h2>\n<h3>Baby\u2019s Lane \u2013 Grandir avec amour, apprendre avec sens.<\/h3>\n<p>Chez Baby\u2019s Lane, nous sommes avant tout des mamans engag\u00e9es, \u00e0 la recherche de ce qu\u2019il y a de mieux pour nos enfants \u2014 comme vous.<br \/>\nDe cette volont\u00e9 sinc\u00e8re est n\u00e9e notre boutique : un espace pens\u00e9 pour accompagner les parents dans leur quotidien, avec des produits qui font r\u00e9ellement la diff\u00e9rence.<\/p>\n<p>Notre mission est claire :<br \/>\n\ud83d\udc49 <strong>Faciliter votre quotidien de parent.<\/strong><br \/>\n\ud83d\udc49 <strong>Favoriser l\u2019\u00e9panouissement physique et intellectuel de vos enfants.<\/strong><br \/>\n\ud83d\udc49 <strong>Cr\u00e9er un lien fort et serein entre vous et votre b\u00e9b\u00e9.<\/strong><\/p>\n<h3>Ce que nous d\u00e9fendons :<\/h3>\n<ul>\n<li>\ud83e\uddf8 <strong>Confort &amp; s\u00e9curit\u00e9<\/strong> avant tout<\/li>\n<li>\ud83e\udde0 <strong>\u00c9veil et d\u00e9veloppement sain<\/strong>, d\u00e8s le plus jeune \u00e2ge<\/li>\n<li>\ud83e\udd0d <strong>Des choix bienveillants<\/strong> et p\u00e9dagogiques pour les mamans conscientes<\/li>\n<li>\ud83d\udce6 <strong>Une s\u00e9lection rigoureuse<\/strong> de produits pratiques, doux et utiles<\/li>\n<\/ul>\n<p>Nous s\u00e9lectionnons avec soin chaque article, en nous assurant qu\u2019il respecte nos valeurs : qualit\u00e9, s\u00e9curit\u00e9, praticit\u00e9 et esth\u00e9tique.<br \/>\nNos partenaires g\u00e8rent les stocks et l\u2019exp\u00e9dition, ce qui nous permet de vous proposer des produits exclusifs, toujours disponibles, sans compromis sur le contr\u00f4le qualit\u00e9.<\/p>\n<p>Baby\u2019s Lane, c\u2019est un cocon moderne et fiable pour vous aider \u00e0 :<\/p>\n<ul>\n<li>Organiser votre quotidien de mani\u00e8re plus fluide<\/li>\n<li>Gagner du temps pour l\u2019essentiel : votre lien avec b\u00e9b\u00e9<\/li>\n<li>Offrir \u00e0 votre enfant des jouets et accessoires qui nourrissent ses sens et son esprit<\/li>\n<li>Cr\u00e9er des souvenirs doux et durables<\/li>\n<\/ul>\n<h3>Notre promesse ?<\/h3>\n<p>Vous accompagner, avec amour et expertise, dans cette aventure unique qu\u2019est la parentalit\u00e9.<\/p>\n<p>Parce qu\u2019un enfant \u00e9panoui commence avec des parents sereins et bien entour\u00e9s.<br \/>\nBienvenue chez Baby\u2019s Lane, l\u00e0 o\u00f9 chaque choix est fait avec soin, pour leur futur et votre paix int\u00e9rieure.<\/p>\n<p>\ud83d\udecd\ufe0f Explorez notre univers et d\u00e9couvrez des tr\u00e9sors du quotidien qui font toute la diff\u00e9rence.<\/p>\n<p>&nbsp;<\/p>","protected":false},"excerpt":{"rendered":"<p>Massa sed elementum tempus egestas sed sed risus. Risus at ultrices mi tempus imperdiet nulla malesuada pellentesque elit.<\/p>\n","protected":false},"author":1,"featured_media":0,"parent":0,"menu_order":0,"comment_status":"closed","ping_status":"closed","template":"","meta":{"footnotes":""},"class_list":["post-115","page","type-page","status-publish","hentry"],"blocksy_meta":{"page_title_panel":"","has_hero_section":"disabled","6774d2922b2e043009dd0369630c6648":"","hero_section":"type-2","hero_alignment1":"left","hero_alignment2":"center","hero_height":{"0":"500px","1":"500px","2":"500px","3":"500px","4":"500px","desktop":"600px","tablet":"500px","mobile":"400px","__changed":["tablet","tablet","mobile","mobile"]},"page_title_bg_type":"custom_image","custom_hero_background":{"attachment_id":228,"url":"https:\/\/demo.creativethemes.com\/blocksy\/modern-shop\/wp-content\/uploads\/2020\/03\/ashley-knedler-Pf5Pj7A5ddA-unsplash-1024x422.jpg"},"parallax":{"desktop":true,"tablet":false,"mobile":false},"6b74a569d6954c8dde2fe0e3330a3d07":"","single_meta_elements":{"author":false,"date":false,"categories":false,"comments":false,"updated":false,"tags":false},"has_meta_label":"yes","has_meta_avatar":"yes","date_format_source":"custom","single_meta_date_format":"M j, Y","b97b3b35a921898a5a649956dd3ef2c9":"","page_excerpt_visibility":{"desktop":true,"tablet":true,"mobile":true},"pageTitleFont":{"family":"Default","variation":"n9","size":{"desktop":"55px","tablet":"40px","mobile":"30px","__changed":["tablet","tablet","mobile","mobile","mobile"]},"line-height":"1.3","letter-spacing":"CT_CSS_SKIP_RULE","text-transform":"CT_CSS_SKIP_RULE","text-decoration":"CT_CSS_SKIP_RULE"},"pageTitleFontColor":{"default":{"color":"CT_CSS_SKIP_RULEDEFAULT"}},"pageMetaFont":{"family":"Default","variation":"n6","size":{"desktop":"12px","tablet":"12px","mobile":"12px"},"line-height":"1.3","letter-spacing":"CT_CSS_SKIP_RULE","text-transform":"uppercase","text-decoration":"CT_CSS_SKIP_RULE"},"pageMetaFontColor":{"default":{"color":"CT_CSS_SKIP_RULEDEFAULT"},"hover":{"color":"CT_CSS_SKIP_RULEDEFAULT"}},"pageExcerptFont":{"family":"Default","variation":"n5","size":"CT_CSS_SKIP_RULE","line-height":"CT_CSS_SKIP_RULE","letter-spacing":"CT_CSS_SKIP_RULE","text-transform":"CT_CSS_SKIP_RULE","text-decoration":"CT_CSS_SKIP_RULE"},"pageExcerptColor":{"default":{"color":"CT_CSS_SKIP_RULEDEFAULT"}},"pageTitleOverlay":{"default":{"color":"CT_CSS_SKIP_RULE"}},"pageTitleBackground":{"background_type":"color","background_pattern":"type-1","background_image":{"attachment_id":null,"x":0,"y":0},"background_repeat":"no-repeat","background_size":"auto","background_attachment":"scroll","patternColor":{"default":{"color":"#e5e7ea"}},"backgroundColor":{"default":{"color":"#EDEFF2"}},"default":{"color":"#edeff2"}},"e9c08d358e8061a13c6703914fc3e107":"","page_structure_type":"default","page_enable_vertical_spacing":"yes","37e2e5405a48b6dcb367458103437801":"","disable_featured_image":"no","5a23f5815557fff3b572a1ff51bc4447":"","6d18f3e1ac54c9cd1e3e09c3f4dedc8c":"","b11ba8cda6e4bad1311d96230b11a88a":"","1292d792724cdd47c48bd6e6b2e81566":"","ae2e39a6f1a394fbe333e5ca05e5bfb9":"","b025400c48fbaec82191e6798433add3":"","1ea904d02bce5589e5973cd0e6215a6d":"","af31de1a48854c5746ce4378b7f4b10c":"","aa0594d089a317f833967ec6c78ba836":"","8de4197d97c9487ce3f5018fbd54c81e":"","25f8cf7144e44cf269774b333f6c2343":"","c80e3da369fc9e2454430a6d146a31c8":"","23baab15e83c8d7083e2769a437a4768":"","3b5108b2aa7ad8a9428e511d430a3fbe":"","670381c96849f0626bfb58ac79a38931":"","efc6e89b572992af985a906e0b0677c7":"","hero_elements":[{"id":"custom_title","enabled":true,"heading_tag":"h1","title":"Home"},{"id":"custom_description","enabled":true,"description_visibility":{"desktop":true,"tablet":true,"mobile":false}},{"id":"custom_meta","enabled":false,"meta_elements":[{"id":"author","enabled":true,"label":"By","has_author_avatar":"yes","avatar_size":25},{"id":"post_date","enabled":true,"label":"On","date_format_source":"default","date_format":"M j, Y"},{"id":"comments","enabled":true}],"page_meta_elements":{"joined":true,"articles_count":true,"comments":true}},{"id":"breadcrumbs","enabled":false}],"9f21be5163e55bd032bea22f195ff20e":"","hero_vertical_alignment":"center","hero_structure":"narrow","breadcrumbsFont":{"family":"Default","variation":"n6","size":"12px","line-height":"CT_CSS_SKIP_RULE","letter-spacing":"CT_CSS_SKIP_RULE","text-transform":"uppercase","text-decoration":"CT_CSS_SKIP_RULE"},"breadcrumbsFontColor":{"default":{"color":"CT_CSS_SKIP_RULEDEFAULT"},"initial":{"color":"CT_CSS_SKIP_RULEDEFAULT"},"hover":{"color":"CT_CSS_SKIP_RULEDEFAULT"}},"96d5a5dade1ac81fdc2f23e8c7cb5b1f":"","content_style":"inherit","vertical_spacing_source":"custom","content_area_spacing":"none","background":{"background_type":"color","background_pattern":"type-1","background_image":{"attachment_id":null,"x":0,"y":0},"background_repeat":"no-repeat","background_size":"auto","background_attachment":"scroll","patternColor":{"default":{"color":"#e5e7ea"}},"backgroundColor":{"default":{"color":"CT_CSS_SKIP_RULE"}}},"content_background":{"background_type":"color","background_pattern":"type-1","background_image":{"attachment_id":null,"x":0,"y":0},"background_repeat":"no-repeat","background_size":"auto","background_attachment":"scroll","patternColor":{"default":{"color":"#e5e7ea"}},"backgroundColor":{"default":{"color":"#ffffff"}}},"content_boxed_spacing":{"desktop":"40px","tablet":"35px","mobile":"20px"},"content_boxed_radius":{"top":"3px","bottom":"3px","left":"3px","right":"3px","linked":true},"content_boxed_shadow":{"blur":18,"spread":-6,"v_offset":12,"h_offset":0,"inset":false,"enable":true,"color":{"color":"rgba(34, 56, 101, 0.04)"}},"4bdd9d5997a1f0298d97c2c762f3e2af":"","d780ec6ce909dd8e59a960d0a26ab4c7":"","db7716d397d76637263ec6a3062d99f5":"","6fe45d801239fa686eb3a5a59830a196":"","4b0189eec5ad97685a72ec47b45589b8":"","styles_descriptor":{"styles":{"desktop":"","tablet":"","mobile":""},"google_fonts":[],"version":6}},"_hostinger_reach_plugin_has_subscription_block":false,"_hostinger_reach_plugin_is_elementor":false,"_links":{"self":[{"href":"https:\/\/babyslane.com\/fr\/wp-json\/wp\/v2\/pages\/115","targetHints":{"allow":["GET"]}}],"collection":[{"href":"https:\/\/babyslane.com\/fr\/wp-json\/wp\/v2\/pages"}],"about":[{"href":"https:\/\/babyslane.com\/fr\/wp-json\/wp\/v2\/types\/page"}],"author":[{"embeddable":true,"href":"https:\/\/babyslane.com\/fr\/wp-json\/wp\/v2\/users\/1"}],"replies":[{"embeddable":true,"href":"https:\/\/babyslane.com\/fr\/wp-json\/wp\/v2\/comments?post=115"}],"version-history":[{"count":2,"href":"https:\/\/babyslane.com\/fr\/wp-json\/wp\/v2\/pages\/115\/revisions"}],"predecessor-version":[{"id":10747,"href":"https:\/\/babyslane.com\/fr\/wp-json\/wp\/v2\/pages\/115\/revisions\/10747"}],"wp:attachment":[{"href":"https:\/\/babyslane.com\/fr\/wp-json\/wp\/v2\/media?parent=115"}],"curies":[{"name":"wp","href":"https:\/\/api.w.org\/{rel}","templated":true}]}}