{"id":5,"date":"2020-12-23T02:35:55","date_gmt":"2020-12-23T01:35:55","guid":{"rendered":"https:\/\/babyslane.com\/?page_id=3"},"modified":"2021-02-21T17:05:54","modified_gmt":"2021-02-21T16:05:54","slug":"politique-de-confidentialite","status":"publish","type":"page","link":"https:\/\/babyslane.com\/fr\/politique-de-confidentialite\/","title":{"rendered":"Politique de confidentialit\u00e9"},"content":{"rendered":"<p><span>Cette politique de confidentialit\u00e9 d\u00e9crit comment vos informations personnelles sont collect\u00e9es, utilis\u00e9es et partag\u00e9es lorsque vous visitez ou effectuez un achat sur le site www.babyslane.com.<\/span><\/p>\n<p><b><span>INFORMATIONS PERSONNELLES QUE NOUS COLLECTONS<\/span><\/b><\/p>\n<p><span>Lorsque vous visitez le Site, nous recueillons automatiquement certaines informations sur votre appareil, y compris des informations sur votre navigateur Web, votre adresse IP, votre fuseau horaire et certains des cookies install\u00e9s sur votre appareil. En outre, lorsque vous naviguez sur le site, nous recueillons des informations sur les pages Web ou les produits individuels que vous consultez, les sites Web ou les termes de recherche qui vous ont renvoy\u00e9 au site et des informations sur la mani\u00e8re dont vous interagissez avec le site. Nous appelons ces informations collect\u00e9es automatiquement \u00abInformations sur l&#8217;appareil\u00bb.<\/span><\/p>\n<p><span>Nous recueillons des informations sur les appareils \u00e0 l&#8217;aide des technologies suivantes:<\/span><\/p>\n<ul>\n<li><span>Les \u00abcookies\u00bb sont des fichiers de donn\u00e9es qui sont plac\u00e9s sur votre appareil ou votre ordinateur et incluent souvent un identifiant unique anonyme. Pour plus d&#8217;informations sur les cookies et comment d\u00e9sactiver les cookies, visitez http:\/\/www.allaboutcookies.org.<\/span><\/li>\n<li><span>Les \u00abfichiers journaux\u00bb suivent les actions qui se produisent sur le site et collectent des donn\u00e9es, notamment votre adresse IP, le type de navigateur, le fournisseur de services Internet, les pages de renvoi \/ sortie et les horodatages.<\/span><\/li>\n<li><span>Les \u00abbalises Web\u00bb, les \u00abbalises\u00bb et les \u00abpixels\u00bb sont des fichiers \u00e9lectroniques utilis\u00e9s pour enregistrer des informations sur la fa\u00e7on dont vous naviguez sur le site.<\/span><\/li>\n<li><span>Les \u00absoumissions de formulaires\u00bb suivent les informations que vous soumettez via un formulaire sur le site et collectent votre nom complet, votre adresse e-mail, votre num\u00e9ro de t\u00e9l\u00e9phone et toute information que vous soumettez via les champs du formulaire. Vous pouvez entrer vos informations via une soumission de formulaire pour un code de coupon, une r\u00e9duction, un prix \/ r\u00e9compense, une soumission d&#8217;examen, etc.<\/span><\/li>\n<\/ul>\n<p><span>De plus, lorsque vous effectuez un achat ou tentez d&#8217;effectuer un achat via notre site, nous recueillons certaines informations vous concernant, notamment votre nom, votre adresse de facturation, votre adresse de livraison, vos informations de paiement (y compris les num\u00e9ros de carte de cr\u00e9dit, PayPal, Stripe Payments), votre adresse e-mail et num\u00e9ro de t\u00e9l\u00e9phone. Nous appelons ces informations \u00abInformations de commande\u00bb.<\/span><\/p>\n<p><span>Lorsque nous parlons de \u00abInformations personnelles\u00bb dans cette politique de confidentialit\u00e9, nous parlons \u00e0 la fois d&#8217;informations sur les appareils et d&#8217;informations sur les commandes.<\/span><\/p>\n<p><b><span>COMMENT UTILISONS-NOUS VOS INFORMATIONS PERSONNELLES?<\/span><\/b><\/p>\n<p><span>Nous utilisons les informations de commande que nous collectons g\u00e9n\u00e9ralement pour ex\u00e9cuter toutes les commandes pass\u00e9es via le site (y compris le traitement de vos informations de paiement, l&#8217;organisation de l&#8217;exp\u00e9dition et la fourniture de factures et \/ ou de confirmations de commande). De plus, nous utilisons ces informations de commande pour:<\/span><\/p>\n<ul>\n<li><span>Communiquer avec vous;<\/span><\/li>\n<li><span>Examiner nos commandes pour d\u00e9tecter tout risque potentiel ou fraude;<\/span><\/li>\n<li><span>Am\u00e9liorez votre exp\u00e9rience d&#8217;achat avec des messages marketing personnalis\u00e9s et un suivi du service client; et<\/span><\/li>\n<li><span>Lorsque cela est conforme aux pr\u00e9f\u00e9rences que vous avez partag\u00e9es avec nous, vous fournir des informations ou des publicit\u00e9s relatives \u00e0 nos produits ou services.<\/span><\/li>\n<\/ul>\n<p><span>Nous utilisons les informations sur les appareils que nous collectons pour nous aider \u00e0 d\u00e9tecter les risques potentiels et les fraudes (en particulier, votre adresse IP), et plus g\u00e9n\u00e9ralement pour am\u00e9liorer et optimiser notre site (par exemple, en g\u00e9n\u00e9rant des analyses sur la fa\u00e7on dont nos clients naviguent et interagissent avec le Site, et pour \u00e9valuer le succ\u00e8s de nos campagnes de marketing et de publicit\u00e9). Nous utilisons \u00e9galement ces informations pour la publicit\u00e9 et le reciblage via les m\u00e9dias sociaux, les e-mails et d&#8217;autres formes de communications Web num\u00e9riques. Cela vous permet d&#8217;\u00eatre au courant des promotions, des concours, des enqu\u00eates et d&#8217;autres types d&#8217;offres de produits Baby&#8217;s Lane.<\/span><\/p>\n<p><b><span>PARTAGE DE VOS INFORMATIONS PERSONNELLES<\/span><\/b><\/p>\n<p><span>Nous partageons vos informations personnelles avec des tiers pour nous aider \u00e0 utiliser vos informations personnelles, comme d\u00e9crit ci-dessus.<\/span><\/p>\n<ul>\n<li><span>Nous utilisons Google Analytics pour nous aider \u00e0 comprendre comment nos clients utilisent le site &#8211; vous pouvez en savoir plus sur la fa\u00e7on dont Google utilise vos informations personnelles ici:\u00a0 <\/span><span><a class=\"text-link\" href=\"https:\/\/translate.google.com\/website?sl=auto&amp;tl=fr&amp;u=https:\/\/www.google.com\/intl\/en\/policies\/privacy\/\" target=\"_blank\" rel=\"noopener\">https:\/\/www.google.com\/intl\/en\/policies\/privacy\/<\/a> . Vous pouvez \u00e9galement d\u00e9sactiver Google Analytics ici:\u00a0 <a class=\"text-link\" href=\"https:\/\/translate.google.com\/website?sl=auto&amp;tl=fr&amp;u=https:\/\/tools.google.com\/dlpage\/gaoptout\" target=\"_blank\" rel=\"noopener\">https:\/\/tools.google.com\/dlpage\/gaoptout<\/a> .<\/span><a class=\"text-link\" href=\"https:\/\/translate.google.com\/website?sl=auto&amp;tl=fr&amp;u=https:\/\/www.google.com\/intl\/en\/policies\/privacy\/\" target=\"_blank\" rel=\"noopener\">\u00a0<\/a><a class=\"text-link\" href=\"https:\/\/translate.google.com\/website?sl=auto&amp;tl=fr&amp;u=https:\/\/tools.google.com\/dlpage\/gaoptout\" target=\"_blank\" rel=\"noopener\">\u00a0<\/a><\/li>\n<\/ul>\n<p><span>Enfin, nous pouvons \u00e9galement partager vos informations personnelles pour nous conformer aux lois et r\u00e9glementations applicables, pour r\u00e9pondre \u00e0 une assignation \u00e0 compara\u00eetre, \u00e0 un mandat de perquisition ou \u00e0 toute autre demande l\u00e9gale d&#8217;informations que nous recevons, ou pour prot\u00e9ger nos droits.<\/span><\/p>\n<p><b><span>PUBLICIT\u00c9 COMPORTEMENTALE<\/span><\/b><\/p>\n<p><span>Comme d\u00e9crit ci-dessus, nous utilisons vos informations personnelles pour vous fournir des publicit\u00e9s cibl\u00e9es ou des communications marketing susceptibles de vous int\u00e9resser. Pour plus d&#8217;informations sur le fonctionnement de la publicit\u00e9 cibl\u00e9e, vous pouvez visiter la page \u00e9ducative de la Network Advertising Initiative (\u00abNAI\u00bb) \u00e0 l&#8217; <\/span><span><a class=\"text-link\" href=\"https:\/\/translate.google.com\/website?sl=auto&amp;tl=fr&amp;u=http:\/\/www.networkadvertising.org\/understanding-online-advertising\/how-does-it-work\" target=\"_blank\" rel=\"noopener\">adresse http:\/\/www.networkadvertising.org\/understanding-online-advertising\/how-does-it-work<\/a> .<\/span><a class=\"text-link\" href=\"https:\/\/translate.google.com\/website?sl=auto&amp;tl=fr&amp;u=http:\/\/www.networkadvertising.org\/understanding-online-advertising\/how-does-it-work\" target=\"_blank\" rel=\"noopener\">\u00a0<\/a><\/p>\n<p><span>Vous pouvez d\u00e9sactiver la publicit\u00e9 cibl\u00e9e en visitant les sites Web suivants:<\/span><\/p>\n<ul>\n<li><span>FACEBOOK &#8211; <\/span><span><a class=\"text-link\" href=\"https:\/\/translate.google.com\/website?sl=auto&amp;tl=fr&amp;u=https:\/\/www.facebook.com\/settings\/?tab%3Dads\" target=\"_blank\" rel=\"noopener\">https:\/\/www.facebook.com\/settings\/?tab=ads<\/a><\/span><a class=\"text-link\" href=\"https:\/\/translate.google.com\/website?sl=auto&amp;tl=fr&amp;u=https:\/\/www.facebook.com\/settings\/?tab%3Dads\" target=\"_blank\" rel=\"noopener\">\u00a0<\/a><\/li>\n<li><span>GOOGLE &#8211; <\/span><span><a class=\"text-link\" href=\"https:\/\/translate.google.com\/website?sl=auto&amp;tl=fr&amp;u=https:\/\/www.google.com\/settings\/ads\/anonymous\" target=\"_blank\" rel=\"noopener\">https:\/\/www.google.com\/settings\/ads\/anonymous<\/a><\/span><a class=\"text-link\" href=\"https:\/\/translate.google.com\/website?sl=auto&amp;tl=fr&amp;u=https:\/\/www.google.com\/settings\/ads\/anonymous\" target=\"_blank\" rel=\"noopener\">\u00a0<\/a><\/li>\n<li><span>INSTAGRAM &#8211; <\/span><span><a class=\"text-link\" href=\"https:\/\/translate.google.com\/website?sl=auto&amp;tl=fr&amp;u=https:\/\/help.instagram.com\/615366948510230\" target=\"_blank\" rel=\"noopener\">https:\/\/help.instagram.com\/615366948510230<\/a><\/span><a class=\"text-link\" href=\"https:\/\/translate.google.com\/website?sl=auto&amp;tl=fr&amp;u=https:\/\/help.instagram.com\/615366948510230\" target=\"_blank\" rel=\"noopener\">\u00a0<\/a><\/li>\n<li><span>BING &#8211; <\/span><span><a class=\"text-link\" href=\"https:\/\/translate.google.com\/website?sl=auto&amp;tl=fr&amp;u=https:\/\/advertise.bingads.microsoft.com\/en-us\/resources\/policies\/personalized-ads\" target=\"_blank\" rel=\"noopener\">https:\/\/advertise.bingads.microsoft.com\/en-us\/resources\/policies\/personalized-ads<\/a><\/span><a class=\"text-link\" href=\"https:\/\/translate.google.com\/website?sl=auto&amp;tl=fr&amp;u=https:\/\/advertise.bingads.microsoft.com\/en-us\/resources\/policies\/personalized-ads\" target=\"_blank\" rel=\"noopener\">\u00a0<\/a><\/li>\n<li><span>SNAPCHAT &#8211; <\/span><span><a class=\"text-link\" href=\"https:\/\/translate.google.com\/website?sl=auto&amp;tl=fr&amp;u=https:\/\/support.snapchat.com\/en-US\/a\/advertising-preferences\" target=\"_blank\" rel=\"noopener\">https:\/\/support.snapchat.com\/en-US\/a\/advertising-preferences<\/a><\/span><a class=\"text-link\" href=\"https:\/\/translate.google.com\/website?sl=auto&amp;tl=fr&amp;u=https:\/\/support.snapchat.com\/en-US\/a\/advertising-preferences\" target=\"_blank\" rel=\"noopener\">\u00a0<\/a><\/li>\n<\/ul>\n<p><b><span>DO NOT TRACK<br \/>\n<\/span><\/b><\/p>\n<p><span>Veuillez noter que nous ne modifions pas la collecte de donn\u00e9es de notre site et les pratiques d&#8217;utilisation lorsque nous voyons un signal Do not track de votre navigateur.<\/span><\/p>\n<p><b><span>VOS DROITS<\/span><\/b><\/p>\n<p><span>Si vous \u00eates un r\u00e9sident europ\u00e9en, vous avez le droit d&#8217;acc\u00e9der aux informations personnelles que nous d\u00e9tenons \u00e0 votre sujet et de demander que vos informations personnelles soient corrig\u00e9es, mises \u00e0 jour ou supprim\u00e9es. Si vous souhaitez exercer ce droit, veuillez nous contacter via les coordonn\u00e9es ci-dessous.<\/span><\/p>\n<p><span>De plus, si vous \u00eates un r\u00e9sident europ\u00e9en, nous notons que nous traitons vos informations afin de remplir les contrats que nous pourrions avoir avec vous (par exemple si vous passez une commande sur le site), ou pour poursuivre nos int\u00e9r\u00eats commerciaux l\u00e9gitimes \u00e9num\u00e9r\u00e9s ci-dessus. De plus, veuillez noter que vos informations seront transf\u00e9r\u00e9es en dehors de l&#8217;Europe, y compris au Canada et aux \u00c9tats-Unis.<\/span><\/p>\n<p><b><span>LA CONSERVATION DES DONN\u00c9ES<\/span><\/b><\/p>\n<p><span>Lorsque vous passez une commande sur le site, nous conserverons vos informations de commande pour nos dossiers \u00e0 moins et jusqu&#8217;\u00e0 ce que vous nous demandiez de supprimer ces informations.<\/span><\/p>\n<p><b><span>CHANGEMENTS<\/span><\/b><\/p>\n<p><span>Nous pouvons mettre \u00e0 jour cette politique de confidentialit\u00e9 de temps \u00e0 autre afin de refl\u00e9ter, par exemple, des changements dans nos pratiques ou pour d&#8217;autres raisons op\u00e9rationnelles, l\u00e9gales ou r\u00e9glementaires.<\/span><\/p>\n<p><b><span>NOUS CONTACTER<\/span><\/b><\/p>\n<p><span><span class=\"\">Pour plus d&#8217;informations sur nos pratiques de confidentialit\u00e9, si vous avez des questions ou si vous souhaitez soumettre une r\u00e9clamation, veuillez nous contacter par e-mail \u00e0 contact@babyslane.com.<\/span><\/span><\/p>\n<p>","protected":false},"excerpt":{"rendered":"<p>Cette politique de confidentialit\u00e9 d\u00e9crit comment vos informations personnelles sont collect\u00e9es, utilis\u00e9es et partag\u00e9es lorsque vous visitez ou effectuez un achat sur le site www.babyslane.com. INFORMATIONS PERSONNELLES QUE NOUS COLLECTONS Lorsque vous visitez le Site, nous recueillons automatiquement certaines informations sur votre appareil, y compris des informations sur votre navigateur Web, votre adresse IP, votre [&hellip;]<\/p>\n","protected":false},"author":1,"featured_media":0,"parent":0,"menu_order":0,"comment_status":"closed","ping_status":"open","template":"","meta":{"footnotes":""},"class_list":["post-5","page","type-page","status-publish","hentry"],"blocksy_meta":{"styles_descriptor":{"styles":{"desktop":"","tablet":"","mobile":""},"google_fonts":[],"version":6}},"_hostinger_reach_plugin_has_subscription_block":false,"_hostinger_reach_plugin_is_elementor":false,"_links":{"self":[{"href":"https:\/\/babyslane.com\/fr\/wp-json\/wp\/v2\/pages\/5","targetHints":{"allow":["GET"]}}],"collection":[{"href":"https:\/\/babyslane.com\/fr\/wp-json\/wp\/v2\/pages"}],"about":[{"href":"https:\/\/babyslane.com\/fr\/wp-json\/wp\/v2\/types\/page"}],"author":[{"embeddable":true,"href":"https:\/\/babyslane.com\/fr\/wp-json\/wp\/v2\/users\/1"}],"replies":[{"embeddable":true,"href":"https:\/\/babyslane.com\/fr\/wp-json\/wp\/v2\/comments?post=5"}],"version-history":[{"count":0,"href":"https:\/\/babyslane.com\/fr\/wp-json\/wp\/v2\/pages\/5\/revisions"}],"wp:attachment":[{"href":"https:\/\/babyslane.com\/fr\/wp-json\/wp\/v2\/media?parent=5"}],"curies":[{"name":"wp","href":"https:\/\/api.w.org\/{rel}","templated":true}]}}