{"id":5961,"date":"2021-04-18T21:39:47","date_gmt":"2021-04-18T19:39:47","guid":{"rendered":"https:\/\/babyslane.com\/?page_id=5961"},"modified":"2021-04-27T18:21:00","modified_gmt":"2021-04-27T16:21:00","slug":"faq","status":"publish","type":"page","link":"https:\/\/babyslane.com\/fr\/faq\/","title":{"rendered":"FAQ"},"content":{"rendered":"<p><\/p>\n<h3><strong>Quel est la dur\u00e9e de traitement de ma commande avant son exp\u00e9dition\u00a0?<\/strong><\/h3>\n<p>Lorsque que nous recevons votre commande, celle-ci sera trait\u00e9e dans un d\u00e9lai de 1 \u00e0 3 jours ouvr\u00e9s avant son exp\u00e9dition. Le d\u00e9lai d\u00e9pend du volume de commandes que nous avons \u00e0 traiter.<\/p>\n<p>&nbsp;<\/p>\n<h3><strong>Quel est le d\u00e9lai de livraison de ma commande ?<\/strong><\/h3>\n<p>Le d\u00e9lai de livraison pour la France, les Etats-Unis, UK, et le reste du monde est estim\u00e9 entre 8 et 18 jours ouvr\u00e9s, avec un d\u00e9lai moyen de 11 jours ouvr\u00e9s.<\/p>\n<p>&nbsp;<\/p>\n<h3><strong>J\u2019ai pass\u00e9 commande il y a plus de 2 jours et je n\u2019ai toujours pas re\u00e7u de notification d\u2019exp\u00e9dition de ma commande. Est-ce normal\u00a0?<\/strong><\/h3>\n<p>Oui, cela est tout \u00e0 fait normal. Le d\u00e9lai de traitement de votre commande est de 1 \u00e0 3 jours ouvr\u00e9s. Lorsque celle-ci sera pr\u00eate \u00e0 \u00eatre exp\u00e9di\u00e9e, nous vous pr\u00e9viendrons par e-mail.<\/p>\n<p>&nbsp;<\/p>\n<h3><strong>J\u2019ai pass\u00e9 commande, mon paiement a \u00e9t\u00e9 valid\u00e9 mais je n\u2019ai pas re\u00e7u d\u2019email de confirmation de commande.<\/strong><\/h3>\n<p>Si vous avez passez commande et que votre paiement a \u00e9t\u00e9 valid\u00e9, votre commande est automatiquement enregistr\u00e9e dans notre syst\u00e8me et elle sera trait\u00e9e. M\u00eame si les e-mails sont automatiquement envoy\u00e9s sans probl\u00e8me la majorit\u00e9 du temps, il arrive exceptionnellement que le service e-mail ai un probl\u00e8me temporaire et nous nous excusons pour cela.<\/p>\n<p>Quoiqu\u2019il arrive, vous pouvez nous contacter afin de vous assurer que votre commande est bien en cours de traitement.<\/p>\n<p>&nbsp;<\/p>\n<h3><strong>O\u00f9 en est ma commande\u00a0? <\/strong><\/h3>\n<p>Si vous venez de passer votre commande, elle sera trait\u00e9e dans un d\u00e9lai de 1 \u00e0 3 jours.<\/p>\n<p>Apr\u00e8s son traitement votre commande sera exp\u00e9dier vers votre adresse de livraison. Vous recevrais un email vous informant de son exp\u00e9dition avec le num\u00e9ro de suivi de votre colis. Vous pourrez le suivre en cliquant sur la case \u00ab suivi \u00bb de votre email ou en vous connectant a votre compte sur notre site babyslane.com<\/p>\n<p>&nbsp;<\/p>\n<h3><strong>Comment suivre ma commande\u00a0?<\/strong><\/h3>\n<p>Lors de l\u2019exp\u00e9dition de votre commande vous recevrez un e-mail avec votre num\u00e9ro de suivi. Il suffit de cliquer sur la case \u00ab\u00a0Suivi\u00a0\u00bb pour avoir acc\u00e8s aux informations d\u2019acheminement de votre commande.<\/p>\n<p>De plus, vous pouvez consulter les \u00e9tapes de la livraison de votre commande directement sur votre espace personnel. Il vous suffit de vous connecter, allez dans la rubrique \u00ab\u00a0commandes\u00a0\u00bb, choisir la commande en cours et cliquer sur \u00ab\u00a0suivi\u00a0\u00bb.<\/p>\n<p>&nbsp;<\/p>\n<h3><strong>J\u2019ai re\u00e7u mon num\u00e9ro de suivi mais il n\u2019y a aucunes informations. <\/strong><\/h3>\n<p>Si vous venez de recevoir votre num\u00e9ro de suivi, merci de bien vouloir attendre un d\u00e9lai de 24h afin que les informations de suivis de votre colis apparaissent.<\/p>\n<p>&nbsp;<\/p>\n<h3><strong>Je n\u2019ai toujours pas re\u00e7u ma commande.<\/strong><\/h3>\n<p>Si votre commande n\u2019a toujours pas \u00e9t\u00e9 livr\u00e9e au bout de 21 jours ouvr\u00e9s apr\u00e8s son exp\u00e9dition, veuillez nous contacter afin que nous v\u00e9rifiions son statut et o\u00f9 en est son acheminent et s\u2019il y\u2019a un probl\u00e8me quant \u00e0 sa livraison. Nous vous tiendrons inform\u00e9 de son \u00e9tat au plus vite.<\/p>\n<p>&nbsp;<\/p>\n<h3><strong>J\u2019ai re\u00e7u un produit endommag\u00e9 dans ma commande, que dois-je faire\u00a0?<\/strong><\/h3>\n<p>Si vous avez re\u00e7u votre article endommag\u00e9, veuillez prendre des photos du ou des produits cass\u00e9s et nous les faire parvenir en nous envoyant un message \u00e0 travers notre formulaire de contact dans lequel vous nous expliquez le probl\u00e8me.<\/p>\n<p>&nbsp;<\/p>\n<h3><strong>J\u2019ai re\u00e7u le mauvais article dans ma commande (couleur, mod\u00e8le ou taille diff\u00e9rent(e) du produit command\u00e9) que dois-je faire\u00a0?<\/strong><\/h3>\n<p>Si l\u2019article que vous avez re\u00e7u ne correspond pas \u00e0 la r\u00e9f\u00e9rence que vous avez command\u00e9e, il suffit de prendre une photo ou vid\u00e9o du produit en question et de nous l\u2019envoyer \u00e0 l&#8217;adresse<strong> contact@babyslane.com<\/strong>. Expliquez-nous ce qui ne va pas et nous vous exp\u00e9dierons le bon produit avec la bonne r\u00e9f\u00e9rence gratuitement dans les plus brefs d\u00e9lais. Vous pourrez conserver l\u2019autre produit.<\/p>\n<p>&nbsp;<\/p>\n<h3><strong>Je souhaite retourner ma commande, que dois-je faire\u00a0?<\/strong><\/h3>\n<p>Si vous souhaitez retourner un produit ou votre commande, veuillez nous contacter en nous envoyant un email \u00e0 l&#8217;adresse <strong>contact@babyslane.com<\/strong> et en remplissant le <a href=\"https:\/\/babyslane.com\/wp-content\/uploads\/2021\/04\/Formulaire-de-retour-dechange-fr.pdf\">Formulaire d&#8217;\u00e9change\/de retour<\/a> . Nous vous indiquerons la marche \u00e0 suivre afin de retourner votre ou vos article(s) puis nous proc\u00e8derons \u00e0 votre remboursement lorsque nous aurons r\u00e9ceptionn\u00e9 les produits.<\/p>\n<p>","protected":false},"excerpt":{"rendered":"<p>Quel est la dur\u00e9e de traitement de ma commande avant son exp\u00e9dition\u00a0? Lorsque que nous recevons votre commande, celle-ci sera trait\u00e9e dans un d\u00e9lai de 1 \u00e0 3 jours ouvr\u00e9s avant son exp\u00e9dition. Le d\u00e9lai d\u00e9pend du volume de commandes que nous avons \u00e0 traiter. &nbsp; Quel est le d\u00e9lai de livraison de ma commande [&hellip;]<\/p>\n","protected":false},"author":1,"featured_media":0,"parent":0,"menu_order":0,"comment_status":"closed","ping_status":"closed","template":"","meta":{"footnotes":""},"class_list":["post-5961","page","type-page","status-publish","hentry"],"blocksy_meta":{"styles_descriptor":{"styles":{"desktop":"","tablet":"","mobile":""},"google_fonts":[],"version":6}},"_hostinger_reach_plugin_has_subscription_block":false,"_hostinger_reach_plugin_is_elementor":false,"_links":{"self":[{"href":"https:\/\/babyslane.com\/fr\/wp-json\/wp\/v2\/pages\/5961","targetHints":{"allow":["GET"]}}],"collection":[{"href":"https:\/\/babyslane.com\/fr\/wp-json\/wp\/v2\/pages"}],"about":[{"href":"https:\/\/babyslane.com\/fr\/wp-json\/wp\/v2\/types\/page"}],"author":[{"embeddable":true,"href":"https:\/\/babyslane.com\/fr\/wp-json\/wp\/v2\/users\/1"}],"replies":[{"embeddable":true,"href":"https:\/\/babyslane.com\/fr\/wp-json\/wp\/v2\/comments?post=5961"}],"version-history":[{"count":0,"href":"https:\/\/babyslane.com\/fr\/wp-json\/wp\/v2\/pages\/5961\/revisions"}],"wp:attachment":[{"href":"https:\/\/babyslane.com\/fr\/wp-json\/wp\/v2\/media?parent=5961"}],"curies":[{"name":"wp","href":"https:\/\/api.w.org\/{rel}","templated":true}]}}