{"id":10060,"date":"2024-07-02T14:12:30","date_gmt":"2024-07-02T12:12:30","guid":{"rendered":"https:\/\/babyslane.com\/produit\/diaper-pad-mommy-storage-hand-bag\/"},"modified":"2024-08-07T14:23:36","modified_gmt":"2024-08-07T12:23:36","slug":"diaper-changing-pad-mommy-hand-bag","status":"publish","type":"product","link":"https:\/\/babyslane.com\/fr\/produit\/diaper-changing-pad-mommy-hand-bag\/","title":{"rendered":"Pochette \u00e0 langer pour b\u00e9b\u00e9 &#8211; Sac a Main"},"content":{"rendered":"<p><img decoding=\"async\" style=\"max-width: 100%;\" src=\"https:\/\/cf.cjdropshipping.com\/b884ebb2-29c4-47b6-bfeb-64ff7dbe57f1.jpg\" \/><br \/>\n<img decoding=\"async\" style=\"max-width: 100%;\" src=\"https:\/\/cf.cjdropshipping.com\/24eb5500-98a3-440d-9f95-565631261977.jpg\" \/><br \/>\n<img decoding=\"async\" style=\"max-width: 100%;\" src=\"https:\/\/cf.cjdropshipping.com\/94e98980-7cfc-48be-baf3-3c98aac71585.jpg\" \/><br \/>\n<img decoding=\"async\" style=\"max-width: 100%;\" src=\"https:\/\/cf.cjdropshipping.com\/4c2446cd-6936-428c-98ce-373bb4c5cc5f.jpg\" \/><br \/>\n<img decoding=\"async\" style=\"max-width: 100%;\" src=\"https:\/\/cf.cjdropshipping.com\/8be199f6-c1d2-4d9c-9716-3c790c14fc87.jpg\" \/><\/p>\n<p><b>Product informations:<\/b><\/p>\n<p>Material: Polyester<\/p>\n<p>Size: 22*29cm<\/p>\n<p>Inner packing: pe transparent bag<\/p>\n<p>Color: Khaki<\/p>\n<p><b>Packing content:<br \/>\n<\/b><\/p>\n<p>Handbag x1<\/p>\n","protected":false},"excerpt":{"rendered":"<p><strong>Dites adieu aux tracas des changements de couche<\/strong> en d\u00e9placement avec notre <strong>pochette \u00e0 langer innovante<\/strong> : compacte, imperm\u00e9able, <strong>incroyablement facile \u00e0 utiliser et con\u00e7u pour tout avoir \u00e0 port\u00e9e de main,<\/strong> elle est la solution id\u00e9ale <strong>pour les parents press\u00e9s qui ont besoin d\u2019un change rapide et sans encombre, o\u00f9 qu&#8217;ils soient !<\/strong><\/p>\n<p>&nbsp;<\/p>\n","protected":false},"featured_media":10055,"comment_status":"open","ping_status":"closed","template":"","meta":[],"product_brand":[],"product_cat":[35],"product_tag":[],"class_list":{"0":"post-10060","1":"product","2":"type-product","3":"status-publish","4":"has-post-thumbnail","6":"product_cat-outing-travel","8":"first","9":"instock","10":"sale","11":"shipping-taxable","12":"purchasable","13":"product-type-simple"},"_links":{"self":[{"href":"https:\/\/babyslane.com\/fr\/wp-json\/wp\/v2\/product\/10060","targetHints":{"allow":["GET"]}}],"collection":[{"href":"https:\/\/babyslane.com\/fr\/wp-json\/wp\/v2\/product"}],"about":[{"href":"https:\/\/babyslane.com\/fr\/wp-json\/wp\/v2\/types\/product"}],"replies":[{"embeddable":true,"href":"https:\/\/babyslane.com\/fr\/wp-json\/wp\/v2\/comments?post=10060"}],"version-history":[{"count":2,"href":"https:\/\/babyslane.com\/fr\/wp-json\/wp\/v2\/product\/10060\/revisions"}],"predecessor-version":[{"id":10186,"href":"https:\/\/babyslane.com\/fr\/wp-json\/wp\/v2\/product\/10060\/revisions\/10186"}],"wp:featuredmedia":[{"embeddable":true,"href":"https:\/\/babyslane.com\/fr\/wp-json\/wp\/v2\/media\/10055"}],"wp:attachment":[{"href":"https:\/\/babyslane.com\/fr\/wp-json\/wp\/v2\/media?parent=10060"}],"wp:term":[{"taxonomy":"product_brand","embeddable":true,"href":"https:\/\/babyslane.com\/fr\/wp-json\/wp\/v2\/product_brand?post=10060"},{"taxonomy":"product_cat","embeddable":true,"href":"https:\/\/babyslane.com\/fr\/wp-json\/wp\/v2\/product_cat?post=10060"},{"taxonomy":"product_tag","embeddable":true,"href":"https:\/\/babyslane.com\/fr\/wp-json\/wp\/v2\/product_tag?post=10060"}],"curies":[{"name":"wp","href":"https:\/\/api.w.org\/{rel}","templated":true}]}}