{"id":10200,"date":"2024-08-04T01:13:44","date_gmt":"2024-08-03T23:13:44","guid":{"rendered":"https:\/\/babyslane.com\/produit\/magnetic-color-digital-maze-wooden-puzzle\/"},"modified":"2024-08-18T13:51:49","modified_gmt":"2024-08-18T11:51:49","slug":"magnetic-color-digital-maze-wooden-puzzle","status":"publish","type":"product","link":"https:\/\/babyslane.com\/fr\/produit\/magnetic-color-digital-maze-wooden-puzzle\/","title":{"rendered":"Labyrinthe Magn\u00e9tique tri des Couleurs en Bois Montessori"},"content":{"rendered":"<p>D\u00e9couvrez le jouet \u00e9ducatif Labyrinthe Magn\u00e9tique tri des Couleurs, un v\u00e9ritable tr\u00e9sor pour les enfants de 3 \u00e0 7 ans !<\/p>\n<p><img decoding=\"async\" src=\"https:\/\/cf.cjdropshipping.com\/17019936\/1733078912545722368.jpg\" \/><\/p>\n<p>Ce jouet Montessori stimulant non seulement d\u00e9veloppe les comp\u00e9tences en tri des couleurs et en reconnaissance des chiffres, mais encourage \u00e9galement la coordination main-\u0153il et la r\u00e9solution de probl\u00e8mes de mani\u00e8re ludique.<br \/>\n<img decoding=\"async\" src=\"https:\/\/cf.cjdropshipping.com\/17019936\/1733078912768020480.jpg\" \/><\/p>\n<p>Offrez \u00e0 votre enfant un apprentissage amusant et interactif qui stimule sa cr\u00e9ativit\u00e9 et sa curiosit\u00e9 tout en renfor\u00e7ant ses comp\u00e9tences essentielles d\u00e8s le plus jeune \u00e2ge !<\/p>\n<p><img decoding=\"async\" src=\"https:\/\/cf.cjdropshipping.com\/17019936\/1733078913233588224.jpg\" \/><\/p>\n<div class=\"flex flex-grow flex-col max-w-full\">\n<div class=\"min-h-[20px] text-message flex w-full flex-col items-end gap-2 whitespace-pre-wrap break-words [.text-message+&amp;]:mt-5 overflow-x-auto\" dir=\"auto\" data-message-author-role=\"assistant\" data-message-id=\"143738a2-d5b4-489d-8658-143bf5a62142\">\n<div class=\"flex w-full flex-col gap-1 empty:hidden first:pt-[3px]\">\n<div class=\"markdown prose w-full break-words dark:prose-invert light\">\n<p>Informations sur le produit :<\/p>\n<p>Mat\u00e9riau : Bois<\/p>\n<p>Contenu du paquet :<\/p>\n<p>1x Tableau de tri des couleurs en bois<\/p>\n<\/div>\n<\/div>\n<\/div>\n<\/div>\n<div class=\"mt-1 flex gap-3 empty:hidden -ml-2\">\n<div class=\"items-center justify-start rounded-xl p-1 flex\">\n<div class=\"flex items-center\"><\/div>\n<\/div>\n<\/div>\n<p><\/p>","protected":false},"excerpt":{"rendered":"<p>&nbsp;<\/p>\n<p>\u00c9veillez l\u2019esprit de votre enfant avec le *Magnetic Color Sorting and Number Maze* ! Ce jouet Montessori, ax\u00e9 sur le tri des couleurs, stimule et d\u00e9veloppe ses comp\u00e9tences en r\u00e9flexion, r\u00e9solution de probl\u00e8mes et coordination main-\u0153il, tout en offrant un moment ludique.<\/p>\n","protected":false},"featured_media":10207,"comment_status":"open","ping_status":"closed","template":"","meta":[],"product_brand":[],"product_cat":[39,33,222],"product_tag":[],"class_list":{"0":"post-10200","1":"product","2":"type-product","3":"status-publish","4":"has-post-thumbnail","6":"product_cat-new-arrivals","7":"product_cat-educational-toys","8":"product_cat-wooden-toys","10":"first","11":"instock","12":"sale","13":"shipping-taxable","14":"purchasable","15":"product-type-variable"},"_links":{"self":[{"href":"https:\/\/babyslane.com\/fr\/wp-json\/wp\/v2\/product\/10200","targetHints":{"allow":["GET"]}}],"collection":[{"href":"https:\/\/babyslane.com\/fr\/wp-json\/wp\/v2\/product"}],"about":[{"href":"https:\/\/babyslane.com\/fr\/wp-json\/wp\/v2\/types\/product"}],"replies":[{"embeddable":true,"href":"https:\/\/babyslane.com\/fr\/wp-json\/wp\/v2\/comments?post=10200"}],"version-history":[{"count":2,"href":"https:\/\/babyslane.com\/fr\/wp-json\/wp\/v2\/product\/10200\/revisions"}],"predecessor-version":[{"id":10206,"href":"https:\/\/babyslane.com\/fr\/wp-json\/wp\/v2\/product\/10200\/revisions\/10206"}],"wp:featuredmedia":[{"embeddable":true,"href":"https:\/\/babyslane.com\/fr\/wp-json\/wp\/v2\/media\/10207"}],"wp:attachment":[{"href":"https:\/\/babyslane.com\/fr\/wp-json\/wp\/v2\/media?parent=10200"}],"wp:term":[{"taxonomy":"product_brand","embeddable":true,"href":"https:\/\/babyslane.com\/fr\/wp-json\/wp\/v2\/product_brand?post=10200"},{"taxonomy":"product_cat","embeddable":true,"href":"https:\/\/babyslane.com\/fr\/wp-json\/wp\/v2\/product_cat?post=10200"},{"taxonomy":"product_tag","embeddable":true,"href":"https:\/\/babyslane.com\/fr\/wp-json\/wp\/v2\/product_tag?post=10200"}],"curies":[{"name":"wp","href":"https:\/\/api.w.org\/{rel}","templated":true}]}}