{"id":10212,"date":"2024-08-09T17:18:11","date_gmt":"2024-08-09T15:18:11","guid":{"rendered":"https:\/\/babyslane.com\/?post_type=product&#038;p=10212"},"modified":"2024-08-09T17:18:18","modified_gmt":"2024-08-09T15:18:18","slug":"educational-toy-magnetic-color-sorting-maze-board","status":"publish","type":"product","link":"https:\/\/babyslane.com\/fr\/produit\/educational-toy-magnetic-color-sorting-maze-board\/","title":{"rendered":"Jouet Educatif Tri des Couleurs et Nombres Montessori"},"content":{"rendered":"<p>Ce jouet Montessori stimulant non seulement d\u00e9veloppe les comp\u00e9tences en tri des couleurs et en reconnaissance des chiffres, mais encourage \u00e9galement la coordination main-\u0153il et la r\u00e9solution de probl\u00e8mes de mani\u00e8re ludique.<\/p>\n<p><img fetchpriority=\"high\" decoding=\"async\" class=\"alignnone size-full wp-image-10196\" src=\"https:\/\/babyslane.com\/wp-content\/uploads\/2024\/08\/81355045-cc16-4835-907b-84ee6b5d4ba6_trans.jpeg\" alt=\"\" width=\"800\" height=\"800\" srcset=\"https:\/\/babyslane.com\/wp-content\/uploads\/2024\/08\/81355045-cc16-4835-907b-84ee6b5d4ba6_trans.jpeg 800w, https:\/\/babyslane.com\/wp-content\/uploads\/2024\/08\/81355045-cc16-4835-907b-84ee6b5d4ba6_trans-300x300.jpeg 300w, https:\/\/babyslane.com\/wp-content\/uploads\/2024\/08\/81355045-cc16-4835-907b-84ee6b5d4ba6_trans-150x150.jpeg 150w, https:\/\/babyslane.com\/wp-content\/uploads\/2024\/08\/81355045-cc16-4835-907b-84ee6b5d4ba6_trans-768x768.jpeg 768w, https:\/\/babyslane.com\/wp-content\/uploads\/2024\/08\/81355045-cc16-4835-907b-84ee6b5d4ba6_trans-600x600.jpeg 600w, https:\/\/babyslane.com\/wp-content\/uploads\/2024\/08\/81355045-cc16-4835-907b-84ee6b5d4ba6_trans-100x100.jpeg 100w\" sizes=\"(max-width: 800px) 100vw, 800px\" \/><\/p>\n<p>Offrez \u00e0 votre enfant un apprentissage amusant et interactif qui stimule sa cr\u00e9ativit\u00e9 et sa curiosit\u00e9 tout en renfor\u00e7ant ses comp\u00e9tences essentielles d\u00e8s le plus jeune \u00e2ge !<\/p>\n<p><img decoding=\"async\" class=\"alignnone size-full wp-image-10195\" src=\"https:\/\/babyslane.com\/wp-content\/uploads\/2024\/08\/e6f2e73a-35f3-4625-8cc8-7ba874e7a7eb_trans.jpeg\" alt=\"\" width=\"800\" height=\"800\" srcset=\"https:\/\/babyslane.com\/wp-content\/uploads\/2024\/08\/e6f2e73a-35f3-4625-8cc8-7ba874e7a7eb_trans.jpeg 800w, https:\/\/babyslane.com\/wp-content\/uploads\/2024\/08\/e6f2e73a-35f3-4625-8cc8-7ba874e7a7eb_trans-300x300.jpeg 300w, https:\/\/babyslane.com\/wp-content\/uploads\/2024\/08\/e6f2e73a-35f3-4625-8cc8-7ba874e7a7eb_trans-150x150.jpeg 150w, https:\/\/babyslane.com\/wp-content\/uploads\/2024\/08\/e6f2e73a-35f3-4625-8cc8-7ba874e7a7eb_trans-768x768.jpeg 768w, https:\/\/babyslane.com\/wp-content\/uploads\/2024\/08\/e6f2e73a-35f3-4625-8cc8-7ba874e7a7eb_trans-600x600.jpeg 600w, https:\/\/babyslane.com\/wp-content\/uploads\/2024\/08\/e6f2e73a-35f3-4625-8cc8-7ba874e7a7eb_trans-100x100.jpeg 100w\" sizes=\"(max-width: 800px) 100vw, 800px\" \/><\/p>\n<p>Ce jouet stimule la r\u00e9flexion et favorise le d\u00e9veloppement c\u00e9r\u00e9bral de votre enfant.<\/p>\n<p><img decoding=\"async\" class=\"alignnone size-full wp-image-10191\" src=\"https:\/\/babyslane.com\/wp-content\/uploads\/2024\/08\/c480ff95-9d0e-420f-9364-6141d6f6dc15_trans.jpeg\" alt=\"\" width=\"800\" height=\"800\" srcset=\"https:\/\/babyslane.com\/wp-content\/uploads\/2024\/08\/c480ff95-9d0e-420f-9364-6141d6f6dc15_trans.jpeg 800w, https:\/\/babyslane.com\/wp-content\/uploads\/2024\/08\/c480ff95-9d0e-420f-9364-6141d6f6dc15_trans-300x300.jpeg 300w, https:\/\/babyslane.com\/wp-content\/uploads\/2024\/08\/c480ff95-9d0e-420f-9364-6141d6f6dc15_trans-150x150.jpeg 150w, https:\/\/babyslane.com\/wp-content\/uploads\/2024\/08\/c480ff95-9d0e-420f-9364-6141d6f6dc15_trans-768x768.jpeg 768w, https:\/\/babyslane.com\/wp-content\/uploads\/2024\/08\/c480ff95-9d0e-420f-9364-6141d6f6dc15_trans-600x600.jpeg 600w, https:\/\/babyslane.com\/wp-content\/uploads\/2024\/08\/c480ff95-9d0e-420f-9364-6141d6f6dc15_trans-100x100.jpeg 100w\" sizes=\"(max-width: 800px) 100vw, 800px\" \/><\/p>\n<p>Informations sur le produit :<\/p>\n<p>Mat\u00e9riau : Bois<\/p>\n<p>Contenu du paquet :<\/p>\n<p>1x Tableau de tri des couleurs en bois<\/p>","protected":false},"excerpt":{"rendered":"<p>Stimulez l&#8217;apprentissage de votre enfant avec le Jouet Educatif Tri des Couleurs et Nombres Montessori : un jouet \u00e9ducatif captivant qui am\u00e9liore les comp\u00e9tences cognitives, la reconnaissance des couleurs et la r\u00e9solution de probl\u00e8mes tout en offrant des heures de divertissement et d&#8217;apprentissage pratique.<\/p>\n","protected":false},"featured_media":10191,"comment_status":"open","ping_status":"closed","template":"","meta":[],"product_brand":[],"product_cat":[33,222],"product_tag":[],"class_list":{"0":"post-10212","1":"product","2":"type-product","3":"status-publish","4":"has-post-thumbnail","6":"product_cat-educational-toys","7":"product_cat-wooden-toys","9":"first","10":"instock","11":"sale","12":"shipping-taxable","13":"purchasable","14":"product-type-variable"},"_links":{"self":[{"href":"https:\/\/babyslane.com\/fr\/wp-json\/wp\/v2\/product\/10212","targetHints":{"allow":["GET"]}}],"collection":[{"href":"https:\/\/babyslane.com\/fr\/wp-json\/wp\/v2\/product"}],"about":[{"href":"https:\/\/babyslane.com\/fr\/wp-json\/wp\/v2\/types\/product"}],"replies":[{"embeddable":true,"href":"https:\/\/babyslane.com\/fr\/wp-json\/wp\/v2\/comments?post=10212"}],"version-history":[{"count":3,"href":"https:\/\/babyslane.com\/fr\/wp-json\/wp\/v2\/product\/10212\/revisions"}],"predecessor-version":[{"id":10218,"href":"https:\/\/babyslane.com\/fr\/wp-json\/wp\/v2\/product\/10212\/revisions\/10218"}],"wp:featuredmedia":[{"embeddable":true,"href":"https:\/\/babyslane.com\/fr\/wp-json\/wp\/v2\/media\/10191"}],"wp:attachment":[{"href":"https:\/\/babyslane.com\/fr\/wp-json\/wp\/v2\/media?parent=10212"}],"wp:term":[{"taxonomy":"product_brand","embeddable":true,"href":"https:\/\/babyslane.com\/fr\/wp-json\/wp\/v2\/product_brand?post=10212"},{"taxonomy":"product_cat","embeddable":true,"href":"https:\/\/babyslane.com\/fr\/wp-json\/wp\/v2\/product_cat?post=10212"},{"taxonomy":"product_tag","embeddable":true,"href":"https:\/\/babyslane.com\/fr\/wp-json\/wp\/v2\/product_tag?post=10212"}],"curies":[{"name":"wp","href":"https:\/\/api.w.org\/{rel}","templated":true}]}}