{"id":10229,"date":"2024-08-09T18:18:44","date_gmt":"2024-08-09T16:18:44","guid":{"rendered":"https:\/\/babyslane.com\/produit\/childrens-busy-book-educational-toys\/"},"modified":"2024-08-09T20:29:28","modified_gmt":"2024-08-09T18:29:28","slug":"childrens-busy-book-educational-toys","status":"publish","type":"product","link":"https:\/\/babyslane.com\/fr\/produit\/childrens-busy-book-educational-toys\/","title":{"rendered":"Busy Book Cahier d&#8217;Activit\u00e9 Educatif pour Enfant"},"content":{"rendered":"<p><img decoding=\"async\" src=\"https:\/\/cf.cjdropshipping.com\/17097696\/2403070725030323100.jpg\" \/><\/p>\n<p><strong>Activit\u00e9s Vari\u00e9es sur les Couleurs et les Formes<\/strong> :<\/p>\n<p><strong>Avantages<\/strong> : Aide \u00e0 d\u00e9velopper la reconnaissance des couleurs et des formes, stimule les comp\u00e9tences visuelles et la coordination \u0153il-main, et encourage la capacit\u00e9 de concentration.<\/p>\n<p><img decoding=\"async\" src=\"https:\/\/cf.cjdropshipping.com\/17097696\/2403070725030324000.jpg\" \/><\/p>\n<p><strong>Encouragement de l&#8217;Autonomie et de la R\u00e9solution de Probl\u00e8mes<\/strong> :<\/p>\n<p><strong>Avantages<\/strong> : Permet \u00e0 l\u2019enfant de r\u00e9soudre des puzzles et des d\u00e9fis par lui-m\u00eame, d\u00e9veloppant ainsi sa capacit\u00e9 \u00e0 r\u00e9fl\u00e9chir de mani\u00e8re ind\u00e9pendante, \u00e0 am\u00e9liorer ses comp\u00e9tences en r\u00e9solution de probl\u00e8mes et \u00e0 renforcer sa confiance en lui.<\/p>\n<p><img decoding=\"async\" src=\"https:\/\/cf.cjdropshipping.com\/17097696\/2403070725030324800.jpg\" \/><\/p>\n<p><strong>Th\u00e8mes \u00c9ducatifs Captivants (Ferme, Dinosaures, Transports)<\/strong> :<\/p>\n<p><strong>Avantages<\/strong> : \u00c9veille la curiosit\u00e9 de l\u2019enfant sur diff\u00e9rents sujets, enrichit son vocabulaire et sa connaissance du monde, et favorise l\u2019apprentissage par le jeu en liant l&#8217;\u00e9ducation \u00e0 des th\u00e8mes int\u00e9ressants.<\/p>\n<p><img decoding=\"async\" src=\"https:\/\/cf.cjdropshipping.com\/17097696\/2403070725030322000.jpg\" \/><\/p>\n<p><strong>Education Sans \u00c9cran<\/strong> :<\/p>\n<ul>\n<li><strong>Avantages<\/strong> : Offre une alternative saine aux \u00e9crans, r\u00e9duisant les risques li\u00e9s \u00e0 l&#8217;exposition prolong\u00e9e aux \u00e9crans, et encourage des activit\u00e9s actives et interactives qui favorisent le d\u00e9veloppement cognitif.<\/li>\n<\/ul>\n<p><img decoding=\"async\" style=\"max-width: 100%;\" src=\"https:\/\/cf.cjdropshipping.com\/17097696\/2403070725030321300.jpg\" \/><\/p>\n<p><strong>Informations sur le produit :<\/strong><\/p>\n<ul>\n<li><strong>Mat\u00e9riau<\/strong> : Papier<\/li>\n<li><strong>Dimensions<\/strong> : 30,5 x 21,7 x 3,3 cm<\/li>\n<\/ul>\n<p><strong>Contenu de Paquet :<\/strong><\/p>\n<ul>\n<li>1 set de Busy Book<\/li>\n<\/ul>\n<p><\/p>","protected":false},"excerpt":{"rendered":"<p><strong>Envi de prot\u00e9ger votre enfant de l&#8217;exposition excessive aux \u00e9crans<\/strong> ? Offrez-lui notre Busy Book Cahier d&#8217;Activit\u00e9 Educatif ! Avec des <strong>activit\u00e9s stimulantes<\/strong> sur les couleurs, les formes et <strong>des th\u00e8mes captivants<\/strong> tels que la ferme, les dinosaures, et les moyens de transport, ce livre est la<strong> solution parfaite pour occuper intelligemment votre enfant<\/strong> tout en <strong>enrichissant son d\u00e9veloppement cognitif<\/strong> avec des activit\u00e9s engageantes.<\/p>\n","protected":false},"featured_media":10226,"comment_status":"open","ping_status":"closed","template":"","meta":[],"product_brand":[],"product_cat":[221,39,33,35],"product_tag":[],"class_list":{"0":"post-10229","1":"product","2":"type-product","3":"status-publish","4":"has-post-thumbnail","6":"product_cat-busy-books","7":"product_cat-new-arrivals","8":"product_cat-educational-toys","9":"product_cat-outing-travel","11":"first","12":"instock","13":"sale","14":"shipping-taxable","15":"purchasable","16":"product-type-variable","17":"has-default-attributes"},"_links":{"self":[{"href":"https:\/\/babyslane.com\/fr\/wp-json\/wp\/v2\/product\/10229","targetHints":{"allow":["GET"]}}],"collection":[{"href":"https:\/\/babyslane.com\/fr\/wp-json\/wp\/v2\/product"}],"about":[{"href":"https:\/\/babyslane.com\/fr\/wp-json\/wp\/v2\/types\/product"}],"replies":[{"embeddable":true,"href":"https:\/\/babyslane.com\/fr\/wp-json\/wp\/v2\/comments?post=10229"}],"version-history":[{"count":6,"href":"https:\/\/babyslane.com\/fr\/wp-json\/wp\/v2\/product\/10229\/revisions"}],"predecessor-version":[{"id":10249,"href":"https:\/\/babyslane.com\/fr\/wp-json\/wp\/v2\/product\/10229\/revisions\/10249"}],"wp:featuredmedia":[{"embeddable":true,"href":"https:\/\/babyslane.com\/fr\/wp-json\/wp\/v2\/media\/10226"}],"wp:attachment":[{"href":"https:\/\/babyslane.com\/fr\/wp-json\/wp\/v2\/media?parent=10229"}],"wp:term":[{"taxonomy":"product_brand","embeddable":true,"href":"https:\/\/babyslane.com\/fr\/wp-json\/wp\/v2\/product_brand?post=10229"},{"taxonomy":"product_cat","embeddable":true,"href":"https:\/\/babyslane.com\/fr\/wp-json\/wp\/v2\/product_cat?post=10229"},{"taxonomy":"product_tag","embeddable":true,"href":"https:\/\/babyslane.com\/fr\/wp-json\/wp\/v2\/product_tag?post=10229"}],"curies":[{"name":"wp","href":"https:\/\/api.w.org\/{rel}","templated":true}]}}