{"id":10316,"date":"2024-09-09T01:46:48","date_gmt":"2024-09-08T23:46:48","guid":{"rendered":"https:\/\/babyslane.com\/produit\/childrens-educational-building-blocks-rainbow-soft-stone-stacking-toys\/"},"modified":"2024-11-18T16:50:18","modified_gmt":"2024-11-18T15:50:18","slug":"childrens-educational-building-blocks-rainbow-soft-stone-stacking-toys","status":"publish","type":"product","link":"https:\/\/babyslane.com\/fr\/produit\/childrens-educational-building-blocks-rainbow-soft-stone-stacking-toys\/","title":{"rendered":"2 en 1 Deco et Bloc a empiler en bois jouet educatif bebe"},"content":{"rendered":"<p><strong>Votre enfant a soif de d\u00e9couverte, mais ses jouets actuels ne l\u2019aident pas \u00e0 se d\u00e9velopper pleinement ?<\/strong><\/p>\n<p>Les premi\u00e8res ann\u00e9es sont cruciales : chaque mouvement, chaque jeu fa\u00e7onne ses comp\u00e9tences. Sans les bons outils, il risque de manquer des \u00e9tapes cl\u00e9s pour renforcer sa motricit\u00e9 fine, stimuler sa concentration ou \u00e9veiller sa cr\u00e9ativit\u00e9.<\/p>\n<p><img decoding=\"async\" src=\"https:\/\/oss-cf.cjdropshipping.com\/product\/2024\/08\/23\/07\/3d27d4d4-97e9-4f82-af1f-1fb8c8d267c6.jpg\" \/><\/p>\n<p>\u2728 <strong>Nos blocs de construction en bois arc-en-ciel sont la solution id\u00e9ale !<\/strong><br \/>\nCon\u00e7us pour captiver son attention, ces blocs l\u2019aident \u00e0 grandir en jouant : d\u00e9velopper ses petites mains, apprendre les couleurs et les formes, et construire sans limite.<\/p>\n<p><img decoding=\"async\" src=\"https:\/\/oss-cf.cjdropshipping.com\/product\/2024\/08\/23\/07\/f0c449c5-3ade-4dd6-b37b-8bdf972ed15c.jpg\" \/><\/p>\n<p><img decoding=\"async\" src=\"https:\/\/oss-cf.cjdropshipping.com\/product\/2024\/08\/23\/07\/a7be15b9-3450-427f-ba5a-c0284905832f.jpg\" \/><\/p>\n<p>\ud83d\udca1 <strong>Give them a toy that truly supports their development.<\/strong><br \/>\nAdd it to your cart now and turn their learning into pure joy!<\/p>\n<p><img decoding=\"async\" src=\"https:\/\/oss-cf.cjdropshipping.com\/product\/2024\/08\/23\/07\/e9421012-e5af-4768-815a-381cf67d1084.jpg\" \/><\/p>\n<p><img decoding=\"async\" src=\"https:\/\/oss-cf.cjdropshipping.com\/product\/2024\/08\/23\/07\/bcbd3fe8-fc50-482e-a223-f81f77483c0f.jpg\" \/><br \/>\n<img decoding=\"async\" src=\"https:\/\/oss-cf.cjdropshipping.com\/product\/2024\/08\/23\/07\/9dddc239-8aa8-48e5-a9c3-33cad135c370.jpg\" \/><\/p>\n<p><img decoding=\"async\" src=\"https:\/\/oss-cf.cjdropshipping.com\/product\/2024\/08\/23\/07\/307fa2b5-23bd-45d4-a786-3e6ffea1a2ab.jpg\" \/><br \/>\n<img decoding=\"async\" src=\"https:\/\/oss-cf.cjdropshipping.com\/product\/2024\/08\/23\/07\/c3288f2a-250e-48fa-a2b0-faab53fe5e49.jpg\" \/><\/p>\n<p><img decoding=\"async\" src=\"https:\/\/oss-cf.cjdropshipping.com\/product\/2024\/08\/23\/07\/4efe9c67-4ac0-44a7-93fc-b15b7641e16c.jpg\" \/><\/p>\n<p><b>Product informations:<\/b><\/p>\n<p>Color:\u00a0 purplish red, yellow green, orange, Blue<\/p>\n<p>Applicable age: children (3-7 years old)<\/p>\n<p>Material: Wood<\/p>\n<p><b>Packing content: <\/b><\/p>\n<p>Soft wooden stacking toy<\/p>","protected":false},"excerpt":{"rendered":"<p>Un jeu \u00e9ducatif apaisant qui stimule la cr\u00e9ativit\u00e9, renforce la coordination et d\u00e9veloppe le sens de l&#8217;\u00e9quilibre tout en transformant chaque instant en une aventure ludique !<\/p>\n<p>Offrez \u00e0 votre b\u00e9b\u00e9 un jouet unique avec ces jolies pierres en bois empilables<\/p>\n","protected":false},"featured_media":10310,"comment_status":"open","ping_status":"closed","template":"","meta":[],"product_brand":[],"product_cat":[33],"product_tag":[],"class_list":{"0":"post-10316","1":"product","2":"type-product","3":"status-publish","4":"has-post-thumbnail","6":"product_cat-educational-toys","8":"first","9":"instock","10":"sale","11":"shipping-taxable","12":"purchasable","13":"product-type-variable"},"_links":{"self":[{"href":"https:\/\/babyslane.com\/fr\/wp-json\/wp\/v2\/product\/10316","targetHints":{"allow":["GET"]}}],"collection":[{"href":"https:\/\/babyslane.com\/fr\/wp-json\/wp\/v2\/product"}],"about":[{"href":"https:\/\/babyslane.com\/fr\/wp-json\/wp\/v2\/types\/product"}],"replies":[{"embeddable":true,"href":"https:\/\/babyslane.com\/fr\/wp-json\/wp\/v2\/comments?post=10316"}],"version-history":[{"count":5,"href":"https:\/\/babyslane.com\/fr\/wp-json\/wp\/v2\/product\/10316\/revisions"}],"predecessor-version":[{"id":10395,"href":"https:\/\/babyslane.com\/fr\/wp-json\/wp\/v2\/product\/10316\/revisions\/10395"}],"wp:featuredmedia":[{"embeddable":true,"href":"https:\/\/babyslane.com\/fr\/wp-json\/wp\/v2\/media\/10310"}],"wp:attachment":[{"href":"https:\/\/babyslane.com\/fr\/wp-json\/wp\/v2\/media?parent=10316"}],"wp:term":[{"taxonomy":"product_brand","embeddable":true,"href":"https:\/\/babyslane.com\/fr\/wp-json\/wp\/v2\/product_brand?post=10316"},{"taxonomy":"product_cat","embeddable":true,"href":"https:\/\/babyslane.com\/fr\/wp-json\/wp\/v2\/product_cat?post=10316"},{"taxonomy":"product_tag","embeddable":true,"href":"https:\/\/babyslane.com\/fr\/wp-json\/wp\/v2\/product_tag?post=10316"}],"curies":[{"name":"wp","href":"https:\/\/api.w.org\/{rel}","templated":true}]}}