{"id":10387,"date":"2024-11-18T15:50:01","date_gmt":"2024-11-18T14:50:01","guid":{"rendered":"https:\/\/babyslane.com\/produit\/early-education-children-education-desktop-game-suit\/"},"modified":"2024-11-18T16:18:48","modified_gmt":"2024-11-18T15:18:48","slug":"early-education-children-education-desktop-game-suit","status":"publish","type":"product","link":"https:\/\/babyslane.com\/fr\/produit\/early-education-children-education-desktop-game-suit\/","title":{"rendered":"Carrot garden Jouet educatif en bois pour enfant Montessori"},"content":{"rendered":"<p><strong>Offrez \u00e0 votre enfant une aventure \u00e9ducative et ludique avec le jouet \u201cCarrot Garden\u201d !<\/strong> \ud83c\udf31\u2728<\/p>\n<p>Ce jouet en bois innovant transforme chaque moment de jeu en une opportunit\u00e9 d\u2019apprentissage. Avec son design adorable en forme de jardin, il invite les tout-petits \u00e0 s\u2019amuser tout en d\u00e9veloppant des comp\u00e9tences essentielles.<\/p>\n<p>\u2705 <strong>Stimulation de l&#8217;intelligence<\/strong> : En pla\u00e7ant les carottes en bois dans leurs trous ou en attrapant les asticots avec la pince, votre enfant am\u00e9liore sa r\u00e9flexion et sa concentration.<\/p>\n<p>\u2705 <strong>Coordination \u0153il-main<\/strong> : Chaque geste pr\u00e9cis aide votre petit \u00e0 renforcer sa motricit\u00e9 fine, essentielle pour ses futurs apprentissages.<\/p>\n<p>\u2705 <strong>Exp\u00e9rience sensorielle<\/strong> : Le toucher naturel du bois et les formes ludiques \u00e9veillent les sens et apportent une connexion apaisante \u00e0 la nature.<\/p>\n<p>\ud83c\udfa8 <strong>Couleurs attractives<\/strong> : Le joli design de carottes attire les enfants et les maintient captiv\u00e9s.<\/p>\n<p>Fabriqu\u00e9 en bois naturel, ce jouet est con\u00e7u pour durer et convient parfaitement aux enfants de 3 \u00e0 6 ans. Encouragez leur imagination et donnez-leur les cl\u00e9s d\u2019un apprentissage tout en douceur avec ce jouet \u00e9ducatif et s\u00fbr.<\/p>\n<p>\ud83c\udf81 <strong>Un cadeau id\u00e9al pour \u00e9veiller les talents de votre enfant tout en s\u2019amusant !<\/strong> Offrez-leur une exp\u00e9rience inoubliable d\u00e8s aujourd\u2019hui. \ud83c\udf1f<\/p>\n<p><img decoding=\"async\" src=\"https:\/\/oss-cf.cjdropshipping.com\/product\/2024\/10\/31\/07\/f648932c-7da1-4fb0-ab4c-f5d5f95f6830.jpg\" \/><br \/>\n<img decoding=\"async\" src=\"https:\/\/oss-cf.cjdropshipping.com\/product\/2024\/10\/31\/07\/c7cd55db-d7c9-4aa9-ac47-8a3b68e03ac2.jpg\" \/><br \/>\n<img decoding=\"async\" src=\"https:\/\/oss-cf.cjdropshipping.com\/product\/2024\/10\/31\/07\/618cce83-1ba3-4e94-882a-e90a01dd34f2.jpg\" \/><br \/>\n<img decoding=\"async\" src=\"https:\/\/oss-cf.cjdropshipping.com\/product\/2024\/10\/31\/07\/ae000b45-9f32-4ff5-8b62-6ff5b1336b3d.jpg\" \/><br \/>\n<img decoding=\"async\" src=\"https:\/\/oss-cf.cjdropshipping.com\/product\/2024\/10\/31\/07\/65a428d0-6fb1-4346-a8a3-694251512b94.jpg\" \/><\/p>\n<p><b>Informations Produit:<\/b><\/p>\n<p>Age: Enfant (3-6 ans)<\/p>\n<p>Material: Bois<\/p>\n<p><b>Dimensions:<\/b><\/p>\n<p><img decoding=\"async\" src=\"https:\/\/oss-cf.cjdropshipping.com\/product\/2024\/10\/31\/07\/a7278270-69bb-48e1-8d1a-097c75964a18.jpg\" \/><\/p>","protected":false},"excerpt":{"rendered":"<p>Transformez les moments de jeu de votre enfant en une aventure \u00e9ducative et amusante avec le jouet <em>Carrot Garden<\/em> \u2013 un jeu en bois captivant et soigneusement con\u00e7u qui d\u00e9veloppe l\u2019intelligence et la motricit\u00e9 fine \u00e0 chaque geste !<\/p>\n","protected":false},"featured_media":10382,"comment_status":"open","ping_status":"closed","template":"","meta":[],"product_brand":[],"product_cat":[33,222],"product_tag":[],"class_list":{"0":"post-10387","1":"product","2":"type-product","3":"status-publish","4":"has-post-thumbnail","6":"product_cat-educational-toys","7":"product_cat-wooden-toys","9":"first","10":"instock","11":"sale","12":"shipping-taxable","13":"purchasable","14":"product-type-simple"},"_links":{"self":[{"href":"https:\/\/babyslane.com\/fr\/wp-json\/wp\/v2\/product\/10387","targetHints":{"allow":["GET"]}}],"collection":[{"href":"https:\/\/babyslane.com\/fr\/wp-json\/wp\/v2\/product"}],"about":[{"href":"https:\/\/babyslane.com\/fr\/wp-json\/wp\/v2\/types\/product"}],"replies":[{"embeddable":true,"href":"https:\/\/babyslane.com\/fr\/wp-json\/wp\/v2\/comments?post=10387"}],"version-history":[{"count":2,"href":"https:\/\/babyslane.com\/fr\/wp-json\/wp\/v2\/product\/10387\/revisions"}],"predecessor-version":[{"id":10389,"href":"https:\/\/babyslane.com\/fr\/wp-json\/wp\/v2\/product\/10387\/revisions\/10389"}],"wp:featuredmedia":[{"embeddable":true,"href":"https:\/\/babyslane.com\/fr\/wp-json\/wp\/v2\/media\/10382"}],"wp:attachment":[{"href":"https:\/\/babyslane.com\/fr\/wp-json\/wp\/v2\/media?parent=10387"}],"wp:term":[{"taxonomy":"product_brand","embeddable":true,"href":"https:\/\/babyslane.com\/fr\/wp-json\/wp\/v2\/product_brand?post=10387"},{"taxonomy":"product_cat","embeddable":true,"href":"https:\/\/babyslane.com\/fr\/wp-json\/wp\/v2\/product_cat?post=10387"},{"taxonomy":"product_tag","embeddable":true,"href":"https:\/\/babyslane.com\/fr\/wp-json\/wp\/v2\/product_tag?post=10387"}],"curies":[{"name":"wp","href":"https:\/\/api.w.org\/{rel}","templated":true}]}}