{"id":1420,"date":"2020-12-30T20:55:32","date_gmt":"2020-12-30T19:55:32","guid":{"rendered":"https:\/\/babyslane.com\/produit\/household-wheat-fiber-tableware-for-children\/"},"modified":"2022-05-21T15:52:44","modified_gmt":"2022-05-21T13:52:44","slug":"wheat-fiber-tableware-for-children","status":"publish","type":"product","link":"https:\/\/babyslane.com\/fr\/produit\/wheat-fiber-tableware-for-children\/","title":{"rendered":"SET DE VAISSELLE EN FIBRE DE BLE POUR ENFANT"},"content":{"rendered":"<p><img fetchpriority=\"high\" decoding=\"async\" class=\"aligncenter\" src=\"https:\/\/cc-west-usa.oss-accelerate.aliyuncs.com\/3ef6c096-fe0c-4803-be9d-848a67352a76.jpg\" width=\"660\" height=\"660\" \/><\/p>\n<h3><span id=\"p86\"><span id=\"89\" class=\"s-bl-t\">Un set<\/span> de tables<strong> en paille de\u00a0<span id=\"87\" class=\"s-bl-t\">bl\u00e9 <\/span><\/strong>con\u00e7u pour les petits<\/span><\/h3>\n<p><span id=\"p66\">Grace \u00e0 leur <strong>design en forme<\/strong> <strong>de lapin et d&#8217;avion<\/strong> le repas se transformera en un moment de joie et de partage.<\/span><span id=\"p67\">\u00a0La paille de bl\u00e9 est une superbe alternative aux plastiques traditionnels et \u00e0 la vaisselle trop fragile pour les enfants.<\/span><\/p>\n<p><img decoding=\"async\" class=\"wp-image-7296 aligncenter\" src=\"https:\/\/babyslane.com\/wp-content\/uploads\/2020\/12\/b364ae54598cae60de2345ffcb804ac6-1024x1024.jpg\" alt=\"\" width=\"758\" height=\"758\" srcset=\"https:\/\/babyslane.com\/wp-content\/uploads\/2020\/12\/b364ae54598cae60de2345ffcb804ac6.jpg 1024w, https:\/\/babyslane.com\/wp-content\/uploads\/2020\/12\/b364ae54598cae60de2345ffcb804ac6-300x300.jpg 300w, https:\/\/babyslane.com\/wp-content\/uploads\/2020\/12\/b364ae54598cae60de2345ffcb804ac6-150x150.jpg 150w, https:\/\/babyslane.com\/wp-content\/uploads\/2020\/12\/b364ae54598cae60de2345ffcb804ac6-768x768.jpg 768w, https:\/\/babyslane.com\/wp-content\/uploads\/2020\/12\/b364ae54598cae60de2345ffcb804ac6-600x600.jpg 600w, https:\/\/babyslane.com\/wp-content\/uploads\/2020\/12\/b364ae54598cae60de2345ffcb804ac6-100x100.jpg 100w\" sizes=\"(max-width: 758px) 100vw, 758px\" \/><\/p>\n<h3><span id=\"p68\">Pensez \u00e0 <strong>l&#8217;environnement<\/strong><br \/>\n<\/span><\/h3>\n<p><span id=\"p69\">Parce que notre plan\u00e8te va de plus en plus mal nous devons tous participer un peu.<\/span><br \/>\n<span id=\"p91\">C&#8217;est pourquoi nous avons s\u00e9lectionn\u00e9 pour vous un ensemble de <span id=\"92\" class=\"s-bl-t\">table\u00a0 qui<\/span>\u00a0est<strong> \u00e9cologique et biod\u00e9gradable<\/strong> !<\/span><span id=\"p71\">\u00a0<\/span><\/p>\n<h3><img decoding=\"async\" class=\"wp-image-7295 aligncenter\" src=\"https:\/\/babyslane.com\/wp-content\/uploads\/2020\/12\/9735d07a335115f16f10d50be14d8e80.jpg\" alt=\"\" width=\"756\" height=\"756\" srcset=\"https:\/\/babyslane.com\/wp-content\/uploads\/2020\/12\/9735d07a335115f16f10d50be14d8e80.jpg 800w, https:\/\/babyslane.com\/wp-content\/uploads\/2020\/12\/9735d07a335115f16f10d50be14d8e80-300x300.jpg 300w, https:\/\/babyslane.com\/wp-content\/uploads\/2020\/12\/9735d07a335115f16f10d50be14d8e80-150x150.jpg 150w, https:\/\/babyslane.com\/wp-content\/uploads\/2020\/12\/9735d07a335115f16f10d50be14d8e80-768x768.jpg 768w, https:\/\/babyslane.com\/wp-content\/uploads\/2020\/12\/9735d07a335115f16f10d50be14d8e80-600x600.jpg 600w, https:\/\/babyslane.com\/wp-content\/uploads\/2020\/12\/9735d07a335115f16f10d50be14d8e80-100x100.jpg 100w\" sizes=\"(max-width: 756px) 100vw, 756px\" \/><\/h3>\n<h3><span id=\"p73\">Fabriqu\u00e9 \u00e0 partir d&#8217;un <strong>mat\u00e9riau durable<\/strong> et d&#8217;un design unique<\/span><\/h3>\n<p><span id=\"p75\">Fabriqu\u00e9 \u00e0 base de<strong> paille de bl\u00e9 biod\u00e9gradable naturelle<\/strong> comme mati\u00e8res premi\u00e8res, qui est une substances <strong>non-toxiques et non polluante pour l&#8217;environnement<\/strong>. Cet ensemble <strong>s<\/strong><span id=\"p74\"><strong>imple et utile<\/strong> \u00e0 tous pour vous plaire ainsi qu&#8217;\u00e0 votre enfant.<\/span><\/span><\/p>\n<p><img loading=\"lazy\" decoding=\"async\" class=\"aligncenter\" src=\"https:\/\/babyslane.com\/wp-content\/uploads\/2021\/02\/Set-de-vaisselle-en-fibre-de-ble-forme-lapin-1-2-1024x819.jpg\" width=\"660\" height=\"528\" \/><\/p>\n<h3>Un set de repas pour enfant tout mignon<\/h3>\n<p><span id=\"p72\"><span id=\"84\" class=\"s-rg-t\">L<\/span>&#8216;ensemble se compose d&#8217;une assiette en forme de lapin ou d&#8217;avion et de 2 couverts pour un repas \u00e0 la maison ou en vadrouille.<\/span><\/p>\n<p><img loading=\"lazy\" decoding=\"async\" class=\"wp-image-7293 aligncenter\" src=\"https:\/\/babyslane.com\/wp-content\/uploads\/2020\/12\/191f04f22ea6aa6aeb6a3aa39dc4005e-1024x1024.jpg\" alt=\"\" width=\"738\" height=\"738\" srcset=\"https:\/\/babyslane.com\/wp-content\/uploads\/2020\/12\/191f04f22ea6aa6aeb6a3aa39dc4005e.jpg 1024w, https:\/\/babyslane.com\/wp-content\/uploads\/2020\/12\/191f04f22ea6aa6aeb6a3aa39dc4005e-300x300.jpg 300w, https:\/\/babyslane.com\/wp-content\/uploads\/2020\/12\/191f04f22ea6aa6aeb6a3aa39dc4005e-150x150.jpg 150w, https:\/\/babyslane.com\/wp-content\/uploads\/2020\/12\/191f04f22ea6aa6aeb6a3aa39dc4005e-768x768.jpg 768w, https:\/\/babyslane.com\/wp-content\/uploads\/2020\/12\/191f04f22ea6aa6aeb6a3aa39dc4005e-600x600.jpg 600w, https:\/\/babyslane.com\/wp-content\/uploads\/2020\/12\/191f04f22ea6aa6aeb6a3aa39dc4005e-100x100.jpg 100w\" sizes=\"(max-width: 738px) 100vw, 738px\" \/><\/p>\n<p><span style=\"font-weight: bold;\">Sp\u00e9cification :<\/span><\/p>\n<p>Mat\u00e9riel : PP + fibre de bl\u00e9.<br \/>\nNe convient pas pour le micro onde.<br \/>\nCouleurs : Lapin rose, Lapin bleu, Avion rose, Avion bleu.<\/p>","protected":false},"excerpt":{"rendered":"<p><span id=\"p94\">Fini les repas <span id=\"95\" class=\"s-bl-t\">fatiguant et<\/span> la <strong>vaisselle cass\u00e9e<span id=\"95\" class=\"s-bl-t\">\u00a0<\/span><\/strong>!<\/span><\/p>\n<p><span id=\"p62\"><span id=\"78\" class=\"s-bl-t\">Le <\/span>superbe ensemble de table pour enfant dans un <strong>th\u00e8me ludique et color\u00e9<\/strong>.<\/span><span id=\"p97\"> Enfin un set de table <strong>amusant<\/strong> pour le plus grand bonheur des petits !<\/span><\/p>\n<p><span id=\"p94\">\u00a0<\/span><\/p>\n","protected":false},"featured_media":4914,"comment_status":"open","ping_status":"closed","template":"","meta":[],"product_brand":[],"product_cat":[31,36],"product_tag":[],"class_list":{"0":"post-1420","1":"product","2":"type-product","3":"status-publish","4":"has-post-thumbnail","6":"product_cat-feeding","7":"product_cat-promotions","9":"first","10":"instock","11":"sale","12":"shipping-taxable","13":"purchasable","14":"product-type-variable"},"_links":{"self":[{"href":"https:\/\/babyslane.com\/fr\/wp-json\/wp\/v2\/product\/1420","targetHints":{"allow":["GET"]}}],"collection":[{"href":"https:\/\/babyslane.com\/fr\/wp-json\/wp\/v2\/product"}],"about":[{"href":"https:\/\/babyslane.com\/fr\/wp-json\/wp\/v2\/types\/product"}],"replies":[{"embeddable":true,"href":"https:\/\/babyslane.com\/fr\/wp-json\/wp\/v2\/comments?post=1420"}],"version-history":[{"count":0,"href":"https:\/\/babyslane.com\/fr\/wp-json\/wp\/v2\/product\/1420\/revisions"}],"wp:featuredmedia":[{"embeddable":true,"href":"https:\/\/babyslane.com\/fr\/wp-json\/wp\/v2\/media\/4914"}],"wp:attachment":[{"href":"https:\/\/babyslane.com\/fr\/wp-json\/wp\/v2\/media?parent=1420"}],"wp:term":[{"taxonomy":"product_brand","embeddable":true,"href":"https:\/\/babyslane.com\/fr\/wp-json\/wp\/v2\/product_brand?post=1420"},{"taxonomy":"product_cat","embeddable":true,"href":"https:\/\/babyslane.com\/fr\/wp-json\/wp\/v2\/product_cat?post=1420"},{"taxonomy":"product_tag","embeddable":true,"href":"https:\/\/babyslane.com\/fr\/wp-json\/wp\/v2\/product_tag?post=1420"}],"curies":[{"name":"wp","href":"https:\/\/api.w.org\/{rel}","templated":true}]}}