{"id":1579,"date":"2021-01-01T10:49:14","date_gmt":"2021-01-01T09:49:14","guid":{"rendered":"https:\/\/babyslane.com\/produit\/childrens-bath-stool\/"},"modified":"2022-05-31T15:22:04","modified_gmt":"2022-05-31T13:22:04","slug":"childrens-bath-stool","status":"publish","type":"product","link":"https:\/\/babyslane.com\/fr\/produit\/childrens-bath-stool\/","title":{"rendered":"SIEGE DE BAIN AUTO POUR BEBE"},"content":{"rendered":"<p>Quand l&#8217;heure du bain de b\u00e9b\u00e9 devient un moment de jeu attendu par votre bout de chou!<\/p>\n<p>Fini les pleurs lors de la douche,voici un si\u00e8ge de bain original qui rend le bain de votre petit(e) plus amusant et plus agr\u00e9able que jamais.<\/p>\n<p style=\"text-align: center;\"><img fetchpriority=\"high\" decoding=\"async\" class=\"\" src=\"https:\/\/ae01.alicdn.com\/kf\/H4358deae5a6e4435b08aea92bd79b0bfy.jpg\" width=\"660\" height=\"660\" \/><\/p>\n<p><span id=\"p128\"><span id=\"142\" class=\"s-rg-t\">Baby&#8217;slane<\/span> a s\u00e9lectionn\u00e9 pour votre b\u00e9b\u00e9 un si\u00e8ge de bain qui ne ressemble pas aux autres.<\/span><span id=\"p129\"> Un si\u00e8ge de bain \u00e0 l&#8217;allure d&#8217;une petite voiture et en forme d&#8217;\u00e9l\u00e9phant qui donnera \u00e0 b\u00e9b\u00e9 l&#8217;envie de passer sous la douche sans contrainte.<\/span><\/p>\n<p><span id=\"p130\">Avec son petit volant qui bouge et ses belles couleurs pastel, b\u00e9b\u00e9 passera de v\u00e9ritable moment de joie.<\/span><\/p>\n<p style=\"text-align: center;\"><img decoding=\"async\" class=\"\" src=\"https:\/\/ae01.alicdn.com\/kf\/H26a219f99b154ee8815c2e9ee3409b1fr.jpg\" width=\"660\" height=\"660\" \/><\/p>\n<p><span id=\"p155\">Le si\u00e8ge s&#8217;accroche tr\u00e8s bien \u00e0 toutes les baignoires gr\u00e2ce \u00e0 ses 4 ventouses\u00a0 puissantes en silicone.<\/span><\/p>\n<p style=\"text-align: center;\"><img decoding=\"async\" class=\"\" src=\"https:\/\/babyslane.com\/wp-content\/uploads\/2021\/02\/Siege-de-bain-pour-bebe-3.jpg\" width=\"660\" height=\"528\" \/><\/p>\n<p><span id=\"p155\">Ce si\u00e8ge peut \u00e9galement \u00eatre utilis\u00e9 dans le salon ou la chambre de b\u00e9b\u00e9 pour jouer \u00e0 la voiture.<\/span><\/p>\n<p><strong>Important: Pour \u00e9viter tout accidents ou d\u00e9c\u00e8s, ne jamais laisser b\u00e9b\u00e9 seul dans son bain m\u00eame s&#8217;il vous parait \u00eatre bien install\u00e9. Il est imp\u00e9ratif et obligatoire qu&#8217;il soit toujours en pr\u00e9sence d&#8217;un adulte qui veille sur lui pour sa s\u00e9curit\u00e9.<\/strong><\/p>\n<p><span id=\"p132\">Caract\u00e9ristiques :<\/span><\/p>\n<ul>\n<li><span id=\"p134\">Dossier haut et confortable pour prot\u00e9ger le dos de b\u00e9b\u00e9, il peut s&#8217;appuyer dessus, soutenant efficacement sa colonne vert\u00e9brale.<\/span><\/li>\n<li><span id=\"p135\">Polissage lisse en\u00a0<span id=\"148\" class=\"s-rg-t\">PP<\/span>\u00a0<span id=\"149\" class=\"s-bl-t\">original\u00a0<\/span>.<\/span><\/li>\n<li><span id=\"p136\">S&#8217;installe tr\u00e8s rapidement.<\/span><\/li>\n<li><span id=\"p137\"><span id=\"151\" class=\"s-bl-t\">Taille:<\/span><\/span><span id=\"p138\">\u00a0environ 28.3 x 38.5 x\u00a0<span id=\"153\" class=\"s-bl-t\">16.3cm.<\/span><\/span><\/li>\n<\/ul>\n<p><\/p>","protected":false},"excerpt":{"rendered":"<p><span id=\"p154\">Partagez des moments de joie pendant le bain de b\u00e9b\u00e9 avec ce <\/span><span id=\"p127\"><span id=\"p154\">si\u00e8ge de bain original et amusant.<\/span><br \/>\n<\/span><\/p>\n","protected":false},"featured_media":4933,"comment_status":"open","ping_status":"closed","template":"","meta":[],"product_brand":[],"product_cat":[32,39],"product_tag":[],"class_list":{"0":"post-1579","1":"product","2":"type-product","3":"status-publish","4":"has-post-thumbnail","6":"product_cat-baby-care","7":"product_cat-new-arrivals","9":"first","10":"instock","11":"shipping-taxable","12":"purchasable","13":"product-type-variable"},"_links":{"self":[{"href":"https:\/\/babyslane.com\/fr\/wp-json\/wp\/v2\/product\/1579","targetHints":{"allow":["GET"]}}],"collection":[{"href":"https:\/\/babyslane.com\/fr\/wp-json\/wp\/v2\/product"}],"about":[{"href":"https:\/\/babyslane.com\/fr\/wp-json\/wp\/v2\/types\/product"}],"replies":[{"embeddable":true,"href":"https:\/\/babyslane.com\/fr\/wp-json\/wp\/v2\/comments?post=1579"}],"version-history":[{"count":0,"href":"https:\/\/babyslane.com\/fr\/wp-json\/wp\/v2\/product\/1579\/revisions"}],"wp:featuredmedia":[{"embeddable":true,"href":"https:\/\/babyslane.com\/fr\/wp-json\/wp\/v2\/media\/4933"}],"wp:attachment":[{"href":"https:\/\/babyslane.com\/fr\/wp-json\/wp\/v2\/media?parent=1579"}],"wp:term":[{"taxonomy":"product_brand","embeddable":true,"href":"https:\/\/babyslane.com\/fr\/wp-json\/wp\/v2\/product_brand?post=1579"},{"taxonomy":"product_cat","embeddable":true,"href":"https:\/\/babyslane.com\/fr\/wp-json\/wp\/v2\/product_cat?post=1579"},{"taxonomy":"product_tag","embeddable":true,"href":"https:\/\/babyslane.com\/fr\/wp-json\/wp\/v2\/product_tag?post=1579"}],"curies":[{"name":"wp","href":"https:\/\/api.w.org\/{rel}","templated":true}]}}