{"id":1828,"date":"2021-01-03T00:02:13","date_gmt":"2021-01-02T23:02:13","guid":{"rendered":"https:\/\/babyslane.com\/produit\/arch-bridge-semicircle-building-blocks-children-toys\/"},"modified":"2022-05-08T18:49:36","modified_gmt":"2022-05-08T16:49:36","slug":"arch-bridge-semicircle-building-blocks-children-toys","status":"publish","type":"product","link":"https:\/\/babyslane.com\/fr\/produit\/arch-bridge-semicircle-building-blocks-children-toys\/","title":{"rendered":"LE JOUET ARC-EN-CIEL EN BOIS"},"content":{"rendered":"<p><span id=\"p0\">Inspir\u00e9 des p\u00e9dagogies\u00a0<strong>Montessori<\/strong> l&#8217;Arc en Ciel en Bois,\u00a0est\u00a0un incontournable de la p\u00e9dagogie\u00a0<span id=\"11\" class=\"s-rg-t\">Montessori<\/span>.<\/span><\/p>\n<ul>\n<li><span id=\"p31\">Stimule l&#8217;imagination et la cr\u00e9ativit\u00e9<\/span><\/li>\n<li><span id=\"p32\">D\u00e9veloppe la motricit\u00e9<\/span><\/li>\n<li><span id=\"p33\">D\u00e9veloppe le sens de l&#8217;\u00e9quilibre<\/span><\/li>\n<\/ul>\n<p><img fetchpriority=\"high\" decoding=\"async\" class=\"aligncenter\" src=\"https:\/\/babyslane.com\/wp-content\/uploads\/2021\/02\/Sans-titre-2021-02-16T090520.128-1024x819.jpg\" width=\"600\" height=\"480\" \/><\/p>\n<p><span id=\"p34\">En empilant ces 6 arcs de cercle, l&#8217;enfant peut cr\u00e9er des formes <strong>originales et complexes<\/strong>, qui semblent d\u00e9fier la gravit\u00e9 !<\/span><\/p>\n<p><span id=\"p35\">L&#8217;arc-en-ciel en bois est si beau que m\u00eame apr\u00e8s le\u00a0<span id=\"44\" class=\"s-bl-t\">jeu, il<\/span>\u00a0peut servir de\u00a0<strong><span id=\"45\" class=\"s-rg-t\">d\u00e9coration<\/span> <\/strong>dans la chambre des enfants.<\/span><\/p>\n<p><img decoding=\"async\" class=\"aligncenter\" src=\"https:\/\/babyslane.com\/wp-content\/uploads\/2021\/02\/Jouet-arc-en-ciel-en-bois-couleur.jpg\" width=\"600\" height=\"480\" \/><\/p>\n<p style=\"text-align: center;\"><strong><span id=\"p48\">Alors n&#8217;attendez plus commandez maintenant ce jeu aux multiples avantages !<\/span><\/strong><\/p>\n<p><strong><span id=\"p38\">Important :<\/span><span id=\"p39\">\u00a0<span id=\"46\" class=\"s-or-t\">L<\/span>&#8216;arc-en-ciel est en bois naturel de pin et est peint avec de la peinture\u00a0\u00e9cologique pour le bois et non toxique pour les enfants.<\/span><\/strong><\/p>\n<p>Dimensions de l&#8217;arc-en-ciel: 26*4.5*12.5cm<\/p>\n<p><span id=\"p36\">Age Recommand\u00e9 :<\/span><span id=\"p37\"> \u00e0 partir de 18 mois<\/span><\/p>","protected":false},"excerpt":{"rendered":"<p>L&#8217;<strong>Arc en Ciel en Bois.<\/strong><\/p>\n<p>Le jouet qui permettra \u00e0 votre enfant de d\u00e9velopp\u00e9 sa <strong>cr\u00e9ativit\u00e9<\/strong> et son sens de l&#8217;\u00e9quilibre<strong>\u00a0 tout en d\u00e9corant joliment sa chambre.<\/strong><\/p>\n","protected":false},"featured_media":4889,"comment_status":"open","ping_status":"closed","template":"","meta":[],"product_brand":[],"product_cat":[36,33],"product_tag":[],"class_list":{"0":"post-1828","1":"product","2":"type-product","3":"status-publish","4":"has-post-thumbnail","6":"product_cat-promotions","7":"product_cat-educational-toys","9":"first","10":"instock","11":"sale","12":"shipping-taxable","13":"purchasable","14":"product-type-variable"},"_links":{"self":[{"href":"https:\/\/babyslane.com\/fr\/wp-json\/wp\/v2\/product\/1828","targetHints":{"allow":["GET"]}}],"collection":[{"href":"https:\/\/babyslane.com\/fr\/wp-json\/wp\/v2\/product"}],"about":[{"href":"https:\/\/babyslane.com\/fr\/wp-json\/wp\/v2\/types\/product"}],"replies":[{"embeddable":true,"href":"https:\/\/babyslane.com\/fr\/wp-json\/wp\/v2\/comments?post=1828"}],"version-history":[{"count":0,"href":"https:\/\/babyslane.com\/fr\/wp-json\/wp\/v2\/product\/1828\/revisions"}],"wp:featuredmedia":[{"embeddable":true,"href":"https:\/\/babyslane.com\/fr\/wp-json\/wp\/v2\/media\/4889"}],"wp:attachment":[{"href":"https:\/\/babyslane.com\/fr\/wp-json\/wp\/v2\/media?parent=1828"}],"wp:term":[{"taxonomy":"product_brand","embeddable":true,"href":"https:\/\/babyslane.com\/fr\/wp-json\/wp\/v2\/product_brand?post=1828"},{"taxonomy":"product_cat","embeddable":true,"href":"https:\/\/babyslane.com\/fr\/wp-json\/wp\/v2\/product_cat?post=1828"},{"taxonomy":"product_tag","embeddable":true,"href":"https:\/\/babyslane.com\/fr\/wp-json\/wp\/v2\/product_tag?post=1828"}],"curies":[{"name":"wp","href":"https:\/\/api.w.org\/{rel}","templated":true}]}}