{"id":1880,"date":"2021-01-03T11:36:24","date_gmt":"2021-01-03T10:36:24","guid":{"rendered":"https:\/\/babyslane.com\/produit\/bib-dinner-plate-spoon-bowl-4-piece-set-silicone-baby-bowl-bib-plate-set\/"},"modified":"2022-11-02T20:18:23","modified_gmt":"2022-11-02T19:18:23","slug":"4pcs-silicone-baby-dinnerware-set","status":"publish","type":"product","link":"https:\/\/babyslane.com\/fr\/produit\/4pcs-silicone-baby-dinnerware-set\/","title":{"rendered":"SET DE VAISSELLE INCASSABLE EN SILICONE POUR BEBE"},"content":{"rendered":"<p><!-- [if gte mso 9]&gt;--><\/p>\n<p><img fetchpriority=\"high\" decoding=\"async\" class=\"aligncenter\" src=\"https:\/\/babyslane.com\/wp-content\/uploads\/2021\/02\/Ensemble-de-vaisselle-en-silicone-pour-enfant.jpg\" width=\"660\" height=\"528\" \/><\/p>\n<h3><strong>Des ustensiles incassable pour b\u00e9b\u00e9<\/strong><\/h3>\n<p>Pour des repas agr\u00e9ables et ludique hauts en couleurs! Fini la vaisselle non adapt\u00e9e qui se cassent lors des repas de b\u00e9b\u00e9.<\/p>\n<p>Voici un set de <strong>vaisselle en silicone<\/strong> des plus complet qui vous<strong> facilitera la prise des repas de votre bout de chou<\/strong>. Tout ce dont vous avez besoin vous et b\u00e9b\u00e9.<\/p>\n<p>Vous pouvez \u00e0 present laisser b\u00e9b\u00e9 explorer et experimenter son repas sans craindre qu&#8217;il ou qu&#8217;elle ne casse sa petite vaisselle.<\/p>\n<p>Compos\u00e9 d&#8217;un bavoir, d&#8217;une assiette \u00e0 3 compartiments, d&#8217;un bol et d&#8217;une cuill\u00e8re mi-bois mi- silicone, il sera id\u00e9al pour <strong>l&#8217;apprentissage de b\u00e9b\u00e9 vers l&#8217;autonomie<\/strong> lors des repas.<\/p>\n<p>Il ne manque plus rien \u00e0 votre petit(e) pour profiter pleinement de ses repas.<\/p>\n<p><strong>Doux et souple<\/strong> qui ne craint pas les chutes pendant les repas, il est d\u00e9clin\u00e9 dans de <strong>jolis coloris<\/strong> et il promet d&#8217;agr\u00e9ables repas<strong> hauts en couleur<\/strong> !<\/p>\n<p><strong>Facile \u00e0 laver<\/strong> \u00e0 la main ou au lave-vaisselle.<\/p>\n<p>&nbsp;<\/p>\n<p><strong>Coffret repas en silicone 4 pi\u00e8ces<\/strong><\/p>\n<p>Le set contient:<\/p>\n<ul>\n<li>1 assiette en silicone<\/li>\n<li>1 bol en silicone<\/li>\n<li>1 bavoir en silicone<\/li>\n<li>1 cuill\u00e8re en bois et silicone<\/li>\n<\/ul>\n<p>Mati\u00e8re: Silicone Grade alimentaire: ( <strong>Incassable<\/strong> par les enfants et <strong>Silencieux<\/strong> pour les parents)<br \/>\nCouleur disponible : Rouge, Beige, Bleu-gris.<br \/>\nUtilisable d\u00e8s 6 mois.<\/p>","protected":false},"excerpt":{"rendered":"<p><strong>Un coffret repas<\/strong>\u00a0<strong>en silicone incassable parfait pour passer des moments agreables lors des petits repas de b\u00e9b\u00e9.<\/strong><\/p>\n","protected":false},"featured_media":5107,"comment_status":"open","ping_status":"closed","template":"","meta":[],"product_brand":[],"product_cat":[36,31,40],"product_tag":[],"class_list":{"0":"post-1880","1":"product","2":"type-product","3":"status-publish","4":"has-post-thumbnail","6":"product_cat-promotions","7":"product_cat-feeding","8":"product_cat-popular-products","10":"first","11":"instock","12":"sale","13":"shipping-taxable","14":"purchasable","15":"product-type-variable"},"_links":{"self":[{"href":"https:\/\/babyslane.com\/fr\/wp-json\/wp\/v2\/product\/1880","targetHints":{"allow":["GET"]}}],"collection":[{"href":"https:\/\/babyslane.com\/fr\/wp-json\/wp\/v2\/product"}],"about":[{"href":"https:\/\/babyslane.com\/fr\/wp-json\/wp\/v2\/types\/product"}],"replies":[{"embeddable":true,"href":"https:\/\/babyslane.com\/fr\/wp-json\/wp\/v2\/comments?post=1880"}],"version-history":[{"count":0,"href":"https:\/\/babyslane.com\/fr\/wp-json\/wp\/v2\/product\/1880\/revisions"}],"wp:featuredmedia":[{"embeddable":true,"href":"https:\/\/babyslane.com\/fr\/wp-json\/wp\/v2\/media\/5107"}],"wp:attachment":[{"href":"https:\/\/babyslane.com\/fr\/wp-json\/wp\/v2\/media?parent=1880"}],"wp:term":[{"taxonomy":"product_brand","embeddable":true,"href":"https:\/\/babyslane.com\/fr\/wp-json\/wp\/v2\/product_brand?post=1880"},{"taxonomy":"product_cat","embeddable":true,"href":"https:\/\/babyslane.com\/fr\/wp-json\/wp\/v2\/product_cat?post=1880"},{"taxonomy":"product_tag","embeddable":true,"href":"https:\/\/babyslane.com\/fr\/wp-json\/wp\/v2\/product_tag?post=1880"}],"curies":[{"name":"wp","href":"https:\/\/api.w.org\/{rel}","templated":true}]}}