{"id":1891,"date":"2021-01-03T11:38:26","date_gmt":"2021-01-03T10:38:26","guid":{"rendered":"https:\/\/babyslane.com\/produit\/childrens-dinner-plate-bamboo-fiber-tableware-set\/"},"modified":"2022-05-08T18:49:18","modified_gmt":"2022-05-08T16:49:18","slug":"childrens-dinner-plate-bamboo-fiber-tableware-set","status":"publish","type":"product","link":"https:\/\/babyslane.com\/fr\/produit\/childrens-dinner-plate-bamboo-fiber-tableware-set\/","title":{"rendered":"COFFRET VAISSELLE ECOLOGIQUE EN FIBRE DE BAMBOU"},"content":{"rendered":"<p>Avec notre Set de repas Complet en fibre de bambou, offrez \u00e0 votre petit(e) le meilleur tout en faisant un geste pour la Plan\u00e8te.<\/p>\n<p>Le plaisir passe d&#8217;abord par le visuel et nous savons combien les enfants aiment jouer m\u00eame pendant les repas. C&#8217;est pourquoi le <strong>coffret de vaisselle en bambou<\/strong>,<strong> naturel et biod\u00e9gradable et<\/strong> id\u00e9al pour votre enfant.<\/p>\n<p style=\"text-align: center;\"><img fetchpriority=\"high\" decoding=\"async\" class=\"\" src=\"https:\/\/babyslane.com\/wp-content\/uploads\/2021\/02\/set-de-vaisselle-Panda-en-Bambou-1-1-1024x819.jpg\" width=\"660\" height=\"528\" \/><\/p>\n<p><strong>L\u00e9ger et agr\u00e9able<\/strong> au toucher, le set de vaisselle est utilisable du petit-d\u00e9jeuner au repas sans oublier le go\u00fbter.<\/p>\n<p>Un set de repas<strong> \u00e9co-responsable<\/strong> id\u00e9al qui accompagnera b\u00e9b\u00e9 \u00e0 devenir <strong>autonome<\/strong>. Que demander de plus?<\/p>\n<p><strong>Pourquoi choisir le bambou plut\u00f4t que le plastique ?<\/strong><\/p>\n<p>Les produits plastiques sont <strong>toxiques et dangereux<\/strong> pour la sant\u00e9 de nos b\u00e9b\u00e9s.<\/p>\n<p>Pour lutter contre cette probl\u00e9matique, <strong>Baby&#8217;slane<\/strong> propose une gamme de produits en bambou pour que votre enfant grandisse en pleine sant\u00e9.<\/p>\n<p>De plus, l&#8217;ensemble de vaisselle en bambou est <strong>sain et \u00e9cologique<\/strong> pour votre b\u00e9b\u00e9, mais pas seulement, car en achetant ce produit d<strong>&#8216;origine naturelle<\/strong>, vous faites \u00e9galement un geste pour notre plan\u00e8te.<\/p>\n<p style=\"text-align: center;\"><img decoding=\"async\" class=\"\" src=\"https:\/\/babyslane.com\/wp-content\/uploads\/2021\/02\/set-de-vaisselle-Panda-en-Bambou-2-1-1024x819.jpg\" width=\"660\" height=\"528\" \/><\/p>\n<p>Le coffret se compose : 1 assiette, 1 bol, 1 tasse, 1 cuill\u00e8re et 1 fourchette.<\/p>\n<p style=\"text-align: center;\"><strong>Alors \u00e0 table les bouts de chou !!!<\/strong><\/p>\n<p>&nbsp;<\/p>\n<p>&nbsp;<\/p>\n<p><strong>Informations sur le produit :<\/strong><\/p>\n<p>Age : B\u00e9b\u00e9s de plus de 6 mois.<br \/>\nMat\u00e9riel : M\u00e9lange de fibres de bambou<br \/>\nRappel : R\u00e9sistance \u00e0 une temp\u00e9rature \u00e9lev\u00e9e de 100\u00b0C, ne pas mettre au four ou au micro-ondes.<\/p>\n<p>Mat\u00e9riau en fibre de bambou, facile \u00e0 nettoyer, impression des graphismes avec des huiles v\u00e9g\u00e9tales<\/p>\n<p>.<\/p>","protected":false},"excerpt":{"rendered":"<p>Pr\u00e9servez la sant\u00e9 de votre b\u00e9b\u00e9 et la Plan\u00e8te! Voici une vaisselle \u00e9cologique en fibre de bambou amusante pour que votre bout de chou apprenne \u00e0 manger comme un(e) grand(e).<\/p>\n","protected":false},"featured_media":4481,"comment_status":"open","ping_status":"closed","template":"","meta":[],"product_brand":[],"product_cat":[31],"product_tag":[],"class_list":{"0":"post-1891","1":"product","2":"type-product","3":"status-publish","4":"has-post-thumbnail","6":"product_cat-feeding","8":"first","9":"instock","10":"shipping-taxable","11":"purchasable","12":"product-type-simple"},"_links":{"self":[{"href":"https:\/\/babyslane.com\/fr\/wp-json\/wp\/v2\/product\/1891","targetHints":{"allow":["GET"]}}],"collection":[{"href":"https:\/\/babyslane.com\/fr\/wp-json\/wp\/v2\/product"}],"about":[{"href":"https:\/\/babyslane.com\/fr\/wp-json\/wp\/v2\/types\/product"}],"replies":[{"embeddable":true,"href":"https:\/\/babyslane.com\/fr\/wp-json\/wp\/v2\/comments?post=1891"}],"version-history":[{"count":0,"href":"https:\/\/babyslane.com\/fr\/wp-json\/wp\/v2\/product\/1891\/revisions"}],"wp:featuredmedia":[{"embeddable":true,"href":"https:\/\/babyslane.com\/fr\/wp-json\/wp\/v2\/media\/4481"}],"wp:attachment":[{"href":"https:\/\/babyslane.com\/fr\/wp-json\/wp\/v2\/media?parent=1891"}],"wp:term":[{"taxonomy":"product_brand","embeddable":true,"href":"https:\/\/babyslane.com\/fr\/wp-json\/wp\/v2\/product_brand?post=1891"},{"taxonomy":"product_cat","embeddable":true,"href":"https:\/\/babyslane.com\/fr\/wp-json\/wp\/v2\/product_cat?post=1891"},{"taxonomy":"product_tag","embeddable":true,"href":"https:\/\/babyslane.com\/fr\/wp-json\/wp\/v2\/product_tag?post=1891"}],"curies":[{"name":"wp","href":"https:\/\/api.w.org\/{rel}","templated":true}]}}