{"id":1946,"date":"2021-01-03T19:35:46","date_gmt":"2021-01-03T18:35:46","guid":{"rendered":"https:\/\/babyslane.com\/produit\/neonatal-bionic-bed\/"},"modified":"2024-09-23T18:23:49","modified_gmt":"2024-09-23T16:23:49","slug":"neonatal-bionic-bed","status":"publish","type":"product","link":"https:\/\/babyslane.com\/fr\/produit\/neonatal-bionic-bed\/","title":{"rendered":"REDUCTEUR DE LIT MATELAS NID DE BEBE"},"content":{"rendered":"<p><img loading=\"lazy\" decoding=\"async\" class=\"aligncenter\" src=\"https:\/\/babyslane.com\/wp-content\/uploads\/2021\/02\/Couffin-nid-de-bebe-3-1024x819.jpg\" width=\"600\" height=\"480\" \/><\/p>\n<h3>Un cocon douillet et s\u00e9curisant pour b\u00e9b\u00e9<\/h3>\n<p><span style=\"font-size: 16px;\">Le <\/span><strong style=\"font-size: 16px;\">nid de b\u00e9b\u00e9<\/strong><span style=\"font-size: 16px;\"> offre \u00e0 votre enfant un <\/span><strong style=\"font-size: 16px;\">cocon douillet\u00a0<\/strong><span style=\"font-size: 16px;\">o\u00f9 il va se sentir en s\u00e9curit\u00e9. Le cot\u00e9 cosy du reducteur de lit apporte \u00e0 votre petit bout de choux la sensation d&#8217;\u00eatre blottit et bien entour\u00e9, une impression qui lui rappel le moment o\u00f9 il\/elle \u00e9t\u00e9 dans le ventre de sa maman.<br \/>\n<\/span><\/p>\n<p style=\"text-align: center;\"><img decoding=\"async\" class=\"alignnone wp-image-7289 \" src=\"https:\/\/babyslane.com\/wp-content\/uploads\/2021\/01\/Portable-b-b-nid-cocon-voyage-lit-infantile-coton-berceau-nouveau-n-lit-couffin-b-b.jpg_Q90.jpg_.webp\" alt=\"\" width=\"689\" height=\"689\" srcset=\"https:\/\/babyslane.com\/wp-content\/uploads\/2021\/01\/Portable-b-b-nid-cocon-voyage-lit-infantile-coton-berceau-nouveau-n-lit-couffin-b-b.jpg_Q90.jpg_.webp 800w, https:\/\/babyslane.com\/wp-content\/uploads\/2021\/01\/Portable-b-b-nid-cocon-voyage-lit-infantile-coton-berceau-nouveau-n-lit-couffin-b-b.jpg_Q90.jpg_-300x300.webp 300w, https:\/\/babyslane.com\/wp-content\/uploads\/2021\/01\/Portable-b-b-nid-cocon-voyage-lit-infantile-coton-berceau-nouveau-n-lit-couffin-b-b.jpg_Q90.jpg_-150x150.webp 150w, https:\/\/babyslane.com\/wp-content\/uploads\/2021\/01\/Portable-b-b-nid-cocon-voyage-lit-infantile-coton-berceau-nouveau-n-lit-couffin-b-b.jpg_Q90.jpg_-768x768.webp 768w, https:\/\/babyslane.com\/wp-content\/uploads\/2021\/01\/Portable-b-b-nid-cocon-voyage-lit-infantile-coton-berceau-nouveau-n-lit-couffin-b-b.jpg_Q90.jpg_-600x600.webp 600w, https:\/\/babyslane.com\/wp-content\/uploads\/2021\/01\/Portable-b-b-nid-cocon-voyage-lit-infantile-coton-berceau-nouveau-n-lit-couffin-b-b.jpg_Q90.jpg_-100x100.webp 100w\" sizes=\"(max-width: 689px) 100vw, 689px\" \/><\/p>\n<h3>Un matelas confortable<\/h3>\n<p><span style=\"font-size: 16px;\">Plac\u00e9 dans son berceau\u00a0<\/span><strong style=\"font-size: 16px;\">d\u00e8s la naissance<\/strong><span style=\"font-size: 16px;\">\u00a0ou dans le lit parental si vous souhaitez\u00a0<\/span><strong style=\"font-size: 16px;\">pratiquer le cododo<\/strong><span style=\"font-size: 16px;\">, le reducteur de lit<\/span><strong style=\"font-size: 16px;\"> nid de b\u00e9b\u00e9<\/strong><span style=\"font-size: 16px;\">\u00a0 poss\u00e8de un matelas confortable avec une housse lavable. Il est facilement transportable et vous pourrez le placer pr\u00e8s de vous sur une surface plate et s\u00e9curis\u00e9e ou que vous soyez.<\/span><img decoding=\"async\" class=\"wp-image-7290 aligncenter\" src=\"https:\/\/babyslane.com\/wp-content\/uploads\/2021\/01\/Portable-b-b-nid-cocon-voyage-lit-infantile-coton-berceau-nouveau-n-lit-couffin-b-b.png_.webp\" alt=\"\" width=\"694\" height=\"694\" srcset=\"https:\/\/babyslane.com\/wp-content\/uploads\/2021\/01\/Portable-b-b-nid-cocon-voyage-lit-infantile-coton-berceau-nouveau-n-lit-couffin-b-b.png_.webp 800w, https:\/\/babyslane.com\/wp-content\/uploads\/2021\/01\/Portable-b-b-nid-cocon-voyage-lit-infantile-coton-berceau-nouveau-n-lit-couffin-b-b.png_-300x300.webp 300w, https:\/\/babyslane.com\/wp-content\/uploads\/2021\/01\/Portable-b-b-nid-cocon-voyage-lit-infantile-coton-berceau-nouveau-n-lit-couffin-b-b.png_-150x150.webp 150w, https:\/\/babyslane.com\/wp-content\/uploads\/2021\/01\/Portable-b-b-nid-cocon-voyage-lit-infantile-coton-berceau-nouveau-n-lit-couffin-b-b.png_-768x768.webp 768w, https:\/\/babyslane.com\/wp-content\/uploads\/2021\/01\/Portable-b-b-nid-cocon-voyage-lit-infantile-coton-berceau-nouveau-n-lit-couffin-b-b.png_-600x600.webp 600w, https:\/\/babyslane.com\/wp-content\/uploads\/2021\/01\/Portable-b-b-nid-cocon-voyage-lit-infantile-coton-berceau-nouveau-n-lit-couffin-b-b.png_-100x100.webp 100w\" sizes=\"(max-width: 694px) 100vw, 694px\" \/><\/p>\n<h3>Transportable et pratique<\/h3>\n<p>Sur votre lit, le canap\u00e9 ou m\u00eame pos\u00e9 \u00e0 m\u00eame le sol, laisser votre petit(e) profiter de votre pr\u00e9sence rassurante durant toute vos taches quotidienne.<\/p>\n<p style=\"text-align: center;\"><img loading=\"lazy\" decoding=\"async\" class=\"aligncenter\" src=\"https:\/\/babyslane.com\/wp-content\/uploads\/2021\/11\/Couffin-nid-de-bebe-2-1024x819.jpg\" width=\"601\" height=\"480\" \/><\/p>\n<h3>Utilisable partout<\/h3>\n<p>A la maison, chez la famille, les amis ou en voyage ce petit nid de b\u00e9b\u00e9 vous permet de placer b\u00e9b\u00e9 dans un endroit confortable et s\u00e9curisant ou qu&#8217;il soit.<\/p>\n<p style=\"text-align: center;\"><img loading=\"lazy\" decoding=\"async\" class=\"alignnone wp-image-7291 \" src=\"https:\/\/babyslane.com\/wp-content\/uploads\/2021\/01\/Portable-b-b-nid-cocon-voyage-lit-infantile-coton-berceau-nouveau-n-lit-couffin-b-b.jpg_Q90.jpg_-1.webp\" alt=\"\" width=\"680\" height=\"680\" srcset=\"https:\/\/babyslane.com\/wp-content\/uploads\/2021\/01\/Portable-b-b-nid-cocon-voyage-lit-infantile-coton-berceau-nouveau-n-lit-couffin-b-b.jpg_Q90.jpg_-1.webp 800w, https:\/\/babyslane.com\/wp-content\/uploads\/2021\/01\/Portable-b-b-nid-cocon-voyage-lit-infantile-coton-berceau-nouveau-n-lit-couffin-b-b.jpg_Q90.jpg_-1-300x300.webp 300w, https:\/\/babyslane.com\/wp-content\/uploads\/2021\/01\/Portable-b-b-nid-cocon-voyage-lit-infantile-coton-berceau-nouveau-n-lit-couffin-b-b.jpg_Q90.jpg_-1-150x150.webp 150w, https:\/\/babyslane.com\/wp-content\/uploads\/2021\/01\/Portable-b-b-nid-cocon-voyage-lit-infantile-coton-berceau-nouveau-n-lit-couffin-b-b.jpg_Q90.jpg_-1-768x768.webp 768w, https:\/\/babyslane.com\/wp-content\/uploads\/2021\/01\/Portable-b-b-nid-cocon-voyage-lit-infantile-coton-berceau-nouveau-n-lit-couffin-b-b.jpg_Q90.jpg_-1-600x600.webp 600w, https:\/\/babyslane.com\/wp-content\/uploads\/2021\/01\/Portable-b-b-nid-cocon-voyage-lit-infantile-coton-berceau-nouveau-n-lit-couffin-b-b.jpg_Q90.jpg_-1-100x100.webp 100w\" sizes=\"(max-width: 680px) 100vw, 680px\" \/><\/p>\n<h3>D\u00e9houssable et lavable<\/h3>\n<div>\n<div class=\"Description_Productinfo expandable\">\n<div>La housse d\u00e9houssable et lavable est fabriqu\u00e9e en coton tout doux qui offre \u00e0 b\u00e9b\u00e9 un maximum de confort.<\/div>\n<div><\/div>\n<\/div>\n<\/div>\n<div><strong>L&#8217;essayer, c&#8217;est l&#8217;adopter. Vous et votre petit bout de choux ne pourrez plus vous en passer.<\/strong><\/div>\n<div><\/div>\n<div><span style=\"text-align: center;\">Description :<\/span><\/div>\n<div>Taille : 75 X 45 cm.<\/div>\n<div>Mati\u00e8re: Coton , rembourrage en coton PP.<\/div>\n<div>Adapt\u00e9 au b\u00e9b\u00e9 de 0 \u00e0 24 mois.<\/div>\n<p><\/p>","protected":false},"excerpt":{"rendered":"<p><strong>Pour le plus grand bonheur de b\u00e9b\u00e9 !<\/strong><\/p>\n<p><span style=\"font-size: 16px;\">Ce magnifique <\/span><strong style=\"font-size: 16px;\">reducteur de lit pour b\u00e9b\u00e9<\/strong><span style=\"font-size: 16px;\"> au couleur inspir\u00e9s de la nature est id\u00e9al pour faire dormir votre enfant <strong>confortablement<\/strong> partout.<br \/>\n<\/span><\/p>\n","protected":false},"featured_media":4474,"comment_status":"open","ping_status":"closed","template":"","meta":[],"product_brand":[],"product_cat":[36,30,40],"product_tag":[],"class_list":{"0":"post-1946","1":"product","2":"type-product","3":"status-publish","4":"has-post-thumbnail","6":"product_cat-promotions","7":"product_cat-nursery","8":"product_cat-popular-products","10":"first","11":"instock","12":"sale","13":"shipping-taxable","14":"purchasable","15":"product-type-variable"},"_links":{"self":[{"href":"https:\/\/babyslane.com\/fr\/wp-json\/wp\/v2\/product\/1946","targetHints":{"allow":["GET"]}}],"collection":[{"href":"https:\/\/babyslane.com\/fr\/wp-json\/wp\/v2\/product"}],"about":[{"href":"https:\/\/babyslane.com\/fr\/wp-json\/wp\/v2\/types\/product"}],"replies":[{"embeddable":true,"href":"https:\/\/babyslane.com\/fr\/wp-json\/wp\/v2\/comments?post=1946"}],"version-history":[{"count":2,"href":"https:\/\/babyslane.com\/fr\/wp-json\/wp\/v2\/product\/1946\/revisions"}],"predecessor-version":[{"id":10327,"href":"https:\/\/babyslane.com\/fr\/wp-json\/wp\/v2\/product\/1946\/revisions\/10327"}],"wp:featuredmedia":[{"embeddable":true,"href":"https:\/\/babyslane.com\/fr\/wp-json\/wp\/v2\/media\/4474"}],"wp:attachment":[{"href":"https:\/\/babyslane.com\/fr\/wp-json\/wp\/v2\/media?parent=1946"}],"wp:term":[{"taxonomy":"product_brand","embeddable":true,"href":"https:\/\/babyslane.com\/fr\/wp-json\/wp\/v2\/product_brand?post=1946"},{"taxonomy":"product_cat","embeddable":true,"href":"https:\/\/babyslane.com\/fr\/wp-json\/wp\/v2\/product_cat?post=1946"},{"taxonomy":"product_tag","embeddable":true,"href":"https:\/\/babyslane.com\/fr\/wp-json\/wp\/v2\/product_tag?post=1946"}],"curies":[{"name":"wp","href":"https:\/\/api.w.org\/{rel}","templated":true}]}}