{"id":1958,"date":"2021-01-03T21:54:44","date_gmt":"2021-01-03T20:54:44","guid":{"rendered":"https:\/\/babyslane.com\/produit\/gauze-saliva-towel-baby-bib\/"},"modified":"2022-05-08T18:49:04","modified_gmt":"2022-05-08T16:49:04","slug":"gauze-saliva-towel-baby-bib","status":"publish","type":"product","link":"https:\/\/babyslane.com\/fr\/produit\/gauze-saliva-towel-baby-bib\/","title":{"rendered":"Lot de 5 Langes serviettes en bamboo Reflux B\u00e9b\u00e9"},"content":{"rendered":"<p><strong>Des langes tout doux et super absorbants pour b\u00e9b\u00e9.<\/strong><\/p>\n<p>Le lange est un objet indispensable dans la vie de b\u00e9b\u00e9 et cela d\u00e8s sa naissance.<\/p>\n<p>Il accompagne b\u00e9b\u00e9 partout et \u00e0 tout moment. Il peut servir de bavoir, de couverture, de drap, de doudou et bien plus encore&#8230;<\/p>\n<p>La plupart du temps fabriqu\u00e9 en coton, les langes que nous vous proposons sont en <strong>mousseline de bambou<\/strong>, un tissu encore <strong>plus doux et plus absorbant<\/strong> pour le plus grand plaisir de b\u00e9b\u00e9 et maman.<\/p>\n<p><img fetchpriority=\"high\" decoding=\"async\" class=\"aligncenter\" src=\"https:\/\/babyslane.com\/wp-content\/uploads\/2021\/02\/Lot-de-Lange-de-bebe-1-1024x819.jpg\" width=\"601\" height=\"481\" \/><\/p>\n<p><strong>Caract\u00e9ristiques des langes en bambou:<\/strong><\/p>\n<p><strong>Antibact\u00e9rienne<\/strong>, la mousseline de bambou se distingue par son extraordinaire<strong> densit\u00e9 <\/strong>et sa<strong> finesse.<\/strong> Un lange en bambou est donc \u00e0 la fois l\u00e9ger, <strong>respirant et absorbant<\/strong> : l\u2019id\u00e9al pour b\u00e9b\u00e9.<\/p>\n<p><strong>Pratiques<\/strong>, les mini-langes s\u2019emportent partout et ne prennent pas de place dans le sac \u00e0 langer lors de vos sorties. Vous serez heureux d\u2019en avoir toujours un sous la main en cas de besoin.<\/p>\n<p>Et pour que vous en ayez toujours un propre \u00e0 votre disposition, nous vous proposons ce lot de 5 langes aux couleurs et motifs super mignons.<\/p>\n<p>&nbsp;<\/p>\n<p><img decoding=\"async\" class=\"aligncenter\" src=\"https:\/\/babyslane.com\/wp-content\/uploads\/2021\/02\/Lot-de-lange-aux-couleurs-et-motifs-super-mignon-1024x819.jpg\" width=\"600\" height=\"480\" \/><\/p>\n<p><strong>Sp\u00e9cifications:<\/strong><\/p>\n<p>Lot de 5 langes serviettes pour reflux de b\u00e9b\u00e9 coloris imprim\u00e9 ou unis pour fille ou gar\u00e7on.<br \/>\nTaille : 60 x 60 cm.<br \/>\nMati\u00e8res : 30 % coton et 70 % fibre de bambou.<br \/>\nLe paquet contient : 5 langes serviettes diff\u00e9rents.<\/p>","protected":false},"excerpt":{"rendered":"<p>Voici un joli lot de 5 langes serviettes coloris imprim\u00e9 ou uni aux motifs et couleurs tendances pour essuyer les petits rots, salives et reflux de b\u00e9b\u00e9.<\/p>\n","protected":false},"featured_media":4472,"comment_status":"open","ping_status":"closed","template":"","meta":[],"product_brand":[],"product_cat":[32],"product_tag":[],"class_list":{"0":"post-1958","1":"product","2":"type-product","3":"status-publish","4":"has-post-thumbnail","6":"product_cat-baby-care","8":"first","9":"instock","10":"shipping-taxable","11":"purchasable","12":"product-type-variable"},"_links":{"self":[{"href":"https:\/\/babyslane.com\/fr\/wp-json\/wp\/v2\/product\/1958","targetHints":{"allow":["GET"]}}],"collection":[{"href":"https:\/\/babyslane.com\/fr\/wp-json\/wp\/v2\/product"}],"about":[{"href":"https:\/\/babyslane.com\/fr\/wp-json\/wp\/v2\/types\/product"}],"replies":[{"embeddable":true,"href":"https:\/\/babyslane.com\/fr\/wp-json\/wp\/v2\/comments?post=1958"}],"version-history":[{"count":0,"href":"https:\/\/babyslane.com\/fr\/wp-json\/wp\/v2\/product\/1958\/revisions"}],"wp:featuredmedia":[{"embeddable":true,"href":"https:\/\/babyslane.com\/fr\/wp-json\/wp\/v2\/media\/4472"}],"wp:attachment":[{"href":"https:\/\/babyslane.com\/fr\/wp-json\/wp\/v2\/media?parent=1958"}],"wp:term":[{"taxonomy":"product_brand","embeddable":true,"href":"https:\/\/babyslane.com\/fr\/wp-json\/wp\/v2\/product_brand?post=1958"},{"taxonomy":"product_cat","embeddable":true,"href":"https:\/\/babyslane.com\/fr\/wp-json\/wp\/v2\/product_cat?post=1958"},{"taxonomy":"product_tag","embeddable":true,"href":"https:\/\/babyslane.com\/fr\/wp-json\/wp\/v2\/product_tag?post=1958"}],"curies":[{"name":"wp","href":"https:\/\/api.w.org\/{rel}","templated":true}]}}