{"id":2126,"date":"2021-01-07T11:22:27","date_gmt":"2021-01-07T10:22:27","guid":{"rendered":"https:\/\/babyslane.com\/produit\/detachable-and-washable-portable-fully-enclosed-crib\/"},"modified":"2024-09-23T18:35:52","modified_gmt":"2024-09-23T16:35:52","slug":"couffin-cocon-nid-de-bebe-portable","status":"publish","type":"product","link":"https:\/\/babyslane.com\/fr\/produit\/couffin-cocon-nid-de-bebe-portable\/","title":{"rendered":"REDUCTEUR DE LIT CONFORTABLE COCON NID DE BEBE"},"content":{"rendered":"<p><\/p>\n<p dir=\"ltr\">Le reducteur de lit cocon enveloppe B\u00e9b\u00e9 dans un espace <strong>bien douillet<\/strong> lui apportant <strong>confort et douceur<\/strong> en comblant son <strong>besoin de proximit\u00e9 en toute s\u00e9curit\u00e9<\/strong>.<\/p>\n<p dir=\"ltr\">Les rebords hauts et rembourr\u00e9s<strong> s\u00e9curisent<\/strong> b\u00e9b\u00e9 et lui \u00e9vite ainsi de basculer et de tomber du lit ou du canap\u00e9. Les parents peuvent donc \u00eatre tranquilles et rassur\u00e9s.<\/p>\n<p dir=\"ltr\">Le cordon de serrage vous permet d\u2019adapter la taille du couffin \u00e0 celle de votre enfant pour lui apporter un effet cocooning s\u00e9curisant.<\/p>\n<p dir=\"ltr\">Notre nid de b\u00e9b\u00e9 est fabriqu\u00e9 en <strong>coton de haute qualit\u00e9<\/strong>, <strong>extr\u00eamement doux,<\/strong> et aux couleurs vari\u00e9es dans un design <strong>original et \u00e9l\u00e9gant<\/strong>. Il est dot\u00e9 d&#8217;une anse qui facilite le transport. Il vous s\u00e9duira s\u00fbrement vous et votre petit par son c\u00f4t\u00e9 pratique et rassurant.<\/p>\n<p dir=\"ltr\"><img fetchpriority=\"high\" decoding=\"async\" class=\"aligncenter\" src=\"https:\/\/babyslane.com\/wp-content\/uploads\/2021\/02\/Le-petit-cocon-de-bebe-matelasse-.jpg\" width=\"600\" height=\"480\" \/><\/p>\n<p dir=\"ltr\">Voil\u00e0 un reducteur de lit ultra confortable qui apportera \u00e0 votre b\u00e9b\u00e9 beaucoup de tendresse gr\u00e2ce \u00e0 son matelas molletonn\u00e9 amovible.<\/p>\n<p dir=\"ltr\">Le cocon est facile \u00e0 transporter et \u00e0 utiliser au quotidien. Il vous permet de toujours l&#8217;avoir avec vous pour y faire dormir votre enfant.<\/p>\n<p dir=\"ltr\">Note importante : Ne jamais d\u00e9placer ou soulever le reducteur de lit alors que l&#8217;enfant y est install\u00e9.<\/p>\n<p dir=\"ltr\">Le reducteur de lit nid de b\u00e9b\u00e9 peut \u00eatre plac\u00e9 dans le lit pour pratiquer le Co-dodo, servir de matelas \u00e0 langer ou m\u00eame de tapis de jeux. Comme expliqu\u00e9 plus haut, ce cocon est super pratique, alors d\u00e9couvrez tout les usages possibles et les b\u00e9n\u00e9fices de notre couffin!<\/p>\n<p dir=\"ltr\">Une chose est s\u00fbre, lorsque vous l&#8217;adopterez, il vous suivra et vous servira partout o\u00f9 vous irez!<\/p>\n<p dir=\"ltr\"><strong>Id\u00e9al au quotidien:<\/strong><\/p>\n<p dir=\"ltr\">Pos\u00e9 sur le lit ou sur le canap\u00e9, ce petit nid confortable poser pr\u00eat de vous, vous permet de <strong>garder un oeil sur b\u00e9b\u00e9<\/strong> partout dans la maison, pour effectuer toutes vos t\u00e2ches quotidiennes en toute qui\u00e9tude. De plus, vous pouvez \u00e9galement vous en servir comme matelas \u00e0 langer confortable.<\/p>\n<p dir=\"ltr\"><strong>Id\u00e9al pour le Co-dodo:<\/strong><\/p>\n<p dir=\"ltr\">Beaucoup de mamans aiment pratiquer le co-dodo pour garder une proximit\u00e9 avec b\u00e9b\u00e9. Lors des premi\u00e8res semaines, les t\u00e9t\u00e9es sont r\u00e9guli\u00e8res et peuvent durer longtemps. Avec ce petit nid douillet pos\u00e9 \u00e0 vos c\u00f4t\u00e9s, vous pouvez vous reposez lors des t\u00e9t\u00e9es de b\u00e9b\u00e9 et il sentira rassur\u00e9 aupr\u00e8s de vous.<\/p>\n<p dir=\"ltr\"><strong>Id\u00e9al lors de vos d\u00e9placements, sorties et voyages<\/strong> :<\/p>\n<p dir=\"ltr\">Le reducteur de lit confortable cocon nid de b\u00e9b\u00e9 est plus adapt\u00e9 qu&#8217;un lit parapluie ou qu&#8217;un transat lors de vos d\u00e9placements. L\u00e9ger et facilement transportable, il permet \u00e0 votre enfant de <strong>se reposer en toute s\u00e9curit\u00e9<\/strong>, dans <strong>la position adapt\u00e9e \u00e0 son bon d\u00e9veloppement<\/strong> et <strong>sans risque de chute<\/strong> gr\u00e2ce aux rebords rembourr\u00e9s et sur\u00e9lev\u00e9s. Le nid de b\u00e9b\u00e9 vous apportera grande satisfaction\u00a0 lors de voyages et de vos visites en famille.<br \/>\nLors de vos sorties ou en vacances, ce cocon portable matelass\u00e9 peut vous suivre partout et r\u00e9conforter b\u00e9b\u00e9 avec son effet cocooning.<\/p>\n<p dir=\"ltr\"><strong>Id\u00e9al pour rassurer votre enfant:<\/strong><\/p>\n<p dir=\"ltr\">Pos\u00e9 dans son lit b\u00e9b\u00e9 se sent seul et dans une situation d&#8217;ins\u00e9curit\u00e9 car l&#8217;espace autour de lui est tr\u00e8s vaste contrairement \u00e0 son exp\u00e9rience dans le ventre de maman.<br \/>\n<strong>Gr\u00e2ce \u00e0 son petit nid douillet<\/strong>, b\u00e9b\u00e9 se sentira toujours <strong>bien entour\u00e9<\/strong> ce qui lui offrira un <strong>sommeil rassurant<\/strong>, en toute s\u00e9curit\u00e9. Vous pourrez adapter la taille du cocon \u00e0 la taille de votre enfant, pour lui procurer encore plus de confort en vous servant de la corde de serrage.<\/p>\n<p dir=\"ltr\"><b>L&#8217;espace de jeux id\u00e9al des tout-petits:<\/b><\/p>\n<p dir=\"ltr\">Lorsque votre b\u00e9b\u00e9 grandit, ce reducteur de lit peut \u00eatre \u00e9largit pour devenir un espace de jeu tr\u00e8s appr\u00e9ci\u00e9 des tout-petits. Votre enfant pourra jouer en toute s\u00e9curit\u00e9 dans un espace qui lui donnera une libert\u00e9 de mouvement. Le cordon de serrage est s\u00e9curis\u00e9 de sorte \u00e0 ce que les jambes de b\u00e9b\u00e9 ne peuvent pas se prendre dans le lien.<\/p>\n<p dir=\"ltr\"><strong>Lavage: <\/strong>Ce reducteur de lit cocon est enti\u00e8rement lavable. Ces parties sont d\u00e9tachables, ce qui est id\u00e9al pour le laver facilement.<\/p>\n<p dir=\"ltr\">D\u00e8s la naissance, votre b\u00e9b\u00e9 a besoin de ressentir le sentiment de s\u00e9curit\u00e9 et de confiance qu&#8217;il ressentait dans le ventre de maman. C&#8217;est pourquoi il est important\u00a0 pour son bien-\u00eatre, de choisir des produits adapt\u00e9s qui peuvent combler ce besoin de proximit\u00e9.<\/p>\n<p dir=\"ltr\">Les professionnels de la petite enfance recommandent la position allong\u00e9e durant les 6 premiers mois de vie de b\u00e9b\u00e9.<\/p>\n<p dir=\"ltr\">Ne chercher pas plus! Voil\u00e0 le cadeau id\u00e9al \u00e0 offrir lors d&#8217;une naissance car il apportera le confort \u00e0 b\u00e9b\u00e9 et facilitera le quotidien des jeunes parents.<\/p>\n<p dir=\"ltr\"><strong>IMPORTANT :<\/strong><\/p>\n<p dir=\"ltr\">En tant que parents, la s\u00e9curit\u00e9 et le bien-\u00eatre de nos enfants sont toujours nos priorit\u00e9s.<\/p>\n<p dir=\"ltr\">Pour utiliser le\u00a0reducteur de lit transportable dans des conditions optimales, veuillez respecter scrupuleusement les consignes de s\u00e9curit\u00e9s suivantes:<\/p>\n<p dir=\"ltr\">Le Cocon nid de b\u00e9b\u00e9 n\u2019est pas un lit, ni un porte-b\u00e9b\u00e9, il ne doit jamais \u00eatre port\u00e9 ou d\u00e9plac\u00e9 lorsque votre b\u00e9b\u00e9 est \u00e0 l&#8217;int\u00e9rieur.<\/p>\n<p dir=\"ltr\">Si vous souhaitez d\u00e9placer le reducteur de lit, vous devez retirer l\u2019enfant de celui-ci au pr\u00e9alable.<\/p>\n<p dir=\"ltr\">L&#8217;anse lat\u00e9rale du cocon nid de b\u00e9b\u00e9 sert seulement \u00e0 faciliter le transport ou le rangement de celui-ci lorsqu\u2019il est vide.<\/p>\n<p dir=\"ltr\">Le cocon nid de b\u00e9b\u00e9 est destin\u00e9 aux nouveaux-n\u00e9s et b\u00e9b\u00e9s jusqu&#8217;\u00e0 9kg maximum.<\/p>\n<p dir=\"ltr\">Il ne convient pas pour le sommeil des enfants capable de se retourner, de se relever ou de s&#8217;assoir seul.<\/p>\n<p dir=\"ltr\">La pr\u00e9sence d\u2019un parent est essentielle lors de l&#8217;utilisation du cocon, et cela m\u00eame dans les conditions les plus s\u00fbres.<\/p>\n<p dir=\"ltr\">Comme pour tout \u00e9quipement pour b\u00e9b\u00e9, ce couffin doit \u00eatre utilis\u00e9 sous la surveillance d\u2019un adulte.<\/p>\n<p dir=\"ltr\">Lavable en machine \u00e0 30\u00b0C avec un essorage faible uniquement.<\/p>\n<p>Le Couffin Cocon nid de b\u00e9b\u00e9 est disponible en 4 coloris, choisissez celles qui vous correspond.<\/p>\n<p><img decoding=\"async\" class=\"aligncenter\" src=\"https:\/\/babyslane.com\/wp-content\/uploads\/2021\/02\/Le-petit-cocon-de-bebe-matelasse-x-4-.jpg\" width=\"600\" height=\"480\" \/><\/p>\n<p><strong>Dimension du Couffin Cocon:<\/strong> 85x50cm<br \/>\n<strong>Dimensions interne du Couffin Cocon:<\/strong> 65&#215;30 cm<\/p>","protected":false},"excerpt":{"rendered":"<p>Tr\u00e8s <strong>pratique le couffin cocon nid de b\u00e9b\u00e9<\/strong> peut \u00eatre utilis\u00e9 d\u00e8s les premier jour de b\u00e9b\u00e9. Il limite l&#8217;espace en permettant \u00e0 b\u00e9b\u00e9 de se <strong>sentir \u00e0 l&#8217;aise<\/strong> et en <strong>confiance<\/strong>, comme dans le ventre de sa maman.<\/p>\n","protected":false},"featured_media":4467,"comment_status":"open","ping_status":"closed","template":"","meta":[],"product_brand":[],"product_cat":[41,30,36],"product_tag":[],"class_list":{"0":"post-2126","1":"product","2":"type-product","3":"status-publish","4":"has-post-thumbnail","6":"product_cat-the-best-deals","7":"product_cat-nursery","8":"product_cat-promotions","10":"first","11":"instock","12":"sale","13":"shipping-taxable","14":"purchasable","15":"product-type-variable"},"_links":{"self":[{"href":"https:\/\/babyslane.com\/fr\/wp-json\/wp\/v2\/product\/2126","targetHints":{"allow":["GET"]}}],"collection":[{"href":"https:\/\/babyslane.com\/fr\/wp-json\/wp\/v2\/product"}],"about":[{"href":"https:\/\/babyslane.com\/fr\/wp-json\/wp\/v2\/types\/product"}],"replies":[{"embeddable":true,"href":"https:\/\/babyslane.com\/fr\/wp-json\/wp\/v2\/comments?post=2126"}],"version-history":[{"count":3,"href":"https:\/\/babyslane.com\/fr\/wp-json\/wp\/v2\/product\/2126\/revisions"}],"predecessor-version":[{"id":10328,"href":"https:\/\/babyslane.com\/fr\/wp-json\/wp\/v2\/product\/2126\/revisions\/10328"}],"wp:featuredmedia":[{"embeddable":true,"href":"https:\/\/babyslane.com\/fr\/wp-json\/wp\/v2\/media\/4467"}],"wp:attachment":[{"href":"https:\/\/babyslane.com\/fr\/wp-json\/wp\/v2\/media?parent=2126"}],"wp:term":[{"taxonomy":"product_brand","embeddable":true,"href":"https:\/\/babyslane.com\/fr\/wp-json\/wp\/v2\/product_brand?post=2126"},{"taxonomy":"product_cat","embeddable":true,"href":"https:\/\/babyslane.com\/fr\/wp-json\/wp\/v2\/product_cat?post=2126"},{"taxonomy":"product_tag","embeddable":true,"href":"https:\/\/babyslane.com\/fr\/wp-json\/wp\/v2\/product_tag?post=2126"}],"curies":[{"name":"wp","href":"https:\/\/api.w.org\/{rel}","templated":true}]}}