{"id":2213,"date":"2021-01-09T22:04:56","date_gmt":"2021-01-09T21:04:56","guid":{"rendered":"https:\/\/babyslane.com\/produit\/educational-soft-rubber-multi-texture-baby-toy\/"},"modified":"2022-05-08T18:49:36","modified_gmt":"2022-05-08T16:49:36","slug":"educational-soft-building-blocks-learning-silicone","status":"publish","type":"product","link":"https:\/\/babyslane.com\/fr\/produit\/educational-soft-building-blocks-learning-silicone\/","title":{"rendered":"LES PREMIERS CUBE EDUCATIFS DE BEBE"},"content":{"rendered":"<p><\/p>\n<div id=\"ctl00_cphZoneActive_memo_fp_a_savoir\" class=\"a_savoir_centrer memo_fp_a_savoir\">\n<p><span id=\"p58\"><strong>Avec nos cubes de constructions \u00e9ducatifs en silicones souple, accompagnez votre b\u00e9b\u00e9 dans son apprentissage <\/strong>et partagez avec lui un moment de complicit\u00e9 riche et stimulant pleins de d\u00e9couvertes.<br \/>\n<\/span><\/p>\n<p><span id=\"p84\">Gr\u00e2ce \u00e0 ces cubes aux couleurs douces et aux illustrations diverses et vari\u00e9es, votre enfant pourra se familiariser avec les couleurs, les chiffres, les animaux et les fruits, et ainsi <strong>apprendre tout en s&#8217;amusant.<\/strong><\/span><\/p>\n<p><span id=\"p58\"> En manipulant les cubes, il stimule<strong> son sens du toucher<\/strong>, en empilant ou en\u00a0embo\u00eetant\u00a0les cubes les uns avec les\u00a0<span id=\"79\">autre il<\/span> <span id=\"80\"><strong>travail<\/strong><\/span><strong> sa r\u00e9flexion, sa motricit\u00e9 fine<\/strong> ainsi que sa <strong>coordination. <\/strong><strong><br \/>\n<\/strong><\/span><\/p>\n<p><span id=\"p70\"><img fetchpriority=\"high\" decoding=\"async\" class=\"aligncenter\" src=\"https:\/\/cc-west-usa.oss-accelerate.aliyuncs.com\/75097341-1a8a-44b6-b503-a05c9cd972a2.jpg\" width=\"600\" height=\"600\" \/><\/span><\/p>\n<p><span id=\"p85\">Les cubes peuvent \u00e9galement accompagner votre enfant dans le bain ainsi, il pourra passer de bon moment m\u00eame sous la douche.<\/span><\/p>\n<p><span id=\"p60\">Ces <strong>cubes 3D<\/strong> \u00e0 la\u00a0texture agr\u00e9able sont parfaitement adapt\u00e9s aux tout-petits, ils peuvent \u00eatre port\u00e9s \u00e0 la bouche et nettoy\u00e9s \u00e0 l&#8217;eau sans danger.<\/span><\/p>\n<p><span id=\"p61\">De plus, les cubes produisent un bruit lorsqu&#8217;ils sont press\u00e9s, ce qui ajoute de nouvelles possibilit\u00e9s d&#8217;exploration sensorielle\u00a0!<\/span><\/p>\n<p><span id=\"p69\"><\/span><span id=\"p70\"> <img decoding=\"async\" class=\"aligncenter\" src=\"https:\/\/babyslane.com\/wp-content\/uploads\/2021\/01\/Les-cubes-educatifs-de-bebe-1024x819.jpg\" width=\"600\" height=\"480\" \/><\/span><span id=\"p70\"><\/span><\/p>\n<\/div>\n<p><strong><span id=\"p62\">Sp\u00e9cification : <\/span><\/strong><\/p>\n<p><span id=\"p64\">12 pi\u00e8ces en mati\u00e8re silicone souple sans danger pour les b\u00e9b\u00e9s.<\/span><br \/>\n<span id=\"p86\">Les enfants plus grands apprendront \u00e0 reconna\u00eetre les chiffres et \u00e0 compter tout en s&#8217;amusant !<\/span><br \/>\n<span id=\"p66\">Lavable \u00e0 l&#8217;eau et au savon.<\/span><br \/>\n<span id=\"p67\">D\u00e8s 6 mois.<\/span><\/p>\n<p><span id=\"p68\">Couleur :<\/span><span id=\"p69\">\u00a0 Pastel multicolore.<\/span><\/p>","protected":false},"excerpt":{"rendered":"<p style=\"text-align: left;\"><strong><span id=\"p55\">Jouer tout en apprenant !<\/span><\/strong><\/p>\n<p><span id=\"p56\">Les cubes \u00e9ducatifs font partie des jouets qui<strong> favorisent l&#8217;apprentissage sensoriel<\/strong> de b\u00e9b\u00e9, un des piliers de la p\u00e9dagogie<strong>\u00a0<span id=\"73\" class=\"s-rg-t\">Montessori<\/span>. <\/strong>C&#8217;est un excellent moyen pour lui\/elle<b> d&#8217;explorer et d\u00e9velopper ses sens et sa r\u00e9flexion. <\/b><\/span><\/p>\n","protected":false},"featured_media":5014,"comment_status":"open","ping_status":"closed","template":"","meta":[],"product_brand":[],"product_cat":[33,39],"product_tag":[],"class_list":{"0":"post-2213","1":"product","2":"type-product","3":"status-publish","4":"has-post-thumbnail","6":"product_cat-educational-toys","7":"product_cat-new-arrivals","9":"first","10":"instock","11":"shipping-taxable","12":"purchasable","13":"product-type-simple"},"_links":{"self":[{"href":"https:\/\/babyslane.com\/fr\/wp-json\/wp\/v2\/product\/2213","targetHints":{"allow":["GET"]}}],"collection":[{"href":"https:\/\/babyslane.com\/fr\/wp-json\/wp\/v2\/product"}],"about":[{"href":"https:\/\/babyslane.com\/fr\/wp-json\/wp\/v2\/types\/product"}],"replies":[{"embeddable":true,"href":"https:\/\/babyslane.com\/fr\/wp-json\/wp\/v2\/comments?post=2213"}],"version-history":[{"count":0,"href":"https:\/\/babyslane.com\/fr\/wp-json\/wp\/v2\/product\/2213\/revisions"}],"wp:featuredmedia":[{"embeddable":true,"href":"https:\/\/babyslane.com\/fr\/wp-json\/wp\/v2\/media\/5014"}],"wp:attachment":[{"href":"https:\/\/babyslane.com\/fr\/wp-json\/wp\/v2\/media?parent=2213"}],"wp:term":[{"taxonomy":"product_brand","embeddable":true,"href":"https:\/\/babyslane.com\/fr\/wp-json\/wp\/v2\/product_brand?post=2213"},{"taxonomy":"product_cat","embeddable":true,"href":"https:\/\/babyslane.com\/fr\/wp-json\/wp\/v2\/product_cat?post=2213"},{"taxonomy":"product_tag","embeddable":true,"href":"https:\/\/babyslane.com\/fr\/wp-json\/wp\/v2\/product_tag?post=2213"}],"curies":[{"name":"wp","href":"https:\/\/api.w.org\/{rel}","templated":true}]}}