{"id":2317,"date":"2021-01-11T11:11:47","date_gmt":"2021-01-11T10:11:47","guid":{"rendered":"https:\/\/babyslane.com\/produit\/baby-toddler-belt\/"},"modified":"2024-06-23T12:28:26","modified_gmt":"2024-06-23T10:28:26","slug":"baby-toddler-walking-harness-belt","status":"publish","type":"product","link":"https:\/\/babyslane.com\/fr\/produit\/baby-toddler-walking-harness-belt\/","title":{"rendered":"HARNAIS D&#8217;APPRENTISSAGE DE LA MARCHE BEBE"},"content":{"rendered":"<p><img loading=\"lazy\" decoding=\"async\" class=\"aligncenter wp-image-6787 \" src=\"https:\/\/babyslane.com\/wp-content\/uploads\/2021\/11\/Sans-titre-8.gif\" alt=\"\" width=\"568\" height=\"568\" \/><\/p>\n<h3>Aidez votre b\u00e9b\u00e9 \u00e0 apprendre \u00e0 marcher en toute s\u00e9curit\u00e9<\/h3>\n<p>Avec notre harnais de marche pour b\u00e9b\u00e9, ne vous blessez plus le dos ni les bras de votre b\u00e9b\u00e9. Il est indispensable, id\u00e9al et pratique pour accompagner b\u00e9b\u00e9 dans son apprentissage confortablement.<\/p>\n<p><img loading=\"lazy\" decoding=\"async\" class=\"aligncenter\" src=\"https:\/\/babyslane.com\/wp-content\/uploads\/2021\/02\/Harnais-dapprentissage-de-la-marche-pour-enfant.jpg\" width=\"615\" height=\"492\" \/><\/p>\n<h3>Une aide pr\u00e9cieuse et indispensable pour le confort et la s\u00e9curit\u00e9 des parents et de b\u00e9b\u00e9<\/h3>\n<p>Ce harnais d&#8217;apprentissage de la marche<strong> n&#8217;aidera pas seulement b\u00e9b\u00e9<\/strong> \u00e0 <strong>se maintenir debout, garder l&#8217;\u00e9quilibre et \u00e0 marcher<\/strong> pendant sa p\u00e9riode d&#8217;apprentissage.<\/p>\n<p>Mais il vous <strong>aidera \u00e9galement vous<\/strong> en tant que parent \u00e0 <strong>\u00e9viter les maux de dos<\/strong> en vous penchant pour l&#8217;aider \u00e0 marcher. Il permet \u00e9galement d&#8217;<strong>\u00e9viter \u00e0 b\u00e9b\u00e9 la d\u00e9formation de la colonne vertebral<\/strong>, ainsi que la <strong>dislocation<\/strong> d&#8217;une articulation.<\/p>\n<p style=\"text-align: center;\"><iframe title=\"YouTube video player\" src=\"https:\/\/www.youtube.com\/embed\/ot-oXAaF6ng\" width=\"560\" height=\"315\" frameborder=\"0\" allowfullscreen=\"allowfullscreen\"><\/iframe><\/p>\n<h3>Offrez \u00e0 votre enfant ce qu&#8217;il y a de meilleur pour l&#8217;assister<\/h3>\n<p>Apprendre \u00e0 marcher demande de la pers\u00e9v\u00e9rance et du temps. En tant que parents, nous devons \u00eatre patients face \u00e0 cet apprentissage et<strong> fournir \u00e0 notre petit ce dont il a besoin<\/strong> pour \u00e9voluer facilement.<\/p>\n<p>Notre ceinture d&#8217;aide \u00e0 la marche vous permet de <strong>participer et de soutenir b\u00e9b\u00e9<\/strong> afin qu&#8217;il puisse avancer en <strong>toute confiance.<\/strong><\/p>\n<p style=\"text-align: center;\"><img loading=\"lazy\" decoding=\"async\" class=\"\" src=\"https:\/\/m.media-amazon.com\/images\/S\/aplus-media\/sc\/92c4476e-6c61-4d5c-9715-3cb23d3433ab.__CR0,0,970,300_PT0_SX970_V1___.jpg\" alt=\"harnais de marche pour b\u00e9b\u00e9\" width=\"853\" height=\"264\" data-src=\"https:\/\/m.media-amazon.com\/images\/S\/aplus-media\/sc\/92c4476e-6c61-4d5c-9715-3cb23d3433ab.__CR0,0,970,300_PT0_SX970_V1___.jpg\" \/><\/p>\n<h3>Pour un b\u00e9b\u00e9 confiant dans son apprentissage<\/h3>\n<p>La ceinture de marche a \u00e9t\u00e9 con\u00e7ue pour que votre tout-petit <strong>apprenne \u00e0 marcher en toute s\u00e9curit\u00e9<\/strong>. Le <strong>confort du harnais<\/strong> et la pr\u00e9sence de papa ou maman \u00e0 ses c\u00f4t\u00e9s <strong>le rassurent<\/strong> ce qui l<strong>&#8216;aide \u00e0 \u00e9voluer plus facilement et plus rapidement.<\/strong><\/p>\n<p style=\"text-align: center;\"><img loading=\"lazy\" decoding=\"async\" class=\"a-spacing-mini aligncenter\" src=\"https:\/\/m.media-amazon.com\/images\/S\/aplus-media\/sc\/414fe887-ff7c-4524-b4ff-6c89e59be9f6.__CR0,0,300,300_PT0_SX300_V1___.jpg\" alt=\"baby walking harness\" width=\"507\" height=\"507\" data-src=\"https:\/\/m.media-amazon.com\/images\/S\/aplus-media\/sc\/414fe887-ff7c-4524-b4ff-6c89e59be9f6.__CR0,0,300,300_PT0_SX300_V1___.jpg\" \/><\/p>\n<h3>Un harnais ajustable et \u00e9volutif<\/h3>\n<p>Pas besoin de s&#8217;inqui\u00e9ter si la ceinture de marche convient \u00e0 votre b\u00e9b\u00e9, elle est totalement r\u00e9glable pour toutes les tailles et toutes les morphologies. De plus, elle est \u00e9volutives pour accompagner b\u00e9b\u00e9 aussi longtemps qu&#8217;il le faudra.<\/p>\n<p style=\"text-align: center;\"><img loading=\"lazy\" decoding=\"async\" class=\"alignnone wp-image-7297 \" src=\"https:\/\/babyslane.com\/wp-content\/uploads\/2021\/01\/Sans-titre8-1024x819.png\" alt=\"\" width=\"678\" height=\"542\" srcset=\"https:\/\/babyslane.com\/wp-content\/uploads\/2021\/01\/Sans-titre8-1024x819.png 1024w, https:\/\/babyslane.com\/wp-content\/uploads\/2021\/01\/Sans-titre8-300x240.png 300w, https:\/\/babyslane.com\/wp-content\/uploads\/2021\/01\/Sans-titre8-768x614.png 768w, https:\/\/babyslane.com\/wp-content\/uploads\/2021\/01\/Sans-titre8-1536x1229.png 1536w, https:\/\/babyslane.com\/wp-content\/uploads\/2021\/01\/Sans-titre8-600x480.png 600w, https:\/\/babyslane.com\/wp-content\/uploads\/2021\/01\/Sans-titre8.png 2000w\" sizes=\"(max-width: 678px) 100vw, 678px\" \/><\/p>\n<p>&nbsp;<\/p>\n<h3><strong>Caract\u00e9ristiques<\/strong><\/h3>\n<ul>\n<li><strong>L\u00e9ger et respirant \u00e0 360 \u00b0<\/strong> : le harnais de marche est fabriqu\u00e9 en tissu maill\u00e9 respirant, dissipant la chaleur et absorbant la transpiration.<\/li>\n<li>Il est<strong> respectueux de l&#8217;environnement<\/strong> et doux sans blesser la peau.<\/li>\n<li><strong>Tr\u00e8s l\u00e9ger<\/strong> et <strong>multifonctionnel<\/strong><\/li>\n<li><strong>R\u00e9glable<\/strong> : ajustez le velcro et la boucle de ruban pour s&#8217;adapter au buste, de sorte que l&#8217;aide \u00e0 la marche pour tout-petit puisse s&#8217;adapter \u00e0 diff\u00e9rentes robes et diff\u00e9rents types de corps.<\/li>\n<li>\u00c2ge : convient de<strong> 6 \u00e0 24 mois<\/strong>.<\/li>\n<\/ul>\n<p style=\"text-align: center;\"><img loading=\"lazy\" decoding=\"async\" class=\"aligncenter\" src=\"https:\/\/babyslane.com\/wp-content\/uploads\/2021\/02\/Harnais-dapprentissage-de-la-marche-pour-enfant-couleur-.jpg\" width=\"563\" height=\"451\" \/><\/p>\n<h3>Disponible en plusieurs coloris<\/h3>\n<p>Il ne vous reste plus qu&#8217;\u00e0 choisir lequel commander pour votre b\u00e9b\u00e9.<\/p>","protected":false},"excerpt":{"rendered":"<p><strong>Un indispensable<\/strong> pour aider votre b\u00e9b\u00e9 dans son apprentissage de la marche <strong>sans vous faire mal au dos<\/strong> et <strong>sans lui tirer les bras vers le haut. <\/strong><\/p>\n<p>Donner <strong>confiance et assurance<\/strong> \u00e0 votre enfant.<\/p>\n","protected":false},"featured_media":4494,"comment_status":"open","ping_status":"closed","template":"","meta":[],"product_brand":[],"product_cat":[37,34,36],"product_tag":[],"class_list":{"0":"post-2317","1":"product","2":"type-product","3":"status-publish","4":"has-post-thumbnail","6":"product_cat-everyday-baby-essentials","7":"product_cat-baby-safety","8":"product_cat-promotions","9":"product_shipping_class-livraison-gratuite","11":"first","12":"instock","13":"sale","14":"shipping-taxable","15":"purchasable","16":"product-type-variable","17":"has-default-attributes"},"_links":{"self":[{"href":"https:\/\/babyslane.com\/fr\/wp-json\/wp\/v2\/product\/2317","targetHints":{"allow":["GET"]}}],"collection":[{"href":"https:\/\/babyslane.com\/fr\/wp-json\/wp\/v2\/product"}],"about":[{"href":"https:\/\/babyslane.com\/fr\/wp-json\/wp\/v2\/types\/product"}],"replies":[{"embeddable":true,"href":"https:\/\/babyslane.com\/fr\/wp-json\/wp\/v2\/comments?post=2317"}],"version-history":[{"count":2,"href":"https:\/\/babyslane.com\/fr\/wp-json\/wp\/v2\/product\/2317\/revisions"}],"predecessor-version":[{"id":9854,"href":"https:\/\/babyslane.com\/fr\/wp-json\/wp\/v2\/product\/2317\/revisions\/9854"}],"wp:featuredmedia":[{"embeddable":true,"href":"https:\/\/babyslane.com\/fr\/wp-json\/wp\/v2\/media\/4494"}],"wp:attachment":[{"href":"https:\/\/babyslane.com\/fr\/wp-json\/wp\/v2\/media?parent=2317"}],"wp:term":[{"taxonomy":"product_brand","embeddable":true,"href":"https:\/\/babyslane.com\/fr\/wp-json\/wp\/v2\/product_brand?post=2317"},{"taxonomy":"product_cat","embeddable":true,"href":"https:\/\/babyslane.com\/fr\/wp-json\/wp\/v2\/product_cat?post=2317"},{"taxonomy":"product_tag","embeddable":true,"href":"https:\/\/babyslane.com\/fr\/wp-json\/wp\/v2\/product_tag?post=2317"}],"curies":[{"name":"wp","href":"https:\/\/api.w.org\/{rel}","templated":true}]}}