{"id":2468,"date":"2021-01-12T21:52:47","date_gmt":"2021-01-12T20:52:47","guid":{"rendered":"https:\/\/babyslane.com\/produit\/baby-stroller-accessories-cup-holder-children-tricycle-bicycle-cart-bottle-rack-milk-water-pushchair-carriage\/"},"modified":"2022-05-21T12:19:53","modified_gmt":"2022-05-21T10:19:53","slug":"baby-stroller-cup-phone-holder","status":"publish","type":"product","link":"https:\/\/babyslane.com\/fr\/produit\/baby-stroller-cup-phone-holder\/","title":{"rendered":"Porte Gobelet 2 en 1 pour pousette"},"content":{"rendered":"<p><\/p>\n<h3><img fetchpriority=\"high\" decoding=\"async\" class=\"wp-image-7278 aligncenter\" src=\"https:\/\/babyslane.com\/wp-content\/uploads\/2021\/01\/Sans-titre.gif\" alt=\"\" width=\"777\" height=\"437\" \/><\/h3>\n<h3>Un porte biberon indispensable pour les sorties<\/h3>\n<p>Stable et robuste, il permet de garder \u00e0 port\u00e9e de main le biberon ou d&#8217;avoir \u00e0 disposition un bon caf\u00e9 pour profiter d&#8217;une belle promenade avec b\u00e9b\u00e9.<\/p>\n<p><img decoding=\"async\" class=\"aligncenter\" src=\"https:\/\/babyslane.com\/wp-content\/uploads\/2022\/05\/Sans-titre-2022-05-13T155904.094.jpg\" width=\"667\" height=\"667\" \/><\/p>\n<h3>Un support de t\u00e9l\u00e9phone inclus<\/h3>\n<p>Le rangement pour t\u00e9l\u00e9phone le rend encore plus pratique car vous pouvez poser votre smartphone et lib\u00e9rer vos mains tout en l&#8217;ayant \u00e0 disposition.<\/p>\n<p><img decoding=\"async\" class=\"aligncenter\" src=\"https:\/\/babyslane.com\/wp-content\/uploads\/2022\/05\/Sans-titre-2022-05-13T161610.890.jpg\" width=\"652\" height=\"652\" \/><\/p>\n<h3><\/h3>\n<h3>Universel et multifonctionnel<\/h3>\n<p>Le porte-gobelet convient \u00e0 la plupart des poussettes, d\u00e9ambulateurs, fauteuils roulants, v\u00e9los, scooters, guidons de bateau, chariots de courses, VTT, tondeuses \u00e0 gazon, motos, tapis de courses, etc.<\/p>\n<h3><span class=\"a-list-item\"><img loading=\"lazy\" decoding=\"async\" class=\"aligncenter wp-image-7282 \" src=\"https:\/\/babyslane.com\/wp-content\/uploads\/2021\/01\/Baby-trolley-cup-holder-1024x1024.jpg\" alt=\"\" width=\"760\" height=\"760\" srcset=\"https:\/\/babyslane.com\/wp-content\/uploads\/2021\/01\/Baby-trolley-cup-holder-1024x1024.jpg 1024w, https:\/\/babyslane.com\/wp-content\/uploads\/2021\/01\/Baby-trolley-cup-holder-300x300.jpg 300w, https:\/\/babyslane.com\/wp-content\/uploads\/2021\/01\/Baby-trolley-cup-holder-150x150.jpg 150w, https:\/\/babyslane.com\/wp-content\/uploads\/2021\/01\/Baby-trolley-cup-holder-768x768.jpg 768w, https:\/\/babyslane.com\/wp-content\/uploads\/2021\/01\/Baby-trolley-cup-holder-600x600.jpg 600w, https:\/\/babyslane.com\/wp-content\/uploads\/2021\/01\/Baby-trolley-cup-holder-100x100.jpg 100w, https:\/\/babyslane.com\/wp-content\/uploads\/2021\/01\/Baby-trolley-cup-holder.jpg 1500w\" sizes=\"(max-width: 760px) 100vw, 760px\" \/><\/span><\/h3>\n<h3>Convient aux gobelets et bouteilles de diff\u00e9rentes tailles<\/h3>\n<p>Avec poign\u00e9e ou sans poign\u00e9e, vous pouvez boire votre boisson, caf\u00e9 ou lait n&#8217;importe quand, n&#8217;importe o\u00f9 ! Biberons, biberons et tasses \u00e0 caf\u00e9. Vous pouvez lib\u00e9rer votre main lorsque vous faites du shopping, marchez, faites du bateau ou voyagez.<\/p>\n<p><img loading=\"lazy\" decoding=\"async\" class=\"aligncenter\" src=\"https:\/\/babyslane.com\/wp-content\/uploads\/2022\/05\/Sans-titre-2022-05-13T161810.540.jpg\" width=\"670\" height=\"670\" \/><\/p>\n<h3>Facile \u00e0 utiliser<\/h3>\n<p>Le porte-gobelet est facile \u00e0 installer,muni d&#8217;un clip; il se fixe rapidement sur votre poussette. Ne n\u00e9c\u00e9ssite aucun outils ni assemblage. De plus, il est \u00e9galement facile \u00e0 nettoyer.<\/p>\n<p style=\"text-align: center;\"><img loading=\"lazy\" decoding=\"async\" class=\"alignnone  wp-image-7287\" src=\"https:\/\/babyslane.com\/wp-content\/uploads\/2021\/01\/Sans-titre1.gif\" alt=\"\" width=\"680\" height=\"453\" \/><\/p>\n<h3>Un cadeau parfait et utile<\/h3>\n<p>Ce porte-gobelet 2 en 1 est le cadeau parfait \u00e0 offrir \u00e0 une maman, \u00e0 des amis et ou \u00e0 des coll\u00e8gues.<\/p>\n<h3><span class=\"a-list-item\"><img loading=\"lazy\" decoding=\"async\" class=\"aligncenter wp-image-7282 \" src=\"https:\/\/babyslane.com\/wp-content\/uploads\/2021\/01\/Baby-trolley-cup-holder-1024x1024.jpg\" alt=\"\" width=\"760\" height=\"760\" srcset=\"https:\/\/babyslane.com\/wp-content\/uploads\/2021\/01\/Baby-trolley-cup-holder-1024x1024.jpg 1024w, https:\/\/babyslane.com\/wp-content\/uploads\/2021\/01\/Baby-trolley-cup-holder-300x300.jpg 300w, https:\/\/babyslane.com\/wp-content\/uploads\/2021\/01\/Baby-trolley-cup-holder-150x150.jpg 150w, https:\/\/babyslane.com\/wp-content\/uploads\/2021\/01\/Baby-trolley-cup-holder-768x768.jpg 768w, https:\/\/babyslane.com\/wp-content\/uploads\/2021\/01\/Baby-trolley-cup-holder-600x600.jpg 600w, https:\/\/babyslane.com\/wp-content\/uploads\/2021\/01\/Baby-trolley-cup-holder-100x100.jpg 100w, https:\/\/babyslane.com\/wp-content\/uploads\/2021\/01\/Baby-trolley-cup-holder.jpg 1500w\" sizes=\"(max-width: 760px) 100vw, 760px\" \/><\/span><\/h3>\n<h3>Stable et antid\u00e9rapante<\/h3>\n<p>Il a \u00e9t\u00e9 con\u00e7u pour rester stable m\u00eame en marchant sur une route cahoteuse, ce qui emp\u00eache la tasse de se renverser. De plus, il dispose de 4 bandes de fixation \u00e9lastiques qui permettent d&#8217;ins\u00e9rer et de fixer le biberon pour \u00e9viter les chutes malgr\u00e9 les secousses .<\/p>\n<p style=\"text-align: center;\"><span class=\"a-list-item\"><img loading=\"lazy\" decoding=\"async\" class=\"alignnone wp-image-7286 \" src=\"https:\/\/babyslane.com\/wp-content\/uploads\/2021\/01\/cup-holder-1024x1024.jpg\" alt=\"\" width=\"780\" height=\"780\" srcset=\"https:\/\/babyslane.com\/wp-content\/uploads\/2021\/01\/cup-holder-1024x1024.jpg 1024w, https:\/\/babyslane.com\/wp-content\/uploads\/2021\/01\/cup-holder-300x300.jpg 300w, https:\/\/babyslane.com\/wp-content\/uploads\/2021\/01\/cup-holder-150x150.jpg 150w, https:\/\/babyslane.com\/wp-content\/uploads\/2021\/01\/cup-holder-768x768.jpg 768w, https:\/\/babyslane.com\/wp-content\/uploads\/2021\/01\/cup-holder-600x600.jpg 600w, https:\/\/babyslane.com\/wp-content\/uploads\/2021\/01\/cup-holder-100x100.jpg 100w, https:\/\/babyslane.com\/wp-content\/uploads\/2021\/01\/cup-holder.jpg 1500w\" sizes=\"(max-width: 780px) 100vw, 780px\" \/><\/span><\/p>\n<h4><strong>Sp\u00e9cification :<\/strong><\/h4>\n<p>Mat\u00e9riau : ABS, caoutchouc<br \/>\nTaille : 15.5 x 9.5 x 10 cm<br \/>\nPoids : 260g<\/p>\n<p>Contenu de l&#8217;emballage : 1x porte gobelet 2 en 1.<\/p>","protected":false},"excerpt":{"rendered":"<p>Indispensable lors des promenades en poussette avec b\u00e9b\u00e9.<\/p>\n<p>Il vous apporte confort et s\u00e9r\u00e9nit\u00e9, il peut \u00eatre utilis\u00e9 pour placer le biberon de b\u00e9b\u00e9, bouteille d&#8217;eau, gourde\u00a0 ou m\u00eame pour votre caf\u00e9.<\/p>\n<p>Le porte b\u00e9b\u00e9 universel s&#8217;adapte \u00e0 la plupart des poussettes gr\u00e2ce a sa fixation simple et efficace.<\/p>\n","protected":false},"featured_media":7216,"comment_status":"open","ping_status":"closed","template":"","meta":[],"product_brand":[],"product_cat":[35],"product_tag":[],"class_list":{"0":"post-2468","1":"product","2":"type-product","3":"status-publish","4":"has-post-thumbnail","6":"product_cat-outing-travel","8":"first","9":"instock","10":"shipping-taxable","11":"purchasable","12":"product-type-simple"},"_links":{"self":[{"href":"https:\/\/babyslane.com\/fr\/wp-json\/wp\/v2\/product\/2468","targetHints":{"allow":["GET"]}}],"collection":[{"href":"https:\/\/babyslane.com\/fr\/wp-json\/wp\/v2\/product"}],"about":[{"href":"https:\/\/babyslane.com\/fr\/wp-json\/wp\/v2\/types\/product"}],"replies":[{"embeddable":true,"href":"https:\/\/babyslane.com\/fr\/wp-json\/wp\/v2\/comments?post=2468"}],"version-history":[{"count":0,"href":"https:\/\/babyslane.com\/fr\/wp-json\/wp\/v2\/product\/2468\/revisions"}],"wp:featuredmedia":[{"embeddable":true,"href":"https:\/\/babyslane.com\/fr\/wp-json\/wp\/v2\/media\/7216"}],"wp:attachment":[{"href":"https:\/\/babyslane.com\/fr\/wp-json\/wp\/v2\/media?parent=2468"}],"wp:term":[{"taxonomy":"product_brand","embeddable":true,"href":"https:\/\/babyslane.com\/fr\/wp-json\/wp\/v2\/product_brand?post=2468"},{"taxonomy":"product_cat","embeddable":true,"href":"https:\/\/babyslane.com\/fr\/wp-json\/wp\/v2\/product_cat?post=2468"},{"taxonomy":"product_tag","embeddable":true,"href":"https:\/\/babyslane.com\/fr\/wp-json\/wp\/v2\/product_tag?post=2468"}],"curies":[{"name":"wp","href":"https:\/\/api.w.org\/{rel}","templated":true}]}}