{"id":2497,"date":"2021-01-12T22:45:17","date_gmt":"2021-01-12T21:45:17","guid":{"rendered":"https:\/\/babyslane.com\/produit\/silicone-baby-bottle\/"},"modified":"2022-05-08T18:49:03","modified_gmt":"2022-05-08T16:49:03","slug":"silicone-baby-bottle","status":"publish","type":"product","link":"https:\/\/babyslane.com\/fr\/produit\/silicone-baby-bottle\/","title":{"rendered":"BIBERON NANO SILICONE SILVER INCASSABLE"},"content":{"rendered":"<p>Son toucher, sa taille et sa forme famili\u00e8re en fait le <strong>biberon id\u00e9al<\/strong> pour assurer une<strong> transition en douceur<\/strong> de l\u2019allaitement naturel au biberon.<\/p>\n<p style=\"text-align: center;\"><img fetchpriority=\"high\" decoding=\"async\" class=\"alignnone size-medium wp-image-5742\" src=\"https:\/\/babyslane.com\/wp-content\/uploads\/2021\/03\/Shopee_c6c0586305d7da930701546706b18187-300x300.jpg\" alt=\"\" width=\"300\" height=\"300\" srcset=\"https:\/\/babyslane.com\/wp-content\/uploads\/2021\/03\/Shopee_c6c0586305d7da930701546706b18187-300x300.jpg 300w, https:\/\/babyslane.com\/wp-content\/uploads\/2021\/03\/Shopee_c6c0586305d7da930701546706b18187-150x150.jpg 150w, https:\/\/babyslane.com\/wp-content\/uploads\/2021\/03\/Shopee_c6c0586305d7da930701546706b18187-768x768.jpg 768w, https:\/\/babyslane.com\/wp-content\/uploads\/2021\/03\/Shopee_c6c0586305d7da930701546706b18187-600x600.jpg 600w, https:\/\/babyslane.com\/wp-content\/uploads\/2021\/03\/Shopee_c6c0586305d7da930701546706b18187-100x100.jpg 100w, https:\/\/babyslane.com\/wp-content\/uploads\/2021\/03\/Shopee_c6c0586305d7da930701546706b18187.jpg 800w\" sizes=\"(max-width: 300px) 100vw, 300px\" \/><img decoding=\"async\" class=\"alignnone size-medium wp-image-5738\" src=\"https:\/\/babyslane.com\/wp-content\/uploads\/2021\/03\/Shopee_472b27595019a6852396e4a101d66269-300x300.jpg\" alt=\"\" width=\"300\" height=\"300\" srcset=\"https:\/\/babyslane.com\/wp-content\/uploads\/2021\/03\/Shopee_472b27595019a6852396e4a101d66269-300x300.jpg 300w, https:\/\/babyslane.com\/wp-content\/uploads\/2021\/03\/Shopee_472b27595019a6852396e4a101d66269-150x150.jpg 150w, https:\/\/babyslane.com\/wp-content\/uploads\/2021\/03\/Shopee_472b27595019a6852396e4a101d66269-768x768.jpg 768w, https:\/\/babyslane.com\/wp-content\/uploads\/2021\/03\/Shopee_472b27595019a6852396e4a101d66269-600x600.jpg 600w, https:\/\/babyslane.com\/wp-content\/uploads\/2021\/03\/Shopee_472b27595019a6852396e4a101d66269-100x100.jpg 100w, https:\/\/babyslane.com\/wp-content\/uploads\/2021\/03\/Shopee_472b27595019a6852396e4a101d66269.jpg 800w\" sizes=\"(max-width: 300px) 100vw, 300px\" \/><\/p>\n<p>Le biberon<strong> souple<\/strong> est fabriqu\u00e9 en<strong> silicone de qualit\u00e9 alimentaire<\/strong>. Le corps d\u00e9formable du biberon est fait pour permettre \u00e0 la maman de presser le biberon ce qui aide \u00e0 contr\u00f4ler le d\u00e9bit de lait qui sort de la t\u00e9tine.<\/p>\n<p style=\"text-align: center;\"><img decoding=\"async\" class=\"alignnone size-medium wp-image-5735\" src=\"https:\/\/babyslane.com\/wp-content\/uploads\/2021\/03\/Shopee_78a73a30d6b27fb07df2db173ae3d93f-300x300.jpg\" alt=\"\" width=\"300\" height=\"300\" srcset=\"https:\/\/babyslane.com\/wp-content\/uploads\/2021\/03\/Shopee_78a73a30d6b27fb07df2db173ae3d93f-300x300.jpg 300w, https:\/\/babyslane.com\/wp-content\/uploads\/2021\/03\/Shopee_78a73a30d6b27fb07df2db173ae3d93f-150x150.jpg 150w, https:\/\/babyslane.com\/wp-content\/uploads\/2021\/03\/Shopee_78a73a30d6b27fb07df2db173ae3d93f-768x768.jpg 768w, https:\/\/babyslane.com\/wp-content\/uploads\/2021\/03\/Shopee_78a73a30d6b27fb07df2db173ae3d93f-600x600.jpg 600w, https:\/\/babyslane.com\/wp-content\/uploads\/2021\/03\/Shopee_78a73a30d6b27fb07df2db173ae3d93f-100x100.jpg 100w, https:\/\/babyslane.com\/wp-content\/uploads\/2021\/03\/Shopee_78a73a30d6b27fb07df2db173ae3d93f.jpg 800w\" sizes=\"(max-width: 300px) 100vw, 300px\" \/><img loading=\"lazy\" decoding=\"async\" class=\"alignnone size-medium wp-image-5725\" src=\"https:\/\/babyslane.com\/wp-content\/uploads\/2021\/03\/Shopee_e06f848a4d49e6268c503fc696eee9e8-300x300.jpg\" alt=\"\" width=\"300\" height=\"300\" srcset=\"https:\/\/babyslane.com\/wp-content\/uploads\/2021\/03\/Shopee_e06f848a4d49e6268c503fc696eee9e8-300x300.jpg 300w, https:\/\/babyslane.com\/wp-content\/uploads\/2021\/03\/Shopee_e06f848a4d49e6268c503fc696eee9e8-150x150.jpg 150w, https:\/\/babyslane.com\/wp-content\/uploads\/2021\/03\/Shopee_e06f848a4d49e6268c503fc696eee9e8-768x768.jpg 768w, https:\/\/babyslane.com\/wp-content\/uploads\/2021\/03\/Shopee_e06f848a4d49e6268c503fc696eee9e8-600x600.jpg 600w, https:\/\/babyslane.com\/wp-content\/uploads\/2021\/03\/Shopee_e06f848a4d49e6268c503fc696eee9e8-100x100.jpg 100w, https:\/\/babyslane.com\/wp-content\/uploads\/2021\/03\/Shopee_e06f848a4d49e6268c503fc696eee9e8.jpg 800w\" sizes=\"(max-width: 300px) 100vw, 300px\" \/><\/p>\n<p><strong>Incassable<\/strong>, il a \u00e9t\u00e9 con\u00e7u en <strong>silicone pur<\/strong>, de qualit\u00e9 nouvelle g\u00e9n\u00e9ration, il ne contient pas de bisph\u00e9nol A (BPA), ni de nitrosamine, il est aussi sans phtalate, et <strong>sans PVC<\/strong> susceptible de nuire \u00e0 la sant\u00e9 des b\u00e9b\u00e9s.<\/p>\n<p><img loading=\"lazy\" decoding=\"async\" class=\"alignnone\" src=\"https:\/\/cc-west-usa.oss-us-west-1.aliyuncs.com\/203102\/59337329938130.png\" width=\"301\" height=\"301\" \/><img loading=\"lazy\" decoding=\"async\" class=\"alignleft\" src=\"https:\/\/cc-west-usa.oss-us-west-1.aliyuncs.com\/203102\/684777184119.jpg\" width=\"300\" height=\"300\" \/><\/p>\n<p>La paille est directement li\u00e9e \u00e0 la t\u00e9tine, de sorte que le lait du biberon est directement aspir\u00e9 par la t\u00eate de la t\u00e9tine, ce qui r\u00e9duit consid\u00e9rablement l&#8217;air entre la paille et la t\u00e9tine et \u00e9vite les flatulences provoqu\u00e9es par la paille.<\/p>\n<p style=\"text-align: center;\"><img loading=\"lazy\" decoding=\"async\" class=\"alignnone size-medium wp-image-5739\" src=\"https:\/\/babyslane.com\/wp-content\/uploads\/2021\/03\/Shopee_bea6ed820339e1835a8732c870dda803-300x300.jpg\" alt=\"\" width=\"300\" height=\"300\" srcset=\"https:\/\/babyslane.com\/wp-content\/uploads\/2021\/03\/Shopee_bea6ed820339e1835a8732c870dda803-300x300.jpg 300w, https:\/\/babyslane.com\/wp-content\/uploads\/2021\/03\/Shopee_bea6ed820339e1835a8732c870dda803-150x150.jpg 150w, https:\/\/babyslane.com\/wp-content\/uploads\/2021\/03\/Shopee_bea6ed820339e1835a8732c870dda803-768x768.jpg 768w, https:\/\/babyslane.com\/wp-content\/uploads\/2021\/03\/Shopee_bea6ed820339e1835a8732c870dda803-600x600.jpg 600w, https:\/\/babyslane.com\/wp-content\/uploads\/2021\/03\/Shopee_bea6ed820339e1835a8732c870dda803-100x100.jpg 100w, https:\/\/babyslane.com\/wp-content\/uploads\/2021\/03\/Shopee_bea6ed820339e1835a8732c870dda803.jpg 802w\" sizes=\"(max-width: 300px) 100vw, 300px\" \/><img loading=\"lazy\" decoding=\"async\" class=\"alignnone size-medium wp-image-5732\" src=\"https:\/\/babyslane.com\/wp-content\/uploads\/2021\/03\/Shopee_e6de20964a8a59ab5233e154a9ebfb74-300x300.jpg\" alt=\"\" width=\"300\" height=\"300\" srcset=\"https:\/\/babyslane.com\/wp-content\/uploads\/2021\/03\/Shopee_e6de20964a8a59ab5233e154a9ebfb74-300x300.jpg 300w, https:\/\/babyslane.com\/wp-content\/uploads\/2021\/03\/Shopee_e6de20964a8a59ab5233e154a9ebfb74-150x150.jpg 150w, https:\/\/babyslane.com\/wp-content\/uploads\/2021\/03\/Shopee_e6de20964a8a59ab5233e154a9ebfb74-768x768.jpg 768w, https:\/\/babyslane.com\/wp-content\/uploads\/2021\/03\/Shopee_e6de20964a8a59ab5233e154a9ebfb74-600x600.jpg 600w, https:\/\/babyslane.com\/wp-content\/uploads\/2021\/03\/Shopee_e6de20964a8a59ab5233e154a9ebfb74-100x100.jpg 100w, https:\/\/babyslane.com\/wp-content\/uploads\/2021\/03\/Shopee_e6de20964a8a59ab5233e154a9ebfb74.jpg 800w\" sizes=\"(max-width: 300px) 100vw, 300px\" \/><\/p>\n<p>DESCRIPTION<\/p>\n<ul>\n<li>T\u00e9tine : physiologique et anti-colique extra souple, antibact\u00e9rien, \u00e0 col large.<\/li>\n<li>Design ergonomique : biberon semi-rigide pour une parfaite prise en mains<\/li>\n<li>Facilit\u00e9 d\u2019entretien : biberon compatible avec l\u2019utilisation du lave-vaisselle, micro-ondes, cong\u00e9lateur, st\u00e9rilisateur.<\/li>\n<li>Conforme aux normes europ\u00e9ennes CE,UE, CIQ, LFGB, CEE, SGSX<\/li>\n<li>Coloris : version Cuivr\u00e9 dor\u00e9e<\/li>\n<\/ul>\n<p>Les biberons <strong>Nano silicone Sylver<\/strong> en 150 ml et 240 ml sont fournis avec une t\u00e9tine Taille 1 (0-6 mois) d\u00e9bit moyen, id\u00e9al pour le lait infantile ou l\u2019eau.<\/p>\n<p><img loading=\"lazy\" decoding=\"async\" class=\"aligncenter\" src=\"https:\/\/sc04.alicdn.com\/kf\/HTB1uAiqeiCYBuNkSnaV763MsVXao.png\" alt=\"image\" width=\"324\" height=\"324\" \/><\/p>\n<p><strong>Caract\u00e9ristiques :\u00a0<\/strong><\/p>\n<ul>\n<li>t\u00e9tine en mat\u00e9riau unique ;<\/li>\n<li>Mat\u00e9riel : nano-silicone d&#8217;argent ;<\/li>\n<li>biberon en silicone souple ;<\/li>\n<li>isolation anti-goutte du corps ;<\/li>\n<li>\u00c2ge : 0-36 mois ;<\/li>\n<li>Capacit\u00e9 : 240 ml, 150 ml<\/li>\n<li>Temp\u00e9rature de r\u00e9sistance \u00e0 la chaleur : 200 \u00b0C<\/li>\n<\/ul>\n<p><img loading=\"lazy\" decoding=\"async\" class=\"alignleft\" style=\"text-align: center;\" src=\"https:\/\/cc-west-usa.oss-us-west-1.aliyuncs.com\/203102\/684777184119.jpg\" width=\"300\" height=\"300\" \/><img loading=\"lazy\" decoding=\"async\" class=\"\" src=\"https:\/\/cc-west-usa.oss-us-west-1.aliyuncs.com\/203102\/3801234941745.jpg\" width=\"300\" height=\"300\" \/><\/p>","protected":false},"excerpt":{"rendered":"<p class=\"product_title entry-title\"><strong>Biberon Nano silicone Sylver<\/strong><\/p>\n<p>Le biberon<strong> Nano silicone Sylver<\/strong> est \u00e9quip\u00e9 d&#8217;une t\u00e9tine \u00e0 d\u00e9bit moyen qui est con\u00e7ue pour simuler le sein r\u00e9el de maman.<\/p>\n","protected":false},"featured_media":4986,"comment_status":"open","ping_status":"closed","template":"","meta":[],"product_brand":[],"product_cat":[31],"product_tag":[],"class_list":{"0":"post-2497","1":"product","2":"type-product","3":"status-publish","4":"has-post-thumbnail","6":"product_cat-feeding","8":"first","9":"instock","10":"shipping-taxable","11":"purchasable","12":"product-type-variable"},"_links":{"self":[{"href":"https:\/\/babyslane.com\/fr\/wp-json\/wp\/v2\/product\/2497","targetHints":{"allow":["GET"]}}],"collection":[{"href":"https:\/\/babyslane.com\/fr\/wp-json\/wp\/v2\/product"}],"about":[{"href":"https:\/\/babyslane.com\/fr\/wp-json\/wp\/v2\/types\/product"}],"replies":[{"embeddable":true,"href":"https:\/\/babyslane.com\/fr\/wp-json\/wp\/v2\/comments?post=2497"}],"version-history":[{"count":0,"href":"https:\/\/babyslane.com\/fr\/wp-json\/wp\/v2\/product\/2497\/revisions"}],"wp:featuredmedia":[{"embeddable":true,"href":"https:\/\/babyslane.com\/fr\/wp-json\/wp\/v2\/media\/4986"}],"wp:attachment":[{"href":"https:\/\/babyslane.com\/fr\/wp-json\/wp\/v2\/media?parent=2497"}],"wp:term":[{"taxonomy":"product_brand","embeddable":true,"href":"https:\/\/babyslane.com\/fr\/wp-json\/wp\/v2\/product_brand?post=2497"},{"taxonomy":"product_cat","embeddable":true,"href":"https:\/\/babyslane.com\/fr\/wp-json\/wp\/v2\/product_cat?post=2497"},{"taxonomy":"product_tag","embeddable":true,"href":"https:\/\/babyslane.com\/fr\/wp-json\/wp\/v2\/product_tag?post=2497"}],"curies":[{"name":"wp","href":"https:\/\/api.w.org\/{rel}","templated":true}]}}