{"id":2518,"date":"2021-01-12T23:02:52","date_gmt":"2021-01-12T22:02:52","guid":{"rendered":"https:\/\/babyslane.com\/produit\/milk-powder-box\/"},"modified":"2024-08-09T22:30:13","modified_gmt":"2024-08-09T20:30:13","slug":"milk-powder-box","status":"publish","type":"product","link":"https:\/\/babyslane.com\/fr\/produit\/milk-powder-box\/","title":{"rendered":"Boite doseuse de lait en poudre"},"content":{"rendered":"<p><\/p>\n<h2><img fetchpriority=\"high\" decoding=\"async\" class=\"alignnone size-large wp-image-10265\" src=\"https:\/\/babyslane.com\/wp-content\/uploads\/2021\/01\/Baby-Milk-Box-2-1024x1024.jpg\" alt=\"\" width=\"1024\" height=\"1024\" srcset=\"https:\/\/babyslane.com\/wp-content\/uploads\/2021\/01\/Baby-Milk-Box-2-1024x1024.jpg 1024w, https:\/\/babyslane.com\/wp-content\/uploads\/2021\/01\/Baby-Milk-Box-2-300x300.jpg 300w, https:\/\/babyslane.com\/wp-content\/uploads\/2021\/01\/Baby-Milk-Box-2-150x150.jpg 150w, https:\/\/babyslane.com\/wp-content\/uploads\/2021\/01\/Baby-Milk-Box-2-768x768.jpg 768w, https:\/\/babyslane.com\/wp-content\/uploads\/2021\/01\/Baby-Milk-Box-2-600x600.jpg 600w, https:\/\/babyslane.com\/wp-content\/uploads\/2021\/01\/Baby-Milk-Box-2-100x100.jpg 100w, https:\/\/babyslane.com\/wp-content\/uploads\/2021\/01\/Baby-Milk-Box-2.jpg 1200w\" sizes=\"(max-width: 1024px) 100vw, 1024px\" \/><\/h2>\n<p>La bo\u00eete doseuse de lait en poudre permet de pr\u00e9parer en avance les doses de lait en poudre pour b\u00e9b\u00e9 lors des sorties ou des voyages. Elle dispose de 4 compartiments empilables qui sont parfaitement herm\u00e9tique. Quand b\u00e9b\u00e9 sera plus grand elle pourra \u00e9galement contenir des petits morceaux de fruit pour le go\u00fbter.<\/p>\n<p><img decoding=\"async\" class=\"alignnone size-large wp-image-10264\" src=\"https:\/\/babyslane.com\/wp-content\/uploads\/2021\/01\/Baby-Milk-Box-4-1024x1024.png\" alt=\"\" width=\"1024\" height=\"1024\" srcset=\"https:\/\/babyslane.com\/wp-content\/uploads\/2021\/01\/Baby-Milk-Box-4-1024x1024.png 1024w, https:\/\/babyslane.com\/wp-content\/uploads\/2021\/01\/Baby-Milk-Box-4-300x300.png 300w, https:\/\/babyslane.com\/wp-content\/uploads\/2021\/01\/Baby-Milk-Box-4-150x150.png 150w, https:\/\/babyslane.com\/wp-content\/uploads\/2021\/01\/Baby-Milk-Box-4-768x768.png 768w, https:\/\/babyslane.com\/wp-content\/uploads\/2021\/01\/Baby-Milk-Box-4-600x600.png 600w, https:\/\/babyslane.com\/wp-content\/uploads\/2021\/01\/Baby-Milk-Box-4-100x100.png 100w, https:\/\/babyslane.com\/wp-content\/uploads\/2021\/01\/Baby-Milk-Box-4.png 1200w\" sizes=\"(max-width: 1024px) 100vw, 1024px\" \/><\/p>\n<p>1. 4 compartiments.<br \/>\n2. Parfaitement herm\u00e9tique<br \/>\n3. Multifonction : peut contenir du lait en poudre ou autres.<br \/>\n4. Poign\u00e9e de transport en boucle.<\/p>\n<p><img decoding=\"async\" class=\"alignnone size-large wp-image-10255\" src=\"https:\/\/babyslane.com\/wp-content\/uploads\/2021\/01\/Travel-Baby-Milk-Box-5-1024x1024.png\" alt=\"\" width=\"1024\" height=\"1024\" srcset=\"https:\/\/babyslane.com\/wp-content\/uploads\/2021\/01\/Travel-Baby-Milk-Box-5-1024x1024.png 1024w, https:\/\/babyslane.com\/wp-content\/uploads\/2021\/01\/Travel-Baby-Milk-Box-5-300x300.png 300w, https:\/\/babyslane.com\/wp-content\/uploads\/2021\/01\/Travel-Baby-Milk-Box-5-150x150.png 150w, https:\/\/babyslane.com\/wp-content\/uploads\/2021\/01\/Travel-Baby-Milk-Box-5-768x768.png 768w, https:\/\/babyslane.com\/wp-content\/uploads\/2021\/01\/Travel-Baby-Milk-Box-5-600x600.png 600w, https:\/\/babyslane.com\/wp-content\/uploads\/2021\/01\/Travel-Baby-Milk-Box-5-100x100.png 100w, https:\/\/babyslane.com\/wp-content\/uploads\/2021\/01\/Travel-Baby-Milk-Box-5.png 1200w\" sizes=\"(max-width: 1024px) 100vw, 1024px\" \/><\/p>\n<p>1. Mat\u00e9riau PP de qualit\u00e9 alimentaire, \u00e9cologique et insipide, sans bisph\u00e9nol A, et donc s\u00fbr \u00e0 utiliser.<\/p>\n<p><img loading=\"lazy\" decoding=\"async\" class=\"alignnone size-large wp-image-10256\" src=\"https:\/\/babyslane.com\/wp-content\/uploads\/2021\/01\/Travel-Baby-Milk-Box-6-1024x1024.png\" alt=\"\" width=\"1024\" height=\"1024\" srcset=\"https:\/\/babyslane.com\/wp-content\/uploads\/2021\/01\/Travel-Baby-Milk-Box-6-1024x1024.png 1024w, https:\/\/babyslane.com\/wp-content\/uploads\/2021\/01\/Travel-Baby-Milk-Box-6-300x300.png 300w, https:\/\/babyslane.com\/wp-content\/uploads\/2021\/01\/Travel-Baby-Milk-Box-6-150x150.png 150w, https:\/\/babyslane.com\/wp-content\/uploads\/2021\/01\/Travel-Baby-Milk-Box-6-768x768.png 768w, https:\/\/babyslane.com\/wp-content\/uploads\/2021\/01\/Travel-Baby-Milk-Box-6-600x600.png 600w, https:\/\/babyslane.com\/wp-content\/uploads\/2021\/01\/Travel-Baby-Milk-Box-6-100x100.png 100w, https:\/\/babyslane.com\/wp-content\/uploads\/2021\/01\/Travel-Baby-Milk-Box-6.png 1200w\" sizes=\"(max-width: 1024px) 100vw, 1024px\" \/><\/p>\n<p>2. Chaque compartiment, peut contenir environ 50 g de lait en poudre.<\/p>\n<p>&nbsp;<\/p>\n<p>&nbsp;<\/p>\n<p><img decoding=\"async\" src=\"https:\/\/ae01.alicdn.com\/kf\/He20578b952d746ad8a0f0520d423e7671.jpg\" \/><\/p>\n<p>&nbsp;<\/p>\n<p><img decoding=\"async\" src=\"https:\/\/ae01.alicdn.com\/kf\/H3e310e472b5b4d879f82e2baee151e2bZ.jpg\" \/><\/p>\n<p>&nbsp;<\/p>\n<p><strong>Informations sur le produit :<\/strong><\/p>\n<ul>\n<li><strong>Mat\u00e9riau du conteneur<\/strong> : PP (r\u00e9sistance \u00e0 la temp\u00e9rature : 110 \u2103)<\/li>\n<li><strong>Mat\u00e9riau de la poign\u00e9e<\/strong> : Silicone (r\u00e9sistance \u00e0 la temp\u00e9rature : 180 \u2103)<\/li>\n<li><strong>Type<\/strong> : 4 compartiments<\/li>\n<li><strong>Couleur<\/strong> : rose, bleu<\/li>\n<li><strong>Diam\u00e8tre<\/strong> : 7,5 cm<\/li>\n<li><strong>Hauteur<\/strong> : 21 cm<\/li>\n<\/ul>\n<p><strong>Le paquet comprend :<\/strong><\/p>\n<ul>\n<li>1 x boite \u00e0 dose lait en poudre pour b\u00e9b\u00e9<\/li>\n<\/ul>\n<p>&nbsp;<\/p>","protected":false},"excerpt":{"rendered":"<p>Id\u00e9ale pour les sorties et les voyages, notre bo\u00eete doseuse de lait en poudre vous permet de pr\u00e9parer \u00e0 l&#8217;avance les doses de lait pour b\u00e9b\u00e9 de mani\u00e8re pratique. Avec ses 4 compartiments empilables et parfaitement herm\u00e9tiques, elle garantit une fra\u00eecheur optimale. En grandissant, elle peut \u00e9galement servir \u00e0 stocker des petits morceaux de fruit pour les go\u00fbters.<\/p>\n","protected":false},"featured_media":10257,"comment_status":"open","ping_status":"closed","template":"","meta":[],"product_brand":[],"product_cat":[31,217,35],"product_tag":[],"class_list":{"0":"post-2518","1":"product","2":"type-product","3":"status-publish","4":"has-post-thumbnail","6":"product_cat-feeding","7":"product_cat-baby-bottles","8":"product_cat-outing-travel","10":"first","11":"instock","12":"sale","13":"shipping-taxable","14":"purchasable","15":"product-type-variable"},"_links":{"self":[{"href":"https:\/\/babyslane.com\/fr\/wp-json\/wp\/v2\/product\/2518","targetHints":{"allow":["GET"]}}],"collection":[{"href":"https:\/\/babyslane.com\/fr\/wp-json\/wp\/v2\/product"}],"about":[{"href":"https:\/\/babyslane.com\/fr\/wp-json\/wp\/v2\/types\/product"}],"replies":[{"embeddable":true,"href":"https:\/\/babyslane.com\/fr\/wp-json\/wp\/v2\/comments?post=2518"}],"version-history":[{"count":2,"href":"https:\/\/babyslane.com\/fr\/wp-json\/wp\/v2\/product\/2518\/revisions"}],"predecessor-version":[{"id":10268,"href":"https:\/\/babyslane.com\/fr\/wp-json\/wp\/v2\/product\/2518\/revisions\/10268"}],"wp:featuredmedia":[{"embeddable":true,"href":"https:\/\/babyslane.com\/fr\/wp-json\/wp\/v2\/media\/10257"}],"wp:attachment":[{"href":"https:\/\/babyslane.com\/fr\/wp-json\/wp\/v2\/media?parent=2518"}],"wp:term":[{"taxonomy":"product_brand","embeddable":true,"href":"https:\/\/babyslane.com\/fr\/wp-json\/wp\/v2\/product_brand?post=2518"},{"taxonomy":"product_cat","embeddable":true,"href":"https:\/\/babyslane.com\/fr\/wp-json\/wp\/v2\/product_cat?post=2518"},{"taxonomy":"product_tag","embeddable":true,"href":"https:\/\/babyslane.com\/fr\/wp-json\/wp\/v2\/product_tag?post=2518"}],"curies":[{"name":"wp","href":"https:\/\/api.w.org\/{rel}","templated":true}]}}