{"id":2639,"date":"2021-01-15T01:44:51","date_gmt":"2021-01-15T00:44:51","guid":{"rendered":"https:\/\/babyslane.com\/produit\/baby-stroller-sleeping-bag\/"},"modified":"2023-12-02T16:07:36","modified_gmt":"2023-12-02T15:07:36","slug":"baby-stroller-sleeping-bag","status":"publish","type":"product","link":"https:\/\/babyslane.com\/fr\/produit\/baby-stroller-sleeping-bag\/","title":{"rendered":"CHANCELIERE POUR BEBE"},"content":{"rendered":"<p><img decoding=\"async\" src=\"https:\/\/cc-west-usa.oss-accelerate.aliyuncs.com\/af2cf3b5-9ec7-4094-9bae-7deac8de8bd2.jpg\" \/><\/p>\n<p>Gr\u00e2ce \u00e0 son int\u00e9rieur rembourr\u00e9 de 3 couches votre b\u00e9b\u00e9 b\u00e9n\u00e9ficiera du <strong>confort<\/strong> et de la<strong> chaleur<\/strong> dont il a besoin.<\/p>\n<p>Le rembourrage \u00e9pais, les mat\u00e9riaux isolants en font la gigoteuse id\u00e9ale pour les b\u00e9b\u00e9s pendant les jours de froids.<\/p>\n<p>Avec son <strong>rev\u00eatement imperm\u00e9able<\/strong> et sa toison de corail <strong>double face<\/strong>, elle r\u00e9siste au vent et \u00e0 l&#8217;eau avec une grande efficacit\u00e9.<\/p>\n<p><img fetchpriority=\"high\" decoding=\"async\" class=\"aligncenter\" src=\"https:\/\/babyslane.com\/wp-content\/uploads\/2021\/01\/Chanceliere-pour-bebe-avec-fourrure-amovible-1024x819.jpg\" width=\"600\" height=\"480\" \/><\/p>\n<p>Avec ses 5 fentes pour harnais et sa <strong>forme universelle<\/strong>, la chanceli\u00e8re convient \u00e0 la plupart des poussettes.<\/p>\n<p>Sa grande taille vous permet de garder b\u00e9b\u00e9 au chaud pendant plusieurs hivers, et donne \u00e9galement \u00e0 votre enfant une <strong>libert\u00e9 de mouvement<\/strong> quand il est \u00e0 l&#8217;int\u00e9rieur.<\/p>\n<p><img decoding=\"async\" class=\"aligncenter\" src=\"https:\/\/babyslane.com\/wp-content\/uploads\/2021\/01\/Chanceliere-pour-bebe-92-cm-1024x819.jpg\" width=\"600\" height=\"480\" \/><\/p>\n<p>Le col en <strong>fourrure amovible<\/strong> est un plus qui apporte \u00e0 votre enfant un confort chaleureux encore plus grand.<\/p>\n<p>\u00c9quip\u00e9 d&#8217;une fermeture \u00e9clair \u00e0 deux curseur sur tout le tour, la chanceli\u00e8re offre la possibilit\u00e9 de s&#8217;ouvrir rapidement mais permet aussi de r\u00e9guler la temp\u00e9rature des pieds de b\u00e9b\u00e9.<\/p>\n<p><img decoding=\"async\" src=\"https:\/\/cc-west-usa.oss-accelerate.aliyuncs.com\/fc312af2-042a-4f25-9e04-9953ba6402d4.jpg\" \/><\/p>\n<p>Con\u00e7u \u00e0 partir de produits de qualit\u00e9, cette chanceli\u00e8re \u00e0 tous pour nous plaire<\/p>\n<ul>\n<li>Une structure \u00e0 trois couches pour le confort et la chaleur.<\/li>\n<li>Fil\u00e9 Cationic Sydney + coton non-collant respectueux de l&#8217;environnement<\/li>\n<li>Toison de corail double face<\/li>\n<li>R\u00e9sistant au vent et \u00e0 l&#8217;eau.<\/li>\n<li>5 trous de serrure de s\u00e9curit\u00e9 adapt\u00e9s \u00e0 diff\u00e9rents mod\u00e8les.<\/li>\n<li>Disponible en plusieurs colories.<\/li>\n<\/ul>\n<p><img decoding=\"async\" class=\"\" src=\"https:\/\/babyslane.com\/wp-content\/uploads\/2021\/01\/Chanceliere-pour-bebe-colorie-1024x819.jpg\" width=\"660\" height=\"528\" \/><\/p>\n<p>&nbsp;<\/p>\n<p>&nbsp;<\/p>\n<p><strong>Sp\u00e9cification :<\/strong><\/p>\n<p>Tissu : tissu de corail<br \/>\nRemplissage : coton creux<br \/>\nCouleur : disponible en plusieurs coloris.<\/p>\n<p>Taille : 92 x 48 cm<\/p>","protected":false},"excerpt":{"rendered":"<p><strong>Pour affronter le froid b\u00e9b\u00e9 doit \u00eatre bien \u00e9quip\u00e9 !<\/strong><\/p>\n<p>Avec notre chanceli\u00e8re, b\u00e9b\u00e9 profitera d&#8217;un cocon <strong>extr\u00eamement chaleureux<\/strong> pour affront\u00e9 les longs mois d&#8217;hiver.<\/p>\n","protected":false},"featured_media":5073,"comment_status":"open","ping_status":"closed","template":"","meta":[],"product_brand":[],"product_cat":[35],"product_tag":[],"class_list":{"0":"post-2639","1":"product","2":"type-product","3":"status-publish","4":"has-post-thumbnail","6":"product_cat-outing-travel","8":"first","9":"instock","10":"sale","11":"shipping-taxable","12":"purchasable","13":"product-type-variable"},"_links":{"self":[{"href":"https:\/\/babyslane.com\/fr\/wp-json\/wp\/v2\/product\/2639","targetHints":{"allow":["GET"]}}],"collection":[{"href":"https:\/\/babyslane.com\/fr\/wp-json\/wp\/v2\/product"}],"about":[{"href":"https:\/\/babyslane.com\/fr\/wp-json\/wp\/v2\/types\/product"}],"replies":[{"embeddable":true,"href":"https:\/\/babyslane.com\/fr\/wp-json\/wp\/v2\/comments?post=2639"}],"version-history":[{"count":3,"href":"https:\/\/babyslane.com\/fr\/wp-json\/wp\/v2\/product\/2639\/revisions"}],"predecessor-version":[{"id":9176,"href":"https:\/\/babyslane.com\/fr\/wp-json\/wp\/v2\/product\/2639\/revisions\/9176"}],"wp:featuredmedia":[{"embeddable":true,"href":"https:\/\/babyslane.com\/fr\/wp-json\/wp\/v2\/media\/5073"}],"wp:attachment":[{"href":"https:\/\/babyslane.com\/fr\/wp-json\/wp\/v2\/media?parent=2639"}],"wp:term":[{"taxonomy":"product_brand","embeddable":true,"href":"https:\/\/babyslane.com\/fr\/wp-json\/wp\/v2\/product_brand?post=2639"},{"taxonomy":"product_cat","embeddable":true,"href":"https:\/\/babyslane.com\/fr\/wp-json\/wp\/v2\/product_cat?post=2639"},{"taxonomy":"product_tag","embeddable":true,"href":"https:\/\/babyslane.com\/fr\/wp-json\/wp\/v2\/product_tag?post=2639"}],"curies":[{"name":"wp","href":"https:\/\/api.w.org\/{rel}","templated":true}]}}