{"id":563,"date":"2020-12-24T11:31:20","date_gmt":"2020-12-24T10:31:20","guid":{"rendered":"https:\/\/babyslane.com\/produit\/baby-shower-cap\/"},"modified":"2023-01-09T16:14:26","modified_gmt":"2023-01-09T15:14:26","slug":"visiere-de-bain","status":"publish","type":"product","link":"https:\/\/babyslane.com\/fr\/produit\/visiere-de-bain\/","title":{"rendered":"LA VISIERE DE BAIN HIPPO"},"content":{"rendered":"<p>La visi\u00e8re de bain a \u00e9tais invent\u00e9 \u00e0 cette effet, elle <strong>prot\u00e8ge<\/strong> les yeux et les oreilles de b\u00e9b\u00e9 de l&#8217;eau et du savon.<\/p>\n<p><img loading=\"lazy\" decoding=\"async\" class=\"aligncenter\" src=\"https:\/\/babyslane.com\/wp-content\/uploads\/2021\/02\/Visiere-de-bain-pour-proteger-yeux-bebe-Jaune-1024x819.jpg\" width=\"599\" height=\"479\" \/><\/p>\n<p>Le tour de t\u00eate est en caoutchouc extensible<strong> tr\u00e8s r\u00e9sistant<\/strong> et la visi\u00e8re est rigide pour un <strong>maintient s\u00fbr<\/strong>.<\/p>\n<p style=\"text-align: center;\"><strong>Pour que le bain de b\u00e9b\u00e9 soit toujours un\u00a0 jeu d&#8217;enfant !<\/strong><\/p>\n<p>\u00a0 \u00a0 \u00a0 \u00a0 \u00a0 \u00a0 \u00a0 \u00a0 \u00a0 \u00a0 \u00a0 \u00a0 \u00a0 \u00a0<img decoding=\"async\" class=\"\" src=\"https:\/\/sc01.alicdn.com\/kf\/HTB1o92.ezgy_uJjSZPxq6ynNpXaA\/231451619\/HTB1o92.ezgy_uJjSZPxq6ynNpXaA.jpg\" alt=\"Casquette de bain pour enfants, protection oculaire en plastique, ajustable, shampoing, casquette de douche pour b\u00e9b\u00e9\" width=\"330\" height=\"325\" \/> <img decoding=\"async\" class=\"\" src=\"https:\/\/sc01.alicdn.com\/kf\/HTB1jcwlezgy_uJjSZTEq6AYkFXaU\/231451619\/HTB1jcwlezgy_uJjSZTEq6AYkFXaU.jpg_.webp\" alt=\"Casquette de bain pour enfants, protection oculaire en plastique, ajustable, shampoing, casquette de douche pour b\u00e9b\u00e9\" width=\"330\" height=\"338\" \/><\/p>","protected":false},"excerpt":{"rendered":"<p><strong>La visi\u00e8re de bain est l&#8217;accessoire \u00e0 avoir pour \u00e9viter que sa pique les yeux !<\/strong><\/p>\n<p>Quand le savon touche les yeux de b\u00e9b\u00e9 <strong>c&#8217;est la catastrophe<\/strong> ! Il pleure, il crie et vous, <strong>vous paniquez !<\/strong><\/p>\n<p>Mais c&#8217;est sans compter sur l&#8217;accessoire qui peut tout changer.<\/p>\n","protected":false},"featured_media":4842,"comment_status":"open","ping_status":"closed","template":"","meta":[],"product_brand":[],"product_cat":[32,39],"product_tag":[],"class_list":{"0":"post-563","1":"product","2":"type-product","3":"status-publish","4":"has-post-thumbnail","6":"product_cat-baby-care","7":"product_cat-new-arrivals","9":"first","10":"instock","11":"sale","12":"shipping-taxable","13":"purchasable","14":"product-type-variable"},"_links":{"self":[{"href":"https:\/\/babyslane.com\/fr\/wp-json\/wp\/v2\/product\/563","targetHints":{"allow":["GET"]}}],"collection":[{"href":"https:\/\/babyslane.com\/fr\/wp-json\/wp\/v2\/product"}],"about":[{"href":"https:\/\/babyslane.com\/fr\/wp-json\/wp\/v2\/types\/product"}],"replies":[{"embeddable":true,"href":"https:\/\/babyslane.com\/fr\/wp-json\/wp\/v2\/comments?post=563"}],"version-history":[{"count":1,"href":"https:\/\/babyslane.com\/fr\/wp-json\/wp\/v2\/product\/563\/revisions"}],"predecessor-version":[{"id":8022,"href":"https:\/\/babyslane.com\/fr\/wp-json\/wp\/v2\/product\/563\/revisions\/8022"}],"wp:featuredmedia":[{"embeddable":true,"href":"https:\/\/babyslane.com\/fr\/wp-json\/wp\/v2\/media\/4842"}],"wp:attachment":[{"href":"https:\/\/babyslane.com\/fr\/wp-json\/wp\/v2\/media?parent=563"}],"wp:term":[{"taxonomy":"product_brand","embeddable":true,"href":"https:\/\/babyslane.com\/fr\/wp-json\/wp\/v2\/product_brand?post=563"},{"taxonomy":"product_cat","embeddable":true,"href":"https:\/\/babyslane.com\/fr\/wp-json\/wp\/v2\/product_cat?post=563"},{"taxonomy":"product_tag","embeddable":true,"href":"https:\/\/babyslane.com\/fr\/wp-json\/wp\/v2\/product_tag?post=563"}],"curies":[{"name":"wp","href":"https:\/\/api.w.org\/{rel}","templated":true}]}}