{"id":5649,"date":"2021-03-17T21:13:30","date_gmt":"2021-03-17T20:13:30","guid":{"rendered":"https:\/\/babyslane.com\/produit\/bebe-mordre-sac-cereales-de-riz-cuillere-complementaires-alimentaire-alimentation-cuillere-portable-riz-cereales-bouteille\/"},"modified":"2022-11-09T21:36:23","modified_gmt":"2022-11-09T20:36:23","slug":"baby-feeding-bottle-spoon-fruit-pacifier","status":"publish","type":"product","link":"https:\/\/babyslane.com\/fr\/produit\/baby-feeding-bottle-spoon-fruit-pacifier\/","title":{"rendered":"BIBERON A CUILLERE &#038; TETINE A FRUIT POUR BEBE 2 EN 1"},"content":{"rendered":"<p><img fetchpriority=\"high\" decoding=\"async\" class=\"wp-image-7269 aligncenter\" src=\"https:\/\/babyslane.com\/wp-content\/uploads\/2021\/03\/Botol-Susu-Bayi-Dot-Bayi-Silikon-Pasta-Nasi-Sereal-Makan-Botol-Peras-Sendok-Pengumpan-untuk-Peralatan.jpg_Q90.jpg_-2-Copy.webp\" alt=\"\" width=\"760\" height=\"760\" srcset=\"https:\/\/babyslane.com\/wp-content\/uploads\/2021\/03\/Botol-Susu-Bayi-Dot-Bayi-Silikon-Pasta-Nasi-Sereal-Makan-Botol-Peras-Sendok-Pengumpan-untuk-Peralatan.jpg_Q90.jpg_-2-Copy.webp 1000w, https:\/\/babyslane.com\/wp-content\/uploads\/2021\/03\/Botol-Susu-Bayi-Dot-Bayi-Silikon-Pasta-Nasi-Sereal-Makan-Botol-Peras-Sendok-Pengumpan-untuk-Peralatan.jpg_Q90.jpg_-2-Copy-300x300.webp 300w, https:\/\/babyslane.com\/wp-content\/uploads\/2021\/03\/Botol-Susu-Bayi-Dot-Bayi-Silikon-Pasta-Nasi-Sereal-Makan-Botol-Peras-Sendok-Pengumpan-untuk-Peralatan.jpg_Q90.jpg_-2-Copy-150x150.webp 150w, https:\/\/babyslane.com\/wp-content\/uploads\/2021\/03\/Botol-Susu-Bayi-Dot-Bayi-Silikon-Pasta-Nasi-Sereal-Makan-Botol-Peras-Sendok-Pengumpan-untuk-Peralatan.jpg_Q90.jpg_-2-Copy-768x768.webp 768w, https:\/\/babyslane.com\/wp-content\/uploads\/2021\/03\/Botol-Susu-Bayi-Dot-Bayi-Silikon-Pasta-Nasi-Sereal-Makan-Botol-Peras-Sendok-Pengumpan-untuk-Peralatan.jpg_Q90.jpg_-2-Copy-600x600.webp 600w, https:\/\/babyslane.com\/wp-content\/uploads\/2021\/03\/Botol-Susu-Bayi-Dot-Bayi-Silikon-Pasta-Nasi-Sereal-Makan-Botol-Peras-Sendok-Pengumpan-untuk-Peralatan.jpg_Q90.jpg_-2-Copy-100x100.webp 100w\" sizes=\"(max-width: 760px) 100vw, 760px\" \/><\/p>\n<h3>Le meilleur et le plus s\u00fbr moyen pour nourrir b\u00e9b\u00e9<\/h3>\n<p>Nourrir b\u00e9b\u00e9 n&#8217;a jamais \u00e9t\u00e9 aussi facile, agr\u00e9able et pratique o\u00f9 que vous soyez. C&#8217;est la solution pour donner le repas et des fruits \u00e0 votre enfant sans en mettre partout et en toute s\u00e9curit\u00e9 (\u00e9vite le risque d&#8217;ettoufement).<\/p>\n<p style=\"text-align: center;\"><img decoding=\"async\" class=\"alignnone wp-image-5714 \" src=\"https:\/\/babyslane.com\/wp-content\/uploads\/2021\/03\/Sans-titre-2021-03-26T222316.048-1-1024x1024.jpg\" alt=\"Avec son biberon cuill\u00e8re &amp; t\u00e9tine int\u00e9gr\u00e9, b\u00e9b\u00e9 prendra plaisir \u00e0 manger sa pur\u00e9e de fruits ou de l\u00e9gumes tout seul.\" width=\"759\" height=\"759\" srcset=\"https:\/\/babyslane.com\/wp-content\/uploads\/2021\/03\/Sans-titre-2021-03-26T222316.048-1-1024x1024.jpg 1024w, https:\/\/babyslane.com\/wp-content\/uploads\/2021\/03\/Sans-titre-2021-03-26T222316.048-1-300x300.jpg 300w, https:\/\/babyslane.com\/wp-content\/uploads\/2021\/03\/Sans-titre-2021-03-26T222316.048-1-150x150.jpg 150w, https:\/\/babyslane.com\/wp-content\/uploads\/2021\/03\/Sans-titre-2021-03-26T222316.048-1-768x768.jpg 768w, https:\/\/babyslane.com\/wp-content\/uploads\/2021\/03\/Sans-titre-2021-03-26T222316.048-1-600x600.jpg 600w, https:\/\/babyslane.com\/wp-content\/uploads\/2021\/03\/Sans-titre-2021-03-26T222316.048-1-100x100.jpg 100w, https:\/\/babyslane.com\/wp-content\/uploads\/2021\/03\/Sans-titre-2021-03-26T222316.048-1.jpg 1080w\" sizes=\"(max-width: 759px) 100vw, 759px\" \/><\/p>\n<h3><strong>Le biberon multifonctions anti-salissant pour les sorties et les voyages<\/strong><\/h3>\n<p>Pour le repas de b\u00e9b\u00e9, son dessert ou son petit go\u00fbter, le biberon cuill\u00e8re &amp; t\u00e9tine \u00e0 fruit est id\u00e9al pour \u00eatre utilis\u00e9 partout et en toutes circonstances.<\/p>\n<p>A la maison, en sortie ou en voyage, son c\u00f4t\u00e9 pratique , sa petite taille et sa forme allong\u00e9e le rende indispensable et non encombrant. Vous n&#8217;avez qu&#8217;a le glisser dans votre sac \u00e0 main et vous en servir lorsque votre bout de choux a faim. Etanche, le couvercle de protection emp\u00eache les aliments de fuir.<\/p>\n<p style=\"text-align: center;\"><img decoding=\"async\" class=\"alignnone wp-image-5709 size-full\" src=\"https:\/\/babyslane.com\/wp-content\/uploads\/2021\/03\/Baby-portable-bottle-feeding-spoon-fruit-pacifier-biberon-portable-cuillere-et-tetine-a-fruit.jpg\" alt=\"\" width=\"760\" height=\"760\" srcset=\"https:\/\/babyslane.com\/wp-content\/uploads\/2021\/03\/Baby-portable-bottle-feeding-spoon-fruit-pacifier-biberon-portable-cuillere-et-tetine-a-fruit.jpg 760w, https:\/\/babyslane.com\/wp-content\/uploads\/2021\/03\/Baby-portable-bottle-feeding-spoon-fruit-pacifier-biberon-portable-cuillere-et-tetine-a-fruit-300x300.jpg 300w, https:\/\/babyslane.com\/wp-content\/uploads\/2021\/03\/Baby-portable-bottle-feeding-spoon-fruit-pacifier-biberon-portable-cuillere-et-tetine-a-fruit-150x150.jpg 150w, https:\/\/babyslane.com\/wp-content\/uploads\/2021\/03\/Baby-portable-bottle-feeding-spoon-fruit-pacifier-biberon-portable-cuillere-et-tetine-a-fruit-600x600.jpg 600w, https:\/\/babyslane.com\/wp-content\/uploads\/2021\/03\/Baby-portable-bottle-feeding-spoon-fruit-pacifier-biberon-portable-cuillere-et-tetine-a-fruit-100x100.jpg 100w\" sizes=\"(max-width: 760px) 100vw, 760px\" \/><\/p>\n<h3><b>Une transition Biberon &#8211; Cuill\u00e8re plus facile<\/b><\/h3>\n<p>Si votre b\u00e9b\u00e9 a du mal \u00e0 s&#8217;adapter \u00e0 sa nouvelle fa\u00e7on de manger, notre biberon avec cuill\u00e8re &amp; t\u00e9tine \u00e0 fruit permet de faire la transition du biberon \u00e0 la cuill\u00e8re avec votre enfant en toute simplicit\u00e9 et l\u2019introduction aux aliments solides en toute s\u00e9r\u00e9nit\u00e9.<\/p>\n<p>Muni d&#8217;un embout cuill\u00e8re et de 3 embouts t\u00e9tines \u00e0 fruit en silicone flexible et doux, notre biberon 2 en 1 aidera b\u00e9b\u00e9 \u00e0 s&#8217;habituer rapidement \u00e0 la diversification.<\/p>\n<p style=\"text-align: center;\"><img loading=\"lazy\" decoding=\"async\" class=\"aligncenter\" src=\"https:\/\/babyslane.com\/wp-content\/uploads\/2021\/03\/Sans-titre-2021-03-22T162755.455-1-1024x819.jpg\" width=\"660\" height=\"528\" \/><\/p>\n<h3><strong>Aide b\u00e9b\u00e9 \u00e0 apprendre \u00e0 manger seul<\/strong><\/h3>\n<p>Apprendre \u00e0 manger seul n&#8217;a jamais \u00e9t\u00e9 aussi agr\u00e9able pour bebe.\u00a0 Avec son biberon cuill\u00e8re &amp; t\u00e9tine int\u00e9gr\u00e9, b\u00e9b\u00e9 prendra plaisir \u00e0 manger sa pur\u00e9e de fruits ou de l\u00e9gumes tout seul.<br \/>\n<strong>Sa forme ergonomique est parfaitement adapt\u00e9e \u00e0 ses petites mains et sa petite bouche.<\/strong><\/p>\n<h3><img loading=\"lazy\" decoding=\"async\" class=\"alignnone wp-image-5713 \" src=\"https:\/\/babyslane.com\/wp-content\/uploads\/2021\/03\/Sans-titre-2021-03-26T222040.095-1-e1652846310425.jpg\" alt=\"Avec son biberon cuill\u00e8re &amp; t\u00e9tine int\u00e9gr\u00e9, b\u00e9b\u00e9 prendra plaisir \u00e0 manger sa pur\u00e9e de fruits ou de l\u00e9gumes tout seul.\" width=\"812\" height=\"864\" srcset=\"https:\/\/babyslane.com\/wp-content\/uploads\/2021\/03\/Sans-titre-2021-03-26T222040.095-1-e1652846310425.jpg 928w, https:\/\/babyslane.com\/wp-content\/uploads\/2021\/03\/Sans-titre-2021-03-26T222040.095-1-e1652846310425-282x300.jpg 282w, https:\/\/babyslane.com\/wp-content\/uploads\/2021\/03\/Sans-titre-2021-03-26T222040.095-1-e1652846310425-768x818.jpg 768w, https:\/\/babyslane.com\/wp-content\/uploads\/2021\/03\/Sans-titre-2021-03-26T222040.095-1-e1652846310425-600x639.jpg 600w\" sizes=\"(max-width: 812px) 100vw, 812px\" \/><\/h3>\n<h3><b>Un biberon avec 2 fonctionnalit\u00e9s<br \/>\n<\/b><\/h3>\n<p>Utilisez l&#8217;embout cuill\u00e8re pour donner \u00e0 b\u00e9b\u00e9 sa pur\u00e9e de l\u00e9gumes ou ces c\u00e9r\u00e9ales et 1 des embouts t\u00e9tine \u00e0 fruit pour y placer son dessert, les morceaux ou la pur\u00e9e de fruit.<\/p>\n<p style=\"text-align: center;\"><img loading=\"lazy\" decoding=\"async\" class=\"wp-image-7270 aligncenter\" src=\"https:\/\/babyslane.com\/wp-content\/uploads\/2021\/03\/Botol-Susu-Bayi-Dot-Bayi-Silikon-Pasta-Nasi-Sereal-Makan-Botol-Peras-Sendok-Pengumpan-untuk-Peralatan.jpg_Q90.jpg_-1-Copy.webp\" alt=\"\" width=\"760\" height=\"760\" srcset=\"https:\/\/babyslane.com\/wp-content\/uploads\/2021\/03\/Botol-Susu-Bayi-Dot-Bayi-Silikon-Pasta-Nasi-Sereal-Makan-Botol-Peras-Sendok-Pengumpan-untuk-Peralatan.jpg_Q90.jpg_-1-Copy.webp 1000w, https:\/\/babyslane.com\/wp-content\/uploads\/2021\/03\/Botol-Susu-Bayi-Dot-Bayi-Silikon-Pasta-Nasi-Sereal-Makan-Botol-Peras-Sendok-Pengumpan-untuk-Peralatan.jpg_Q90.jpg_-1-Copy-300x300.webp 300w, https:\/\/babyslane.com\/wp-content\/uploads\/2021\/03\/Botol-Susu-Bayi-Dot-Bayi-Silikon-Pasta-Nasi-Sereal-Makan-Botol-Peras-Sendok-Pengumpan-untuk-Peralatan.jpg_Q90.jpg_-1-Copy-150x150.webp 150w, https:\/\/babyslane.com\/wp-content\/uploads\/2021\/03\/Botol-Susu-Bayi-Dot-Bayi-Silikon-Pasta-Nasi-Sereal-Makan-Botol-Peras-Sendok-Pengumpan-untuk-Peralatan.jpg_Q90.jpg_-1-Copy-768x768.webp 768w, https:\/\/babyslane.com\/wp-content\/uploads\/2021\/03\/Botol-Susu-Bayi-Dot-Bayi-Silikon-Pasta-Nasi-Sereal-Makan-Botol-Peras-Sendok-Pengumpan-untuk-Peralatan.jpg_Q90.jpg_-1-Copy-600x600.webp 600w, https:\/\/babyslane.com\/wp-content\/uploads\/2021\/03\/Botol-Susu-Bayi-Dot-Bayi-Silikon-Pasta-Nasi-Sereal-Makan-Botol-Peras-Sendok-Pengumpan-untuk-Peralatan.jpg_Q90.jpg_-1-Copy-100x100.webp 100w\" sizes=\"(max-width: 760px) 100vw, 760px\" \/><\/p>\n<h3><strong>Pratique, innovant et facile \u00e0 utiliser<\/strong><\/h3>\n<p>Donnez le repas \u00e0 votre b\u00e9b\u00e9 d&#8217;une seule main avec notre biberon 2 en 1, il vous suffit de presser le r\u00e9servoir qui contient la nourriture pour faire sortir la pur\u00e9e dans la cuill\u00e8re ou la t\u00e9tine.<\/p>\n<p style=\"text-align: center;\"><img loading=\"lazy\" decoding=\"async\" class=\"aligncenter wp-image-7271 \" src=\"https:\/\/babyslane.com\/wp-content\/uploads\/2021\/03\/Botol-Susu-Bayi-Dot-Bayi-Silikon-Pasta-Nasi-Sereal-Makan-Botol-Peras-Sendok-Pengumpan-untuk-Peralatan.jpg_Q90.jpg_-Copy.webp\" alt=\"\" width=\"760\" height=\"760\" srcset=\"https:\/\/babyslane.com\/wp-content\/uploads\/2021\/03\/Botol-Susu-Bayi-Dot-Bayi-Silikon-Pasta-Nasi-Sereal-Makan-Botol-Peras-Sendok-Pengumpan-untuk-Peralatan.jpg_Q90.jpg_-Copy.webp 1000w, https:\/\/babyslane.com\/wp-content\/uploads\/2021\/03\/Botol-Susu-Bayi-Dot-Bayi-Silikon-Pasta-Nasi-Sereal-Makan-Botol-Peras-Sendok-Pengumpan-untuk-Peralatan.jpg_Q90.jpg_-Copy-300x300.webp 300w, https:\/\/babyslane.com\/wp-content\/uploads\/2021\/03\/Botol-Susu-Bayi-Dot-Bayi-Silikon-Pasta-Nasi-Sereal-Makan-Botol-Peras-Sendok-Pengumpan-untuk-Peralatan.jpg_Q90.jpg_-Copy-150x150.webp 150w, https:\/\/babyslane.com\/wp-content\/uploads\/2021\/03\/Botol-Susu-Bayi-Dot-Bayi-Silikon-Pasta-Nasi-Sereal-Makan-Botol-Peras-Sendok-Pengumpan-untuk-Peralatan.jpg_Q90.jpg_-Copy-768x768.webp 768w, https:\/\/babyslane.com\/wp-content\/uploads\/2021\/03\/Botol-Susu-Bayi-Dot-Bayi-Silikon-Pasta-Nasi-Sereal-Makan-Botol-Peras-Sendok-Pengumpan-untuk-Peralatan.jpg_Q90.jpg_-Copy-600x600.webp 600w, https:\/\/babyslane.com\/wp-content\/uploads\/2021\/03\/Botol-Susu-Bayi-Dot-Bayi-Silikon-Pasta-Nasi-Sereal-Makan-Botol-Peras-Sendok-Pengumpan-untuk-Peralatan.jpg_Q90.jpg_-Copy-100x100.webp 100w\" sizes=\"(max-width: 760px) 100vw, 760px\" \/><\/p>\n<h3>Facile d&#8217;utilisation<\/h3>\n<p>Pour le remplir, rien de plus simple. Ouvrez le couvercle et y verser la pur\u00e9e de fruit ou de l\u00e9gumes de b\u00e9b\u00e9, choisissez l&#8217;embout que vous souhaitez utiliser et refermer le biberon.<br \/>\nA pr\u00e9sent \u00e0 vous de choisir: donner son repas \u00e0 b\u00e9b\u00e9 ou\u00a0 le laisser manger seul.<\/p>\n<h3><img loading=\"lazy\" decoding=\"async\" class=\"aligncenter\" src=\"https:\/\/babyslane.com\/wp-content\/uploads\/2021\/03\/Sans-titre-2021-03-22T162719.530-1-1024x819.jpg\" width=\"660\" height=\"528\" \/><\/h3>\n<h3><strong>Sp\u00e9cificit\u00e9s<br \/>\n<\/strong><\/h3>\n<ul>\n<li>Contenance de 40ml .<\/li>\n<li>Possibilit\u00e9 de le laver au lave-vaisselle.<\/li>\n<li>Ne pas mettre au micro-ondes.<\/li>\n<li>Pour les enfants \u00e0 partir de 4 mois.<\/li>\n<li>Mat\u00e9riel: Silicone liquide de qualit\u00e9 alimentaire sans BPA, ni de phtalates ni de PVC<\/li>\n<li>Couleur: Rose, vert, bleu, bronze<\/li>\n<li>Poids net: environ 55g<\/li>\n<li>R\u00e9sistance aux hautes temp\u00e9ratures.<\/li>\n<\/ul>\n<p><\/p>","protected":false},"excerpt":{"rendered":"<p><strong>S\u00fbr et pratique<\/strong>, le biberon cuill\u00e8re &amp; t\u00e9tine \u00e0 fruit est<strong> id\u00e9al pour l&#8217;utiliser partout<\/strong> avec ses 2 fonctions.<\/p>\n<p><strong>Anti-salissant<\/strong> il est id\u00e9al pour la maison, les sorties et les voyages.<\/p>\n","protected":false},"featured_media":5668,"comment_status":"open","ping_status":"closed","template":"","meta":[],"product_brand":[],"product_cat":[36,31,41],"product_tag":[],"class_list":{"0":"post-5649","1":"product","2":"type-product","3":"status-publish","4":"has-post-thumbnail","6":"product_cat-promotions","7":"product_cat-feeding","8":"product_cat-the-best-deals","10":"first","11":"instock","12":"sale","13":"shipping-taxable","14":"purchasable","15":"product-type-variable"},"_links":{"self":[{"href":"https:\/\/babyslane.com\/fr\/wp-json\/wp\/v2\/product\/5649","targetHints":{"allow":["GET"]}}],"collection":[{"href":"https:\/\/babyslane.com\/fr\/wp-json\/wp\/v2\/product"}],"about":[{"href":"https:\/\/babyslane.com\/fr\/wp-json\/wp\/v2\/types\/product"}],"replies":[{"embeddable":true,"href":"https:\/\/babyslane.com\/fr\/wp-json\/wp\/v2\/comments?post=5649"}],"version-history":[{"count":0,"href":"https:\/\/babyslane.com\/fr\/wp-json\/wp\/v2\/product\/5649\/revisions"}],"wp:featuredmedia":[{"embeddable":true,"href":"https:\/\/babyslane.com\/fr\/wp-json\/wp\/v2\/media\/5668"}],"wp:attachment":[{"href":"https:\/\/babyslane.com\/fr\/wp-json\/wp\/v2\/media?parent=5649"}],"wp:term":[{"taxonomy":"product_brand","embeddable":true,"href":"https:\/\/babyslane.com\/fr\/wp-json\/wp\/v2\/product_brand?post=5649"},{"taxonomy":"product_cat","embeddable":true,"href":"https:\/\/babyslane.com\/fr\/wp-json\/wp\/v2\/product_cat?post=5649"},{"taxonomy":"product_tag","embeddable":true,"href":"https:\/\/babyslane.com\/fr\/wp-json\/wp\/v2\/product_tag?post=5649"}],"curies":[{"name":"wp","href":"https:\/\/api.w.org\/{rel}","templated":true}]}}