{"id":5772,"date":"2021-03-31T13:58:26","date_gmt":"2021-03-31T11:58:26","guid":{"rendered":"https:\/\/babyslane.com\/produit\/separate-feeding-bottle-with-wide-caliber-long-straw-freeing-parents-hands\/"},"modified":"2024-08-08T21:16:01","modified_gmt":"2024-08-08T19:16:01","slug":"separate-feeding-bottle-with-wide-caliber-long-straw-freeing-parents-hands","status":"publish","type":"product","link":"https:\/\/babyslane.com\/fr\/produit\/separate-feeding-bottle-with-wide-caliber-long-straw-freeing-parents-hands\/","title":{"rendered":"BIBERON BEBE AUTONOME MAINS-LIBRES ANTI-COLIQUE"},"content":{"rendered":"<p><\/p>\n<p style=\"text-align: center;\"><img loading=\"lazy\" decoding=\"async\" class=\"aligncenter\" src=\"https:\/\/cdn.shopify.com\/s\/files\/1\/2476\/7214\/files\/gif-1_813d8f3c-57ff-4390-bda3-e3a6e19078e7.gif\" alt=\"colobyby Biberon Bebe Main Libre Anti Colique\" width=\"620\" height=\"292\" \/><\/p>\n<h3><strong>Fini les crises de faim de b\u00e9b\u00e9<\/strong><\/h3>\n<p>Imaginez &#8230; B\u00e9b\u00e9 a faim et il pleure pendant que vous \u00eates occup\u00e9e, en promenade, au magasin ou en voiture&#8230; Un moment o\u00f9 vous n&#8217;avez pas le temps de vous arr\u00eater ou que vous ne pouvez pas de le nourrir&#8230;<\/p>\n<p><img loading=\"lazy\" decoding=\"async\" class=\"aligncenter\" src=\"https:\/\/babyslane.com\/wp-content\/uploads\/2021\/05\/Sans-titre-2021-05-02T153200.064-1-1-1024x1024.jpg\" width=\"546\" height=\"546\" \/><\/p>\n<p>Cela serait une situation tr\u00e8s stressante pour vous et b\u00e9b\u00e9 mais pas avec notre <strong>biberon r\u00e9volutionnaire et innovant<\/strong> B\u00e9b\u00e9 Autonome Main Libre.<\/p>\n<h3 style=\"text-align: center;\"><strong><img loading=\"lazy\" decoding=\"async\" class=\"alignnone wp-image-7237 \" src=\"https:\/\/babyslane.com\/wp-content\/uploads\/2021\/03\/bibo-Copy-1.webp\" alt=\"\" width=\"759\" height=\"759\" srcset=\"https:\/\/babyslane.com\/wp-content\/uploads\/2021\/03\/bibo-Copy-1.webp 800w, https:\/\/babyslane.com\/wp-content\/uploads\/2021\/03\/bibo-Copy-1-300x300.webp 300w, https:\/\/babyslane.com\/wp-content\/uploads\/2021\/03\/bibo-Copy-1-150x150.webp 150w, https:\/\/babyslane.com\/wp-content\/uploads\/2021\/03\/bibo-Copy-1-768x768.webp 768w, https:\/\/babyslane.com\/wp-content\/uploads\/2021\/03\/bibo-Copy-1-600x600.webp 600w, https:\/\/babyslane.com\/wp-content\/uploads\/2021\/03\/bibo-Copy-1-100x100.webp 100w\" sizes=\"(max-width: 759px) 100vw, 759px\" \/><\/strong><\/h3>\n<h3><strong>Nourrissez votre enfant d\u00e8s qu&#8217;il le r\u00e9clame<\/strong><\/h3>\n<p>Donner la partie t\u00e9tine d\u00e9tach\u00e9e du biberon pour que b\u00e9b\u00e9 se nourrisse seul et de fa\u00e7on totalement autonome, tout en ayant les mains totalement libre.\u00a0 Vous pouvez continuez vos t\u00e2ches en ayant r\u00e9pondu au besoin de votre bout de chou.<\/p>\n<p>En voyage, en promenade ou en voiture, plus besoin de faire de pause pour nourrir b\u00e9b\u00e9 avec notre biberon B\u00e9b\u00e9 autonome main libre.<\/p>\n<p style=\"text-align: center;\"><img loading=\"lazy\" decoding=\"async\" class=\"alignnone wp-image-7227 \" src=\"https:\/\/babyslane.com\/wp-content\/uploads\/2021\/03\/biboj.jpg\" alt=\"\" width=\"755\" height=\"755\" srcset=\"https:\/\/babyslane.com\/wp-content\/uploads\/2021\/03\/biboj.jpg 800w, https:\/\/babyslane.com\/wp-content\/uploads\/2021\/03\/biboj-300x300.jpg 300w, https:\/\/babyslane.com\/wp-content\/uploads\/2021\/03\/biboj-150x150.jpg 150w, https:\/\/babyslane.com\/wp-content\/uploads\/2021\/03\/biboj-768x768.jpg 768w, https:\/\/babyslane.com\/wp-content\/uploads\/2021\/03\/biboj-600x600.jpg 600w, https:\/\/babyslane.com\/wp-content\/uploads\/2021\/03\/biboj-100x100.jpg 100w\" sizes=\"(max-width: 755px) 100vw, 755px\" \/><\/p>\n<h3><strong>Un b\u00e9b\u00e9 plus calme et plus serein<\/strong><\/h3>\n<p>C&#8217;est le biberon id\u00e9al pour tout les parents qui souhaitent <strong>offrir le meilleur \u00e0 leur b\u00e9b\u00e9<\/strong>. Que vous soyez occup\u00e9, d\u00e9bord\u00e9 ou fatigu\u00e9, vous pouvez nourrir b\u00e9b\u00e9 lorsqu&#8217;il a faim, en toute circonstances sans retarder son repas. Ce qui \u00e9vite le stress de b\u00e9b\u00e9 et lui apporte un r\u00e9el apaisement et le rassure.<\/p>\n<p style=\"text-align: center;\"><img loading=\"lazy\" decoding=\"async\" class=\"aligncenter\" src=\"https:\/\/babyslane.com\/wp-content\/uploads\/2021\/05\/Sans-titre-2021-05-01T170817.401-1024x1024.jpg\" width=\"684\" height=\"684\" \/><\/p>\n<h3><strong> Prise en main Facile<\/strong><\/h3>\n<p>Le design de l&#8217;embout t\u00e9tine est con\u00e7u pour s&#8217;<strong>adapter parfaitement aux petites mains de b\u00e9b\u00e9<\/strong> et pour pouvoir le poser sans salir la t\u00e9tine.<\/p>\n<p style=\"text-align: center;\"><img loading=\"lazy\" decoding=\"async\" class=\"alignnone wp-image-7242 size-full\" src=\"https:\/\/babyslane.com\/wp-content\/uploads\/2021\/03\/bibor-e1652941252628.webp\" alt=\"\" width=\"750\" height=\"460\" srcset=\"https:\/\/babyslane.com\/wp-content\/uploads\/2021\/03\/bibor-e1652941252628.webp 750w, https:\/\/babyslane.com\/wp-content\/uploads\/2021\/03\/bibor-e1652941252628-300x184.webp 300w, https:\/\/babyslane.com\/wp-content\/uploads\/2021\/03\/bibor-e1652941252628-600x368.webp 600w\" sizes=\"(max-width: 750px) 100vw, 750px\" \/><\/p>\n<h3 style=\"text-align: left;\">Utilisable partout<\/h3>\n<p>A la maison, dans le porte-b\u00e9b\u00e9, dans le si\u00e8ge-auto et m\u00eame dans la poussette pendant votre promenade, votre shopping et dans les transports en commun.<\/p>\n<p><img loading=\"lazy\" decoding=\"async\" class=\"aligncenter\" src=\"https:\/\/babyslane.com\/wp-content\/uploads\/2021\/05\/Sans-titre-2021-05-01T174505.192-1-1024x1024.jpg\" width=\"675\" height=\"675\" \/><\/p>\n<h3><strong>Anti-Coliques et anti-gaz<\/strong><\/h3>\n<p>Super pratique et indispensable pour la vie de tout les jours et les voyages et sorties, notre biberon est dot\u00e9 de la technologie <strong><em>AirProof\u00a9<\/em><\/strong> qui emp\u00eache l&#8217;air de p\u00e9n\u00e9trer dans le r\u00e9servoir, ce qui aide votre enfant \u00e0 ing\u00e9rer <strong>99,8% des nutriments du lait<\/strong>, tout en <strong>\u00e9liminant les gaz et \u00e9vitant les coliques<\/strong>.<\/p>\n<h3><strong><img loading=\"lazy\" decoding=\"async\" class=\"aligncenter\" src=\"https:\/\/babyslane.com\/wp-content\/uploads\/2021\/05\/Sans-titre-2021-05-01T175348.194-1-1024x1024.jpg\" width=\"662\" height=\"662\" \/><\/strong><\/h3>\n<h3><strong>B\u00e9b\u00e9 se nourrit \u00e0 son rythme et selon ses besoins pour \u00e9viter les reflux<br \/>\n<\/strong><\/h3>\n<p>Laissez b\u00e9b\u00e9 se nourrir \u00e0 son rythme avec le <strong>biberon b\u00e9b\u00e9 autonome<\/strong>,de cette fa\u00e7on votre enfant ing\u00e8re la quantit\u00e9 de liquide qu&#8217;il souhaite, sans trop boire. Il en r\u00e9sulte moins de douleurs \u00e0 l&#8217;estomac car selon certaines <a title=\"etude colique nourisson\" href=\"https:\/\/grandir.app\/colique-du-nourrisson\/\" target=\"_blank\" rel=\"noopener\">\u00e9tudes<\/a> la\u00a0 majorit\u00e9 des <strong>probl\u00e8mes digestifs<\/strong> chez les nourrissons sont dus \u00e0 une <strong>suralimentation<\/strong> ou \u00e0 une <strong>sous-alimentation.<\/strong><\/p>\n<p style=\"text-align: center;\"><img loading=\"lazy\" decoding=\"async\" class=\"alignnone wp-image-7245 size-full\" src=\"https:\/\/babyslane.com\/wp-content\/uploads\/2021\/03\/biberon-autonome-mains-libre.webp\" alt=\"\" width=\"569\" height=\"600\" srcset=\"https:\/\/babyslane.com\/wp-content\/uploads\/2021\/03\/biberon-autonome-mains-libre.webp 569w, https:\/\/babyslane.com\/wp-content\/uploads\/2021\/03\/biberon-autonome-mains-libre-285x300.webp 285w\" sizes=\"(max-width: 569px) 100vw, 569px\" \/><\/p>\n<h3><strong>\u00a0Con\u00e7u pour imiter l&#8217;allaitement naturel et faciliter la transition sein &#8211; biberon <\/strong><\/h3>\n<p><span class=\"VIiyi\" lang=\"fr\"><span class=\"JLqJ4b ChMk0b\" data-language-for-alternatives=\"fr\" data-language-to-translate-into=\"en\" data-phrase-index=\"0\">Le design de la t\u00e9tine est con\u00e7ue pour imiter l&#8217;allaitement maternel naturel, ce qui rassure b\u00e9b\u00e9 et le r\u00e9conforte. Il est parfait pour les m\u00e8res qui souhaitent allaiter leur enfant au biberon ou pour les b\u00e9b\u00e9s qui font la transition de l&#8217;allaitement naturel vers le biberon.<\/span> <span class=\"JLqJ4b ChMk0b\" data-language-for-alternatives=\"fr\" data-language-to-translate-into=\"en\" data-phrase-index=\"1\">La t\u00e9tine souple imitant le sein de maman favorise le confort pendant la prise du biberon et r\u00e9duit les \u00e9claboussures pendant l&#8217;allaitement.<\/span><\/span><\/p>\n<p style=\"text-align: center;\"><img loading=\"lazy\" decoding=\"async\" class=\"alignnone wp-image-7246 \" src=\"https:\/\/babyslane.com\/wp-content\/uploads\/2021\/03\/doctor-1024x768.jpeg\" alt=\"\" width=\"518\" height=\"388\" srcset=\"https:\/\/babyslane.com\/wp-content\/uploads\/2021\/03\/doctor-1024x768.jpeg 1024w, https:\/\/babyslane.com\/wp-content\/uploads\/2021\/03\/doctor-300x225.jpeg 300w, https:\/\/babyslane.com\/wp-content\/uploads\/2021\/03\/doctor-768x576.jpeg 768w, https:\/\/babyslane.com\/wp-content\/uploads\/2021\/03\/doctor-600x450.jpeg 600w, https:\/\/babyslane.com\/wp-content\/uploads\/2021\/03\/doctor.jpeg 1200w\" sizes=\"(max-width: 518px) 100vw, 518px\" \/><\/p>\n<h3><strong>Approuv\u00e9 par les p\u00e9diatre<\/strong><\/h3>\n<p>La conception d&#8217;auto-alimentation du biberon a \u00e9t\u00e9 recommand\u00e9e par les meilleurs p\u00e9diatres du monde entier! Alors d\u00e9couvrez d\u00e8s maintenant pourquoi les parents l&#8217;aiment tant, les p\u00e9diatres le recommandent et les enfants y sont tant attach\u00e9s.<\/p>\n<p><strong>Attention: Ne jamais laisser b\u00e9b\u00e9 seul. Il doit toujours \u00eatre sous la surveillance d&#8217;un adulte lorsqu&#8217;il prend son biberon pour \u00e9viter tout accident.<\/strong><\/p>\n<p>Caract\u00e9ristiques:<\/p>\n<p>Mat\u00e9riel: 100% silicone SANS BPA<br \/>\nTaille: 250ml<br \/>\nGenre: unisexe<br \/>\nLavable: Oui<br \/>\nMicro-ondes: Oui<\/p>\n<p>&nbsp;<\/p>","protected":false},"excerpt":{"rendered":"<p><strong>Le Biberon innovant qui facilite la vie!<\/strong><\/p>\n<p><span class=\"VIiyi\" lang=\"fr\"><span class=\"JLqJ4b ChMk0b\" data-language-for-alternatives=\"fr\" data-language-to-translate-into=\"en\" data-phrase-index=\"0\">Pour les parents occup\u00e9s ou en d\u00e9placement. <\/span><span class=\"JLqJ4b ChMk0b\" data-language-for-alternatives=\"fr\" data-language-to-translate-into=\"en\" data-phrase-index=\"1\">Id\u00e9al pour nourrir b\u00e9b\u00e9 \u00e0 tout moment et partout en ayant les mains libres.<br \/>\n<\/span><\/span><\/p>\n","protected":false},"featured_media":5764,"comment_status":"open","ping_status":"closed","template":"","meta":[],"product_brand":[],"product_cat":[37,217,31],"product_tag":[],"class_list":{"0":"post-5772","1":"product","2":"type-product","3":"status-publish","4":"has-post-thumbnail","6":"product_cat-everyday-baby-essentials","7":"product_cat-baby-bottles","8":"product_cat-feeding","9":"product_shipping_class-livraison-gratuite","11":"first","12":"instock","13":"sale","14":"shipping-taxable","15":"purchasable","16":"product-type-variable"},"_links":{"self":[{"href":"https:\/\/babyslane.com\/fr\/wp-json\/wp\/v2\/product\/5772","targetHints":{"allow":["GET"]}}],"collection":[{"href":"https:\/\/babyslane.com\/fr\/wp-json\/wp\/v2\/product"}],"about":[{"href":"https:\/\/babyslane.com\/fr\/wp-json\/wp\/v2\/types\/product"}],"replies":[{"embeddable":true,"href":"https:\/\/babyslane.com\/fr\/wp-json\/wp\/v2\/comments?post=5772"}],"version-history":[{"count":2,"href":"https:\/\/babyslane.com\/fr\/wp-json\/wp\/v2\/product\/5772\/revisions"}],"predecessor-version":[{"id":8095,"href":"https:\/\/babyslane.com\/fr\/wp-json\/wp\/v2\/product\/5772\/revisions\/8095"}],"wp:featuredmedia":[{"embeddable":true,"href":"https:\/\/babyslane.com\/fr\/wp-json\/wp\/v2\/media\/5764"}],"wp:attachment":[{"href":"https:\/\/babyslane.com\/fr\/wp-json\/wp\/v2\/media?parent=5772"}],"wp:term":[{"taxonomy":"product_brand","embeddable":true,"href":"https:\/\/babyslane.com\/fr\/wp-json\/wp\/v2\/product_brand?post=5772"},{"taxonomy":"product_cat","embeddable":true,"href":"https:\/\/babyslane.com\/fr\/wp-json\/wp\/v2\/product_cat?post=5772"},{"taxonomy":"product_tag","embeddable":true,"href":"https:\/\/babyslane.com\/fr\/wp-json\/wp\/v2\/product_tag?post=5772"}],"curies":[{"name":"wp","href":"https:\/\/api.w.org\/{rel}","templated":true}]}}