{"id":5831,"date":"2021-04-06T14:18:52","date_gmt":"2021-04-06T12:18:52","guid":{"rendered":"https:\/\/babyslane.com\/?post_type=product&#038;p=5831"},"modified":"2022-05-08T18:49:36","modified_gmt":"2022-05-08T16:49:36","slug":"tetine-grignoteuse-fruit-pastel","status":"publish","type":"product","link":"https:\/\/babyslane.com\/fr\/produit\/tetine-grignoteuse-fruit-pastel\/","title":{"rendered":"TETINE GRIGNOTEUSE FRUIT PASTEL"},"content":{"rendered":"<p><span style=\"vertical-align: inherit;\"><span style=\"vertical-align: inherit;\">Vous souhaitez ajouter les fruits dans l&#8217;alimentation de b\u00e9b\u00e9 sans craindre qu&#8217;il ne s&#8217;\u00e9touffe? C&#8217;est possible avec notre t\u00e9tine grignoteuse de fruits 2 en 1.<\/span><\/span><\/p>\n<p><iframe title=\"YouTube video player\" src=\"https:\/\/www.youtube.com\/embed\/X6NxRYhXe7w\" width=\"560\" height=\"315\" frameborder=\"0\" allowfullscreen=\"allowfullscreen\"><\/iframe><\/p>\n<p><span style=\"vertical-align: inherit;\"><span style=\"vertical-align: inherit;\">Il est vrai qu&#8217;il peut \u00eatre tr\u00e8s difficile de donner des fruits \u00e0 b\u00e9b\u00e9 quand il est tout petit, car les morceaux pourraient vite se coincer dans sa gorge et l&#8217;\u00e9touffer.<\/span><\/span><\/p>\n<p><span style=\"vertical-align: inherit;\"><span style=\"vertical-align: inherit;\">Notre t\u00e9tine grignotage de fruits a \u00e9t\u00e9 con\u00e7u pour que b\u00e9b\u00e9 ne se prive d&#8217;aucun apports nutritionnels ni de plaisirs gustatifs. <\/span><span style=\"vertical-align: inherit;\">Il pourra gr\u00e2ce \u00e0 elle go\u00fbter aux fruits de toutes les couleurs, toutes les tailles, toutes les textures et cela en toute s\u00e9curit\u00e9.<\/span><\/span><\/p>\n<p style=\"text-align: center;\"><img decoding=\"async\" class=\"aligncenter\" src=\"https:\/\/babyslane.com\/wp-content\/uploads\/2021\/03\/Sans-titre-2021-03-29T180945.931-1-300x240.jpg\" alt=\"\" \/><\/p>\n<p><span style=\"vertical-align: inherit;\"><span style=\"vertical-align: inherit;\">Pour cela, il suffit d&#8217;ins\u00e9rer un morceau de fruit d\u00e9coup\u00e9 dans la t\u00e9tine et b\u00e9b\u00e9 pourra alors extirper tout le jus, <\/span><span style=\"vertical-align: inherit;\">les nutriments et les saveurs de chacun des fruits et faire exploser son palet gustatif.<\/span><\/span><\/p>\n<p><span style=\"vertical-align: inherit;\"><span style=\"vertical-align: inherit;\">Le plus de notre t\u00e9tine compar\u00e9e \u00e0 celles du march\u00e9: la fonction &#8220;PUSH&#8221; qui permet de pousser les fruits vers l&#8217;embout en tournant la petite molette pour que b\u00e9b\u00e9 profite au maximum du jus des fruits au fur et \u00e0 mesure de la succion.<\/span><\/span><\/p>\n<p><img fetchpriority=\"high\" decoding=\"async\" class=\"\" src=\"https:\/\/babyslane.com\/wp-content\/uploads\/2021\/03\/Shopee_2abc5900df5e5d7d48e3ba666f587562-300x300.jpg\" alt=\"\" width=\"275\" height=\"275\" \/><img decoding=\"async\" class=\"\" src=\"https:\/\/babyslane.com\/wp-content\/uploads\/2021\/03\/Shopee_14bd0b1a6f6a60115c782d503a61f800-300x300.jpg\" alt=\"\" width=\"275\" height=\"275\" \/><\/p>\n<p><span style=\"vertical-align: inherit;\"><span style=\"vertical-align: inherit;\">Sans BPA &#8211; nos t\u00e9tines sont fabriqu\u00e9es \u00e0 partir de silicone alimentaire de haute qualit\u00e9, r\u00e9sistante aux morsures et \u00e0 l&#8217;usure.\u00a0<\/span><\/span><\/p>\n<p><span style=\"vertical-align: inherit;\"><span style=\"vertical-align: inherit;\">Utilisation du 2-EN-1 &#8211; Elle peut \u00eatre utilis\u00e9e \u00e0 la fois en t\u00e9tine et en jouet de dentition que b\u00e9b\u00e9 pourra mordiller lors de ses pouss\u00e9es dentaires.<\/span><\/span><\/p>\n<p><span style=\"vertical-align: inherit;\"><span style=\"vertical-align: inherit;\">Conception unique &#8211; ces t\u00e9tines pour b\u00e9b\u00e9s sont con\u00e7ues pour ne laisser passer que les plus petits morceaux de fruits afin qu\u2019ils ne s\u2019\u00e9touffent pas.\u00a0<\/span><\/span><\/p>\n<p><img decoding=\"async\" class=\"aligncenter\" src=\"https:\/\/babyslane.com\/wp-content\/uploads\/2021\/07\/Sans-titre-2021-07-21T224250.197-1.jpg\" width=\"500\" height=\"500\" \/><\/p>\n<p><span style=\"vertical-align: inherit;\"><span style=\"vertical-align: inherit;\">Il s&#8217;agit d&#8217;un moyen s\u00fbr pour commencer \u00e0 initier votre b\u00e9b\u00e9 aux aliments solides au fur et \u00e0 mesure.<\/span><\/span><\/p>\n<p><span style=\"vertical-align: inherit;\"><span style=\"vertical-align: inherit;\">Entretien: Rapide et facile. <\/span><\/span><\/p>\n<p><span style=\"vertical-align: inherit;\"><span style=\"vertical-align: inherit;\">Vous n&#8217;avez qu&#8217;\u00e0 laver \u00e0 l&#8217;eau chaude savonneuse et les t\u00e2ches disparaissent. <\/span><span style=\"vertical-align: inherit;\">Pour la st\u00e9rilisation il suffit d&#8217;utiliser de l&#8217;eau bouillante jusqu&#8217;\u00e0 100 \u00b0C.<\/span><\/span><\/p>\n<p><img decoding=\"async\" class=\"aligncenter\" src=\"https:\/\/babyslane.com\/wp-content\/uploads\/2021\/03\/Shopee_8a50af0a990c6ac71cef55e60ccf0449-300x300.jpg\" alt=\"\" \/><\/p>\n<p>&nbsp;<\/p>\n<p><strong><span style=\"vertical-align: inherit;\"><span style=\"vertical-align: inherit;\">Caract\u00e9ristiques :<\/span><\/span><\/strong><\/p>\n<ul>\n<li><span style=\"vertical-align: inherit;\"><span style=\"vertical-align: inherit;\">Qualit\u00e9 alimentaire: Mat\u00e9riau PP<\/span><\/span><\/li>\n<li>Ne pas chauffer au micro-onde<\/li>\n<li>Poids: 250g<\/li>\n<\/ul>\n<p><span style=\"vertical-align: inherit;\"><span style=\"vertical-align: inherit;\">Contenu du paquet: 1x t\u00e9tine grignotage avec 3 embouts de taille diff\u00e9rente.<\/span><\/span><\/p>","protected":false},"excerpt":{"rendered":"<p>Le meilleur moyen de faire manger des fruits pleins de vitamines \u00e0 b\u00e9b\u00e9 avec s\u00e9r\u00e9nit\u00e9 et sans risque d&#8217;\u00e9touffement&#8230;<\/p>\n<p>Nous vous pr\u00e9sentons notre T\u00e9tine Grignoteuse de Fruits qui sert aussi de jouet de dentition.<\/p>\n","protected":false},"featured_media":5849,"comment_status":"open","ping_status":"closed","template":"","meta":[],"product_brand":[],"product_cat":[40,31,36],"product_tag":[],"class_list":{"0":"post-5831","1":"product","2":"type-product","3":"status-publish","4":"has-post-thumbnail","6":"product_cat-popular-products","7":"product_cat-feeding","8":"product_cat-promotions","10":"first","11":"instock","12":"sale","13":"shipping-taxable","14":"purchasable","15":"product-type-variable"},"_links":{"self":[{"href":"https:\/\/babyslane.com\/fr\/wp-json\/wp\/v2\/product\/5831","targetHints":{"allow":["GET"]}}],"collection":[{"href":"https:\/\/babyslane.com\/fr\/wp-json\/wp\/v2\/product"}],"about":[{"href":"https:\/\/babyslane.com\/fr\/wp-json\/wp\/v2\/types\/product"}],"replies":[{"embeddable":true,"href":"https:\/\/babyslane.com\/fr\/wp-json\/wp\/v2\/comments?post=5831"}],"version-history":[{"count":0,"href":"https:\/\/babyslane.com\/fr\/wp-json\/wp\/v2\/product\/5831\/revisions"}],"wp:featuredmedia":[{"embeddable":true,"href":"https:\/\/babyslane.com\/fr\/wp-json\/wp\/v2\/media\/5849"}],"wp:attachment":[{"href":"https:\/\/babyslane.com\/fr\/wp-json\/wp\/v2\/media?parent=5831"}],"wp:term":[{"taxonomy":"product_brand","embeddable":true,"href":"https:\/\/babyslane.com\/fr\/wp-json\/wp\/v2\/product_brand?post=5831"},{"taxonomy":"product_cat","embeddable":true,"href":"https:\/\/babyslane.com\/fr\/wp-json\/wp\/v2\/product_cat?post=5831"},{"taxonomy":"product_tag","embeddable":true,"href":"https:\/\/babyslane.com\/fr\/wp-json\/wp\/v2\/product_tag?post=5831"}],"curies":[{"name":"wp","href":"https:\/\/api.w.org\/{rel}","templated":true}]}}