{"id":6072,"date":"2021-07-07T15:31:08","date_gmt":"2021-07-07T13:31:08","guid":{"rendered":"https:\/\/babyslane.com\/produit\/baby-kids-adjustable-car-seat-head-support-head-fixed-sleeping-pillow\/"},"modified":"2022-02-05T15:26:52","modified_gmt":"2022-02-05T14:26:52","slug":"baby-kids-adjustable-car-seat-head-support-head-fixed-sleeping-pillow","status":"publish","type":"product","link":"https:\/\/babyslane.com\/fr\/produit\/baby-kids-adjustable-car-seat-head-support-head-fixed-sleeping-pillow\/","title":{"rendered":"SUPPORT DE TETE POUR ENFANT EN VOITURE"},"content":{"rendered":"<p><strong>Votre enfant s\u2019endort-il pendant vos longs trajets en voiture, lors de vos voyages ou week-end?<\/strong><\/p>\n<p>Vous le regarder se reposer dans <strong>une position inconfortable sans pouvoir l\u2019aide<\/strong>r concr\u00e8tement car si vous le replacer, sa t\u00eate risque de retomber aux moindres mouvements.<\/p>\n<p><strong>Sa t\u00eate tombante, sa nuque courb\u00e9e<\/strong>, votre enfant <strong>se r\u00e9veille avec des douleurs<\/strong> et <strong>ne profite pas d\u2019un sommeil apaisant et r\u00e9parateur.<\/strong><\/p>\n<p><img fetchpriority=\"high\" decoding=\"async\" class=\"aligncenter\" src=\"https:\/\/babyslane.com\/wp-content\/uploads\/2021\/07\/Support-de-tete-pour-enfant-voiture-2.jpg\" width=\"401\" height=\"401\" \/><\/p>\n<p><strong>Pour rem\u00e9dier \u00e0 ce probl\u00e8me,<\/strong> chez Baby\u2019s Lane nous vous avons <strong>trouv\u00e9 la solution<\/strong> : <strong>le support de t\u00eate pour enfant.<\/strong> Sp\u00e9cialement con\u00e7u et invent\u00e9 pour <strong>offrir \u00e0 votre enfant l\u2019occasion de se reposer confortablement<\/strong> en voiture.<\/p>\n<p>Avec ce support, <strong>la t\u00eate de votre enfant est maintenue<\/strong> et ne tombe ni en avant ni sur les c\u00f4t\u00e9s lorsqu&#8217;il s&#8217;endort lors des trajets. Votre enfant est donc assur\u00e9 de <strong>s\u2019endormir facilement<\/strong> et en <strong>toute s\u00e9curit\u00e9<\/strong> dans son si\u00e8ge.<\/p>\n<p style=\"text-align: center;\"><img decoding=\"async\" class=\"aligncenter\" src=\"https:\/\/babyslane.com\/wp-content\/uploads\/2021\/07\/Support-de-tete-pour-enfant-voiture-4.jpg\" width=\"400\" height=\"400\" \/><\/p>\n<p><strong>Fonctionnel et confortable.<\/strong><\/p>\n<p><strong>Fixez le support de t\u00eate \u00e0 n&#8217;importe quel si\u00e8ge auto<\/strong> ou rehausseur de dossier haut, avec des <strong>sangles r\u00e9glables.<\/strong><\/p>\n<p>Lorsque votre enfant est r\u00e9veill\u00e9,<strong> le serre-t\u00eate se remonte facilement sur le dessus de la t\u00eate<\/strong> ce qui lui \u00e9vite d\u2019\u00eatre g\u00ean\u00e9. De plus, <strong>la douceur du coussin<\/strong> offre \u00e0 votre enfant un<strong> confort suppl\u00e9mentaire.<\/strong><\/p>\n<p>Puis <strong>quand votre enfant s&#8217;endort<\/strong>, il vous suffit <strong>de descendre le serre-t\u00eate sur son front<\/strong> et <strong>fini le probl\u00e8me de la t\u00eate tombante.<\/strong><\/p>\n<p><img decoding=\"async\" class=\"aligncenter\" src=\"https:\/\/babyslane.com\/wp-content\/uploads\/2021\/07\/Support-de-tete-pour-enfant-voiture.jpg\" width=\"387\" height=\"387\" \/><\/p>\n<p>Il permet de <strong>soulager la tension du cou<\/strong> pendant les <strong>longs voyages en voiture.<\/strong> C\u2019est un <strong>accessoire efficace et indispensable<\/strong> pour <strong>prot\u00e9ger votre enfant<\/strong> et le faire dormir de mani\u00e8re <strong>confortable.<\/strong><\/p>\n<p><strong>En cas d&#8217;accident de voiture,<\/strong> la sangle frontale fix\u00e9e au moyen de velcro <strong>se d\u00e9tache automatiquement<\/strong> et <strong>permet le mouvement naturel de la t\u00eate.<\/strong><\/p>\n<p><img loading=\"lazy\" decoding=\"async\" class=\"aligncenter\" src=\"https:\/\/babyslane.com\/wp-content\/uploads\/2021\/07\/Support-de-tete-pour-enfant-voiture-5.jpg\" width=\"400\" height=\"400\" \/><\/p>\n<p><strong>Le produit est conforme aux normes de s\u00e9curit\u00e9 internationale<\/strong> et il peut \u00eatre utilis\u00e9 pendant de <strong>nombreuses ann\u00e9es<\/strong> et <strong>pour plusieurs enfants diff\u00e9rents.<\/strong><\/p>\n<p>Le produit est \u00e9quip\u00e9 d&#8217;<strong>une sangle frontale reli\u00e9e par velcro,<\/strong> qui peut \u00eatre<strong> ajust\u00e9e en fonction de la taille de la t\u00eate de l&#8217;enfant.<\/strong><\/p>\n<p style=\"text-align: center;\"><img loading=\"lazy\" decoding=\"async\" class=\"aligncenter\" src=\"https:\/\/babyslane.com\/wp-content\/uploads\/2021\/07\/Support-de-tete-pour-enfant-voiture-6.jpg\" width=\"400\" height=\"400\" \/><\/p>\n<p><strong>Sp\u00e9cification :\u00a0<\/strong><\/p>\n<p>Mat\u00e9riel : coton.<br \/>\nCouleur : bleu, rose gris et noir.<br \/>\nTranche d&#8217;\u00e2ge : 18 mois \u00e0 8 ans.<br \/>\nTaille : 47 x 14 x 7 cm.<\/p>\n<p>1 x support de t\u00eate pour enfant<\/p>\n<p><strong>Couleurs disponibles :<\/strong><\/p>\n<p><img loading=\"lazy\" decoding=\"async\" class=\"aligncenter\" src=\"https:\/\/babyslane.com\/wp-content\/uploads\/2021\/07\/Support-de-tete-pour-enfant-voiture-7.jpg\" width=\"377\" height=\"377\" \/><\/p>\n<p>&nbsp;<\/p>\n<p><\/p>","protected":false},"excerpt":{"rendered":"<p><strong>Fini les positions d\u00e9sagr\u00e9ables<\/strong> pour votre enfants lorsqu&#8217;il <strong>s&#8217;endort la nuque courb\u00e9e en voiture.<\/strong><\/p>\n<p><strong>Le support de t\u00eate<\/strong> favorise <strong>un sommeil confortable et r\u00e9parateur<\/strong> en maintenant <strong>sa t\u00eate droite lors de vos long trajets<\/strong>.<\/p>\n","protected":false},"featured_media":6113,"comment_status":"open","ping_status":"closed","template":"","meta":[],"product_brand":[],"product_cat":[34],"product_tag":[],"class_list":{"0":"post-6072","1":"product","2":"type-product","3":"status-publish","4":"has-post-thumbnail","6":"product_cat-baby-safety","8":"first","9":"instock","10":"sale","11":"shipping-taxable","12":"purchasable","13":"product-type-variable"},"_links":{"self":[{"href":"https:\/\/babyslane.com\/fr\/wp-json\/wp\/v2\/product\/6072","targetHints":{"allow":["GET"]}}],"collection":[{"href":"https:\/\/babyslane.com\/fr\/wp-json\/wp\/v2\/product"}],"about":[{"href":"https:\/\/babyslane.com\/fr\/wp-json\/wp\/v2\/types\/product"}],"replies":[{"embeddable":true,"href":"https:\/\/babyslane.com\/fr\/wp-json\/wp\/v2\/comments?post=6072"}],"version-history":[{"count":0,"href":"https:\/\/babyslane.com\/fr\/wp-json\/wp\/v2\/product\/6072\/revisions"}],"wp:featuredmedia":[{"embeddable":true,"href":"https:\/\/babyslane.com\/fr\/wp-json\/wp\/v2\/media\/6113"}],"wp:attachment":[{"href":"https:\/\/babyslane.com\/fr\/wp-json\/wp\/v2\/media?parent=6072"}],"wp:term":[{"taxonomy":"product_brand","embeddable":true,"href":"https:\/\/babyslane.com\/fr\/wp-json\/wp\/v2\/product_brand?post=6072"},{"taxonomy":"product_cat","embeddable":true,"href":"https:\/\/babyslane.com\/fr\/wp-json\/wp\/v2\/product_cat?post=6072"},{"taxonomy":"product_tag","embeddable":true,"href":"https:\/\/babyslane.com\/fr\/wp-json\/wp\/v2\/product_tag?post=6072"}],"curies":[{"name":"wp","href":"https:\/\/api.w.org\/{rel}","templated":true}]}}