{"id":6089,"date":"2021-07-07T15:54:04","date_gmt":"2021-07-07T13:54:04","guid":{"rendered":"https:\/\/babyslane.com\/produit\/baby-potty-training-seat-kids-toddler-outdoor-portable-folding-toilet-urinal-pot\/"},"modified":"2022-05-14T16:31:34","modified_gmt":"2022-05-14T14:31:34","slug":"folding-toilet-potty-outdoor-travel-and-training-baby","status":"publish","type":"product","link":"https:\/\/babyslane.com\/fr\/produit\/folding-toilet-potty-outdoor-travel-and-training-baby\/","title":{"rendered":"Pot b\u00e9b\u00e9 &#8211; toilette pliable de voyage et d\u2019entrainement pour enfant"},"content":{"rendered":"<p><\/p>\n<p style=\"text-align: center;\"><img fetchpriority=\"high\" decoding=\"async\" class=\"alignnone size-medium wp-image-7202\" src=\"https:\/\/babyslane.com\/wp-content\/uploads\/2021\/07\/469d3986d93535e932e275e5b1b64024-300x300.jpg\" alt=\"\" width=\"300\" height=\"300\" srcset=\"https:\/\/babyslane.com\/wp-content\/uploads\/2021\/07\/469d3986d93535e932e275e5b1b64024-300x300.jpg 300w, https:\/\/babyslane.com\/wp-content\/uploads\/2021\/07\/469d3986d93535e932e275e5b1b64024-150x150.jpg 150w, https:\/\/babyslane.com\/wp-content\/uploads\/2021\/07\/469d3986d93535e932e275e5b1b64024-768x768.jpg 768w, https:\/\/babyslane.com\/wp-content\/uploads\/2021\/07\/469d3986d93535e932e275e5b1b64024-600x600.jpg 600w, https:\/\/babyslane.com\/wp-content\/uploads\/2021\/07\/469d3986d93535e932e275e5b1b64024-100x100.jpg 100w, https:\/\/babyslane.com\/wp-content\/uploads\/2021\/07\/469d3986d93535e932e275e5b1b64024.jpg 800w\" sizes=\"(max-width: 300px) 100vw, 300px\" \/><\/p>\n<h3><strong>Fini le tracas des toilettes lors des sorties avec b\u00e9b\u00e9<\/strong><\/h3>\n<p>Avec le pot toilette portable vous pouvez \u00e0 pr\u00e9sent <strong>profiter plus longtemps des sorties au parc<\/strong> ou lors de pique-nique et autre sorties familiale. Et surtout vous <strong>\u00eates plus libre<\/strong> et<strong> plus tranquille lors de vos voyages<\/strong> et <strong>long trajet avec b\u00e9b\u00e9<\/strong>. <strong>Le souci de la propret\u00e9<\/strong> des toilettes publics <strong>est termin\u00e9<\/strong> et b\u00e9b\u00e9 ne sera plus oblig\u00e9 d&#8217;\u00eatre encombr\u00e9 avec une couche et pourra s<strong>&#8216;amuser confortablement.<\/strong><\/p>\n<p style=\"text-align: center;\"><img decoding=\"async\" class=\"aligncenter\" src=\"https:\/\/babyslane.com\/wp-content\/uploads\/2022\/01\/Sans-titre-2022-01-11T152241.594-1.jpg\" width=\"400\" height=\"400\" \/><\/p>\n<h3><strong>Fini les arr\u00eats d\u2019urgence en voiture&#8230;<\/strong><\/h3>\n<p>Et <strong>les promenades \u00e9court\u00e9es<\/strong> lorsque que <strong>b\u00e9b\u00e9 a une envie pressante<\/strong>. Il vous suffit d\u2019<strong>assembler le pot portable en quelques instants<\/strong> et y installer votre enfant pour qu\u2019<strong>il soulage son besoin<\/strong>.<\/p>\n<p style=\"text-align: center;\"><img decoding=\"async\" class=\"alignnone size-medium wp-image-7204\" src=\"https:\/\/babyslane.com\/wp-content\/uploads\/2021\/07\/ecdd388f6e664bbf02cbbc708bd67431-300x300.jpg\" alt=\"\" width=\"300\" height=\"300\" srcset=\"https:\/\/babyslane.com\/wp-content\/uploads\/2021\/07\/ecdd388f6e664bbf02cbbc708bd67431-300x300.jpg 300w, https:\/\/babyslane.com\/wp-content\/uploads\/2021\/07\/ecdd388f6e664bbf02cbbc708bd67431-150x150.jpg 150w, https:\/\/babyslane.com\/wp-content\/uploads\/2021\/07\/ecdd388f6e664bbf02cbbc708bd67431-768x768.jpg 768w, https:\/\/babyslane.com\/wp-content\/uploads\/2021\/07\/ecdd388f6e664bbf02cbbc708bd67431-600x600.jpg 600w, https:\/\/babyslane.com\/wp-content\/uploads\/2021\/07\/ecdd388f6e664bbf02cbbc708bd67431-100x100.jpg 100w, https:\/\/babyslane.com\/wp-content\/uploads\/2021\/07\/ecdd388f6e664bbf02cbbc708bd67431.jpg 800w\" sizes=\"(max-width: 300px) 100vw, 300px\" \/><\/p>\n<p>Il est <strong>la solution<\/strong> pour<strong> r\u00e9gler le probl\u00e8me des besoins urgent en plein voyage.<\/strong> Ce pot pratique deviendra un <strong>indispensable<\/strong> que vous pourrez <strong>utiliser partout\u00a0<\/strong>: \u00e0 la maison, <strong>en voyage\u00a0; au parc<\/strong> (\u00e0 l\u2019abri des regards), en <strong>voiture, en camping<\/strong> etc.<\/p>\n<p style=\"text-align: center;\"><img loading=\"lazy\" decoding=\"async\" class=\"aligncenter\" src=\"https:\/\/babyslane.com\/wp-content\/uploads\/2022\/01\/Sans-titre-2022-01-11T154418.778-2.jpg\" width=\"400\" height=\"400\" \/><\/p>\n<h3><strong>Ultra compact et polyvalent<\/strong><\/h3>\n<p>Le toilette portable est l\u00e9ger et pliable. Il n&#8217;est <strong>pas encombrant<\/strong> et se <strong>range facilement<\/strong> dans un coin de la salle de bain ou <strong>de la voiture, un sac \u00e0 main, un sac \u00e0 langer<\/strong>, etc. Vous pouvez le <strong>transporter partout<\/strong> o\u00f9 vous allez avec b\u00e9b\u00e9.<\/p>\n<p style=\"text-align: center;\"><img loading=\"lazy\" decoding=\"async\" class=\"aligncenter\" src=\"https:\/\/babyslane.com\/wp-content\/uploads\/2022\/01\/Sans-titre-2022-01-11T154156.609-1.jpg\" width=\"400\" height=\"400\" \/><\/p>\n<h3><strong>Super pratique et<\/strong> <strong>facile \u00e0 utiliser<\/strong><\/h3>\n<p>Il est id\u00e9al pour <strong>l\u2019apprentissage de la propret\u00e9<\/strong> de votre b\u00e9b\u00e9\u00a0et pour l\u2019<strong>aider \u00e0 faire la transition entre les couches et les toilettes<\/strong> des grands <strong>sans le perturber<\/strong> en lui enfilant des couches lors des sorties. B\u00e9b\u00e9 devient alors <strong>rapidement autonome<\/strong> \u00e0 la maison et en ext\u00e9rieur.<\/p>\n<p><img loading=\"lazy\" decoding=\"async\" class=\"aligncenter\" src=\"https:\/\/cc-west-usa.oss-accelerate.aliyuncs.com\/1620442288000.jpg\" width=\"450\" height=\"450\" \/><\/p>\n<p>Le toilette portable pour b\u00e9b\u00e9 est <strong>la solution r\u00eav\u00e9e<\/strong> des parents <strong>lors des voyages et des promenades.<\/strong><\/p>\n<p>Les Avantages:<\/p>\n<div class=\"w100-s w55-s681 w55-s768 w40-s1024 w40-s1280 descriptif_prod\">\n<div class=\"infos_produit\">\n<div class=\"description_produit\">\n<ul class=\"points_forts\">\n<li>Pliable, l\u00e9ger et compact pour l&#8217;emporter partout.<\/li>\n<li>Parfaitement \u00e9tanche.<\/li>\n<li>Aide dans l&#8217;apprentissage de la propret\u00e9.<\/li>\n<li>Disponible en 4 colories.<\/li>\n<\/ul>\n<\/div>\n<div id=\"texte\" class=\"texte\">\n<div class=\"elementor-element elementor-element-ab966b9 elementor-widget elementor-widget-heading\" data-id=\"ab966b9\" data-element_type=\"widget\" data-widget_type=\"heading.default\">\n<div class=\"elementor-widget-container\"><\/div>\n<\/div>\n<\/div>\n<\/div>\n<\/div>\n<p><\/p>","protected":false},"excerpt":{"rendered":"<p>Le pot pour b\u00e9b\u00e9 <strong>ultra pratique et hygi\u00e9nique qui facilite la vie<\/strong> de tous les parents <strong>lors des sorties et voyages<\/strong>. Pliable, transportable et <strong>utilisable partout,<\/strong> ce pot est <strong>la solution aux besoins pressants de b\u00e9b\u00e9<\/strong> lors des <strong>longs trajets en voitures,<\/strong> des pique-niques\u2026<\/p>\n","protected":false},"featured_media":6083,"comment_status":"open","ping_status":"closed","template":"","meta":[],"product_brand":[],"product_cat":[36,44,32,39,35],"product_tag":[],"class_list":{"0":"post-6089","1":"product","2":"type-product","3":"status-publish","4":"has-post-thumbnail","6":"product_cat-promotions","7":"product_cat-baby-bath-accessories","8":"product_cat-baby-care","9":"product_cat-new-arrivals","10":"product_cat-outing-travel","12":"first","13":"instock","14":"sale","15":"shipping-taxable","16":"purchasable","17":"product-type-variable"},"_links":{"self":[{"href":"https:\/\/babyslane.com\/fr\/wp-json\/wp\/v2\/product\/6089","targetHints":{"allow":["GET"]}}],"collection":[{"href":"https:\/\/babyslane.com\/fr\/wp-json\/wp\/v2\/product"}],"about":[{"href":"https:\/\/babyslane.com\/fr\/wp-json\/wp\/v2\/types\/product"}],"replies":[{"embeddable":true,"href":"https:\/\/babyslane.com\/fr\/wp-json\/wp\/v2\/comments?post=6089"}],"version-history":[{"count":0,"href":"https:\/\/babyslane.com\/fr\/wp-json\/wp\/v2\/product\/6089\/revisions"}],"wp:featuredmedia":[{"embeddable":true,"href":"https:\/\/babyslane.com\/fr\/wp-json\/wp\/v2\/media\/6083"}],"wp:attachment":[{"href":"https:\/\/babyslane.com\/fr\/wp-json\/wp\/v2\/media?parent=6089"}],"wp:term":[{"taxonomy":"product_brand","embeddable":true,"href":"https:\/\/babyslane.com\/fr\/wp-json\/wp\/v2\/product_brand?post=6089"},{"taxonomy":"product_cat","embeddable":true,"href":"https:\/\/babyslane.com\/fr\/wp-json\/wp\/v2\/product_cat?post=6089"},{"taxonomy":"product_tag","embeddable":true,"href":"https:\/\/babyslane.com\/fr\/wp-json\/wp\/v2\/product_tag?post=6089"}],"curies":[{"name":"wp","href":"https:\/\/api.w.org\/{rel}","templated":true}]}}