{"id":6155,"date":"2021-07-14T19:07:15","date_gmt":"2021-07-14T17:07:15","guid":{"rendered":"https:\/\/babyslane.com\/produit\/pp-material-separated-mother-and-baby-bottle\/"},"modified":"2022-06-20T21:20:44","modified_gmt":"2022-06-20T19:20:44","slug":"pp-material-separated-mother-and-baby-bottle","status":"publish","type":"product","link":"https:\/\/babyslane.com\/fr\/produit\/pp-material-separated-mother-and-baby-bottle\/","title":{"rendered":"BIBERON AUTONOME MAINS-LIBRES ANTI-COLIQUE POUR BEBE"},"content":{"rendered":"<p><img decoding=\"async\" class=\"aligncenter\" src=\"https:\/\/cdn.shopify.com\/s\/files\/1\/2476\/7214\/files\/gif-1_813d8f3c-57ff-4390-bda3-e3a6e19078e7.gif\" alt=\"colobyby Biberon Bebe Main Libre Anti Colique\" \/><\/p>\n<p>Imaginez &#8230; B\u00e9b\u00e9 a faim et il pleure pendant que vous \u00eates occup\u00e9e, que vous marchez dans la rue ou au magasin ou m\u00eame que vous soyez en voiture&#8230; Dans un moment o\u00f9 vous n&#8217;avez pas le temps de vous arr\u00eater ou que vous \u00eates dans l&#8217;incapacit\u00e9 de le nourrir&#8230;<\/p>\n<p>&nbsp;<\/p>\n<p>Cela pourrait \u00eatre une situation tr\u00e8s stressante pour vous et b\u00e9b\u00e9 mais pas avec notre biberon r\u00e9volutionnaire et innovant B\u00e9b\u00e9 Autonome Main Libre.<\/p>\n<p>Car ce biberon vous permet de pouvoir toujours nourrir votre enfant d\u00e8s qu&#8217;il le r\u00e9clame tout en ayant les mains totalement libre. Il suffit de lui donner la partie t\u00e9tine d\u00e9tach\u00e9e du biberon pour que b\u00e9b\u00e9 se nourrisse seul et de fa\u00e7on totalement autonome. De cette fa\u00e7on vous pouvez continuez vos t\u00e2ches et occupations tout en satisfaisant le besoin de votre bout de chou.<\/p>\n<p>&nbsp;<\/p>\n<p>En voyage, en promenade ou en voiture, plus besoin de faire de pause pour nourrir b\u00e9b\u00e9 avec notre biberon B\u00e9b\u00e9 Autonome Main Libre.<\/p>\n<p><strong> Prise en main Facile<\/strong><\/p>\n<p>Le design de l&#8217;embout t\u00e9tine est totalement con\u00e7u pour s&#8217;<strong>adapter parfaitement aux petites mains de b\u00e9b\u00e9<\/strong> et pour pouvoir le poser sans salir la t\u00e9tine.<\/p>\n<p><img fetchpriority=\"high\" decoding=\"async\" class=\"aligncenter\" src=\"https:\/\/babyslane.com\/wp-content\/uploads\/2021\/07\/Sans-titre-2021-07-16T181327.044-1.jpg\" width=\"500\" height=\"500\" \/><\/p>\n<p>C&#8217;est le biberon id\u00e9al pour tout les parents qui souhaitent <strong>offrir le meilleur \u00e0 leur b\u00e9b\u00e9<\/strong>. Car que vous soyez occup\u00e9, d\u00e9bord\u00e9 ou fatigu\u00e9, vous pouvez donner le biberon \u00e0 b\u00e9b\u00e9 lorsqu&#8217;il a faim et en toute circonstances sans retarder son repas.<\/p>\n<p>Notre biberon est<strong> utilisable partout<\/strong>: \u00e0 la maison, dans le porte-b\u00e9b\u00e9, dans le si\u00e8ge-auto et m\u00eame dans la poussette pendant votre promenade, votre shopping et dans les transports en commun.<\/p>\n<p>&nbsp;<\/p>\n<p><strong>Anti-Coliques et anti-gaz<\/strong><\/p>\n<p>En plus de son c\u00f4t\u00e9 super pratique et indispensable pour la vie de tout les jours ainsi que lors de vos voyages et sorties, notre biberon est dot\u00e9 de la technologie <strong><em>AirProof\u00a9<\/em><\/strong> qui emp\u00eache l&#8217;air de p\u00e9n\u00e9trer dans le r\u00e9servoir, ce qui aide votre enfant \u00e0 ing\u00e9rer <strong>99,8% des nutriments du lait<\/strong>, tout en <strong>\u00e9liminant les gaz et \u00e9vitant les\u00a0<\/strong><b>coliques<\/b>.<\/p>\n<p><strong>B\u00e9b\u00e9 se nourrit \u00e0 son rythme et selon ses besoins pour \u00e9viter les reflux<br \/>\n<\/strong><\/p>\n<p>Laissez b\u00e9b\u00e9 se nourrir \u00e0 son rythme, de cette fa\u00e7on votre enfant ing\u00e8re la quantit\u00e9 de liquide qu&#8217;il souhaite, sans trop boire. Il en r\u00e9sulte moins de douleurs \u00e0 l&#8217;estomac car selon certaines <a title=\"etude colique nourisson\" href=\"https:\/\/grandir.app\/colique-du-nourrisson\/\" target=\"_blank\" rel=\"noopener\">\u00e9tudes<\/a> la\u00a0 majorit\u00e9 des <strong>probl\u00e8mes digestifs<\/strong> chez les nourrissons sont dus \u00e0 une <strong>suralimentation<\/strong> ou \u00e0 une <strong>sous-alimentation.<\/strong><\/p>\n<p>&nbsp;<\/p>\n<p><strong>\u00a0Con\u00e7u pour imiter l&#8217;allaitement naturel et faciliter la transition sein &#8211; biberon <\/strong><\/p>\n<p><span class=\"VIiyi\" lang=\"fr\"><span class=\"JLqJ4b ChMk0b\" data-language-for-alternatives=\"fr\" data-language-to-translate-into=\"en\" data-phrase-index=\"0\">Le design de la t\u00e9tine est con\u00e7ue pour imiter l&#8217;allaitement maternel naturel, ce qui rassure b\u00e9b\u00e9 et le r\u00e9conforte. Il est parfait pour les m\u00e8res qui souhaitent allaiter leur enfant au biberon ou pour les b\u00e9b\u00e9s qui font la transition de l&#8217;allaitement naturel vers le biberon.<\/span> <span class=\"JLqJ4b ChMk0b\" data-language-for-alternatives=\"fr\" data-language-to-translate-into=\"en\" data-phrase-index=\"1\">La t\u00e9tine souple imitant le sein de maman favorise le confort pendant la prise du biberon et r\u00e9duit les \u00e9claboussures pendant l&#8217;allaitement.<\/span><\/span><\/p>\n<p><strong>Approuv\u00e9 par les p\u00e9diatre<\/strong><\/p>\n<p>La conception d&#8217;auto-alimentation du biberon a \u00e9t\u00e9 recommand\u00e9e par les meilleurs p\u00e9diatres du monde entier! Alors d\u00e9couvrez d\u00e8s maintenant pourquoi les parents l&#8217;aiment tant, les p\u00e9diatres le recommandent et les enfants y sont tant attach\u00e9s.<\/p>\n<p><strong>Attention: Ne jamais laisser b\u00e9b\u00e9 seul. Il doit toujours \u00eatre sous la surveillance d&#8217;un adulte lorsqu&#8217;il prend son biberon pour \u00e9viter tout accident.<\/strong><\/p>\n<p><strong>Instructions de lavage<\/strong><\/p>\n<p>Les enfants ont tendance \u00e0 avoir un syst\u00e8me immunitaire faible, il est donc essentiel de d\u00e9sinfecter tous les objets avec lesquels ils entrent en contact.<\/p>\n<p>Voici notre recommandation sur la fa\u00e7on de nettoyer non seulement notre biberon, mais aussi tout autre biberon que vous utilisez:<\/p>\n<p>\u00c9tape 1) Commencez par nettoyer toutes les pi\u00e8ces \u00e0 la main avec de l&#8217;eau et du savon. Assurez-vous de bien rincer pour qu&#8217;il ne reste plus de savon.<br \/>\n\u00c9tape 2) Pour d\u00e9marrer le processus de st\u00e9rilisation, placez toutes les pi\u00e8ces rinc\u00e9es dans une casserole.<br \/>\n\u00c9tape 3) Couvrez le tout avec de l&#8217;eau en vous assurant qu&#8217;il n&#8217;y a pas de bulles d&#8217;air.<br \/>\n\u00c9tape 4) Portez l&#8217;eau \u00e0 \u00e9bullition pendant 5 \u00e0 7 minutes.<br \/>\n\u00c9tape 5) Attendez que les pi\u00e8ces refroidissent et retirez-les \u00e0 l&#8217;aide d&#8217;un ustensile propre.<br \/>\n\u00c9tape 6) Laisser s\u00e9cher compl\u00e8tement \u00e0 l&#8217;air libre avant utilisation.<\/p>\n<p><strong>Caract\u00e9ristiques:<\/strong><\/p>\n<p>Mat\u00e9riel: 100% silicone SANS BPA<br \/>\nCouleurs: vert ou rose<br \/>\nTaille: 300ml<br \/>\nGenre: unisexe<br \/>\nLavable: Oui<br \/>\nMicro-ondes: Oui<\/p>\n<p>Contenu de la boite: 1x biberon.<\/p>","protected":false},"excerpt":{"rendered":"<p><strong>Le Biberon innovant qui facilite la vie de tout les parents !<\/strong><\/p>\n<p><span class=\"VIiyi\" lang=\"fr\"><span class=\"JLqJ4b ChMk0b\" data-language-for-alternatives=\"fr\" data-language-to-translate-into=\"en\" data-phrase-index=\"0\">Pour les mamans et papas occup\u00e9s qui ont parfois besoin d&#8217;avoir les mains libres.<\/span> Le biberon B\u00e9b\u00e9 Autonome main libre<span class=\"JLqJ4b ChMk0b\" data-language-for-alternatives=\"fr\" data-language-to-translate-into=\"en\" data-phrase-index=\"1\">\u00a0est id\u00e9al pour nourrir b\u00e9b\u00e9 \u00e0 tout moment et partout&#8230;<\/span><\/span><\/p>\n","protected":false},"featured_media":6149,"comment_status":"open","ping_status":"closed","template":"","meta":[],"product_brand":[],"product_cat":[36,31,41],"product_tag":[],"class_list":{"0":"post-6155","1":"product","2":"type-product","3":"status-publish","4":"has-post-thumbnail","6":"product_cat-promotions","7":"product_cat-feeding","8":"product_cat-the-best-deals","10":"first","11":"instock","12":"sale","13":"shipping-taxable","14":"purchasable","15":"product-type-variable"},"_links":{"self":[{"href":"https:\/\/babyslane.com\/fr\/wp-json\/wp\/v2\/product\/6155","targetHints":{"allow":["GET"]}}],"collection":[{"href":"https:\/\/babyslane.com\/fr\/wp-json\/wp\/v2\/product"}],"about":[{"href":"https:\/\/babyslane.com\/fr\/wp-json\/wp\/v2\/types\/product"}],"replies":[{"embeddable":true,"href":"https:\/\/babyslane.com\/fr\/wp-json\/wp\/v2\/comments?post=6155"}],"version-history":[{"count":0,"href":"https:\/\/babyslane.com\/fr\/wp-json\/wp\/v2\/product\/6155\/revisions"}],"wp:featuredmedia":[{"embeddable":true,"href":"https:\/\/babyslane.com\/fr\/wp-json\/wp\/v2\/media\/6149"}],"wp:attachment":[{"href":"https:\/\/babyslane.com\/fr\/wp-json\/wp\/v2\/media?parent=6155"}],"wp:term":[{"taxonomy":"product_brand","embeddable":true,"href":"https:\/\/babyslane.com\/fr\/wp-json\/wp\/v2\/product_brand?post=6155"},{"taxonomy":"product_cat","embeddable":true,"href":"https:\/\/babyslane.com\/fr\/wp-json\/wp\/v2\/product_cat?post=6155"},{"taxonomy":"product_tag","embeddable":true,"href":"https:\/\/babyslane.com\/fr\/wp-json\/wp\/v2\/product_tag?post=6155"}],"curies":[{"name":"wp","href":"https:\/\/api.w.org\/{rel}","templated":true}]}}