{"id":6351,"date":"2021-09-21T15:35:26","date_gmt":"2021-09-21T13:35:26","guid":{"rendered":"https:\/\/babyslane.com\/produit\/safety-strap-adjustable-color-dining-chair-bag\/"},"modified":"2024-06-30T16:23:58","modified_gmt":"2024-06-30T14:23:58","slug":"easyseat-portable-baby-chair","status":"publish","type":"product","link":"https:\/\/babyslane.com\/fr\/produit\/easyseat-portable-baby-chair\/","title":{"rendered":"Le Si\u00e8ge B\u00e9b\u00e9 Nomade"},"content":{"rendered":"<p><\/p>\n<p style=\"text-align: center;\"><img fetchpriority=\"high\" decoding=\"async\" class=\"aligncenter wp-image-6788 size-full\" src=\"https:\/\/babyslane.com\/wp-content\/uploads\/2021\/11\/Sans-titre-9.gif\" alt=\"\" width=\"650\" height=\"550\" \/><\/p>\n<h3><strong>Une chaise b\u00e9b\u00e9 qui vous suit partout<\/strong><\/h3>\n<p><strong>Pas de place<\/strong> pour transporter <strong>le transat de b\u00e9b\u00e9<\/strong> lors de vos sorties. Et impossible de prendre sa chaise haute lors de vos d\u00e9placements pour l&#8217;installer confortablement lors de ses repas.<\/p>\n<p>Pour r\u00e9soudre ce probl\u00e8me, nous avons trouv\u00e9 pour vous<strong> un produit innovant et indispensable<\/strong>: <strong>le si\u00e8ge b\u00e9b\u00e9 nomade. <\/strong><\/p>\n<p><img decoding=\"async\" class=\"aligncenter wp-image-6410 size-full\" src=\"https:\/\/babyslane.com\/wp-content\/uploads\/2021\/09\/Sans-titre-2021-10-04T150845.535.jpg\" alt=\"\" width=\"800\" height=\"800\" srcset=\"https:\/\/babyslane.com\/wp-content\/uploads\/2021\/09\/Sans-titre-2021-10-04T150845.535.jpg 800w, https:\/\/babyslane.com\/wp-content\/uploads\/2021\/09\/Sans-titre-2021-10-04T150845.535-300x300.jpg 300w, https:\/\/babyslane.com\/wp-content\/uploads\/2021\/09\/Sans-titre-2021-10-04T150845.535-150x150.jpg 150w, https:\/\/babyslane.com\/wp-content\/uploads\/2021\/09\/Sans-titre-2021-10-04T150845.535-768x768.jpg 768w, https:\/\/babyslane.com\/wp-content\/uploads\/2021\/09\/Sans-titre-2021-10-04T150845.535-600x600.jpg 600w, https:\/\/babyslane.com\/wp-content\/uploads\/2021\/09\/Sans-titre-2021-10-04T150845.535-100x100.jpg 100w\" sizes=\"(max-width: 800px) 100vw, 800px\" \/><\/p>\n<h3><strong>Hyper compact et pratique<\/strong><\/h3>\n<p>Cet accessoire est fait pour <strong>palier \u00e0 toute les situations<\/strong> et vous permet d&#8217;<strong>assoir votre enfant sur une chaise en toute s\u00e9curit\u00e9<\/strong> quelque soit l&#8217;endroit o\u00f9 vous vous trouvez.<\/p>\n<p>En sortie au restaurant, chez des amis, en famille, ou simplement \u00e0 la maison cet housse pratique deviendra vite essentiel \u00e0 votre quotidien.<\/p>\n<p><img decoding=\"async\" class=\"aligncenter wp-image-6407 size-full\" src=\"https:\/\/babyslane.com\/wp-content\/uploads\/2021\/09\/Sans-titre-2021-09-27T120206.459-1.jpg\" alt=\"\" width=\"800\" height=\"800\" srcset=\"https:\/\/babyslane.com\/wp-content\/uploads\/2021\/09\/Sans-titre-2021-09-27T120206.459-1.jpg 800w, https:\/\/babyslane.com\/wp-content\/uploads\/2021\/09\/Sans-titre-2021-09-27T120206.459-1-300x300.jpg 300w, https:\/\/babyslane.com\/wp-content\/uploads\/2021\/09\/Sans-titre-2021-09-27T120206.459-1-150x150.jpg 150w, https:\/\/babyslane.com\/wp-content\/uploads\/2021\/09\/Sans-titre-2021-09-27T120206.459-1-768x768.jpg 768w, https:\/\/babyslane.com\/wp-content\/uploads\/2021\/09\/Sans-titre-2021-09-27T120206.459-1-600x600.jpg 600w, https:\/\/babyslane.com\/wp-content\/uploads\/2021\/09\/Sans-titre-2021-09-27T120206.459-1-100x100.jpg 100w\" sizes=\"(max-width: 800px) 100vw, 800px\" \/><\/p>\n<h3><strong>Un indispensable \u00e0 avoir toujours avec soi<\/strong><\/h3>\n<p>Ultra pratique et esth\u00e9tique il vous accompagnera partout ! Ce petit accessoire vous permet d\u2019installer b\u00e9b\u00e9 sur la plupart des chaises et le faire manger pr\u00e8s de vous au lieu de le mettre sur vos genoux.<\/p>\n<p>Vous \u00eates plus libre de vos mouvements et b\u00e9b\u00e9 gagne en autonomie en ayant sa place bien \u00e0 lui\u00a0 \u00e0 table, comme un grand.<\/p>\n<p><img loading=\"lazy\" decoding=\"async\" class=\"aligncenter\" src=\"https:\/\/babyslane.com\/wp-content\/uploads\/2021\/10\/Sans-titre-2021-10-04T162923.708-1.jpg\" width=\"597\" height=\"597\" \/><\/p>\n<h3><strong>Se transporte facilement dans son petit sac<\/strong><\/h3>\n<div class=\"vb-fp-tabs-content-item\">\n<div id=\"ctl00_cphZoneActive_memo_fp_a_savoir\" class=\"a_savoir_centrer memo_fp_a_savoir\">\n<p>Con\u00e7u en tissu, c&#8217;est le produit de pu\u00e9riculture<strong> indispensable<\/strong> \u00e0 avoir pour que b\u00e9b\u00e9 puisse manger \u00e0 votre table, o\u00f9 que vous soyez.<\/p>\n<p>Ce produit<strong>\u00a0transforme rapidement<\/strong> et facilement une chaise normale en chaise pour b\u00e9b\u00e9. Il est \u00e9quip\u00e9 de bretelles afin de maintenir b\u00e9b\u00e9 en place et en toute s\u00e9curit\u00e9 durant tout le repas.<\/p>\n<p style=\"text-align: center;\"><img loading=\"lazy\" decoding=\"async\" class=\"aligncenter\" src=\"https:\/\/babyslane.com\/wp-content\/uploads\/2021\/10\/Sans-titre-2021-10-04T161504.095-2.jpg\" width=\"651\" height=\"651\" \/><\/p>\n<h3>S\u00fbre et pratique<\/h3>\n<p><strong>Gr\u00e2ce aux lani\u00e8res<\/strong> qui se fixent solidement sur la chaise, b\u00e9b\u00e9 est assis en s\u00e9curit\u00e9 \u00e0 la fa\u00e7on des adultes.<\/p>\n<p><strong>Ultra l\u00e9ger<\/strong>, peu encombrant, il se replis facilement dans son pochon et se transforme en sacoche de transport, vous pouvez donc l&#8217;emportez partout avec vous.<\/p>\n<p><img loading=\"lazy\" decoding=\"async\" class=\"aligncenter\" src=\"https:\/\/babyslane.com\/wp-content\/uploads\/2021\/10\/Sans-titre-2021-10-04T162332.053-1.jpg\" width=\"701\" height=\"701\" \/><\/p>\n<h3><span style=\"color: #ff8000;\"><span style=\"color: #000000;\">\u00a0<\/span><\/span>Facile \u00e0 installer<\/h3>\n<p>Pour l\u2019utiliser, il suffit de le <strong>d\u00e9plier, d&#8217;ins\u00e9rer <\/strong>le tissus sur le dossier de la chaise\u00a0et de le <strong>fixer\u00a0<\/strong> sur le dessous de l&#8217;assise en utilisant les fixations ad\u00e9quates.<\/p>\n<p>Ensuite, placez y l&#8217;enfant en pla\u00e7ant ses jambes de chaque cot\u00e9s du harnais et attachez-le soigneusement avec les bretelles que vous ajusterez selon la morphologie de b\u00e9b\u00e9, puis clipsez le harnais sur le dossier du si\u00e8ge et serrez le tout.<\/p>\n<p>Et voil\u00e0, vous pouvez commencer vos repas, b\u00e9b\u00e9 est maintenant assis en toute s\u00e9curit\u00e9 et pr\u00eat \u00e0 partager des moments de joie en famille.<\/p>\n<p style=\"text-align: center;\"><img loading=\"lazy\" decoding=\"async\" class=\"alignnone wp-image-6409 size-full\" src=\"https:\/\/babyslane.com\/wp-content\/uploads\/2021\/09\/Sans-titre-2021-10-04T150821.096.jpg\" alt=\"\" width=\"800\" height=\"800\" srcset=\"https:\/\/babyslane.com\/wp-content\/uploads\/2021\/09\/Sans-titre-2021-10-04T150821.096.jpg 800w, https:\/\/babyslane.com\/wp-content\/uploads\/2021\/09\/Sans-titre-2021-10-04T150821.096-300x300.jpg 300w, https:\/\/babyslane.com\/wp-content\/uploads\/2021\/09\/Sans-titre-2021-10-04T150821.096-150x150.jpg 150w, https:\/\/babyslane.com\/wp-content\/uploads\/2021\/09\/Sans-titre-2021-10-04T150821.096-768x768.jpg 768w, https:\/\/babyslane.com\/wp-content\/uploads\/2021\/09\/Sans-titre-2021-10-04T150821.096-600x600.jpg 600w, https:\/\/babyslane.com\/wp-content\/uploads\/2021\/09\/Sans-titre-2021-10-04T150821.096-100x100.jpg 100w\" sizes=\"(max-width: 800px) 100vw, 800px\" \/><\/p>\n<p><strong>Attention, m\u00eame si le si\u00e8ge pour b\u00e9b\u00e9 nomade est ultra s\u00e9curis\u00e9 il est dangereux de laisser b\u00e9b\u00e9 sur le si\u00e8ge sans surveillance.<\/strong><\/p>\n<p><strong>SES ATOUTS :<\/strong><\/p>\n<ul>\n<li>Sangles de s\u00e9curit\u00e9 pour un maintien optimal.<\/li>\n<li>Se fixe sur la majorit\u00e9 des chaises.<\/li>\n<li>Imperm\u00e9able,\u00a0 il se nettoie facilement.<\/li>\n<li>Facile \u00e0 transporter\u00a0: se replie dans son pochon int\u00e9gr\u00e9 (dim.\u00a0: 17 x 15 x 10 cm) pour se glisser ais\u00e9ment dans le sac \u00e0 langer ou un sac \u00e0 main<\/li>\n<\/ul>\n<p><strong>L\u2019INFO EN +<\/strong><\/p>\n<ul>\n<li><strong>D\u00e8s que l\u2019enfant sait se tenir assis tout seul (\u00e0 partir de 6 mois et +.)<\/strong><\/li>\n<li>Poids maximum autoris\u00e9 : 15 kg<\/li>\n<li>Mati\u00e8re :\u00a0 \u00a050% polyester, 50% coton<\/li>\n<li>Lavable machine \u00e0 30\u00b0, s\u00e8che rapidement.<\/li>\n<li><span style=\"vertical-align: inherit;\">Taille du produit emball\u00e9: Longueur 16 cm x largeur 6 cm x hauteur 15 cm.\u00a0 <\/span><\/li>\n<li><span style=\"vertical-align: inherit;\">Taille du produit d\u00e9ball\u00e9 : Longueur 81 cm x largeur 53 cm.<\/span><\/li>\n<li><span style=\"vertical-align: inherit;\">Couleur: 7 couleurs disponibles.<\/span><\/li>\n<\/ul>\n<p>&nbsp;<\/p>\n<\/div>\n<\/div>\n<p><b><span style=\"vertical-align: inherit;\"><span style=\"vertical-align: inherit;\">Contenu du colis : 1 x Si\u00e8ge b\u00e9b\u00e9 nomade.<\/span><\/span><\/b><\/p>","protected":false},"excerpt":{"rendered":"<p>La meilleure fa\u00e7on d&#8217;asseoir votre b\u00e9b\u00e9 en toute s\u00e9curit\u00e9 sur une chaise o\u00f9 que vous soyez.<\/p>\n<p>Transformez n&#8217;importe quelle chaise en chaise haute pour b\u00e9b\u00e9. Parfait pour voyager et d\u00eener \u00e0 l&#8217;exterieur.<\/p>\n<p>Facile \u00e0 utiliser, il est rapide \u00e0 installer et \u00e0 ranger.<\/p>\n","protected":false},"featured_media":6406,"comment_status":"open","ping_status":"closed","template":"","meta":[],"product_brand":[],"product_cat":[37,34,35],"product_tag":[],"class_list":{"0":"post-6351","1":"product","2":"type-product","3":"status-publish","4":"has-post-thumbnail","6":"product_cat-everyday-baby-essentials","7":"product_cat-baby-safety","8":"product_cat-outing-travel","10":"first","11":"instock","12":"sale","13":"shipping-taxable","14":"purchasable","15":"product-type-variable"},"_links":{"self":[{"href":"https:\/\/babyslane.com\/fr\/wp-json\/wp\/v2\/product\/6351","targetHints":{"allow":["GET"]}}],"collection":[{"href":"https:\/\/babyslane.com\/fr\/wp-json\/wp\/v2\/product"}],"about":[{"href":"https:\/\/babyslane.com\/fr\/wp-json\/wp\/v2\/types\/product"}],"replies":[{"embeddable":true,"href":"https:\/\/babyslane.com\/fr\/wp-json\/wp\/v2\/comments?post=6351"}],"version-history":[{"count":1,"href":"https:\/\/babyslane.com\/fr\/wp-json\/wp\/v2\/product\/6351\/revisions"}],"predecessor-version":[{"id":9602,"href":"https:\/\/babyslane.com\/fr\/wp-json\/wp\/v2\/product\/6351\/revisions\/9602"}],"wp:featuredmedia":[{"embeddable":true,"href":"https:\/\/babyslane.com\/fr\/wp-json\/wp\/v2\/media\/6406"}],"wp:attachment":[{"href":"https:\/\/babyslane.com\/fr\/wp-json\/wp\/v2\/media?parent=6351"}],"wp:term":[{"taxonomy":"product_brand","embeddable":true,"href":"https:\/\/babyslane.com\/fr\/wp-json\/wp\/v2\/product_brand?post=6351"},{"taxonomy":"product_cat","embeddable":true,"href":"https:\/\/babyslane.com\/fr\/wp-json\/wp\/v2\/product_cat?post=6351"},{"taxonomy":"product_tag","embeddable":true,"href":"https:\/\/babyslane.com\/fr\/wp-json\/wp\/v2\/product_tag?post=6351"}],"curies":[{"name":"wp","href":"https:\/\/api.w.org\/{rel}","templated":true}]}}