{"id":6453,"date":"2021-10-06T20:05:56","date_gmt":"2021-10-06T18:05:56","guid":{"rendered":"https:\/\/babyslane.com\/produit\/teether-baby-molar-rod-complementary-food-tool\/"},"modified":"2022-05-08T18:49:37","modified_gmt":"2022-05-08T16:49:37","slug":"teether-baby-molar-rod-complementary-food-tool","status":"publish","type":"product","link":"https:\/\/babyslane.com\/fr\/produit\/teether-baby-molar-rod-complementary-food-tool\/","title":{"rendered":"TETINE GRIGNOTAGE FRUIT"},"content":{"rendered":"<p><span style=\"vertical-align: inherit;\">Vous souhaitez ajouter les fruits dans l&#8217;alimentation de b\u00e9b\u00e9 sans craindre qu&#8217;il ne s&#8217;\u00e9touffe? C&#8217;est possible avec notre t\u00e9tine grignoteuse de fruits 2 en 1.<\/span><\/p>\n<p><span style=\"vertical-align: inherit;\">Il est vrai qu&#8217;il peut \u00eatre tr\u00e8s difficile de donner des fruits \u00e0 b\u00e9b\u00e9 quand il est tout petit, car les morceaux pourraient vite se coincer dans sa gorge et l&#8217;\u00e9touffer.<\/span><\/p>\n<p><span style=\"vertical-align: inherit;\">Notre t\u00e9tine grignotage de fruits a \u00e9t\u00e9 con\u00e7u pour que b\u00e9b\u00e9 ne se prive d&#8217;aucun apports nutritionnels ni de plaisirs gustatifs. Il pourra gr\u00e2ce \u00e0 elle go\u00fbter aux fruits de toutes les couleurs, toutes les tailles, toutes les textures et cela en toute s\u00e9curit\u00e9.<\/span><\/p>\n<p><span style=\"vertical-align: inherit;\">Pour cela, il suffit d&#8217;ins\u00e9rer un morceau de fruit d\u00e9coup\u00e9 dans la t\u00e9tine et b\u00e9b\u00e9 pourra alors extirper tout le jus, les nutriments et les saveurs de chacun des fruits et faire exploser son palet gustatif.<\/span><\/p>\n<p><span style=\"vertical-align: inherit;\">Le plus de notre t\u00e9tine compar\u00e9e \u00e0 celles du march\u00e9: la fonction &#8220;PUSH&#8221; qui permet de pousser les fruits vers l&#8217;embout en tournant la petite molette pour que b\u00e9b\u00e9 profite au maximum du jus des fruits au fur et \u00e0 mesure de la succion.<\/span><\/p>\n<p><span style=\"vertical-align: inherit;\">Sans BPA &#8211; nos t\u00e9tines sont fabriqu\u00e9es \u00e0 partir de silicone alimentaire de haute qualit\u00e9, r\u00e9sistante aux morsures et \u00e0 l&#8217;usure.\u00a0<\/span><\/p>\n<p><span style=\"vertical-align: inherit;\">Utilisation du 2-EN-1 &#8211; Elle peut \u00eatre utilis\u00e9e \u00e0 la fois en t\u00e9tine et en jouet de dentition que b\u00e9b\u00e9 pourra mordiller lors de ses pouss\u00e9es dentaires.<\/span><\/p>\n<p><span style=\"vertical-align: inherit;\">Conception unique &#8211; ces t\u00e9tines pour b\u00e9b\u00e9s sont con\u00e7ues pour ne laisser passer que les plus petits morceaux de fruits afin qu\u2019ils ne s\u2019\u00e9touffent pas.\u00a0<\/span><\/p>\n<p><span style=\"vertical-align: inherit;\">Il s&#8217;agit d&#8217;un moyen s\u00fbr pour commencer \u00e0 initier votre b\u00e9b\u00e9 aux aliments solides au fur et \u00e0 mesure.<\/span><\/p>\n<p><span style=\"vertical-align: inherit;\">Entretien: Rapide et facile. <\/span><\/p>\n<p><span style=\"vertical-align: inherit;\">Vous n&#8217;avez qu&#8217;\u00e0 laver \u00e0 l&#8217;eau chaude savonneuse et les t\u00e2ches disparaissent. Pour la st\u00e9rilisation il suffit d&#8217;utiliser de l&#8217;eau bouillante jusqu&#8217;\u00e0 100 \u00b0C.<\/span><\/p>\n<p><img fetchpriority=\"high\" decoding=\"async\" class=\"aligncenter\" src=\"https:\/\/babyslane.com\/wp-content\/uploads\/2021\/10\/Sans-titre-2021-10-08T003941.284-1-1024x819.jpg\" width=\"599\" height=\"479\" \/><\/p>\n<p><strong><span style=\"vertical-align: inherit;\">Caract\u00e9ristiques :<\/span><\/strong><\/p>\n<p><span style=\"vertical-align: inherit;\">Qualit\u00e9 alimentaire: Mat\u00e9riau PP silicone<\/span><\/p>\n<p><span style=\"vertical-align: inherit;\">Ne pas chauffer au micro-onde <\/span><\/p>\n<p><span style=\"vertical-align: inherit;\">Poids: 220g<\/span><\/p>\n<p><span style=\"vertical-align: inherit;\">Contenu du paquet: 1x t\u00e9tine grignotage avec 2 embouts de taille S et L.<\/span><\/p>\n<p><b><span style=\"vertical-align: inherit;\"><span style=\"vertical-align: inherit;\">Information produit:<\/span><\/span><\/b><\/p>\n<p><span style=\"vertical-align: inherit;\"><span style=\"vertical-align: inherit;\">R\u00e9sistance \u00e0 la temp\u00e9rature: PP (-20\u00b0C-110\u00b0C)<\/span><\/span><br \/>\n<span style=\"vertical-align: inherit;\"><span style=\"vertical-align: inherit;\">\u00c2ge applicable: nourrissons et enfants <\/span><\/span><br \/>\n<span style=\"vertical-align: inherit;\"><span style=\"vertical-align: inherit;\">Mat\u00e9riel: Silicone <\/span><\/span><br \/>\n<span style=\"vertical-align: inherit;\"><span style=\"vertical-align: inherit;\">Couleur: dinosaure violet, champignon violet, champignon orange, champignon vert <\/span><\/span><\/p>\n<p>&nbsp;<\/p>\n<p><img decoding=\"async\" class=\"aligncenter\" style=\"max-width: 100%;\" src=\"https:\/\/cc-west-usa.oss-accelerate.aliyuncs.com\/d2f77ba0-c4f4-4353-bde0-641bbff8659c.png\" width=\"200\" height=\"152\" \/><\/p>\n<p>&nbsp;<\/p>","protected":false},"excerpt":{"rendered":"<p>Le meilleur moyen de faire manger des fruits pleins de vitamines \u00e0 b\u00e9b\u00e9 avec s\u00e9r\u00e9nit\u00e9 et sans risque d&#8217;\u00e9touffement&#8230;<\/p>\n<p>Nous vous pr\u00e9sentons notre T\u00e9tine Grignoteuse de Fruits qui sert aussi de jouet de dentition.<\/p>\n","protected":false},"featured_media":6538,"comment_status":"open","ping_status":"closed","template":"","meta":[],"product_brand":[],"product_cat":[31],"product_tag":[],"class_list":{"0":"post-6453","1":"product","2":"type-product","3":"status-publish","4":"has-post-thumbnail","6":"product_cat-feeding","8":"first","9":"instock","10":"sale","11":"shipping-taxable","12":"purchasable","13":"product-type-variable"},"_links":{"self":[{"href":"https:\/\/babyslane.com\/fr\/wp-json\/wp\/v2\/product\/6453","targetHints":{"allow":["GET"]}}],"collection":[{"href":"https:\/\/babyslane.com\/fr\/wp-json\/wp\/v2\/product"}],"about":[{"href":"https:\/\/babyslane.com\/fr\/wp-json\/wp\/v2\/types\/product"}],"replies":[{"embeddable":true,"href":"https:\/\/babyslane.com\/fr\/wp-json\/wp\/v2\/comments?post=6453"}],"version-history":[{"count":0,"href":"https:\/\/babyslane.com\/fr\/wp-json\/wp\/v2\/product\/6453\/revisions"}],"wp:featuredmedia":[{"embeddable":true,"href":"https:\/\/babyslane.com\/fr\/wp-json\/wp\/v2\/media\/6538"}],"wp:attachment":[{"href":"https:\/\/babyslane.com\/fr\/wp-json\/wp\/v2\/media?parent=6453"}],"wp:term":[{"taxonomy":"product_brand","embeddable":true,"href":"https:\/\/babyslane.com\/fr\/wp-json\/wp\/v2\/product_brand?post=6453"},{"taxonomy":"product_cat","embeddable":true,"href":"https:\/\/babyslane.com\/fr\/wp-json\/wp\/v2\/product_cat?post=6453"},{"taxonomy":"product_tag","embeddable":true,"href":"https:\/\/babyslane.com\/fr\/wp-json\/wp\/v2\/product_tag?post=6453"}],"curies":[{"name":"wp","href":"https:\/\/api.w.org\/{rel}","templated":true}]}}