{"id":6487,"date":"2021-10-07T00:18:13","date_gmt":"2021-10-06T22:18:13","guid":{"rendered":"https:\/\/babyslane.com\/produit\/360-rotation-universal-anti-eclaboussures-bol-plats\/"},"modified":"2022-05-08T18:49:36","modified_gmt":"2022-05-08T16:49:36","slug":"360-rotation-universal-anti-eclaboussures-bol-plats","status":"publish","type":"product","link":"https:\/\/babyslane.com\/fr\/produit\/360-rotation-universal-anti-eclaboussures-bol-plats\/","title":{"rendered":"BOL 360\u00b0 ANTI-RENVERSEMENT POUR BEBE"},"content":{"rendered":"<p><\/p>\n<div><span style=\"font-weight: 400;\">Le<strong> bol r\u00eav\u00e9<\/strong> des parents et des enfants! L&#8217;accessoire <\/span><b>incontournable <\/b><span style=\"font-weight: 400;\">que vous devez avoir dans vos placards pour passer des moments \u00e0 table en toute tranquillit\u00e9.<\/span><\/div>\n<div><\/div>\n<div style=\"text-align: center;\"><img fetchpriority=\"high\" decoding=\"async\" class=\"aligncenter\" src=\"https:\/\/ae01.alicdn.com\/kf\/HTB1JMm6OFXXXXbWXVXXq6xXFXXXw\/222332122\/HTB1JMm6OFXXXXbWXVXXq6xXFXXXw.jpg\" alt=\"aeProduct.getSubject\uff08\uff09\" width=\"599\" height=\"362\" \/><\/div>\n<div><\/div>\n<div><b>Fini le stress <\/b>caus\u00e9 par votre enfant lorsqu&#8217;il renverse son bol pendant le repas ou la collation.<\/div>\n<div><\/div>\n<div><span style=\"font-weight: 400;\">Le <strong>bol 360\u00b0<\/strong> <\/span><b>anti-renversement<\/b> est tout simplement <span style=\"font-weight: 400;\"><strong> r\u00e9volutionnaire.<\/strong><\/span><\/div>\n<div><span style=\"font-weight: 400;\">Il a \u00e9t\u00e9 con\u00e7u <strong>pour les enfants<\/strong> afin que tout ce que vous y mettiez y reste, et cela m\u00eame si votre enfant joue pendant le repas ou est tr\u00e8s maladroit.<\/span><\/div>\n<div><span style=\"font-weight: 400;\">Gr\u00e2ce \u00e0 ce bol, votre enfant \u00e9vitera de<\/span><span style=\"font-weight: 400;\"> renverser sa nourriture, <\/span>ce qui rendra les repas <strong>moins salissants<\/strong> et donc <strong>moins stressant.<\/strong><\/div>\n<div><img decoding=\"async\" class=\"aligncenter wp-image-6651 \" src=\"https:\/\/babyslane.com\/wp-content\/uploads\/2021\/10\/01a1c41d1605405ee46e09a4f4b3e7f3.jpg\" alt=\"\" width=\"579\" height=\"579\" srcset=\"https:\/\/babyslane.com\/wp-content\/uploads\/2021\/10\/01a1c41d1605405ee46e09a4f4b3e7f3.jpg 826w, https:\/\/babyslane.com\/wp-content\/uploads\/2021\/10\/01a1c41d1605405ee46e09a4f4b3e7f3-300x300.jpg 300w, https:\/\/babyslane.com\/wp-content\/uploads\/2021\/10\/01a1c41d1605405ee46e09a4f4b3e7f3-150x150.jpg 150w, https:\/\/babyslane.com\/wp-content\/uploads\/2021\/10\/01a1c41d1605405ee46e09a4f4b3e7f3-768x768.jpg 768w, https:\/\/babyslane.com\/wp-content\/uploads\/2021\/10\/01a1c41d1605405ee46e09a4f4b3e7f3-600x600.jpg 600w, https:\/\/babyslane.com\/wp-content\/uploads\/2021\/10\/01a1c41d1605405ee46e09a4f4b3e7f3-100x100.jpg 100w\" sizes=\"(max-width: 579px) 100vw, 579px\" \/><\/div>\n<div><\/div>\n<div><b>Son Design <\/b>en forme de soucoupe volante, lui donne un aspect <strong>sympa et amusant<\/strong> qui attire les enfants de tout \u00e2ges.<\/div>\n<div>\n<div><\/div>\n<div><span style=\"font-weight: 400;\">Tr\u00e8s <strong>pratique et ergonomique, <\/strong>il est <strong>facile \u00e0 manipuler <\/strong>et gr\u00e2ce \u00e0 ses <strong>trois<\/strong> poign\u00e9es il apporte un <strong>confort<\/strong> suppl\u00e9mentaire aux enfants.<\/span><\/div>\n<div style=\"text-align: center;\"><img decoding=\"async\" class=\"alignnone wp-image-6656 \" src=\"https:\/\/babyslane.com\/wp-content\/uploads\/2021\/10\/f56f61d6bc646fa366e1ff1fe90ff7f1.jpg\" alt=\"\" width=\"519\" height=\"519\" \/><\/div>\n<div><\/div>\n<div><\/div>\n<div><b>Comment fonctionne-t-il ? <\/b><\/div>\n<div><\/div>\n<div><span style=\"font-weight: 400;\">Le bol int\u00e9rieur est <strong>reli\u00e9 \u00e0 un anneau pivotant<\/strong> qui lui permet de rester toujours droit.<\/span><\/div>\n<div><span style=\"font-weight: 400;\">Il est compos\u00e9 de plusieurs bols internes qui pivotent pour garder les aliments secs \u00e0 l&#8217;int\u00e9rieur de celui-ci. Il est \u00e9tanche et parfait pour les fruits ou autres collations s\u00e8ches.<\/span><\/div>\n<\/div>\n<div style=\"text-align: center;\"><span style=\"font-weight: 400;\"><img loading=\"lazy\" decoding=\"async\" class=\"alignnone wp-image-6654 \" src=\"https:\/\/babyslane.com\/wp-content\/uploads\/2021\/10\/0ceeda50aa673b582fb8645a81d0db7c.jpg\" alt=\"\" width=\"559\" height=\"559\" srcset=\"https:\/\/babyslane.com\/wp-content\/uploads\/2021\/10\/0ceeda50aa673b582fb8645a81d0db7c.jpg 1000w, https:\/\/babyslane.com\/wp-content\/uploads\/2021\/10\/0ceeda50aa673b582fb8645a81d0db7c-300x300.jpg 300w, https:\/\/babyslane.com\/wp-content\/uploads\/2021\/10\/0ceeda50aa673b582fb8645a81d0db7c-150x150.jpg 150w, https:\/\/babyslane.com\/wp-content\/uploads\/2021\/10\/0ceeda50aa673b582fb8645a81d0db7c-768x768.jpg 768w, https:\/\/babyslane.com\/wp-content\/uploads\/2021\/10\/0ceeda50aa673b582fb8645a81d0db7c-600x600.jpg 600w, https:\/\/babyslane.com\/wp-content\/uploads\/2021\/10\/0ceeda50aa673b582fb8645a81d0db7c-100x100.jpg 100w\" sizes=\"(max-width: 559px) 100vw, 559px\" \/><br \/>\n<\/span><\/div>\n<div style=\"text-align: left;\">Avec ses parties d\u00e9tachables, il est<b> facile \u00e0 nettoyer<\/b>, malgr\u00e9\u00a0 son design tr\u00e8s cr\u00e9atif<strong>.<\/strong> Vous pouvez le laver \u00e0 la main, ou de <strong>le <\/strong><strong>mettre au lave-vaisselle.<\/strong><\/div>\n<div style=\"text-align: center;\"><\/div>\n<div>Le bol est fourni avec un <span style=\"font-weight: 400;\">\u00a0couvercle pour conserver les aliments de b\u00e9b\u00e9. Ils peuvent \u00eatre empil\u00e9s les uns sur les autres.\u00a0<\/span><\/div>\n<div style=\"text-align: center;\"><\/div>\n<div><span style=\"font-weight: 400;\">Notre ensemble de 2 bols vous permet d&#8217;avoir toujours un bol \u00e0 disposition si le premier contient d\u00e9j\u00e0 une collation.<\/span><\/div>\n<div><\/div>\n<div><b>Mat\u00e9riaux: <\/b>En plastique de bonne qualit\u00e9, il est Incassable<\/div>\n<div>\n<div><b>Dimensions ext\u00e9rieures: <\/b><span style=\"font-weight: 400;\">Environ 17 cm x 17 cm<br \/>\n<\/span><\/div>\n<\/div>\n<div><img decoding=\"async\" class=\"aligncenter\" src=\"https:\/\/cdn.shopify.com\/s\/files\/1\/0514\/2337\/9651\/files\/Capture3_480x480.jpg?v=1609297776\" \/><\/div>\n<p><\/p>","protected":false},"excerpt":{"rendered":"<p><b>Etes vous concernez par des moments de stress \u00e0 cause des maladresses de votre enfant lors des repas ?<\/b><\/p>\n<p>Si oui, le bol 360\u00b0 est fait pour vous !<\/p>\n","protected":false},"featured_media":6503,"comment_status":"open","ping_status":"closed","template":"","meta":[],"product_brand":[],"product_cat":[36,31,39],"product_tag":[],"class_list":{"0":"post-6487","1":"product","2":"type-product","3":"status-publish","4":"has-post-thumbnail","6":"product_cat-promotions","7":"product_cat-feeding","8":"product_cat-new-arrivals","10":"first","11":"instock","12":"sale","13":"shipping-taxable","14":"purchasable","15":"product-type-variable"},"_links":{"self":[{"href":"https:\/\/babyslane.com\/fr\/wp-json\/wp\/v2\/product\/6487","targetHints":{"allow":["GET"]}}],"collection":[{"href":"https:\/\/babyslane.com\/fr\/wp-json\/wp\/v2\/product"}],"about":[{"href":"https:\/\/babyslane.com\/fr\/wp-json\/wp\/v2\/types\/product"}],"replies":[{"embeddable":true,"href":"https:\/\/babyslane.com\/fr\/wp-json\/wp\/v2\/comments?post=6487"}],"version-history":[{"count":0,"href":"https:\/\/babyslane.com\/fr\/wp-json\/wp\/v2\/product\/6487\/revisions"}],"wp:featuredmedia":[{"embeddable":true,"href":"https:\/\/babyslane.com\/fr\/wp-json\/wp\/v2\/media\/6503"}],"wp:attachment":[{"href":"https:\/\/babyslane.com\/fr\/wp-json\/wp\/v2\/media?parent=6487"}],"wp:term":[{"taxonomy":"product_brand","embeddable":true,"href":"https:\/\/babyslane.com\/fr\/wp-json\/wp\/v2\/product_brand?post=6487"},{"taxonomy":"product_cat","embeddable":true,"href":"https:\/\/babyslane.com\/fr\/wp-json\/wp\/v2\/product_cat?post=6487"},{"taxonomy":"product_tag","embeddable":true,"href":"https:\/\/babyslane.com\/fr\/wp-json\/wp\/v2\/product_tag?post=6487"}],"curies":[{"name":"wp","href":"https:\/\/api.w.org\/{rel}","templated":true}]}}