{"id":6561,"date":"2021-10-20T18:31:20","date_gmt":"2021-10-20T16:31:20","guid":{"rendered":"https:\/\/babyslane.com\/produit\/astronaut-starry-sky-projection-lamp\/"},"modified":"2022-05-18T17:12:46","modified_gmt":"2022-05-18T15:12:46","slug":"astronaut-starry-sky-projection-lamp","status":"publish","type":"product","link":"https:\/\/babyslane.com\/fr\/produit\/astronaut-starry-sky-projection-lamp\/","title":{"rendered":"LAMPE ASTRONAUTE  PROJECTION CIEL ETOILE ESPACE"},"content":{"rendered":"<p><img fetchpriority=\"high\" decoding=\"async\" class=\"wp-image-6657 aligncenter\" src=\"https:\/\/babyslane.com\/wp-content\/uploads\/2021\/10\/Sans-titre-2.gif\" alt=\"\" width=\"648\" height=\"648\" \/><\/p>\n<h3>Envie de<strong> faire r\u00eaver<\/strong> vos proches avec<strong> Le cadeau parfait<\/strong>?<\/h3>\n<p><strong>Original et unique<\/strong>, ce petit <strong>Astronaute<\/strong> a tout pour plaire. Il est <strong>le cadeau id\u00e9al<\/strong> pour <strong>surprendre agr\u00e9ablement<\/strong> la personne \u00e0 qui vous l&#8217;offrez.<\/p>\n<p><img decoding=\"async\" class=\"aligncenter\" src=\"https:\/\/babyslane.com\/wp-content\/uploads\/2021\/10\/Sans-titre-2021-10-22T003230.468-1.jpg\" width=\"689\" height=\"689\" \/><\/p>\n<h3>Le r\u00eave des petits et des grands<\/h3>\n<p><strong>Pour les enfants et les adultes passionn\u00e9s d&#8217;espace et de ciel \u00e9toil\u00e9<\/strong>, cette lampe projecteur est tout simplement <strong>G\u00e9niale<\/strong>.<\/p>\n<p><img decoding=\"async\" class=\"aligncenter\" src=\"https:\/\/babyslane.com\/wp-content\/uploads\/2021\/10\/Sans-titre-2021-10-27T141735.725-1.jpg\" width=\"675\" height=\"675\" \/><\/p>\n<h3>\u00a0U<strong>n ciel \u00e9toil\u00e9 et des aurores bor\u00e9ales \u00e9poustouflantes<br \/>\n<\/strong><\/h3>\n<p>Ce petit astronaute apporte une<strong> ambiance agr\u00e9able<\/strong> et <strong>relaxante avec ses projection tout aussi merveilleuse les une que les autres<\/strong>.<br \/>\nIl est id\u00e9al pour <strong>animer vos soir\u00e9es<\/strong>, <strong>se d\u00e9tendre<\/strong>, <strong>s&#8217;\u00e9vader<\/strong> et <strong>faire r\u00eaver.<\/strong><\/p>\n<p><img loading=\"lazy\" decoding=\"async\" class=\"aligncenter wp-image-6634 size-full\" src=\"https:\/\/babyslane.com\/wp-content\/uploads\/2021\/10\/35d8c68c379330c7b1285e088e370f91.jpg\" alt=\"\" width=\"800\" height=\"800\" srcset=\"https:\/\/babyslane.com\/wp-content\/uploads\/2021\/10\/35d8c68c379330c7b1285e088e370f91.jpg 800w, https:\/\/babyslane.com\/wp-content\/uploads\/2021\/10\/35d8c68c379330c7b1285e088e370f91-300x300.jpg 300w, https:\/\/babyslane.com\/wp-content\/uploads\/2021\/10\/35d8c68c379330c7b1285e088e370f91-150x150.jpg 150w, https:\/\/babyslane.com\/wp-content\/uploads\/2021\/10\/35d8c68c379330c7b1285e088e370f91-768x768.jpg 768w, https:\/\/babyslane.com\/wp-content\/uploads\/2021\/10\/35d8c68c379330c7b1285e088e370f91-600x600.jpg 600w, https:\/\/babyslane.com\/wp-content\/uploads\/2021\/10\/35d8c68c379330c7b1285e088e370f91-100x100.jpg 100w\" sizes=\"(max-width: 800px) 100vw, 800px\" \/><\/p>\n<h3>Admirez un ciel \u00e9toil\u00e9 splendide o\u00f9 vous voulez<\/h3>\n<p>Avec sa t\u00eate maintenue magn\u00e9tiquement qui peut \u00eatre orient\u00e9e dans la direction souhait\u00e9e, vous pouvez<strong> projeter des \u00e9toiles et des n\u00e9buleuses multicolores o\u00f9 vous le souhaitez<\/strong>.<\/p>\n<p><img loading=\"lazy\" decoding=\"async\" class=\"aligncenter\" src=\"https:\/\/babyslane.com\/wp-content\/uploads\/2021\/10\/Sans-titre-2021-10-21T225125.695-1.jpg\" width=\"699\" height=\"699\" \/><\/p>\n<h3>S&#8217;endormir sous un ciel \u00e9toil\u00e9 m\u00eame \u00e0 la maison<\/h3>\n<p><strong>Mode minuteur:<\/strong> Le projecteur Galaxy avec<strong> mode de synchronisation intelligent et<\/strong> pratique. Il dispose de 2 timer, 45 ou 90 minutes. Et il peut \u00eatre r\u00e9gl\u00e9 pour s&#8217;arr\u00eat\u00e9 automatiquement. Vous pouvez vous endormir, le petit astronaute s&#8217;\u00e9teindra tout seul.<\/p>\n<p>Les modes de <strong>fonctionnement peuvent \u00eatre r\u00e9gl\u00e9s \u00e0 l&#8217;aide de la t\u00e9l\u00e9commande<\/strong> fournie ou \u00e0 l&#8217;aide des <strong>3 boutons situ\u00e9s au dos du personnage<\/strong><\/p>\n<p><img loading=\"lazy\" decoding=\"async\" class=\"aligncenter\" src=\"https:\/\/babyslane.com\/wp-content\/uploads\/2021\/10\/Sans-titre-2021-10-27T145726.491-1-1.jpg\" width=\"608\" height=\"608\" \/><\/p>\n<h3>Une d\u00e9coration parfaite<\/h3>\n<p>En plus de sa fonction projection, ce petit astronaute au <strong>design sobre et minimaliste<\/strong> apportera une touche <strong>d\u00e9corative originale \u00e0 votre int\u00e9rieur<\/strong>.<br \/>\nUne vraie petite <strong>merveille pour d\u00e9corer la chambre de vos enfants<\/strong> et<strong> les faire r\u00eaver<\/strong>.<\/p>\n<p><img loading=\"lazy\" decoding=\"async\" class=\"aligncenter\" src=\"https:\/\/babyslane.com\/wp-content\/uploads\/2021\/10\/Sans-titre-2021-10-21T224705.211.jpg\" width=\"684\" height=\"684\" \/><\/p>\n<h3>Facile \u00e0 utiliser et \u00e0 transporter<\/h3>\n<p><strong>Rotatif<\/strong>: La t\u00eate du projecteur Astronaute peut \u00eatre<strong> ajust\u00e9e de 90 degr\u00e9s<\/strong>, le bras peut \u00eatre ajust\u00e9 de 360 degr\u00e9s, il peut \u00eatre tourn\u00e9 vers n\u2019importe quel angle, et il est <strong>facile \u00e0 d\u00e9placer et \u00e0 utiliser<\/strong>.<\/p>\n<p><strong>Utilisation<\/strong>: Le projecteur de ciel \u00e9toil\u00e9 a une large plage de projection et <strong>convient \u00e0 plusieurs environnement<\/strong>, telles que <strong>la chambre \u00e0 coucher, le bureau, les f\u00eates<\/strong>, &#8230;<\/p>\n<p><strong>Ciel \u00e9toil\u00e9<\/strong>: Ce projecteur de ciel \u00e9toil\u00e9 <strong>simule le ciel \u00e9toil\u00e9 r\u00e9el, les \u00e9toiles scintillantes,<\/strong> vous apporter un sentiment de <strong>relaxation<\/strong><\/p>\n<p><img loading=\"lazy\" decoding=\"async\" class=\"aligncenter\" src=\"https:\/\/babyslane.com\/wp-content\/uploads\/2021\/10\/Sans-titre-2021-10-21T232004.437-2.jpg\" width=\"671\" height=\"671\" \/><\/p>\n<h3><strong>Commande \u00e0 distance<\/strong><\/h3>\n<p>Avec le fonctionnement \u00e0 distance, le projecteur dispose de <strong>8 types d\u2019affichage \u00e0 effet de n\u00e9buleuse<\/strong>, <strong>vitesse de changement r\u00e9glable<\/strong>, luminosit\u00e9 de n\u00e9buleuse r\u00e9glable. Les \u00e9toiles ou les n\u00e9buleuses peuvent \u00eatre affich\u00e9es s\u00e9par\u00e9ment.<\/p>\n<p><img loading=\"lazy\" decoding=\"async\" class=\"aligncenter wp-image-6630 \" src=\"https:\/\/babyslane.com\/wp-content\/uploads\/2021\/10\/da9a72e4441fa0dd9a7cf94d487940c9.jpg\" alt=\"\" width=\"754\" height=\"754\" srcset=\"https:\/\/babyslane.com\/wp-content\/uploads\/2021\/10\/da9a72e4441fa0dd9a7cf94d487940c9.jpg 800w, https:\/\/babyslane.com\/wp-content\/uploads\/2021\/10\/da9a72e4441fa0dd9a7cf94d487940c9-300x300.jpg 300w, https:\/\/babyslane.com\/wp-content\/uploads\/2021\/10\/da9a72e4441fa0dd9a7cf94d487940c9-150x150.jpg 150w, https:\/\/babyslane.com\/wp-content\/uploads\/2021\/10\/da9a72e4441fa0dd9a7cf94d487940c9-768x768.jpg 768w, https:\/\/babyslane.com\/wp-content\/uploads\/2021\/10\/da9a72e4441fa0dd9a7cf94d487940c9-600x600.jpg 600w, https:\/\/babyslane.com\/wp-content\/uploads\/2021\/10\/da9a72e4441fa0dd9a7cf94d487940c9-100x100.jpg 100w\" sizes=\"(max-width: 754px) 100vw, 754px\" \/><\/p>\n<h3>Le meilleur cadeau pour petits et grands<\/h3>\n<p>Cet astronaute est le cadeau parfait pour faire plaisir a vos proche avec des souvenirs inoubliables.<\/p>\n<p><img loading=\"lazy\" decoding=\"async\" class=\"aligncenter\" src=\"https:\/\/babyslane.com\/wp-content\/uploads\/2021\/10\/Sans-titre-2021-10-27T142213.841-1.jpg\" width=\"687\" height=\"687\" \/><\/p>\n<h3><\/h3>\n<p><strong>Caract\u00e9ristiques techniques :<\/strong><\/p>\n<ul>\n<li>Mati\u00e8re : plastique (ABS\/PC\/PVC)<\/li>\n<li>Longueur d&#8217;onde du laser : 532 nm<\/li>\n<li>Puissance LED : &lt; 5W<\/li>\n<li>Mode de contr\u00f4le : t\u00e9l\u00e9commande infrarouge (&lt; 5m)<\/li>\n<li>Extinction automatique : au bout de 45 minutes ou 90 minutes au choix<\/li>\n<li>Alimentation astronaute : 5V DC \/ 1A &#8211; bloc secteur standard type smartphone (non fourni) &#8211; c\u00e2ble USB fourni<\/li>\n<li>Alimentation t\u00e9l\u00e9commande : 2 piles type AAA (non fournies)<\/li>\n<li><span style=\"vertical-align: inherit;\"><span style=\"vertical-align: inherit;\"><span style=\"vertical-align: inherit;\"><span style=\"vertical-align: inherit;\">Dimensions : 23x11xH23cm<\/span><\/span><\/span><\/span><\/li>\n<\/ul>\n<p><strong>Pr\u00e9cautions d&#8217;utilisation :<\/strong><\/p>\n<ul>\n<li>Le dispositif est un projecteur de lumi\u00e8re intense ; l&#8217;utilisateur ne doit pas regarder directement la source lumineuse.<\/li>\n<\/ul>\n<p><strong>Mat\u00e9riel compl\u00e9mentaire requis :<\/strong><\/p>\n<ul>\n<li>2 piles type AAA pour la t\u00e9l\u00e9commande<\/li>\n<li>Adaptateur secteur USB 5 V DC \/ 1A type smartphone ou tablette<\/li>\n<\/ul>\n<p><b>Le paquet comprend :<\/b><br \/>\nUne lampe Astronaute projection ciel \u00e9toil\u00e9 ; une base x 1; cordon d&#8217;alimentation x 1; manuel x 1; t\u00e9l\u00e9commande x 1<\/p>\n<p>&nbsp;<\/p>","protected":false},"excerpt":{"rendered":"<p>Admirez un c<strong>iel \u00e9toil\u00e9 r\u00e9aliste<\/strong> qui fait <strong>r\u00eaver les petits et les grands. C<\/strong>et astronaute projecteur vous fera <strong>voyager et d\u00e9couvrir<\/strong> de <strong>magnifiques et splendides d\u00e9cors de l&#8217;univers<\/strong>.<\/p>\n<p>Relaxation Garantie!<\/p>\n","protected":false},"featured_media":6554,"comment_status":"open","ping_status":"closed","template":"","meta":[],"product_brand":[],"product_cat":[36,33,39,30],"product_tag":[],"class_list":{"0":"post-6561","1":"product","2":"type-product","3":"status-publish","4":"has-post-thumbnail","6":"product_cat-promotions","7":"product_cat-educational-toys","8":"product_cat-new-arrivals","9":"product_cat-nursery","11":"first","12":"instock","13":"sale","14":"shipping-taxable","15":"purchasable","16":"product-type-simple"},"_links":{"self":[{"href":"https:\/\/babyslane.com\/fr\/wp-json\/wp\/v2\/product\/6561","targetHints":{"allow":["GET"]}}],"collection":[{"href":"https:\/\/babyslane.com\/fr\/wp-json\/wp\/v2\/product"}],"about":[{"href":"https:\/\/babyslane.com\/fr\/wp-json\/wp\/v2\/types\/product"}],"replies":[{"embeddable":true,"href":"https:\/\/babyslane.com\/fr\/wp-json\/wp\/v2\/comments?post=6561"}],"version-history":[{"count":0,"href":"https:\/\/babyslane.com\/fr\/wp-json\/wp\/v2\/product\/6561\/revisions"}],"wp:featuredmedia":[{"embeddable":true,"href":"https:\/\/babyslane.com\/fr\/wp-json\/wp\/v2\/media\/6554"}],"wp:attachment":[{"href":"https:\/\/babyslane.com\/fr\/wp-json\/wp\/v2\/media?parent=6561"}],"wp:term":[{"taxonomy":"product_brand","embeddable":true,"href":"https:\/\/babyslane.com\/fr\/wp-json\/wp\/v2\/product_brand?post=6561"},{"taxonomy":"product_cat","embeddable":true,"href":"https:\/\/babyslane.com\/fr\/wp-json\/wp\/v2\/product_cat?post=6561"},{"taxonomy":"product_tag","embeddable":true,"href":"https:\/\/babyslane.com\/fr\/wp-json\/wp\/v2\/product_tag?post=6561"}],"curies":[{"name":"wp","href":"https:\/\/api.w.org\/{rel}","templated":true}]}}