{"id":6572,"date":"2021-10-20T18:37:46","date_gmt":"2021-10-20T16:37:46","guid":{"rendered":"https:\/\/babyslane.com\/produit\/ufo-star-night-light-projector-for-kids-creative-toys-stars-projection-lamp-adult-sleep-helper\/"},"modified":"2022-06-13T06:33:14","modified_gmt":"2022-06-13T04:33:14","slug":"veilleuse-bebe-soucoupe-volante-ufo-star-night-lamp","status":"publish","type":"product","link":"https:\/\/babyslane.com\/fr\/produit\/veilleuse-bebe-soucoupe-volante-ufo-star-night-lamp\/","title":{"rendered":"VEILLEUSE SOUCOUPE VOLANTE PROJECTION D&#8217;IMAGE"},"content":{"rendered":"<p>Tout le monde sait combien <strong>les enfants ont besoin de calme<\/strong> et d&#8217;une <strong>ambiance apaisante<\/strong> avant de <strong>trouver le sommeil.<\/strong><img fetchpriority=\"high\" decoding=\"async\" class=\"aligncenter\" src=\"https:\/\/babyslane.com\/wp-content\/uploads\/2021\/10\/Sans-titre-3.gif\" alt=\"\" width=\"300\" height=\"300\" \/><\/p>\n<p>C&#8217;est pourquoi, la plupart des parents cherchent constamment<strong> la solution<\/strong> pour apporter<strong> l&#8217;ambiance ad\u00e9quate<\/strong> qui <strong>permettra \u00e0 leurs enfants<\/strong> de <strong>s&#8217;endormir paisiblement.<\/strong><\/p>\n<p style=\"text-align: center;\"><img decoding=\"async\" class=\"aligncenter\" src=\"https:\/\/babyslane.com\/wp-content\/uploads\/2021\/10\/Sans-titre-2021-10-22T212758.834-1.jpg\" width=\"300\" height=\"300\" \/><\/p>\n<p>Certains parents choisissent de <strong>raconter des histoires<\/strong>, d&#8217;autres pr\u00e9f\u00e8rent laisser une <strong>petite musique douce<\/strong> dans la chambre de l&#8217;enfant et d&#8217;autres encore optent pour <strong>une petite veilleuse<\/strong> qui rassure.<\/p>\n<p>Mais pourquoi choisir quand on peut tout avoir ? <strong>La veilleuse soucoupe volante<\/strong> est l&#8217;accessoire qui saura <strong>apaiser, tranquilliser<\/strong>, et <strong>rassurer votre enfant.<\/strong><\/p>\n<p style=\"text-align: center;\"><img decoding=\"async\" class=\"\" src=\"https:\/\/cc-west-usa.oss-accelerate.aliyuncs.com\/1616059392190.jpg\" width=\"329\" height=\"329\" \/><\/p>\n<p><strong>Veilleuse \u00e9clairante<\/strong> et <strong>rassurante<\/strong>, elle proj\u00e8te aussi de <strong>jolies images<\/strong> au plafond qui <strong>apaiseront votre enfant<\/strong>. Equip\u00e9e de la <strong>fonction Speaker<\/strong> vous pouvez \u00e9galement laisser <strong>des sons blanc ou des petites histoires<\/strong> pour <strong>calmer votre bout de chou<\/strong> et le mettre dans une <strong>atmosph\u00e8re relaxante.<\/strong><img loading=\"lazy\" decoding=\"async\" class=\"wp-image-6691 aligncenter\" src=\"https:\/\/babyslane.com\/wp-content\/uploads\/2021\/10\/Sans-titre-7.gif\" alt=\"\" width=\"300\" height=\"300\" \/>Avec sa <strong>forme tr\u00e8s originale,<\/strong> notre veilleuse fera craquer et <strong>amusera les enfants<\/strong> de tout \u00e2ges, m\u00eame les plus petits. Son<strong> design moderne<\/strong> et ses finitions\u00a0 apporteront <strong>un style particulier<\/strong> dans <strong>la chambre de votre enfant.<\/strong><\/p>\n<p><strong>Fan d&#8217;espace<\/strong>, <strong>de cosmonaute<\/strong>, <strong>d&#8217;ovni<\/strong> ou tout simplement <strong>envie de s&#8217;\u00e9vader<\/strong>, elle est<strong> l&#8217;accessoire parfait<\/strong> pour <strong>accompagner les nuits de vos enfants<\/strong>.<\/p>\n<p>La <strong>lumi\u00e8re r\u00e9glable<\/strong> et la <strong>projection d&#8217;image apaisante<\/strong> permettra \u00e0 votre enfant de <strong>s&#8217;endormir dans le calme<\/strong> en toute <strong>s\u00e9r\u00e9nit\u00e9.<\/strong><\/p>\n<p><img loading=\"lazy\" decoding=\"async\" class=\"aligncenter\" src=\"https:\/\/babyslane.com\/wp-content\/uploads\/2021\/10\/Sans-titre-4.gif\" width=\"300\" height=\"300\" \/><\/p>\n<p>Gr\u00e2ce \u00e0 ses <strong>3 variations de couleurs<\/strong> et ses <strong>6 films interchangeable<\/strong> votre enfant d\u00e9couvrira des images diff\u00e9rentes \u00e0 chaque fois qui vont susciter <strong>sa curiosit\u00e9<\/strong> et <strong>stimuler son imagination.<\/strong><\/p>\n<p style=\"text-align: center;\"><img loading=\"lazy\" decoding=\"async\" class=\"alignnone size-medium wp-image-6757\" src=\"https:\/\/babyslane.com\/wp-content\/uploads\/2021\/11\/CollageMaker_20211103_004136427-300x300.jpg\" alt=\"\" width=\"300\" height=\"300\" srcset=\"https:\/\/babyslane.com\/wp-content\/uploads\/2021\/11\/CollageMaker_20211103_004136427-300x300.jpg 300w, https:\/\/babyslane.com\/wp-content\/uploads\/2021\/11\/CollageMaker_20211103_004136427-1024x1024.jpg 1024w, https:\/\/babyslane.com\/wp-content\/uploads\/2021\/11\/CollageMaker_20211103_004136427-150x150.jpg 150w, https:\/\/babyslane.com\/wp-content\/uploads\/2021\/11\/CollageMaker_20211103_004136427-768x768.jpg 768w, https:\/\/babyslane.com\/wp-content\/uploads\/2021\/11\/CollageMaker_20211103_004136427-1536x1536.jpg 1536w, https:\/\/babyslane.com\/wp-content\/uploads\/2021\/11\/CollageMaker_20211103_004136427-600x600.jpg 600w, https:\/\/babyslane.com\/wp-content\/uploads\/2021\/11\/CollageMaker_20211103_004136427-100x100.jpg 100w, https:\/\/babyslane.com\/wp-content\/uploads\/2021\/11\/CollageMaker_20211103_004136427.jpg 1600w\" sizes=\"(max-width: 300px) 100vw, 300px\" \/><\/p>\n<p>Le changement se fait<strong> tr\u00e8s facilement<\/strong> il suffit de retirer la coque de la veilleuse et de placer le film dans le socle puis de remettre le tout.<\/p>\n<p><img loading=\"lazy\" decoding=\"async\" class=\"aligncenter\" style=\"font-size: 1em; max-width: 100%;\" src=\"https:\/\/cc-west-usa.oss-accelerate.aliyuncs.com\/cca0d23f-5bf4-481f-84f6-873fadbe6cbd.jpg\" width=\"200\" height=\"232\" \/><\/p>\n<p>&nbsp;<\/p>\n<p><strong>Gr\u00e2ce aux images<\/strong> qu&#8217;il verra tournoyer doucement au-dessus de lui il sera dans une <strong>ambiance d\u00e9tendue<\/strong> et <strong>apais\u00e9e<\/strong> ce qui lui permettra de<strong> s&#8217;endormir plus facilement.<\/strong><\/p>\n<p style=\"text-align: center;\"><img loading=\"lazy\" decoding=\"async\" class=\"alignnone size-medium wp-image-6758\" src=\"https:\/\/babyslane.com\/wp-content\/uploads\/2021\/11\/e46ded3bbb1735414feb0867f5f7503a-300x300.jpg\" alt=\"\" width=\"300\" height=\"300\" srcset=\"https:\/\/babyslane.com\/wp-content\/uploads\/2021\/11\/e46ded3bbb1735414feb0867f5f7503a-300x300.jpg 300w, https:\/\/babyslane.com\/wp-content\/uploads\/2021\/11\/e46ded3bbb1735414feb0867f5f7503a-150x150.jpg 150w, https:\/\/babyslane.com\/wp-content\/uploads\/2021\/11\/e46ded3bbb1735414feb0867f5f7503a-768x768.jpg 768w, https:\/\/babyslane.com\/wp-content\/uploads\/2021\/11\/e46ded3bbb1735414feb0867f5f7503a-600x600.jpg 600w, https:\/\/babyslane.com\/wp-content\/uploads\/2021\/11\/e46ded3bbb1735414feb0867f5f7503a-100x100.jpg 100w, https:\/\/babyslane.com\/wp-content\/uploads\/2021\/11\/e46ded3bbb1735414feb0867f5f7503a.jpg 800w\" sizes=\"(max-width: 300px) 100vw, 300px\" \/><\/p>\n<p>Avec sa<strong> fonction Speaker<\/strong> via <strong>Bluetooth<\/strong> vous pouvez <strong>diffuser des sons blanc<\/strong> agr\u00e9ables et apaisants ou des histoires afin qu&#8217;il se sente<strong> en total s\u00e9curit\u00e9<\/strong>.<\/p>\n<p style=\"text-align: center;\"><img loading=\"lazy\" decoding=\"async\" class=\"alignnone size-medium wp-image-6760\" src=\"https:\/\/babyslane.com\/wp-content\/uploads\/2021\/11\/IMG_20211104_012357-300x300.jpg\" alt=\"\" width=\"300\" height=\"300\" srcset=\"https:\/\/babyslane.com\/wp-content\/uploads\/2021\/11\/IMG_20211104_012357-300x300.jpg 300w, https:\/\/babyslane.com\/wp-content\/uploads\/2021\/11\/IMG_20211104_012357-150x150.jpg 150w, https:\/\/babyslane.com\/wp-content\/uploads\/2021\/11\/IMG_20211104_012357-768x768.jpg 768w, https:\/\/babyslane.com\/wp-content\/uploads\/2021\/11\/IMG_20211104_012357-600x600.jpg 600w, https:\/\/babyslane.com\/wp-content\/uploads\/2021\/11\/IMG_20211104_012357-100x100.jpg 100w, https:\/\/babyslane.com\/wp-content\/uploads\/2021\/11\/IMG_20211104_012357.jpg 800w\" sizes=\"(max-width: 300px) 100vw, 300px\" \/><\/p>\n<p>Vous pouvez maintenant accompagner votre enfants aux <strong>pays des r\u00eaves<\/strong> gr\u00e2ce aux multiples options qu&#8217;offre cette veilleuse.<\/p>\n<p><img loading=\"lazy\" decoding=\"async\" class=\"aligncenter\" src=\"https:\/\/babyslane.com\/wp-content\/uploads\/2021\/10\/Option-bluetooth-telecommande.jpg\" width=\"300\" height=\"300\" \/><\/p>\n<p>Et avec la t\u00e9l\u00e9commande, vous pourrez tout g\u00e9rer \u00e0 distance depuis l&#8217;entr\u00e9e de la chambre pour \u00e9viter de le d\u00e9ranger pendant son sommeil.<\/p>\n<p><strong>Pour des nuits calmes et sereines<\/strong>, compl\u00e9tez la d\u00e9co de sa jolie chambre avec notre veilleuse !<\/p>\n<p><img loading=\"lazy\" decoding=\"async\" class=\"aligncenter\" style=\"max-width: 100%;\" src=\"https:\/\/cc-west-usa.oss-accelerate.aliyuncs.com\/1616059422458.jpg\" width=\"300\" height=\"300\" \/><\/p>\n<p><b><span style=\"vertical-align: inherit;\"><span style=\"vertical-align: inherit;\">Pr\u00e9sentation:<\/span><\/span><\/b><br \/>\n<span style=\"vertical-align: inherit;\"><span style=\"vertical-align: inherit;\"> Haut-parleur int\u00e9gr\u00e9 <\/span><\/span><br \/>\n<span style=\"vertical-align: inherit;\"><span style=\"vertical-align: inherit;\">Connectez votre t\u00e9l\u00e9phone Bluetooth avec veilleuse Branchez <\/span><\/span><br \/>\n<span style=\"vertical-align: inherit;\"><span style=\"vertical-align: inherit;\">le c\u00e2ble audio pour \u00e9couter votre musique <\/span><\/span><br \/>\n<span style=\"vertical-align: inherit;\"><span style=\"vertical-align: inherit;\">Projection d&#8217;image<\/span><\/span><span style=\"vertical-align: inherit;\"> <span style=\"vertical-align: inherit;\">Haut- <\/span><\/span><br \/>\n<span style=\"vertical-align: inherit;\"><span style=\"vertical-align: inherit;\">Speaker-Bluetooth <\/span><\/span><br \/>\n<span style=\"vertical-align: inherit;\"><span style=\"vertical-align: inherit;\">Vari\u00e9t\u00e9 changeante <\/span><\/span><br \/>\n<span style=\"vertical-align: inherit;\"><span style=\"vertical-align: inherit;\">Lumi\u00e8re confortable et douce pour cr\u00e9er un ciel \u00e9toil\u00e9 de r\u00eave sans perturber le sommeil de votre enfant<br \/>\n<\/span><\/span><\/p>\n<p><b>\u00a0<\/b><b><span style=\"vertical-align: inherit;\"><span style=\"vertical-align: inherit;\">Sp\u00e9cification:<\/span><\/span><\/b><br \/>\n<span style=\"vertical-align: inherit;\"><span style=\"vertical-align: inherit;\"> Qualit\u00e9 du mat\u00e9riau: PC + ABS <\/span><\/span><br \/>\n<span style=\"vertical-align: inherit;\"><span style=\"vertical-align: inherit;\">Puissance nominale: 5W <\/span><\/span><br \/>\n<span style=\"vertical-align: inherit;\"><span style=\"vertical-align: inherit;\">Capacit\u00e9 de la batterie au lithium: 1200MA <\/span><\/span><br \/>\n<span style=\"vertical-align: inherit;\"><span style=\"vertical-align: inherit;\">Taille: 163X105mm <\/span><\/span><br \/>\n<span style=\"vertical-align: inherit;\"><span style=\"vertical-align: inherit;\">Poids: 521g <\/span><\/span><\/p>\n<p><span style=\"vertical-align: inherit;\"><span style=\"vertical-align: inherit;\">Mod\u00e8les r\u00e9guliers: <\/span><\/span><br \/>\n<span style=\"vertical-align: inherit;\"><span style=\"vertical-align: inherit;\">Prise directe\/ <\/span><\/span><br \/>\n<span style=\"vertical-align: inherit;\"><span style=\"vertical-align: inherit;\">fonction de rotation <\/span><span style=\"vertical-align: inherit;\">USB <\/span><\/span><br \/>\n<span style=\"vertical-align: inherit;\"><span style=\"vertical-align: inherit;\">Lumi\u00e8re tricolore <\/span><\/span><\/p>\n<p><span style=\"vertical-align: inherit;\"><span style=\"vertical-align: inherit;\">Plug-in Bluetooth: prise directe\/ <\/span><\/span><br \/>\n<span style=\"vertical-align: inherit;\"><span style=\"vertical-align: inherit;\">fonction de rotation <\/span><span style=\"vertical-align: inherit;\">USB <\/span><\/span><br \/>\n<span style=\"vertical-align: inherit;\"><span style=\"vertical-align: inherit;\">Haut-parleur Bluetooth <\/span><\/span><br \/>\n<span style=\"vertical-align: inherit;\"><span style=\"vertical-align: inherit;\">Trois -lumi\u00e8re de couleur <\/span><\/span><\/p>\n<p>&nbsp;<\/p>\n<p><span style=\"vertical-align: inherit;\"><span style=\"vertical-align: inherit;\">T\u00e9l\u00e9commande de charge: batterie au lithium 1200MA <\/span><\/span><br \/>\n<span style=\"vertical-align: inherit;\"><span style=\"vertical-align: inherit;\">Fonction de rotation <\/span><\/span><br \/>\n<span style=\"vertical-align: inherit;\"><span style=\"vertical-align: inherit;\">Haut-parleur Bluetooth <\/span><\/span><br \/>\n<span style=\"vertical-align: inherit;\"><span style=\"vertical-align: inherit;\">T\u00e9l\u00e9commande <\/span><\/span><br \/>\n<span style=\"vertical-align: inherit;\"><span style=\"vertical-align: inherit;\">Lumi\u00e8re tricolore<\/span><\/span><\/p>\n<p style=\"text-align: center;\"><img loading=\"lazy\" decoding=\"async\" class=\"aligncenter\" src=\"https:\/\/cc-west-usa.oss-accelerate.aliyuncs.com\/579acbde-339b-4a95-83da-2259fbbdcbf7.jpg\" width=\"300\" height=\"300\" \/><\/p>\n<p><b><span style=\"vertical-align: inherit;\"><span style=\"vertical-align: inherit;\">Contenu du coffret:\u00a0<\/span><\/span><\/b><span style=\"vertical-align: inherit;\"><span style=\"vertical-align: inherit;\">1 x lumi\u00e8re; <\/span><\/span><span style=\"vertical-align: inherit;\"><span style=\"vertical-align: inherit;\">1 x c\u00e2ble USB; <\/span><\/span><span style=\"vertical-align: inherit;\"><span style=\"vertical-align: inherit;\">1 x t\u00e9l\u00e9commande R en Option.<\/span><\/span><\/p>","protected":false},"excerpt":{"rendered":"<p>Le cadeau qui plait aux parents et qui enchantera les nuits des enfants.<\/p>\n","protected":false},"featured_media":6681,"comment_status":"open","ping_status":"closed","template":"","meta":[],"product_brand":[],"product_cat":[30,33,36],"product_tag":[],"class_list":{"0":"post-6572","1":"product","2":"type-product","3":"status-publish","4":"has-post-thumbnail","6":"product_cat-nursery","7":"product_cat-educational-toys","8":"product_cat-promotions","10":"first","11":"instock","12":"sale","13":"shipping-taxable","14":"purchasable","15":"product-type-variable"},"_links":{"self":[{"href":"https:\/\/babyslane.com\/fr\/wp-json\/wp\/v2\/product\/6572","targetHints":{"allow":["GET"]}}],"collection":[{"href":"https:\/\/babyslane.com\/fr\/wp-json\/wp\/v2\/product"}],"about":[{"href":"https:\/\/babyslane.com\/fr\/wp-json\/wp\/v2\/types\/product"}],"replies":[{"embeddable":true,"href":"https:\/\/babyslane.com\/fr\/wp-json\/wp\/v2\/comments?post=6572"}],"version-history":[{"count":0,"href":"https:\/\/babyslane.com\/fr\/wp-json\/wp\/v2\/product\/6572\/revisions"}],"wp:featuredmedia":[{"embeddable":true,"href":"https:\/\/babyslane.com\/fr\/wp-json\/wp\/v2\/media\/6681"}],"wp:attachment":[{"href":"https:\/\/babyslane.com\/fr\/wp-json\/wp\/v2\/media?parent=6572"}],"wp:term":[{"taxonomy":"product_brand","embeddable":true,"href":"https:\/\/babyslane.com\/fr\/wp-json\/wp\/v2\/product_brand?post=6572"},{"taxonomy":"product_cat","embeddable":true,"href":"https:\/\/babyslane.com\/fr\/wp-json\/wp\/v2\/product_cat?post=6572"},{"taxonomy":"product_tag","embeddable":true,"href":"https:\/\/babyslane.com\/fr\/wp-json\/wp\/v2\/product_tag?post=6572"}],"curies":[{"name":"wp","href":"https:\/\/api.w.org\/{rel}","templated":true}]}}