{"id":6701,"date":"2021-10-29T14:36:33","date_gmt":"2021-10-29T12:36:33","guid":{"rendered":"https:\/\/babyslane.com\/produit\/rechargeable-3d-impression-lune-lampe-2-changement-de-couleur-tactile-commutateur\/"},"modified":"2023-02-03T10:05:07","modified_gmt":"2023-02-03T09:05:07","slug":"moonlight-lamp-3d-fullmoon","status":"publish","type":"product","link":"https:\/\/babyslane.com\/fr\/produit\/moonlight-lamp-3d-fullmoon\/","title":{"rendered":"LAMPE VEILLEUSE LUNE FEERIQUE MOON NIGHT 3D"},"content":{"rendered":"<p>Une<strong> lampe originale<\/strong> qui ajoutera un <strong>touche unique<\/strong> \u00e0 <strong>votre int\u00e9rieur et vos soir\u00e9es<\/strong>&#8230;<\/p>\n<p style=\"text-align: center;\"><img fetchpriority=\"high\" decoding=\"async\" class=\"\" src=\"https:\/\/babyslane.com\/wp-content\/uploads\/2021\/10\/bd9af5ecc1c8abac6a029da52f30b8e4.jpg\" width=\"300\" height=\"300\" \/><\/p>\n<p><strong>Bien plus qu&#8217;une lampe<\/strong>, Moon Night est avant tout <strong>un univers<\/strong>, <strong>une ambiance<\/strong>, <strong>un d\u00e9cor exceptionnel<\/strong> qui fait <strong>r\u00eaver<\/strong>&#8230; C&#8217;est des <strong>moments apaisants de d\u00e9tente<\/strong> et de <strong>relaxation<\/strong> dans un <strong>environnement unique<\/strong>.<\/p>\n<p style=\"text-align: center;\"><img decoding=\"async\" class=\"aligncenter\" src=\"https:\/\/cdn.shopify.com\/s\/files\/1\/2509\/2488\/files\/lampe-lune-gif.gif?v=1614359205\" \/><\/p>\n<p>La lampe et veilleuse <strong>Moon Night 3D<\/strong> est une <strong>reproduction parfaite de la Lune<\/strong>. Tout ses d\u00e9tails ont \u00e9t\u00e9 <strong>fid\u00e8lement reproduits<\/strong>, m\u00eame la face cach\u00e9e.<\/p>\n<p><img decoding=\"async\" class=\"aligncenter\" src=\"https:\/\/babyslane.com\/wp-content\/uploads\/2021\/10\/Sans-titre-2021-10-31T170032.988-1.jpg\" width=\"300\" height=\"300\" \/><\/p>\n<p>Cette lampe au <strong>design unique<\/strong>\u00a0 s\u2019adapte \u00e0 toutes les occasions. <strong>Tr\u00e8s d\u00e9corative<\/strong>, elle cr\u00e9e une <strong>atmosph\u00e8re f\u00e9erique<\/strong> qui arrive \u00e0 <strong>satisfaire et impressionner<\/strong> m\u00eame les plus exigeants.<\/p>\n<p><img decoding=\"async\" class=\"aligncenter\" src=\"https:\/\/babyslane.com\/wp-content\/uploads\/2021\/10\/Sans-titre-2021-10-31T163209.363-1.jpg\" width=\"300\" height=\"300\" \/><\/p>\n<p><strong>Originale<\/strong>, cette lampe est <strong>le parfait cadeau<\/strong> \u00e0 offrir \u00e0 votre famille ou vos amis. Elle est en mesure de plaire <strong>aux petits mais aussi aux plus grands.<\/strong><\/p>\n<p><img loading=\"lazy\" decoding=\"async\" class=\"aligncenter\" src=\"https:\/\/babyslane.com\/wp-content\/uploads\/2021\/10\/Sans-titre-2021-10-31T163533.602-1.jpg\" width=\"300\" height=\"300\" \/><\/p>\n<p>La\u00a0<strong>lampe MOON NIGHT 3D<\/strong> peut \u00eatre utilis\u00e9e pour diff\u00e9rentes situations, <strong>veilleuse <\/strong>dans la chambre de b\u00e9b\u00e9 ou dans votre chambre, mais aussi en objet de<strong> d\u00e9coration<\/strong> dans le salon et plus encore. Objet de fascination surtout pour les petits, votre enfant s&#8217;amusera et se plaira \u00e0 jouer les explorateurs de l&#8217;espace. Le choix d\u2019usage est multiple, \u00e0 vous de faire travailler votre imagination.<\/p>\n<p><img loading=\"lazy\" decoding=\"async\" class=\"size-medium wp-image-6739 aligncenter\" src=\"https:\/\/babyslane.com\/wp-content\/uploads\/2021\/10\/6d679466ff3a438f0a46e6e8d27be1e3-300x300.jpg\" alt=\"\" width=\"300\" height=\"300\" srcset=\"https:\/\/babyslane.com\/wp-content\/uploads\/2021\/10\/6d679466ff3a438f0a46e6e8d27be1e3-300x300.jpg 300w, https:\/\/babyslane.com\/wp-content\/uploads\/2021\/10\/6d679466ff3a438f0a46e6e8d27be1e3-150x150.jpg 150w, https:\/\/babyslane.com\/wp-content\/uploads\/2021\/10\/6d679466ff3a438f0a46e6e8d27be1e3-768x768.jpg 768w, https:\/\/babyslane.com\/wp-content\/uploads\/2021\/10\/6d679466ff3a438f0a46e6e8d27be1e3-600x600.jpg 600w, https:\/\/babyslane.com\/wp-content\/uploads\/2021\/10\/6d679466ff3a438f0a46e6e8d27be1e3-100x100.jpg 100w, https:\/\/babyslane.com\/wp-content\/uploads\/2021\/10\/6d679466ff3a438f0a46e6e8d27be1e3.jpg 800w\" sizes=\"(max-width: 300px) 100vw, 300px\" \/><\/p>\n<p>Vous pourrez ajuster la lumi\u00e8re selon vos souhaits : peut-\u00eatre pr\u00e9f\u00e9rez-vous une lune\u00a0<strong>enchant\u00e9e et myst\u00e9rieuse<\/strong>\u00a0dans les tons froids ou bien une lune\u00a0<strong>envo\u00fbtante et romantique<\/strong>\u00a0dans les tons chauds.<\/p>\n<p><img loading=\"lazy\" decoding=\"async\" class=\"aligncenter\" src=\"https:\/\/babyslane.com\/wp-content\/uploads\/2021\/10\/Sans-titre-2021-10-31T163108.893-1.jpg\" width=\"300\" height=\"300\" \/><\/p>\n<p><strong>L&#8217;intensit\u00e9<\/strong>\u00a0est \u00e9galement r\u00e9glable, pour simplement avoir une lune dans votre pi\u00e8ce qui\u00a0<strong>veille<\/strong>\u00a0ou une v\u00e9ritable lampe qui\u00a0<strong>illumine<\/strong>.<b><img loading=\"lazy\" decoding=\"async\" class=\"aligncenter\" src=\"https:\/\/babyslane.com\/wp-content\/uploads\/2021\/10\/Sans-titre-2021-10-31T171113.546-1.jpg\" width=\"300\" height=\"300\" \/><\/b><\/p>\n<ul>\n<li>La lampe est\u00a0<strong>SANS FIL<\/strong>\u00a0et la batterie\u00a0<strong>fournie<\/strong>\u00a0\u00e0 une autonomie de\u00a0<strong>8 heures <\/strong>selon l\u2019intensit\u00e9.<\/li>\n<li><strong>Rechargeable<\/strong>\u00a0simplement sur le secteur avec le\u00a0<b>c\u00e2ble USB<\/b>\u00a0<strong>fourni.\u00a0<\/strong><\/li>\n<li>La lampe pleine lune f\u00e9\u00e9rique est<strong> TACTILE.\u00a0<\/strong><\/li>\n<li><strong>Couleurs et intensit\u00e9 lumineuse r\u00e9glable<\/strong> en touchant la lampe.<\/li>\n<li><strong>16 couleurs disponibles<\/strong> pour encore plus de plaisir.<\/li>\n<li><strong>Vous pouvez la prendre en main, elle ne chauffe pas, aucun danger !<\/strong><\/li>\n<li><strong>Support en bois<\/strong> fourni avec la lampe.<\/li>\n<li><strong>Mat\u00e9riaux \u00e9cologiques :<\/strong>\u00a0cette lampe est compos\u00e9e de\u00a0<strong>mat\u00e9riaux biod\u00e9gradables, non toxiques, inodores et respectueux de l&#8217;environnement.\u00a0<\/strong><\/li>\n<li><strong>Taille disponible : 10cm, 15cm et 18cm.<\/strong><\/li>\n<\/ul>\n<p style=\"text-align: center;\"><b><img loading=\"lazy\" decoding=\"async\" class=\"aligncenter\" src=\"https:\/\/cdn2.shopify.com\/s\/files\/1\/1857\/8015\/products\/HTB1kM0dXjuhSKJjSspjq6Ai8VXaf_grande.jpg?v=1514898369\" alt=\"Night Light 3D Printing Moon Lamp\" width=\"300\" height=\"241\" \/><\/b><\/p>\n<p>Le paquet contient : 1 <strong>lampe MOON NIGHT 3D<\/strong>, 1 <b>c\u00e2ble USB, 1 support en bois, et 1 t\u00e9l\u00e9commande.<\/b><\/p>\n<p>&nbsp;<\/p>\n<p>&nbsp;<\/p>","protected":false},"excerpt":{"rendered":"<p><strong>Personne ne reste indiff\u00e9rent face \u00e0 la pleine lune.<\/strong><\/p>\n<p><strong>Une splendeur<\/strong> qui <strong>intrigue<\/strong> et qui <strong>passionne<\/strong>. Elle r\u00e9uni \u00e0 la fois <strong>myst\u00e8re<\/strong> et <strong>romance<\/strong>, et elle est la lumi\u00e8re qui <strong>\u00e9claire<\/strong> nos nuits. Apportez cette touche f\u00e9erique chez vous avec notre Lampe Moon Night.<\/p>\n","protected":false},"featured_media":6712,"comment_status":"open","ping_status":"closed","template":"","meta":[],"product_brand":[],"product_cat":[41,30,36],"product_tag":[],"class_list":{"0":"post-6701","1":"product","2":"type-product","3":"status-publish","4":"has-post-thumbnail","6":"product_cat-the-best-deals","7":"product_cat-nursery","8":"product_cat-promotions","10":"first","11":"instock","12":"sale","13":"shipping-taxable","14":"purchasable","15":"product-type-variable"},"_links":{"self":[{"href":"https:\/\/babyslane.com\/fr\/wp-json\/wp\/v2\/product\/6701","targetHints":{"allow":["GET"]}}],"collection":[{"href":"https:\/\/babyslane.com\/fr\/wp-json\/wp\/v2\/product"}],"about":[{"href":"https:\/\/babyslane.com\/fr\/wp-json\/wp\/v2\/types\/product"}],"replies":[{"embeddable":true,"href":"https:\/\/babyslane.com\/fr\/wp-json\/wp\/v2\/comments?post=6701"}],"version-history":[{"count":0,"href":"https:\/\/babyslane.com\/fr\/wp-json\/wp\/v2\/product\/6701\/revisions"}],"wp:featuredmedia":[{"embeddable":true,"href":"https:\/\/babyslane.com\/fr\/wp-json\/wp\/v2\/media\/6712"}],"wp:attachment":[{"href":"https:\/\/babyslane.com\/fr\/wp-json\/wp\/v2\/media?parent=6701"}],"wp:term":[{"taxonomy":"product_brand","embeddable":true,"href":"https:\/\/babyslane.com\/fr\/wp-json\/wp\/v2\/product_brand?post=6701"},{"taxonomy":"product_cat","embeddable":true,"href":"https:\/\/babyslane.com\/fr\/wp-json\/wp\/v2\/product_cat?post=6701"},{"taxonomy":"product_tag","embeddable":true,"href":"https:\/\/babyslane.com\/fr\/wp-json\/wp\/v2\/product_tag?post=6701"}],"curies":[{"name":"wp","href":"https:\/\/api.w.org\/{rel}","templated":true}]}}