{"id":7074,"date":"2022-02-01T16:34:39","date_gmt":"2022-02-01T15:34:39","guid":{"rendered":"https:\/\/babyslane.com\/produit\/kid-sonic-rechargeable-electric-toothbrush-automatic-360-degrees-toothbrush-ultrasonic-soft-silicone-electric-children-toothbrush\/"},"modified":"2025-03-05T16:41:08","modified_gmt":"2025-03-05T15:41:08","slug":"kids-ultrasonic-electric-toothbrush","status":"publish","type":"product","link":"https:\/\/babyslane.com\/fr\/produit\/kids-ultrasonic-electric-toothbrush\/","title":{"rendered":"Brosse \u00e0 dent \u00e9lectrique pour enfants ludique forme U"},"content":{"rendered":"<p><\/p>\n<div class=\"elementor-element elementor-element-400c8a8 elementor-widget elementor-widget-heading\" data-id=\"400c8a8\" data-element_type=\"widget\" data-widget_type=\"heading.default\">\n<h2 style=\"text-align: center;\"><strong>Quand le brossage des dents devient un reel moment de plaisir pour votre enfant!<\/strong><\/h2>\n<p style=\"text-align: center;\"><img loading=\"lazy\" decoding=\"async\" class=\"aligncenter wp-image-7096 \" src=\"https:\/\/babyslane.com\/wp-content\/uploads\/2022\/02\/Sans-titre-15.gif\" alt=\"\" width=\"578\" height=\"578\" \/><\/p>\n<h3>Parfait pour initier votre enfant au brossage de dents quotidien<\/h3>\n<p class=\"elementor-widget-container\"><strong>Envie d&#8217;initier<\/strong> ou de <strong>motiver votre petit<\/strong> au brossage de dents <strong>facilement<\/strong>, de facon <strong>ludique et amusante?<\/strong><\/p>\n<\/div>\n<div class=\"elementor-element elementor-element-01a0d89 elementor-widget elementor-widget-text-editor\" data-id=\"01a0d89\" data-element_type=\"widget\" data-widget_type=\"text-editor.default\">\n<div class=\"elementor-widget-container\">\n<p style=\"text-align: center;\"><img loading=\"lazy\" decoding=\"async\" class=\"alignnone wp-image-7095 \" src=\"https:\/\/babyslane.com\/wp-content\/uploads\/2022\/02\/Sans-titre-14.gif\" alt=\"\" width=\"656\" height=\"656\" \/><\/p>\n<div class=\"elementor-element elementor-element-400c8a8 elementor-widget elementor-widget-heading\" data-id=\"400c8a8\" data-element_type=\"widget\" data-widget_type=\"heading.default\">\n<h3 class=\"elementor-widget-container\"><strong>Le brossage de dent, un moment agr\u00e9able pour votre enfant<br \/>\n<\/strong><\/h3>\n<\/div>\n<div class=\"elementor-element elementor-element-01a0d89 elementor-widget elementor-widget-text-editor\" data-id=\"01a0d89\" data-element_type=\"widget\" data-widget_type=\"text-editor.default\">\n<div class=\"elementor-widget-container\">\n<p>Avec sa t\u00eate <b>en forme de U, la brosse \u00e0 dent \u00e9lectrique <\/b>effectue un <strong>nettoyage \u00e0 360\u00ba<\/strong> qui permet \u00e0 la fois le nettoyage des <strong>dents et des gencives<\/strong> pour obtenir<strong> une hygi\u00e8ne dentaire compl\u00e8te et sans effort en 2 minutes.<br \/>\n<\/strong><\/p>\n<\/div>\n<\/div>\n<p><span class=\"a-list-item\"><img loading=\"lazy\" decoding=\"async\" class=\"aligncenter\" src=\"https:\/\/cc-west-usa.oss-accelerate.aliyuncs.com\/1623305206087.jpg\" width=\"681\" height=\"681\" \/><\/span><\/p>\n<\/div>\n<\/div>\n<h3>Une nouvelle exp\u00e9rience pour vos enfants<\/h3>\n<p>Grace \u00e0 sa forme et son <strong>design attrayant<\/strong>, les enfants craqueront facilement pour ce nouveau mod\u00e8le. Le but est qu&#8217;ils prennent <strong>du plaisir<\/strong> tout en se brossant les dents.<\/p>\n<p style=\"text-align: center;\"><img loading=\"lazy\" decoding=\"async\" class=\"\" src=\"https:\/\/cc-west-usa.oss-accelerate.aliyuncs.com\/1623305206085.jpg\" width=\"674\" height=\"674\" \/><\/p>\n<div class=\"elementor-element elementor-element-50ea3d7 elementor-widget elementor-widget-text-editor\" data-id=\"50ea3d7\" data-element_type=\"widget\" data-widget_type=\"text-editor.default\">\n<div class=\"elementor-widget-container\">\n<h3><span class=\"a-list-item\">Une forme qui convient parfaitement \u00e0 la structure dentaire des enfants<\/span><\/h3>\n<p><span class=\"a-list-item\">C<\/span><span class=\"a-list-item\">ompos\u00e9e de mat\u00e9riau en silicone <strong>organique de qualit\u00e9 alimentaire<\/strong>, elle<strong> prend soin efficacement des gencives d\u00e9licates<\/strong> et de l&#8217;\u00e9mail dentaire des enfants tout en apportant une<strong> exp\u00e9rience de brossage confortable.<\/strong> De plus, elle est totalement <strong>Waterproof<\/strong>, donc fini la crainte que votre enfant la fasse tomber dans l&#8217;eau.<\/span><\/p>\n<p><img loading=\"lazy\" decoding=\"async\" class=\"aligncenter\" src=\"https:\/\/cc-west-usa.oss-accelerate.aliyuncs.com\/1623305206083.jpg\" width=\"624\" height=\"624\" \/><\/p>\n<h3><strong>Con\u00e7u pour encourager les enfants \u00e0 maintenir une hygi\u00e8ne dentaire<\/strong> quotidienne<\/h3>\n<p>Cette brosse \u00e0 dents \u00e9lectrique est donc id\u00e9al pour <strong>pr\u00e9venir les caries<\/strong>. Elle est fabriqu\u00e9e \u00e0 partir de <strong>mat\u00e9riaux de qualit\u00e9<\/strong> pour offrir aux enfants une protection id\u00e9ale et<b> une exp\u00e9rience optimale<\/b> pour <strong>le soin de leurs petites dents<\/strong>.<\/p>\n<p style=\"text-align: center;\"><img loading=\"lazy\" decoding=\"async\" class=\"wp-image-7088 aligncenter\" src=\"https:\/\/babyslane.com\/wp-content\/uploads\/2022\/02\/brosse-a-dents-electrique-sonique-pour-e_main-5.jpg\" alt=\"\" width=\"731\" height=\"731\" srcset=\"https:\/\/babyslane.com\/wp-content\/uploads\/2022\/02\/brosse-a-dents-electrique-sonique-pour-e_main-5.jpg 1000w, https:\/\/babyslane.com\/wp-content\/uploads\/2022\/02\/brosse-a-dents-electrique-sonique-pour-e_main-5-300x300.jpg 300w, https:\/\/babyslane.com\/wp-content\/uploads\/2022\/02\/brosse-a-dents-electrique-sonique-pour-e_main-5-150x150.jpg 150w, https:\/\/babyslane.com\/wp-content\/uploads\/2022\/02\/brosse-a-dents-electrique-sonique-pour-e_main-5-768x768.jpg 768w, https:\/\/babyslane.com\/wp-content\/uploads\/2022\/02\/brosse-a-dents-electrique-sonique-pour-e_main-5-600x600.jpg 600w, https:\/\/babyslane.com\/wp-content\/uploads\/2022\/02\/brosse-a-dents-electrique-sonique-pour-e_main-5-100x100.jpg 100w\" sizes=\"(max-width: 731px) 100vw, 731px\" \/><\/p>\n<h3><strong><span class=\"a-list-item\">Facile \u00e0 utiliser<\/span><\/strong><\/h3>\n<p>Il suffit de l\u2019ins\u00e9rer dans la bouche et de l\u2019activer pour obtenir <strong>un brossage automatique des dents, tout en douceur.<\/strong><\/p>\n<p>Cette brosse \u00e0 dents automatique <strong>fait tout toute seule.<\/strong> Ses vibrations \u00e0 hautes fr\u00e9quences permettent <strong>un brossage, un massage dentaire, et un nettoyage en profondeur.<\/strong><\/p>\n<h3><strong>Caract\u00e9ristiques:<\/strong><\/h3>\n<p>Convient aux enfants <strong>\u00e0 partir de 3 ans.<\/strong><br \/>\nMat\u00e9riau : <strong>Silicone de qualit\u00e9 alimentaire.<\/strong><br \/>\nMode d&#8217;alimentation : AC.<br \/>\nM\u00e9thode de contr\u00f4le : bouton poussoir.<br \/>\nType de brosse \u00e0 dents \u00e9lectrique : <strong>Sonique<\/strong>.<br \/>\nCouleur : <strong>rose, vert clair<\/strong>.<br \/>\nTaille :50 x 48.5 x 105 mm.<\/p>\n<p>Contenu du paquet<br \/>\n<strong>1 x brosse \u00e0 dents \u00e9lectrique+1 x c\u00e2ble USB<\/strong><\/p>\n<\/div>\n<\/div>\n<p><\/p>","protected":false},"excerpt":{"rendered":"<p>Une brosse \u00e0 dent \u00e9l\u00e9ctrique\u00a0 qui rend le moment du brossage <strong>agr\u00e9able et ludique<\/strong> pour votre enfant.<\/p>\n<p class=\"elementor-heading-title elementor-size-default\">Le solution pour les initier facilement \u00e0 l&#8217;hygiene dentaire <strong>d\u00e8s le plus jeune \u00e2ge.<\/strong><\/p>\n","protected":false},"featured_media":7068,"comment_status":"open","ping_status":"closed","template":"","meta":[],"product_brand":[],"product_cat":[36,44,32],"product_tag":[],"class_list":{"0":"post-7074","1":"product","2":"type-product","3":"status-publish","4":"has-post-thumbnail","6":"product_cat-promotions","7":"product_cat-baby-bath-accessories","8":"product_cat-baby-care","10":"first","11":"instock","12":"sale","13":"shipping-taxable","14":"purchasable","15":"product-type-variable"},"_links":{"self":[{"href":"https:\/\/babyslane.com\/fr\/wp-json\/wp\/v2\/product\/7074","targetHints":{"allow":["GET"]}}],"collection":[{"href":"https:\/\/babyslane.com\/fr\/wp-json\/wp\/v2\/product"}],"about":[{"href":"https:\/\/babyslane.com\/fr\/wp-json\/wp\/v2\/types\/product"}],"replies":[{"embeddable":true,"href":"https:\/\/babyslane.com\/fr\/wp-json\/wp\/v2\/comments?post=7074"}],"version-history":[{"count":1,"href":"https:\/\/babyslane.com\/fr\/wp-json\/wp\/v2\/product\/7074\/revisions"}],"predecessor-version":[{"id":10496,"href":"https:\/\/babyslane.com\/fr\/wp-json\/wp\/v2\/product\/7074\/revisions\/10496"}],"wp:featuredmedia":[{"embeddable":true,"href":"https:\/\/babyslane.com\/fr\/wp-json\/wp\/v2\/media\/7068"}],"wp:attachment":[{"href":"https:\/\/babyslane.com\/fr\/wp-json\/wp\/v2\/media?parent=7074"}],"wp:term":[{"taxonomy":"product_brand","embeddable":true,"href":"https:\/\/babyslane.com\/fr\/wp-json\/wp\/v2\/product_brand?post=7074"},{"taxonomy":"product_cat","embeddable":true,"href":"https:\/\/babyslane.com\/fr\/wp-json\/wp\/v2\/product_cat?post=7074"},{"taxonomy":"product_tag","embeddable":true,"href":"https:\/\/babyslane.com\/fr\/wp-json\/wp\/v2\/product_tag?post=7074"}],"curies":[{"name":"wp","href":"https:\/\/api.w.org\/{rel}","templated":true}]}}