{"id":7174,"date":"2022-05-13T11:21:25","date_gmt":"2022-05-13T09:21:25","guid":{"rendered":"https:\/\/babyslane.com\/produit\/card-early-education-childrens-enlightenment-english-learning-machine\/"},"modified":"2023-12-01T05:32:36","modified_gmt":"2023-12-01T04:32:36","slug":"card-early-education-childrens-enlightenment-english-learning-machine","status":"publish","type":"product","link":"https:\/\/babyslane.com\/fr\/produit\/card-early-education-childrens-enlightenment-english-learning-machine\/","title":{"rendered":"Lecteur de cartes \u00e9ducatives d&#8217;apprentissage de l&#8217;anglais"},"content":{"rendered":"<p><\/p>\n<div id=\"featurebullets_feature_div\" class=\"celwidget\" data-feature-name=\"featurebullets\" data-csa-c-id=\"9j3mge-qh1oyi-1kprxr-f10426\" data-cel-widget=\"featurebullets_feature_div\">\n<h3 style=\"text-align: center;\"><span class=\"VIiyi\" lang=\"fr\"><span class=\"JLqJ4b\" data-language-for-alternatives=\"fr\" data-language-to-translate-into=\"en\" data-phrase-index=\"0\" data-number-of-phrases=\"1\"><span class=\"Q4iAWc\"><img fetchpriority=\"high\" decoding=\"async\" class=\"wp-image-7194 aligncenter\" src=\"https:\/\/babyslane.com\/wp-content\/uploads\/2022\/05\/898bca6b9b8802c0ac0eb845673f0b74.jpg\" alt=\"\" width=\"760\" height=\"760\" srcset=\"https:\/\/babyslane.com\/wp-content\/uploads\/2022\/05\/898bca6b9b8802c0ac0eb845673f0b74.jpg 1024w, https:\/\/babyslane.com\/wp-content\/uploads\/2022\/05\/898bca6b9b8802c0ac0eb845673f0b74-300x300.jpg 300w, https:\/\/babyslane.com\/wp-content\/uploads\/2022\/05\/898bca6b9b8802c0ac0eb845673f0b74-150x150.jpg 150w, https:\/\/babyslane.com\/wp-content\/uploads\/2022\/05\/898bca6b9b8802c0ac0eb845673f0b74-768x768.jpg 768w, https:\/\/babyslane.com\/wp-content\/uploads\/2022\/05\/898bca6b9b8802c0ac0eb845673f0b74-600x600.jpg 600w, https:\/\/babyslane.com\/wp-content\/uploads\/2022\/05\/898bca6b9b8802c0ac0eb845673f0b74-100x100.jpg 100w\" sizes=\"(max-width: 760px) 100vw, 760px\" \/><\/span><\/span><\/span><\/h3>\n<h3 id=\"feature-bullets\" class=\"a-section a-spacing-medium a-spacing-top-small\"><strong><span class=\"VIiyi\" lang=\"fr\"><span class=\"JLqJ4b\" data-language-for-alternatives=\"fr\" data-language-to-translate-into=\"en\" data-phrase-index=\"0\" data-number-of-phrases=\"1\"><span class=\"Q4iAWc\">Apprentissage ludique de l&#8217;anglais avec des flashcards parlantes<\/span><\/span><\/span><\/strong><\/h3>\n<div class=\"a-section a-spacing-medium a-spacing-top-small\"><span class=\"VIiyi\" lang=\"fr\"><span class=\"JLqJ4b\" data-language-for-alternatives=\"fr\" data-language-to-translate-into=\"en\" data-phrase-index=\"0\" data-number-of-phrases=\"1\"><span class=\"Q4iAWc\"> Offrez \u00e0 vos enfants des jouets d&#8217;apprentissage pr\u00e9scolaires super ludique ! Ce jouet pour b\u00e9b\u00e9s et enfants est \u00e9quip\u00e9 d&#8217;un son analogique r\u00e9aliste pour les animaux, les voitures, etc. (Certaines cartes n&#8217;ont pas d&#8217;effet sonore). <\/span><\/span><\/span><\/div>\n<\/div>\n<div><\/div>\n<div><span class=\"VIiyi\" lang=\"fr\"><span class=\"JLqJ4b\" data-language-for-alternatives=\"fr\" data-language-to-translate-into=\"en\" data-phrase-index=\"0\" data-number-of-phrases=\"1\"><span class=\"Q4iAWc\"><img decoding=\"async\" class=\"aligncenter wp-image-7199 size-large\" src=\"https:\/\/babyslane.com\/wp-content\/uploads\/2022\/05\/af9320f78c7910de04b1d6eaa047052c-1024x1024.jpg\" alt=\"\" width=\"1024\" height=\"1024\" srcset=\"https:\/\/babyslane.com\/wp-content\/uploads\/2022\/05\/af9320f78c7910de04b1d6eaa047052c.jpg 1024w, https:\/\/babyslane.com\/wp-content\/uploads\/2022\/05\/af9320f78c7910de04b1d6eaa047052c-300x300.jpg 300w, https:\/\/babyslane.com\/wp-content\/uploads\/2022\/05\/af9320f78c7910de04b1d6eaa047052c-150x150.jpg 150w, https:\/\/babyslane.com\/wp-content\/uploads\/2022\/05\/af9320f78c7910de04b1d6eaa047052c-768x768.jpg 768w, https:\/\/babyslane.com\/wp-content\/uploads\/2022\/05\/af9320f78c7910de04b1d6eaa047052c-600x600.jpg 600w, https:\/\/babyslane.com\/wp-content\/uploads\/2022\/05\/af9320f78c7910de04b1d6eaa047052c-100x100.jpg 100w\" sizes=\"(max-width: 1024px) 100vw, 1024px\" \/><\/span><\/span><\/span><\/div>\n<h3>Jouez et apprennez l&#8217;anglais avec votre enfant<\/h3>\n<div>Ces cartes vous apporteront un support pour apprendre un vocabulaire de base en anglais \u00e0 votre enfant tout en lui enseignant la bonne prononciation.<\/div>\n<div>\n<h3><span class=\"VIiyi\" lang=\"fr\"><span class=\"JLqJ4b\" data-language-for-alternatives=\"fr\" data-language-to-translate-into=\"en\" data-phrase-index=\"0\" data-number-of-phrases=\"1\"><span class=\"Q4iAWc\"><img decoding=\"async\" class=\"wp-image-7196 aligncenter\" src=\"https:\/\/babyslane.com\/wp-content\/uploads\/2022\/05\/8383aff4a4d7fafb2e723621758c8692.jpg\" alt=\"\" width=\"759\" height=\"759\" srcset=\"https:\/\/babyslane.com\/wp-content\/uploads\/2022\/05\/8383aff4a4d7fafb2e723621758c8692.jpg 1024w, https:\/\/babyslane.com\/wp-content\/uploads\/2022\/05\/8383aff4a4d7fafb2e723621758c8692-300x300.jpg 300w, https:\/\/babyslane.com\/wp-content\/uploads\/2022\/05\/8383aff4a4d7fafb2e723621758c8692-150x150.jpg 150w, https:\/\/babyslane.com\/wp-content\/uploads\/2022\/05\/8383aff4a4d7fafb2e723621758c8692-768x768.jpg 768w, https:\/\/babyslane.com\/wp-content\/uploads\/2022\/05\/8383aff4a4d7fafb2e723621758c8692-600x600.jpg 600w, https:\/\/babyslane.com\/wp-content\/uploads\/2022\/05\/8383aff4a4d7fafb2e723621758c8692-100x100.jpg 100w\" sizes=\"(max-width: 759px) 100vw, 759px\" \/><\/span><\/span><\/span><\/h3>\n<\/div>\n<div style=\"text-align: center;\"><span class=\"VIiyi\" lang=\"fr\"><span class=\"JLqJ4b\" data-language-for-alternatives=\"fr\" data-language-to-translate-into=\"en\" data-phrase-index=\"0\" data-number-of-phrases=\"1\"><span class=\"Q4iAWc\">\u00a0<\/span><\/span><\/span><\/div>\n<h3 style=\"text-align: left;\"><span class=\"VIiyi\" lang=\"fr\"><span class=\"JLqJ4b\" data-language-for-alternatives=\"fr\" data-language-to-translate-into=\"en\" data-phrase-index=\"0\" data-number-of-phrases=\"1\"><span class=\"Q4iAWc\"><strong>Votre b\u00e9b\u00e9 ma\u00eetrisera 224 mots <\/strong><\/span><\/span><\/span><span class=\"VIiyi\" lang=\"fr\"><span class=\"JLqJ4b\" data-language-for-alternatives=\"fr\" data-language-to-translate-into=\"en\" data-phrase-index=\"0\" data-number-of-phrases=\"1\"><span class=\"Q4iAWc\">basique en anglais<\/span><\/span><\/span><\/h3>\n<div id=\"featurebullets_feature_div\" class=\"celwidget\" data-feature-name=\"featurebullets\" data-csa-c-id=\"9j3mge-qh1oyi-1kprxr-f10426\" data-cel-widget=\"featurebullets_feature_div\">\n<div class=\"a-section a-spacing-medium a-spacing-top-small\"><span class=\"VIiyi\" lang=\"fr\"><span class=\"JLqJ4b\" data-language-for-alternatives=\"fr\" data-language-to-translate-into=\"en\" data-phrase-index=\"0\" data-number-of-phrases=\"1\"><span class=\"Q4iAWc\">Ces jouets \u00e9ducatifs contiennent 112 cartes flash parlantes &#8211; 224 mots visuels. Votre b\u00e9b\u00e9 peut apprendre diff\u00e9rents animaux, v\u00e9hicules, aliments, fruits, couleurs, l\u00e9gumes, n\u00e9cessit\u00e9s quotidiennes, costumes, nature, personnes, m\u00e9tiers et formes. C&#8217;est une excellente ressource d&#8217;apprentissage pour les enfants pour reconna\u00eetre, lire, \u00e9peler des mots courants et am\u00e9liorer leurs progr\u00e8s en lecture.<\/span><\/span><\/span><\/div>\n<div style=\"text-align: center;\"><\/div>\n<\/div>\n<div style=\"text-align: center;\"><span class=\"VIiyi\" lang=\"fr\"><span class=\"JLqJ4b\" data-language-for-alternatives=\"fr\" data-language-to-translate-into=\"en\" data-phrase-index=\"0\" data-number-of-phrases=\"1\"><span class=\"Q4iAWc\"><img loading=\"lazy\" decoding=\"async\" class=\"alignnone wp-image-7193 size-full\" src=\"https:\/\/babyslane.com\/wp-content\/uploads\/2022\/05\/4b4555cdd9593724d6c7321b3408e590.jpg\" alt=\"\" width=\"800\" height=\"800\" srcset=\"https:\/\/babyslane.com\/wp-content\/uploads\/2022\/05\/4b4555cdd9593724d6c7321b3408e590.jpg 800w, https:\/\/babyslane.com\/wp-content\/uploads\/2022\/05\/4b4555cdd9593724d6c7321b3408e590-300x300.jpg 300w, https:\/\/babyslane.com\/wp-content\/uploads\/2022\/05\/4b4555cdd9593724d6c7321b3408e590-150x150.jpg 150w, https:\/\/babyslane.com\/wp-content\/uploads\/2022\/05\/4b4555cdd9593724d6c7321b3408e590-768x768.jpg 768w, https:\/\/babyslane.com\/wp-content\/uploads\/2022\/05\/4b4555cdd9593724d6c7321b3408e590-600x600.jpg 600w, https:\/\/babyslane.com\/wp-content\/uploads\/2022\/05\/4b4555cdd9593724d6c7321b3408e590-100x100.jpg 100w\" sizes=\"(max-width: 800px) 100vw, 800px\" \/><\/span><\/span><\/span><\/div>\n<div><\/div>\n<div id=\"featurebullets_feature_div\" class=\"celwidget\" data-feature-name=\"featurebullets\" data-csa-c-id=\"9j3mge-qh1oyi-1kprxr-f10426\" data-cel-widget=\"featurebullets_feature_div\">\n<h3 class=\"a-section a-spacing-medium a-spacing-top-small\"><span class=\"VIiyi\" lang=\"fr\"><span class=\"JLqJ4b\" data-language-for-alternatives=\"fr\" data-language-to-translate-into=\"en\" data-phrase-index=\"0\" data-number-of-phrases=\"1\"><span class=\"Q4iAWc\"><strong> Une meilleure protection des yeux pour les enfants<\/strong><\/span><\/span><\/span><\/h3>\n<p class=\"a-section a-spacing-medium a-spacing-top-small\"><span class=\"VIiyi\" lang=\"fr\"><span class=\"JLqJ4b\" data-language-for-alternatives=\"fr\" data-language-to-translate-into=\"en\" data-phrase-index=\"0\" data-number-of-phrases=\"1\"><span class=\"Q4iAWc\"> En tant que jouet interactif, il peut \u00e9galement aider vos enfants \u00e0 s&#8217;\u00e9loigner de la t\u00e9l\u00e9vision, du t\u00e9l\u00e9phone et de l&#8217;ordinateur. Il n&#8217;y a pas d&#8217;\u00e9cran \u00e9lectronique sur l&#8217;appareil, pas d&#8217;internet requis, et la conception de ces outils d&#8217;apprentissage pr\u00e9scolaire est destin\u00e9e \u00e0 prot\u00e9ger la vue et la radioprotection de nos enfants.<\/span><\/span><\/span><\/p>\n<p><img loading=\"lazy\" decoding=\"async\" class=\"wp-image-7200 aligncenter\" src=\"https:\/\/babyslane.com\/wp-content\/uploads\/2022\/05\/d260c5feb4d0bb660bbda2a9c2aab84d.jpg\" alt=\"\" width=\"760\" height=\"760\" srcset=\"https:\/\/babyslane.com\/wp-content\/uploads\/2022\/05\/d260c5feb4d0bb660bbda2a9c2aab84d.jpg 1024w, https:\/\/babyslane.com\/wp-content\/uploads\/2022\/05\/d260c5feb4d0bb660bbda2a9c2aab84d-300x300.jpg 300w, https:\/\/babyslane.com\/wp-content\/uploads\/2022\/05\/d260c5feb4d0bb660bbda2a9c2aab84d-150x150.jpg 150w, https:\/\/babyslane.com\/wp-content\/uploads\/2022\/05\/d260c5feb4d0bb660bbda2a9c2aab84d-768x768.jpg 768w, https:\/\/babyslane.com\/wp-content\/uploads\/2022\/05\/d260c5feb4d0bb660bbda2a9c2aab84d-600x600.jpg 600w, https:\/\/babyslane.com\/wp-content\/uploads\/2022\/05\/d260c5feb4d0bb660bbda2a9c2aab84d-100x100.jpg 100w\" sizes=\"(max-width: 760px) 100vw, 760px\" \/><\/p>\n<h3 class=\"a-section a-spacing-medium a-spacing-top-small\"><span class=\"VIiyi\" lang=\"fr\"><span class=\"JLqJ4b\" data-language-for-alternatives=\"fr\" data-language-to-translate-into=\"en\" data-phrase-index=\"0\" data-number-of-phrases=\"1\"><span class=\"Q4iAWc\"><strong>Facile \u00e0 utiliser pour les tout-petits<\/strong><\/span><\/span><\/span><\/h3>\n<p class=\"a-section a-spacing-medium a-spacing-top-small\"><span class=\"VIiyi\" lang=\"fr\"><span class=\"JLqJ4b\" data-language-for-alternatives=\"fr\" data-language-to-translate-into=\"en\" data-phrase-index=\"0\" data-number-of-phrases=\"1\"><span class=\"Q4iAWc\">Il est facile \u00e0 utiliser pour les tout-petits, il suffit d&#8217;ins\u00e9rer les cartes dans la machine \u00e0 lire. Ce jouet Montessori est de petite taille, \u00e0 manipuler et \u00e0 transporter, vos enfants peuvent l&#8217;apporter \u00e0 la maternelle pour y jouer avec leurs camarades de classe. Tous les enfants peuvent ressentir le plaisir d&#8217;apprendre par le jeu.<\/span><\/span><\/span><\/p>\n<p style=\"text-align: center;\"><span class=\"VIiyi\" lang=\"fr\"><span class=\"JLqJ4b\" data-language-for-alternatives=\"fr\" data-language-to-translate-into=\"en\" data-phrase-index=\"0\" data-number-of-phrases=\"1\"><span class=\"Q4iAWc\"><img loading=\"lazy\" decoding=\"async\" class=\"wp-image-7195 aligncenter\" src=\"https:\/\/babyslane.com\/wp-content\/uploads\/2022\/05\/7599bec290080cd8c1162ab4bd951205-1024x1024.jpg\" alt=\"\" width=\"760\" height=\"760\" srcset=\"https:\/\/babyslane.com\/wp-content\/uploads\/2022\/05\/7599bec290080cd8c1162ab4bd951205.jpg 1024w, https:\/\/babyslane.com\/wp-content\/uploads\/2022\/05\/7599bec290080cd8c1162ab4bd951205-300x300.jpg 300w, https:\/\/babyslane.com\/wp-content\/uploads\/2022\/05\/7599bec290080cd8c1162ab4bd951205-150x150.jpg 150w, https:\/\/babyslane.com\/wp-content\/uploads\/2022\/05\/7599bec290080cd8c1162ab4bd951205-768x768.jpg 768w, https:\/\/babyslane.com\/wp-content\/uploads\/2022\/05\/7599bec290080cd8c1162ab4bd951205-600x600.jpg 600w, https:\/\/babyslane.com\/wp-content\/uploads\/2022\/05\/7599bec290080cd8c1162ab4bd951205-100x100.jpg 100w\" sizes=\"(max-width: 760px) 100vw, 760px\" \/> \u00a0\u00a0\u00a0\u00a0\u00a0\u00a0\u00a0\u00a0\u00a0\u00a0\u00a0<\/span><\/span><\/span><\/p>\n<h3 class=\"a-section a-spacing-medium a-spacing-top-small\"><strong><span class=\"VIiyi\" lang=\"fr\"><span class=\"JLqJ4b\" data-language-for-alternatives=\"fr\" data-language-to-translate-into=\"en\" data-phrase-index=\"0\" data-number-of-phrases=\"1\"><span class=\"Q4iAWc\">Un cadeau id\u00e9al pour les enfants de 2 \u00e0 6 ans<\/span><\/span><\/span><\/strong><\/h3>\n<p class=\"a-section a-spacing-medium a-spacing-top-small\"><span class=\"VIiyi\" lang=\"fr\"><span class=\"JLqJ4b\" data-language-for-alternatives=\"fr\" data-language-to-translate-into=\"en\" data-phrase-index=\"0\" data-number-of-phrases=\"1\"><span class=\"Q4iAWc\"> En raison de son apparence super ludique et amusante, de ses cartes color\u00e9es et de ses jolis sons, c&#8217;est un cadeau parfait pour les b\u00e9b\u00e9 et les enfants. <\/span><\/span><\/span><\/p>\n<p class=\"a-section a-spacing-medium a-spacing-top-small\"><span class=\"VIiyi\" lang=\"fr\"><span class=\"JLqJ4b\" data-language-for-alternatives=\"fr\" data-language-to-translate-into=\"en\" data-phrase-index=\"0\" data-number-of-phrases=\"1\"><span class=\"Q4iAWc\">Fabriqu\u00e9 avec des mat\u00e9riaux respectueux, non toxiques et inoffensifs, et ils sont d\u00e9coup\u00e9s avec des coins arrondis et un rev\u00eatement imperm\u00e9able, totalement sans danger pour les enfants.<\/span><\/span><\/span><\/p>\n<p style=\"text-align: center;\"><span class=\"VIiyi\" lang=\"fr\"><span class=\"JLqJ4b\" data-language-for-alternatives=\"fr\" data-language-to-translate-into=\"en\" data-phrase-index=\"0\" data-number-of-phrases=\"1\"><span class=\"Q4iAWc\"><img loading=\"lazy\" decoding=\"async\" class=\"alignnone wp-image-7198 size-full\" src=\"https:\/\/babyslane.com\/wp-content\/uploads\/2022\/05\/a955fdad5c4b6e731806b3e166c64bea.jpg\" alt=\"\" width=\"1024\" height=\"1024\" srcset=\"https:\/\/babyslane.com\/wp-content\/uploads\/2022\/05\/a955fdad5c4b6e731806b3e166c64bea.jpg 1024w, https:\/\/babyslane.com\/wp-content\/uploads\/2022\/05\/a955fdad5c4b6e731806b3e166c64bea-300x300.jpg 300w, https:\/\/babyslane.com\/wp-content\/uploads\/2022\/05\/a955fdad5c4b6e731806b3e166c64bea-150x150.jpg 150w, https:\/\/babyslane.com\/wp-content\/uploads\/2022\/05\/a955fdad5c4b6e731806b3e166c64bea-768x768.jpg 768w, https:\/\/babyslane.com\/wp-content\/uploads\/2022\/05\/a955fdad5c4b6e731806b3e166c64bea-600x600.jpg 600w, https:\/\/babyslane.com\/wp-content\/uploads\/2022\/05\/a955fdad5c4b6e731806b3e166c64bea-100x100.jpg 100w\" sizes=\"(max-width: 1024px) 100vw, 1024px\" \/><\/span><\/span><\/span><\/p>\n<p>&nbsp;<\/p>\n<p class=\"a-section a-spacing-medium a-spacing-top-small\"><span class=\"VIiyi\" lang=\"fr\"><span class=\"JLqJ4b\" data-language-for-alternatives=\"fr\" data-language-to-translate-into=\"en\" data-phrase-index=\"0\" data-number-of-phrases=\"1\"><span class=\"Q4iAWc\"><strong>Informations produit:\u00a0 <\/strong><\/span><\/span><\/span><\/p>\n<p class=\"a-section a-spacing-medium a-spacing-top-small\"><span class=\"VIiyi\" lang=\"fr\"><span class=\"JLqJ4b\" data-language-for-alternatives=\"fr\" data-language-to-translate-into=\"en\" data-phrase-index=\"0\" data-number-of-phrases=\"1\"><span class=\"Q4iAWc\">Fonction : rechargeable, musique\/voix, interaction \u00e9motionnelle Mat\u00e9riau : ABS <\/span><\/span><\/span><\/p>\n<p class=\"a-section a-spacing-medium a-spacing-top-small\"><span class=\"VIiyi\" lang=\"fr\"><span class=\"JLqJ4b\" data-language-for-alternatives=\"fr\" data-language-to-translate-into=\"en\" data-phrase-index=\"0\" data-number-of-phrases=\"1\"><span class=\"Q4iAWc\">Capacit\u00e9 m\u00e9moire : pas de m\u00e9moire Sp\u00e9cification : 107*90*21mm <\/span><\/span><\/span><\/p>\n<p class=\"a-section a-spacing-medium a-spacing-top-small\"><span class=\"VIiyi\" lang=\"fr\"><span class=\"JLqJ4b\" data-language-for-alternatives=\"fr\" data-language-to-translate-into=\"en\" data-phrase-index=\"0\" data-number-of-phrases=\"1\"><span class=\"Q4iAWc\">Mode d&#8217;alimentation : batterie au lithium <\/span><\/span><\/span><\/p>\n<\/div>\n<p><\/p>","protected":false},"excerpt":{"rendered":"<p><strong>Un jouet \u00e9ducatif ludique<\/strong> pour <strong>apprendre l&#8217;anglais.<\/strong><\/p>\n<p><strong>Offrez le meilleur<\/strong> \u00e0 votre enfant en lui donnant l&#8217;oppportunit\u00e9 d<strong>&#8216;\u00eatre bilingue d\u00e8s son plus jeune \u00e2ge<\/strong>.<\/p>\n","protected":false},"featured_media":7194,"comment_status":"open","ping_status":"closed","template":"","meta":[],"product_brand":[],"product_cat":[33,41],"product_tag":[],"class_list":{"0":"post-7174","1":"product","2":"type-product","3":"status-publish","4":"has-post-thumbnail","6":"product_cat-educational-toys","7":"product_cat-the-best-deals","9":"first","10":"instock","11":"sale","12":"shipping-taxable","13":"purchasable","14":"product-type-variable","15":"has-default-attributes"},"_links":{"self":[{"href":"https:\/\/babyslane.com\/fr\/wp-json\/wp\/v2\/product\/7174","targetHints":{"allow":["GET"]}}],"collection":[{"href":"https:\/\/babyslane.com\/fr\/wp-json\/wp\/v2\/product"}],"about":[{"href":"https:\/\/babyslane.com\/fr\/wp-json\/wp\/v2\/types\/product"}],"replies":[{"embeddable":true,"href":"https:\/\/babyslane.com\/fr\/wp-json\/wp\/v2\/comments?post=7174"}],"version-history":[{"count":1,"href":"https:\/\/babyslane.com\/fr\/wp-json\/wp\/v2\/product\/7174\/revisions"}],"predecessor-version":[{"id":8992,"href":"https:\/\/babyslane.com\/fr\/wp-json\/wp\/v2\/product\/7174\/revisions\/8992"}],"wp:featuredmedia":[{"embeddable":true,"href":"https:\/\/babyslane.com\/fr\/wp-json\/wp\/v2\/media\/7194"}],"wp:attachment":[{"href":"https:\/\/babyslane.com\/fr\/wp-json\/wp\/v2\/media?parent=7174"}],"wp:term":[{"taxonomy":"product_brand","embeddable":true,"href":"https:\/\/babyslane.com\/fr\/wp-json\/wp\/v2\/product_brand?post=7174"},{"taxonomy":"product_cat","embeddable":true,"href":"https:\/\/babyslane.com\/fr\/wp-json\/wp\/v2\/product_cat?post=7174"},{"taxonomy":"product_tag","embeddable":true,"href":"https:\/\/babyslane.com\/fr\/wp-json\/wp\/v2\/product_tag?post=7174"}],"curies":[{"name":"wp","href":"https:\/\/api.w.org\/{rel}","templated":true}]}}