{"id":7357,"date":"2022-05-22T14:05:16","date_gmt":"2022-05-22T12:05:16","guid":{"rendered":"https:\/\/babyslane.com\/produit\/hand-held-folding-crib-mommy-bag\/"},"modified":"2023-02-03T14:32:46","modified_gmt":"2023-02-03T13:32:46","slug":"hand-held-folding-crib-mommy-bag","status":"publish","type":"product","link":"https:\/\/babyslane.com\/fr\/produit\/hand-held-folding-crib-mommy-bag\/","title":{"rendered":"SAC A DOS A LANGER BERCEAU INTEGRE"},"content":{"rendered":"<p><img decoding=\"async\" class=\"aligncenter\" src=\"https:\/\/cc-west-usa.oss-accelerate.aliyuncs.com\/360304d1-f26b-4a35-bfaa-e7b43ac652ef.jpg\" \/><\/p>\n<h3>Un sac \u00e0 dos \u00e0 langer multifonctions qui r\u00e9ponds \u00e0 tout vos besoins<\/h3>\n<p>Ce sac \u00e0 dos super chic et trendy \u00e0 \u00e9t\u00e9 con\u00e7u pour contenir toutes vos affaires ainsi que celles de b\u00e9b\u00e9. Muni de compartiments pour mieux vous organiser, il est parfait pour vos sorties avec b\u00e9b\u00e9.<\/p>\n<p style=\"text-align: center;\"><img fetchpriority=\"high\" decoding=\"async\" class=\"alignnone wp-image-7352 size-full\" src=\"https:\/\/babyslane.com\/wp-content\/uploads\/2022\/05\/db38804a-3352-47f1-9286-e6e511b65741-e1653545682203.jpg\" alt=\"\" width=\"546\" height=\"702\" \/><\/p>\n<h3>Un berceau integr\u00e9 pour les siestes de b\u00e9b\u00e9<\/h3>\n<p>Plus besoin de vous encombrer avec un couffin pour b\u00e9b\u00e9, votre sac \u00e0 langer multifonction est \u00e9quip\u00e9 d&#8217;un petit berceau pliable.<\/p>\n<p style=\"text-align: center;\"><img decoding=\"async\" src=\"https:\/\/cc-west-usa.oss-accelerate.aliyuncs.com\/34a10246-2fdf-4b96-af91-4d9ae1ecf94f.jpg\" \/><\/p>\n<h3>Con\u00e7u pour vous <strong>faciliter la vie<\/strong><\/h3>\n<p>Ce sac <strong>r\u00e9volutionnaire<\/strong> vous permet d&#8217;avoir \u00e0 disposition tout ce dont vous avez besoin pour les soins de b\u00e9b\u00e9 ou que vous soyez. Le lit int\u00e9gr\u00e9 est un des atouts les plus cons\u00e9quent de ce sac, car on sait combien le bien-\u00eatre de b\u00e9b\u00e9 est important.<\/p>\n<p><img decoding=\"async\" class=\"aligncenter\" src=\"https:\/\/cc-west-usa.oss-accelerate.aliyuncs.com\/def2c74b-11e6-4016-90b6-91deab3490d8.jpg\" width=\"781\" height=\"781\" \/><\/p>\n<h3><strong>Grande capacit\u00e9<\/strong><\/h3>\n<p>Gr\u00e2ce \u00e0 ses poches de <strong>rangement ergonomiques<\/strong>, sa poche mouchoir, et sa <strong>poche<\/strong> avant <strong>isotherme<\/strong> pour biberons, vous emportez avec vous tout le n\u00e9cessaire pour votre b\u00e9b\u00e9, tout \u00e7a dans un sac \u00e0 dos ! Les sorties avec votre b\u00e9b\u00e9 n&#8217;auront jamais \u00e9t\u00e9 aussi simples.<\/p>\n<p><img decoding=\"async\" class=\"aligncenter\" src=\"https:\/\/cc-west-usa.oss-accelerate.aliyuncs.com\/25b4b073-6068-421d-943d-f404d47b96dc.png\" \/><\/p>\n<h3><strong>Un lit d\u00e9ball\u00e9 en quelques secondes seulement<br \/>\n<\/strong><\/h3>\n<p><strong>Compact et l\u00e9ger<\/strong>, le sac multifonction vous permet de le<strong> transformer en lit en quelques secondes.<\/strong> Votre b\u00e9b\u00e9 pourra alors profiter tranquillement d&#8217;une bonne sieste ou si besoin vous pourrais le changer en toute intimit\u00e9 partout et sans vous encombrer.<\/p>\n<p><img decoding=\"async\" class=\"aligncenter\" src=\"https:\/\/cc-west-usa.oss-accelerate.aliyuncs.com\/45331d71-de4f-4b0b-ad4b-b4714691f049.png\" width=\"677\" height=\"589\" \/><\/p>\n<h3><strong>Tr\u00e8s pratique<\/strong> pour toutes les occasions<\/h3>\n<p>Au parc, \u00e0 la plage, ou simplement dans le salon pour un usage quotidien. Plus besoin de prendre avec vous votre encombrant lit-parapluie pour les vacances ou les week-ends.<\/p>\n<p>Le sac multifonction sera votre meilleur alli\u00e9 pendant les premiers mois de b\u00e9b\u00e9.<\/p>\n<p><img decoding=\"async\" src=\"https:\/\/cc-west-usa.oss-accelerate.aliyuncs.com\/e62bcd6a-1ca6-4de1-a929-99ab2bbff90e.jpg\" \/><\/p>\n<h3>Un confort optimal pour maman et b\u00e9b\u00e9<\/h3>\n<p>Ce sac a \u00e9t\u00e9 pens\u00e9 pour \u00eatre port\u00e9 confortablement par maman tout en apportant un <strong>maximum<\/strong> <strong>de confort<\/strong> \u00e0 b\u00e9b\u00e9.<\/p>\n<p><img loading=\"lazy\" decoding=\"async\" class=\"aligncenter\" src=\"https:\/\/cc-west-usa.oss-accelerate.aliyuncs.com\/2b0e96bc-0098-4f3b-813d-1cca5296b373.jpg\" width=\"773\" height=\"773\" \/><\/p>\n<h3><strong>R\u00e9sistant aux t\u00e2ches et \u00e0 l&#8217;eau<\/strong><\/h3>\n<p>Le sac \u00e0 dos \u00e0 langer est<strong> waterproof\u00a0<\/strong> con\u00e7u \u00e0 base du tissu <strong>Oxford imperm\u00e9able<\/strong>.<\/p>\n<p style=\"text-align: center;\"><img decoding=\"async\" src=\"https:\/\/cc-west-usa.oss-accelerate.aliyuncs.com\/20dc54a1-b4c7-4b25-9373-3ee82a491863.png\" \/><\/p>\n<p><b>Product information:<br \/>\n<\/b><\/p>\n<p>Product name: Crib mommy bag<br \/>\nColor: Black<br \/>\nWeight: 1.5 kg<br \/>\nBody capacity :20L<br \/>\nMattress size: 80 x 32 cm<br \/>\nFabric: Oxford (900D)<br \/>\nBody size: 32 cm long, 20cm wide, 41cm high<b><\/b><\/p>\n<p>&nbsp;<\/p>","protected":false},"excerpt":{"rendered":"<p>Le sac \u00e0 langer id\u00e9al pour les mamans actives chic et trendy.<\/p>\n","protected":false},"featured_media":7358,"comment_status":"open","ping_status":"closed","template":"","meta":[],"product_brand":[],"product_cat":[43,39,35],"product_tag":[],"class_list":{"0":"post-7357","1":"product","2":"type-product","3":"status-publish","4":"has-post-thumbnail","6":"product_cat-diaper-bags","7":"product_cat-new-arrivals","8":"product_cat-outing-travel","10":"first","11":"instock","12":"sale","13":"shipping-taxable","14":"purchasable","15":"product-type-variable"},"_links":{"self":[{"href":"https:\/\/babyslane.com\/fr\/wp-json\/wp\/v2\/product\/7357","targetHints":{"allow":["GET"]}}],"collection":[{"href":"https:\/\/babyslane.com\/fr\/wp-json\/wp\/v2\/product"}],"about":[{"href":"https:\/\/babyslane.com\/fr\/wp-json\/wp\/v2\/types\/product"}],"replies":[{"embeddable":true,"href":"https:\/\/babyslane.com\/fr\/wp-json\/wp\/v2\/comments?post=7357"}],"version-history":[{"count":2,"href":"https:\/\/babyslane.com\/fr\/wp-json\/wp\/v2\/product\/7357\/revisions"}],"predecessor-version":[{"id":7935,"href":"https:\/\/babyslane.com\/fr\/wp-json\/wp\/v2\/product\/7357\/revisions\/7935"}],"wp:featuredmedia":[{"embeddable":true,"href":"https:\/\/babyslane.com\/fr\/wp-json\/wp\/v2\/media\/7358"}],"wp:attachment":[{"href":"https:\/\/babyslane.com\/fr\/wp-json\/wp\/v2\/media?parent=7357"}],"wp:term":[{"taxonomy":"product_brand","embeddable":true,"href":"https:\/\/babyslane.com\/fr\/wp-json\/wp\/v2\/product_brand?post=7357"},{"taxonomy":"product_cat","embeddable":true,"href":"https:\/\/babyslane.com\/fr\/wp-json\/wp\/v2\/product_cat?post=7357"},{"taxonomy":"product_tag","embeddable":true,"href":"https:\/\/babyslane.com\/fr\/wp-json\/wp\/v2\/product_tag?post=7357"}],"curies":[{"name":"wp","href":"https:\/\/api.w.org\/{rel}","templated":true}]}}