{"id":7422,"date":"2022-05-30T09:02:34","date_gmt":"2022-05-30T07:02:34","guid":{"rendered":"https:\/\/babyslane.com\/produit\/beach-toy-set\/"},"modified":"2023-11-20T15:23:29","modified_gmt":"2023-11-20T14:23:29","slug":"gardening-toy-set","status":"publish","type":"product","link":"https:\/\/babyslane.com\/fr\/produit\/gardening-toy-set\/","title":{"rendered":"Jouet educatif set de jardinage"},"content":{"rendered":"<p><img decoding=\"async\" style=\"font-size: 14px; max-width: 100%;\" src=\"https:\/\/cc-west-usa.oss-accelerate.aliyuncs.com\/23369c85-9645-4cfd-b2ff-88dd79e7b389.jpg\" \/><\/p>\n<p><img decoding=\"async\" style=\"font-size: 14px; max-width: 100%;\" src=\"https:\/\/cc-west-usa.oss-accelerate.aliyuncs.com\/41fee058-cf9f-48bc-8fa4-bd52515ac774.jpg\" \/><\/p>\n<div class=\"flex flex-grow flex-col max-w-full gap-3 gizmo:gap-0\">\n<div class=\"min-h-[20px] text-message flex flex-col items-start gap-3 whitespace-pre-wrap break-words [.text-message+&amp;]:mt-5 overflow-x-auto\" data-message-author-role=\"assistant\" data-message-id=\"79910121-82cb-494c-81d0-0007f65e1ad3\">\n<div class=\"markdown prose w-full break-words dark:prose-invert light\">\n<p>Jouets \u00e9ducatifs ensemble de jardinage<\/p>\n<p>Taille : 22,5 * 12 * 17 cm<\/p>\n<p>Couleur : rose ou bleu<\/p>\n<p>\u00c2ge : plus de 3 ans<\/p>\n<\/div>\n<\/div>\n<\/div>\n<p><\/p>","protected":false},"excerpt":{"rendered":"<p>Offrez \u00e0 votre enfant une experience de vie et un enseignement des notions de biologie et d&#8217;\u00e9cologie de mani\u00e8re ludique a travers notre kit de jardinage. Ce jouet \u00e9ducatif favorise le d\u00e9veloppement cognitif, les comp\u00e9tences motrices fines, la responsabilit\u00e9 et la cr\u00e9ativit\u00e9 tout en offrant une exp\u00e9rience ludique et enrichissante.<\/p>\n","protected":false},"featured_media":7417,"comment_status":"open","ping_status":"closed","template":"","meta":[],"product_brand":[],"product_cat":[33],"product_tag":[],"class_list":{"0":"post-7422","1":"product","2":"type-product","3":"status-publish","4":"has-post-thumbnail","6":"product_cat-educational-toys","8":"first","9":"instock","10":"shipping-taxable","11":"purchasable","12":"product-type-variable"},"_links":{"self":[{"href":"https:\/\/babyslane.com\/fr\/wp-json\/wp\/v2\/product\/7422","targetHints":{"allow":["GET"]}}],"collection":[{"href":"https:\/\/babyslane.com\/fr\/wp-json\/wp\/v2\/product"}],"about":[{"href":"https:\/\/babyslane.com\/fr\/wp-json\/wp\/v2\/types\/product"}],"replies":[{"embeddable":true,"href":"https:\/\/babyslane.com\/fr\/wp-json\/wp\/v2\/comments?post=7422"}],"version-history":[{"count":2,"href":"https:\/\/babyslane.com\/fr\/wp-json\/wp\/v2\/product\/7422\/revisions"}],"predecessor-version":[{"id":8602,"href":"https:\/\/babyslane.com\/fr\/wp-json\/wp\/v2\/product\/7422\/revisions\/8602"}],"wp:featuredmedia":[{"embeddable":true,"href":"https:\/\/babyslane.com\/fr\/wp-json\/wp\/v2\/media\/7417"}],"wp:attachment":[{"href":"https:\/\/babyslane.com\/fr\/wp-json\/wp\/v2\/media?parent=7422"}],"wp:term":[{"taxonomy":"product_brand","embeddable":true,"href":"https:\/\/babyslane.com\/fr\/wp-json\/wp\/v2\/product_brand?post=7422"},{"taxonomy":"product_cat","embeddable":true,"href":"https:\/\/babyslane.com\/fr\/wp-json\/wp\/v2\/product_cat?post=7422"},{"taxonomy":"product_tag","embeddable":true,"href":"https:\/\/babyslane.com\/fr\/wp-json\/wp\/v2\/product_tag?post=7422"}],"curies":[{"name":"wp","href":"https:\/\/api.w.org\/{rel}","templated":true}]}}