{"id":7436,"date":"2022-05-31T16:13:16","date_gmt":"2022-05-31T14:13:16","guid":{"rendered":"https:\/\/babyslane.com\/produit\/soutien-infantile-tete-enfants-en-forme-de-sommeil-positionneur-anti-rouleau-coussin-dallaitement-bebe-oreiller-a-prevenir-tete-plate-yt344-chine\/"},"modified":"2022-06-14T06:50:09","modified_gmt":"2022-06-14T04:50:09","slug":"coussin-anti-tete-plate","status":"publish","type":"product","link":"https:\/\/babyslane.com\/fr\/produit\/coussin-anti-tete-plate\/","title":{"rendered":"COUSSIN ANTI TETE PLATE"},"content":{"rendered":"<p><\/p>\n<article class=\"field full-description\">\n<header><\/header>\n<\/article>\n<article class=\"field full-description\">\n<div><\/div>\n<div><img fetchpriority=\"high\" decoding=\"async\" class=\"aligncenter\" src=\"https:\/\/babyslane.com\/wp-content\/uploads\/2021\/01\/f8f46153830a96c96f4dc027070d65b4.gif\" width=\"608\" height=\"282\" \/><\/div>\n<h3>Pr\u00e9viens le syndr\u00f4me de la t\u00eate plate<\/h3>\n<div>La t\u00eate de b\u00e9b\u00e9 est tr\u00e8s molle et mall\u00e9able jusqu\u2019\u00e0 ses un an et une mauvaise position de la t\u00eate de b\u00e9b\u00e9 sur une surface plate au fil du temps peut laisser des s\u00e9quelles \u00e0 vie. <strong>Le coussin anti-t\u00eate plate<\/strong> a \u00e9t\u00e9 con\u00e7u pour \u00e9viter <strong>le syndr\u00f4me de la t\u00eate plate<\/strong> ou encore la <strong>plagioc\u00e9phalie,<\/strong> et apporte \u00e0 b\u00e9b\u00e9 le confort dont il a besoin pendant son sommeil.<\/div>\n<\/article>\n<div>\n<p><img decoding=\"async\" class=\"aligncenter\" src=\"https:\/\/ae01.alicdn.com\/kf\/H593b7687b48547a6b406e014517d56aeH.jpg\" width=\"487\" height=\"487\" \/><\/p>\n<h3>Permet le bon d\u00e9veloppement du crane de b\u00e9b\u00e9<\/h3>\n<p>Son inclinaison et sa forme sp\u00e9cifique garantissent une <strong>r\u00e9partition homog\u00e8ne<\/strong> de la pression sur l&#8217;ensemble du cr\u00e2ne de b\u00e9b\u00e9 pour qu&#8217;il garde une t\u00eate bien ronde.<\/p>\n<\/div>\n<article class=\"field full-description\">\n<div><img decoding=\"async\" class=\"aligncenter\" src=\"https:\/\/babyslane.com\/wp-content\/uploads\/2022\/06\/Sans-titre-18.gif\" width=\"589\" height=\"332\" \/><\/div>\n<h3>Offre un confort optimal<\/h3>\n<p>Votre enfant conserve une t\u00eate bien ronde, <strong>sans g\u00eaner son confort et ses mouvements<\/strong> durant son sommeil. Ce <strong>coussin anti-t\u00eate plate<\/strong> est <strong>confortable<\/strong> pour b\u00e9b\u00e9 gr\u00e2ce \u00e0 sa forme sp\u00e9cifique (coeur) et sa <strong>mati\u00e8re douce<\/strong>, et <strong>respirante<\/strong>.<\/p>\n<\/article>\n<div><img loading=\"lazy\" decoding=\"async\" class=\"aligncenter\" src=\"https:\/\/babyslane.com\/wp-content\/uploads\/2022\/06\/Sans-titre-16.gif\" width=\"602\" height=\"339\" \/><\/div>\n<h3>S&#8217;utilise partout<\/h3>\n<div>Le coussin<strong> s&#8217;adapte<\/strong> aussi bien sur les lits, les transats, nacelles, siege auto, et poussettes d\u00e8s la naissance. Il peut donc toujours accompagner bebe ou qu&#8217;il dorme.<\/div>\n<div><img loading=\"lazy\" decoding=\"async\" class=\"aligncenter\" src=\"https:\/\/babyslane.com\/wp-content\/uploads\/2022\/06\/Sans-titre-17.gif\" width=\"598\" height=\"337\" \/><\/div>\n<article class=\"field full-description\">\n<div><img loading=\"lazy\" decoding=\"async\" class=\"aligncenter\" src=\"https:\/\/babyslane.com\/wp-content\/uploads\/2022\/06\/Sans-titre-2022-06-03T164456.727.jpg\" width=\"605\" height=\"605\" \/><\/div>\n<\/article>\n<div class=\"description-text\"><\/div>\n<div><strong>Important:\u00a0 Il est d\u00e9conseill\u00e9 d&#8217;utiliser l&#8217;oreiller anti tete plate lorsque b\u00e9b\u00e9 arrive \u00e0 se retourner.<\/strong><\/div>\n<div><\/div>\n<article class=\"field description-details\">\n<header><\/header>\n<section>Caract\u00e9ristiques techniques :<\/section>\n<\/article>\n<section>Dimensions :\u00a0 21 x 19 x 3 cm.<\/section>\n<section>Composition : 92% coton, 8% fibre de polyester.<\/section>\n<section>Composition int\u00e9rieur : \u00e9ponge \u00e0 copeaux entiers.<\/section>\n<section><\/section>\n<section><\/section>\n<section><\/section>\n<section><\/section>\n<p><\/p>","protected":false},"excerpt":{"rendered":"<p>Le coussin parfait pour assurer le <strong>bien-\u00eatre de b\u00e9b\u00e9<\/strong> apr\u00e8s sa naissance.<\/p>\n<p>Un <strong>coussin ergonomique <\/strong>adapt\u00e9 \u00e0 la forme du cr\u00e2ne de b\u00e9b\u00e9 pour lui offrir une libert\u00e9 totale de mouvement.<\/p>\n","protected":false},"featured_media":7434,"comment_status":"open","ping_status":"closed","template":"","meta":[],"product_brand":[],"product_cat":[30],"product_tag":[],"class_list":{"0":"post-7436","1":"product","2":"type-product","3":"status-publish","4":"has-post-thumbnail","6":"product_cat-nursery","8":"first","9":"instock","10":"shipping-taxable","11":"purchasable","12":"product-type-variable"},"_links":{"self":[{"href":"https:\/\/babyslane.com\/fr\/wp-json\/wp\/v2\/product\/7436","targetHints":{"allow":["GET"]}}],"collection":[{"href":"https:\/\/babyslane.com\/fr\/wp-json\/wp\/v2\/product"}],"about":[{"href":"https:\/\/babyslane.com\/fr\/wp-json\/wp\/v2\/types\/product"}],"replies":[{"embeddable":true,"href":"https:\/\/babyslane.com\/fr\/wp-json\/wp\/v2\/comments?post=7436"}],"version-history":[{"count":0,"href":"https:\/\/babyslane.com\/fr\/wp-json\/wp\/v2\/product\/7436\/revisions"}],"wp:featuredmedia":[{"embeddable":true,"href":"https:\/\/babyslane.com\/fr\/wp-json\/wp\/v2\/media\/7434"}],"wp:attachment":[{"href":"https:\/\/babyslane.com\/fr\/wp-json\/wp\/v2\/media?parent=7436"}],"wp:term":[{"taxonomy":"product_brand","embeddable":true,"href":"https:\/\/babyslane.com\/fr\/wp-json\/wp\/v2\/product_brand?post=7436"},{"taxonomy":"product_cat","embeddable":true,"href":"https:\/\/babyslane.com\/fr\/wp-json\/wp\/v2\/product_cat?post=7436"},{"taxonomy":"product_tag","embeddable":true,"href":"https:\/\/babyslane.com\/fr\/wp-json\/wp\/v2\/product_tag?post=7436"}],"curies":[{"name":"wp","href":"https:\/\/api.w.org\/{rel}","templated":true}]}}