{"id":7471,"date":"2022-05-31T17:56:22","date_gmt":"2022-05-31T15:56:22","guid":{"rendered":"https:\/\/babyslane.com\/produit\/multifunctional-portable-crib-travel-sleeping-bag-folding-mummy-bag\/"},"modified":"2025-02-26T14:19:16","modified_gmt":"2025-02-26T13:19:16","slug":"consy-comfort-baby-bed-sleep-positioner","status":"publish","type":"product","link":"https:\/\/babyslane.com\/fr\/produit\/consy-comfort-baby-bed-sleep-positioner\/","title":{"rendered":"LE CALE BEBE  COSY CONFORT"},"content":{"rendered":"<p><\/p>\n<div class=\"content\">\n<h3 style=\"text-align: center;\"><img loading=\"lazy\" decoding=\"async\" class=\"alignnone wp-image-7450 \" src=\"https:\/\/babyslane.com\/wp-content\/uploads\/2022\/05\/9c2b8542-cf74-4702-a0ad-02981bfaf35f-e1655041654494.jpg\" alt=\"\" width=\"565\" height=\"631\" srcset=\"https:\/\/babyslane.com\/wp-content\/uploads\/2022\/05\/9c2b8542-cf74-4702-a0ad-02981bfaf35f-e1655041654494.jpg 798w, https:\/\/babyslane.com\/wp-content\/uploads\/2022\/05\/9c2b8542-cf74-4702-a0ad-02981bfaf35f-e1655041654494-269x300.jpg 269w, https:\/\/babyslane.com\/wp-content\/uploads\/2022\/05\/9c2b8542-cf74-4702-a0ad-02981bfaf35f-e1655041654494-768x858.jpg 768w, https:\/\/babyslane.com\/wp-content\/uploads\/2022\/05\/9c2b8542-cf74-4702-a0ad-02981bfaf35f-e1655041654494-600x670.jpg 600w\" sizes=\"(max-width: 565px) 100vw, 565px\" \/><\/h3>\n<h3>Favorise le sommeil de b\u00e9b\u00e9 et de ses parents<\/h3>\n<p>Avec son rouleau de positionnement en microbilles, le positionneur de sommeil <strong>Cosy-confort<\/strong>\u00a0 recr\u00e9\u00e9 un espace r\u00e9duit qui rassure b\u00e9b\u00e9 tout en lui assurant une position parfaite en maintenant son dos et en sur\u00e9levant ses jambes. Ainsi b\u00e9b\u00e9 sera confortablement install\u00e9 pour dormir de longues nuits.<\/p>\n<p style=\"text-align: center;\"><img decoding=\"async\" class=\"aligncenter\" src=\"https:\/\/babyslane.com\/wp-content\/uploads\/2021\/01\/f8f46153830a96c96f4dc027070d65b4.gif\" width=\"601\" height=\"279\" \/><\/p>\n<h3>Pr\u00e9viens le syndrome de la t\u00eate plate<\/h3>\n<p>La t\u00eate de b\u00e9b\u00e9 est tr\u00e8s molle et mall\u00e9able jusqu\u2019\u00e0 ses un an. En passant de nombreuses heures \u00e0 dormir sur le dos, une partie de son cr\u00e2ne peut s\u2019aplatir : notre cale b\u00e9b\u00e9 \u00e0 \u00e9t\u00e9 con\u00e7u pour pr\u00e9venir ce qu\u2019on appelle <strong>le syndrome de la t\u00eate plate<\/strong> ou encore la <strong>plagioc\u00e9phalie<\/strong>.<\/p>\n<p>&nbsp;<\/p>\n<p><img decoding=\"async\" class=\"aligncenter\" src=\"https:\/\/babyslane.com\/wp-content\/uploads\/2021\/01\/baby-bed.jpg\" width=\"526\" height=\"471\" \/><\/p>\n<h3>Pour une t\u00eate bien ronde<\/h3>\n<p>Le Cosy-confort\u00a0 poss\u00e8de un cale-t\u00eate int\u00e9gr\u00e9 pour que votre b\u00e9b\u00e9 garde une t\u00eate bien ronde.<\/p>\n<p><img loading=\"lazy\" decoding=\"async\" class=\"aligncenter\" style=\"max-width: 100%;\" src=\"https:\/\/cc-west-usa.oss-accelerate.aliyuncs.com\/b8fc6dd7-a087-4721-adee-04277fb7c4bb.jpg\" width=\"388\" height=\"583\" \/><\/p>\n<h3>Offre un <strong>confort parfait<\/strong> \u00e0 b\u00e9b\u00e9<\/h3>\n<p>Le Cosy-confort est fabriqu\u00e9 avec des mati\u00e8res ultra <strong>douces et respirantes<\/strong> et une mousse \u00e0 <strong>m\u00e9moire de forme<\/strong>.<img loading=\"lazy\" decoding=\"async\" class=\"aligncenter\" style=\"max-width: 100%;\" src=\"https:\/\/cc-west-usa.oss-accelerate.aliyuncs.com\/e5a8fd44-e587-484e-b566-39c013e86f9d.jpg\" width=\"521\" height=\"521\" \/><\/p>\n<p>&nbsp;<\/p>\n<h3>Ajustable au fil des mois de b\u00e9b\u00e9<\/h3>\n<p><strong>Le cale b\u00e9b\u00e9 cosy comfort<\/strong> peut \u00eatre <strong>ajust\u00e9<\/strong> en fonction de l&#8217;\u00e2ge ou de la taille de b\u00e9b\u00e9, ainsi votre b\u00e9b\u00e9 pourra profiter du confort plus longtemps.<\/p>\n<p><img loading=\"lazy\" decoding=\"async\" class=\"aligncenter\" src=\"https:\/\/babyslane.com\/wp-content\/uploads\/2021\/01\/baby-bed-ergonomic-shape-size.jpg\" width=\"572\" height=\"404\" \/><\/p>\n<h3>Inclin\u00e9, il pr\u00e9vient les coliques et r\u00e9gurgitations<\/h3>\n<p>Si votre enfant souffre de r\u00e9gurgitations, coliques ou encore d&#8217;une mauvaise respiration, l&#8217;incliner lui garantira une<strong> protection optimale.<\/strong> C&#8217;est pour cela que le Cosy-confort est utilisable avec un plan inclin\u00e9.<\/p>\n<p style=\"text-align: center;\"><img loading=\"lazy\" decoding=\"async\" class=\"aligncenter\" src=\"https:\/\/cc-west-usa.oss-accelerate.aliyuncs.com\/c5eab724-eb5b-4d23-a954-0585a3fac6f0.jpg\" width=\"491\" height=\"491\" \/><\/p>\n<p>&nbsp;<\/p>\n<h3><strong>Le Cosy-confort c&#8217;est<br \/>\n<\/strong><\/h3>\n<p>&#8211; Une <strong>aide au sommeil parfaite pour b\u00e9b\u00e9 pour des nuits longues<br \/>\n<\/strong><\/p>\n<\/div>\n<div class=\"content\">\n<p>&#8211; Une<strong> position parfaite <\/strong>: maintien du dos et jambes sur\u00e9lev\u00e9es<\/p>\n<p>&#8211; Cale-t\u00eate int\u00e9gr\u00e9 pour une t\u00eate bien ronde<\/p>\n<p>&#8211;<strong> La s\u00e9curit\u00e9 et l&#8217;assurance<\/strong> de passer des\u00a0 nuits apais\u00e9es.<\/p>\n<p>&#8211; Un <strong>confort optimal<\/strong> gr\u00e2ce \u00e0 la mousse \u00e0 m\u00e9moire de forme et ses mati\u00e8res ultra <strong>douces et respirantes.<\/strong><\/p>\n<p>&nbsp;<\/p>\n<\/div>\n<p>&nbsp;<\/p>\n<p><img loading=\"lazy\" decoding=\"async\" class=\"aligncenter\" src=\"https:\/\/cc-west-usa.oss-accelerate.aliyuncs.com\/ccfb271f-3096-4681-b249-691ffbed9cba.jpg\" width=\"520\" height=\"346\" \/><\/p>\n<p><strong>Informations :<\/strong><\/p>\n<div class=\"content\">\n<p>&#8211; R\u00e9glable le\u00a0repose-jambes soulev\u00e9 peut \u00eatre d\u00e9plac\u00e9 pour s&#8217;adapter<\/p>\n<p>&#8211; D\u00e8s la naissance jusque 6 mois<\/p>\n<p>&#8211; Mati\u00e8re: coton et polyester, maille respirante<\/p>\n<p>&#8211; Dimensions: 55 x 38 x 22 cm.<\/p>\n<h3><img loading=\"lazy\" decoding=\"async\" class=\"wp-image-5683 size-full aligncenter\" src=\"https:\/\/babyslane.com\/wp-content\/uploads\/2021\/03\/2206791876706.jpg\" alt=\"\" width=\"555\" height=\"548\" srcset=\"https:\/\/babyslane.com\/wp-content\/uploads\/2021\/03\/2206791876706.jpg 555w, https:\/\/babyslane.com\/wp-content\/uploads\/2021\/03\/2206791876706-300x296.jpg 300w, https:\/\/babyslane.com\/wp-content\/uploads\/2021\/03\/2206791876706-100x100.jpg 100w\" sizes=\"(max-width: 555px) 100vw, 555px\" \/><\/h3>\n<\/div>\n<p>&nbsp;<\/p>","protected":false},"excerpt":{"rendered":"<p><strong>Le cale-b\u00e9b\u00e9 complet pour un maintien et un confort parfait !<\/strong><\/p>\n<div class=\"content\">\n<p>Le Cosy-confort assurera un sommeil optimal \u00e0 votre b\u00e9b\u00e9 et de longue nuit tranquille.<\/p>\n<\/div>\n","protected":false},"featured_media":7214,"comment_status":"open","ping_status":"closed","template":"","meta":[],"product_brand":[],"product_cat":[36,39,30],"product_tag":[],"class_list":{"0":"post-7471","1":"product","2":"type-product","3":"status-publish","4":"has-post-thumbnail","6":"product_cat-promotions","7":"product_cat-new-arrivals","8":"product_cat-nursery","10":"first","11":"instock","12":"sale","13":"shipping-taxable","14":"purchasable","15":"product-type-variable"},"_links":{"self":[{"href":"https:\/\/babyslane.com\/fr\/wp-json\/wp\/v2\/product\/7471","targetHints":{"allow":["GET"]}}],"collection":[{"href":"https:\/\/babyslane.com\/fr\/wp-json\/wp\/v2\/product"}],"about":[{"href":"https:\/\/babyslane.com\/fr\/wp-json\/wp\/v2\/types\/product"}],"replies":[{"embeddable":true,"href":"https:\/\/babyslane.com\/fr\/wp-json\/wp\/v2\/comments?post=7471"}],"version-history":[{"count":1,"href":"https:\/\/babyslane.com\/fr\/wp-json\/wp\/v2\/product\/7471\/revisions"}],"predecessor-version":[{"id":7979,"href":"https:\/\/babyslane.com\/fr\/wp-json\/wp\/v2\/product\/7471\/revisions\/7979"}],"wp:featuredmedia":[{"embeddable":true,"href":"https:\/\/babyslane.com\/fr\/wp-json\/wp\/v2\/media\/7214"}],"wp:attachment":[{"href":"https:\/\/babyslane.com\/fr\/wp-json\/wp\/v2\/media?parent=7471"}],"wp:term":[{"taxonomy":"product_brand","embeddable":true,"href":"https:\/\/babyslane.com\/fr\/wp-json\/wp\/v2\/product_brand?post=7471"},{"taxonomy":"product_cat","embeddable":true,"href":"https:\/\/babyslane.com\/fr\/wp-json\/wp\/v2\/product_cat?post=7471"},{"taxonomy":"product_tag","embeddable":true,"href":"https:\/\/babyslane.com\/fr\/wp-json\/wp\/v2\/product_tag?post=7471"}],"curies":[{"name":"wp","href":"https:\/\/api.w.org\/{rel}","templated":true}]}}