{"id":7518,"date":"2022-06-08T18:39:44","date_gmt":"2022-06-08T16:39:44","guid":{"rendered":"https:\/\/babyslane.com\/produit\/multifunction-baby-stroller-bag-organizer-maternity-nappy-bag-stroller-accessories-cup-wheelchair-bag\/"},"modified":"2022-10-19T17:55:16","modified_gmt":"2022-10-19T15:55:16","slug":"multifunction-baby-stroller-bag-organizer-maternity-nappy-bag-stroller-accessories-cup-wheelchair-bag","status":"publish","type":"product","link":"https:\/\/babyslane.com\/fr\/produit\/multifunction-baby-stroller-bag-organizer-maternity-nappy-bag-stroller-accessories-cup-wheelchair-bag\/","title":{"rendered":"LA SACOCHE DE POUSSETTE MULTIFONCTION"},"content":{"rendered":"<p><\/p>\n<p style=\"text-align: center;\"><img fetchpriority=\"high\" decoding=\"async\" class=\"aligncenter\" src=\"https:\/\/babyslane.com\/wp-content\/uploads\/2022\/06\/Sans-titre-20.gif\" width=\"433\" height=\"433\" \/><\/p>\n<h3>Super pratique et fonctionnel<\/h3>\n<p>Ne vous y tromper pas, elle est petite mais <strong>tr\u00e8s fonctionnel<\/strong> gr\u00e2ce \u00e0 ses<strong> nombreux compartiments<\/strong> vous pourrez stocker les couches, les lingettes, le bavoir, la bouteille d&#8217;eau, le biberon et si le plaisir vous en dit m\u00eame votre caf\u00e9 !<\/p>\n<p><img decoding=\"async\" class=\"aligncenter\" src=\"https:\/\/babyslane.com\/wp-content\/uploads\/2022\/06\/Sans-titre-23.gif\" width=\"454\" height=\"454\" \/><\/p>\n<h3><strong>Tr\u00e8s compacte<\/strong><\/h3>\n<p>La sacoche multifonction est \u00e9galement<strong> imperm\u00e9able<\/strong>.<\/p>\n<p style=\"text-align: center;\"><img decoding=\"async\" class=\"aligncenter\" src=\"https:\/\/babyslane.com\/wp-content\/uploads\/2022\/06\/Sans-titre-21.gif\" width=\"564\" height=\"564\" \/><\/p>\n<h3>Fini l&#8217;encombrement d&#8217;un gros sac<\/h3>\n<p>Suspendu \u00e0 la poussette, la sacoche vous permet de ne <strong>pas \u00eatre encombr\u00e9<\/strong> par un gros sac \u00e0 langer \u00e0 transporter. On lui trouve aussi un compartiment pour les mouchoirs et lingettes ce qui est<strong> tr\u00e8s pratique<\/strong> dans la vie quotidienne de b\u00e9b\u00e9.<\/p>\n<p>&nbsp;<\/p>\n<h3><img loading=\"lazy\" decoding=\"async\" class=\"aligncenter\" src=\"https:\/\/babyslane.com\/wp-content\/uploads\/2022\/06\/Sans-titre-2022-06-09T150428.628-1.jpg\" width=\"598\" height=\"598\" \/><\/h3>\n<h3>Indispensable lors des sorties avec bebe<\/h3>\n<p>Cette sacoche est une grande aide pour organiser les affaires de b\u00e9b\u00e9 et avoir tout \u00e0 port\u00e9e de main lors de vos promenade.<\/p>\n<p><img loading=\"lazy\" decoding=\"async\" class=\"aligncenter\" src=\"https:\/\/cc-west-usa.oss-accelerate.aliyuncs.com\/bf59667f-39fb-4037-bf63-8ce309d10a2a.png\" width=\"684\" height=\"509\" \/><\/p>\n<p><strong>Information compl\u00e9mentaire :<\/strong><\/p>\n<p>taille : 30 x 13 x 19 cm<\/p>\n<p>Mat\u00e9riel : Tissu Oxford<\/p>\n<p>Couleur : existe dans de nombreux coloris diff\u00e9rents avec motif ou unies.<b><\/b><\/p>","protected":false},"excerpt":{"rendered":"<p><strong>La sacoche de poussette multifonction, tout avoir \u00e0 port\u00e9e de mains lors des promenades sans s&#8217;encombrer.<\/strong><\/p>\n<p><strong>Compacte et l\u00e9g\u00e8re,<\/strong> elle est id\u00e9ale pour les petites sorties en poussette avec votre b\u00e9b\u00e9.<\/p>\n","protected":false},"featured_media":7561,"comment_status":"open","ping_status":"closed","template":"","meta":[],"product_brand":[],"product_cat":[37,35],"product_tag":[],"class_list":{"0":"post-7518","1":"product","2":"type-product","3":"status-publish","4":"has-post-thumbnail","6":"product_cat-everyday-baby-essentials","7":"product_cat-outing-travel","9":"first","10":"instock","11":"shipping-taxable","12":"purchasable","13":"product-type-variable"},"_links":{"self":[{"href":"https:\/\/babyslane.com\/fr\/wp-json\/wp\/v2\/product\/7518","targetHints":{"allow":["GET"]}}],"collection":[{"href":"https:\/\/babyslane.com\/fr\/wp-json\/wp\/v2\/product"}],"about":[{"href":"https:\/\/babyslane.com\/fr\/wp-json\/wp\/v2\/types\/product"}],"replies":[{"embeddable":true,"href":"https:\/\/babyslane.com\/fr\/wp-json\/wp\/v2\/comments?post=7518"}],"version-history":[{"count":1,"href":"https:\/\/babyslane.com\/fr\/wp-json\/wp\/v2\/product\/7518\/revisions"}],"predecessor-version":[{"id":7867,"href":"https:\/\/babyslane.com\/fr\/wp-json\/wp\/v2\/product\/7518\/revisions\/7867"}],"wp:featuredmedia":[{"embeddable":true,"href":"https:\/\/babyslane.com\/fr\/wp-json\/wp\/v2\/media\/7561"}],"wp:attachment":[{"href":"https:\/\/babyslane.com\/fr\/wp-json\/wp\/v2\/media?parent=7518"}],"wp:term":[{"taxonomy":"product_brand","embeddable":true,"href":"https:\/\/babyslane.com\/fr\/wp-json\/wp\/v2\/product_brand?post=7518"},{"taxonomy":"product_cat","embeddable":true,"href":"https:\/\/babyslane.com\/fr\/wp-json\/wp\/v2\/product_cat?post=7518"},{"taxonomy":"product_tag","embeddable":true,"href":"https:\/\/babyslane.com\/fr\/wp-json\/wp\/v2\/product_tag?post=7518"}],"curies":[{"name":"wp","href":"https:\/\/api.w.org\/{rel}","templated":true}]}}