{"id":7649,"date":"2022-06-21T15:31:42","date_gmt":"2022-06-21T13:31:42","guid":{"rendered":"https:\/\/babyslane.com\/produit\/baby-beach-tent-kids-outdoor-camping-easy-fold-up-waterproof-up-sun-awning-tent-uv-protecting\/"},"modified":"2023-05-19T18:33:39","modified_gmt":"2023-05-19T16:33:39","slug":"baby-beach-tent-kids-outdoor-camping-easy-fold-up-waterproof-up-sun-awning-tent-uv-protecting","status":"publish","type":"product","link":"https:\/\/babyslane.com\/fr\/produit\/baby-beach-tent-kids-outdoor-camping-easy-fold-up-waterproof-up-sun-awning-tent-uv-protecting\/","title":{"rendered":"Tente de plage pour b\u00e9b\u00e9 Protection UV piscine int\u00e9gr\u00e9e"},"content":{"rendered":"<p><\/p>\n<h3 style=\"text-align: center;\">\u00a0<img loading=\"lazy\" decoding=\"async\" class=\"alignnone wp-image-7685 size-full\" src=\"https:\/\/babyslane.com\/wp-content\/uploads\/2022\/06\/20220623_1049133.gif\" alt=\"\" width=\"800\" height=\"450\" \/><\/h3>\n<h3><span style=\"font-size: 16px;\">Indispensable pour les journ\u00e9es \u00e0 la plage avec b\u00e9b\u00e9<\/span><\/h3>\n<div>Ne vous encombrez plus avec un grand parasol pour prot\u00e9ger votre enfant du soleil. Cette tente super compacte et pratique facilite la vie des parents durant les vacances.<\/div>\n<div><\/div>\n<div><img loading=\"lazy\" decoding=\"async\" class=\"aligncenter wp-image-7634 \" src=\"https:\/\/babyslane.com\/wp-content\/uploads\/2022\/06\/10066804207516-1024x1024.jpg\" alt=\"\" width=\"582\" height=\"582\" srcset=\"https:\/\/babyslane.com\/wp-content\/uploads\/2022\/06\/10066804207516-1024x1024.jpg 1024w, https:\/\/babyslane.com\/wp-content\/uploads\/2022\/06\/10066804207516-300x300.jpg 300w, https:\/\/babyslane.com\/wp-content\/uploads\/2022\/06\/10066804207516-150x150.jpg 150w, https:\/\/babyslane.com\/wp-content\/uploads\/2022\/06\/10066804207516-768x768.jpg 768w, https:\/\/babyslane.com\/wp-content\/uploads\/2022\/06\/10066804207516-600x600.jpg 600w, https:\/\/babyslane.com\/wp-content\/uploads\/2022\/06\/10066804207516-100x100.jpg 100w, https:\/\/babyslane.com\/wp-content\/uploads\/2022\/06\/10066804207516-60x60.jpg 60w, https:\/\/babyslane.com\/wp-content\/uploads\/2022\/06\/10066804207516-90x90.jpg 90w, https:\/\/babyslane.com\/wp-content\/uploads\/2022\/06\/10066804207516.jpg 1100w\" sizes=\"(max-width: 582px) 100vw, 582px\" \/><\/div>\n<div><\/div>\n<h3>Une piscine integr\u00e9e pour le plus grand plaisir de b\u00e9b\u00e9<\/h3>\n<div>Laissez b\u00e9b\u00e9 profiter d&#8217;une petite baignade dans la mini piscine sans l&#8217;exposer au rayon du soleil au bord de la plage. Prot\u00e9g\u00e9 par la tente b\u00e9b\u00e9 joue et s&#8217;\u00e9panouie en toute s\u00e9curit\u00e9 sous votre surveillance.<\/div>\n<div><\/div>\n<div style=\"text-align: center;\"><img loading=\"lazy\" decoding=\"async\" class=\"alignnone wp-image-7635 \" src=\"https:\/\/babyslane.com\/wp-content\/uploads\/2022\/06\/3522946183586.jpg\" alt=\"\" width=\"569\" height=\"580\" srcset=\"https:\/\/babyslane.com\/wp-content\/uploads\/2022\/06\/3522946183586.jpg 587w, https:\/\/babyslane.com\/wp-content\/uploads\/2022\/06\/3522946183586-294x300.jpg 294w, https:\/\/babyslane.com\/wp-content\/uploads\/2022\/06\/3522946183586-59x60.jpg 59w, https:\/\/babyslane.com\/wp-content\/uploads\/2022\/06\/3522946183586-88x90.jpg 88w\" sizes=\"(max-width: 569px) 100vw, 569px\" \/><\/div>\n<h3 class=\"J0lOec\"><span class=\"VIiyi\" lang=\"fr\"><span class=\"JLqJ4b ChMk0b\" data-language-for-alternatives=\"fr\" data-language-to-translate-into=\"en\" data-phrase-index=\"2\" data-number-of-phrases=\"8\"><span class=\"Q4iAWc\">Protection UV pour prot\u00e9ger la peau sensible de votre enfant <\/span><\/span><\/span><\/h3>\n<div class=\"J0lOec\"><span class=\"VIiyi\" lang=\"fr\"><span class=\"JLqJ4b ChMk0b\" data-language-for-alternatives=\"fr\" data-language-to-translate-into=\"en\" data-phrase-index=\"2\" data-number-of-phrases=\"8\"><span class=\"Q4iAWc\">Fabriqu\u00e9e en tissu polyester UPF 50+, cette tente de plage emp\u00eachera les rayons nocifs du soleil de p\u00e9n\u00e9trer et de nuire \u00e0 votre b\u00e9b\u00e9.<\/span><\/span> <span class=\"JLqJ4b ChMk0b\" data-language-for-alternatives=\"fr\" data-language-to-translate-into=\"en\" data-phrase-index=\"3\" data-number-of-phrases=\"8\"><span class=\"Q4iAWc\">Prot\u00e9gez la peau fragile de votre b\u00e9b\u00e9.<\/span><\/span> <\/span><\/div>\n<div>\n<h3><img loading=\"lazy\" decoding=\"async\" class=\"alignnone size-full wp-image-7678 aligncenter\" src=\"https:\/\/babyslane.com\/wp-content\/uploads\/2022\/06\/24318842223564_9f57f68d-0e1d-4088-b4eb-17cc39e8656d_540x-e1655961152949.webp\" alt=\"\" width=\"540\" height=\"405\" srcset=\"https:\/\/babyslane.com\/wp-content\/uploads\/2022\/06\/24318842223564_9f57f68d-0e1d-4088-b4eb-17cc39e8656d_540x-e1655961152949.webp 540w, https:\/\/babyslane.com\/wp-content\/uploads\/2022\/06\/24318842223564_9f57f68d-0e1d-4088-b4eb-17cc39e8656d_540x-e1655961152949-300x225.webp 300w\" sizes=\"(max-width: 540px) 100vw, 540px\" \/><\/h3>\n<\/div>\n<div><\/div>\n<h3>Permet la circulation de l&#8217;air<\/h3>\n<div class=\"J0lOec\"><span class=\"VIiyi\" lang=\"fr\"><span class=\"JLqJ4b ChMk0b\" data-language-for-alternatives=\"fr\" data-language-to-translate-into=\"en\" data-phrase-index=\"4\" data-number-of-phrases=\"8\"><span class=\"Q4iAWc\">La conception en maille \u00e0 l&#8217;arri\u00e8re permet une a\u00e9ration de la tente en laissant p\u00e9n\u00e9trer l&#8217;air \u00e0 l&#8217;avant et \u00e0 l&#8217;arri\u00e8re. Ainsi, b\u00e9b\u00e9 n&#8217;est pas dans un environnement \u00e9touffant.<\/span><\/span><\/span><\/div>\n<div><\/div>\n<div class=\"J0lOec\"><span class=\"VIiyi\" lang=\"fr\"><span class=\"JLqJ4b ChMk0b\" data-language-for-alternatives=\"fr\" data-language-to-translate-into=\"en\" data-phrase-index=\"4\" data-number-of-phrases=\"8\"><span class=\"Q4iAWc\"> <img loading=\"lazy\" decoding=\"async\" class=\"alignnone size-full wp-image-7686\" src=\"https:\/\/babyslane.com\/wp-content\/uploads\/2022\/06\/20220623_1052184.gif\" alt=\"\" width=\"800\" height=\"450\" \/><\/span><\/span><\/span><\/div>\n<div>\n<h3 class=\"J0lOec\"><span class=\"VIiyi\" lang=\"fr\"><span class=\"JLqJ4b ChMk0b\" data-language-for-alternatives=\"fr\" data-language-to-translate-into=\"en\" data-phrase-index=\"6\" data-number-of-phrases=\"8\"><span class=\"Q4iAWc\">Facile \u00e0 installer et \u00e0 transporter<br \/>\n<\/span><\/span><\/span><\/h3>\n<p class=\"J0lOec\">Super pratique! D\u00e9ballez la tente rapidement, en moins de 10 secondes <span class=\"VIiyi\" lang=\"fr\"><span class=\"JLqJ4b ChMk0b\" data-language-for-alternatives=\"fr\" data-language-to-translate-into=\"en\" data-phrase-index=\"6\" data-number-of-phrases=\"8\"><span class=\"Q4iAWc\">gr\u00e2ce \u00e0 son design pop-up<\/span><\/span><\/span>. De plus, elle est l\u00e9g\u00e8re, f<span class=\"VIiyi\" lang=\"fr\"><span class=\"JLqJ4b ChMk0b\" data-language-for-alternatives=\"fr\" data-language-to-translate-into=\"en\" data-phrase-index=\"7\" data-number-of-phrases=\"8\"><span class=\"Q4iAWc\">acile \u00e0 plier, \u00e0 remballer et \u00e0 transporter dans son petit sac.<\/span><\/span><\/span><\/p>\n<p style=\"text-align: center;\"><img loading=\"lazy\" decoding=\"async\" class=\"alignnone wp-image-7681 \" src=\"https:\/\/babyslane.com\/wp-content\/uploads\/2022\/06\/beach-tent.jpeg\" alt=\"\" width=\"574\" height=\"574\" srcset=\"https:\/\/babyslane.com\/wp-content\/uploads\/2022\/06\/beach-tent.jpeg 800w, https:\/\/babyslane.com\/wp-content\/uploads\/2022\/06\/beach-tent-300x300.jpeg 300w, https:\/\/babyslane.com\/wp-content\/uploads\/2022\/06\/beach-tent-150x150.jpeg 150w, https:\/\/babyslane.com\/wp-content\/uploads\/2022\/06\/beach-tent-768x768.jpeg 768w, https:\/\/babyslane.com\/wp-content\/uploads\/2022\/06\/beach-tent-600x600.jpeg 600w, https:\/\/babyslane.com\/wp-content\/uploads\/2022\/06\/beach-tent-100x100.jpeg 100w\" sizes=\"(max-width: 574px) 100vw, 574px\" \/><\/p>\n<\/div>\n<h3>Perfect for all outdoor outings with baby<\/h3>\n<p>In addition to being perfect for beach outings, this tent is for all your outdoor outings. Set up the tent in your backyard, park, picnics, camping and pool trips and let baby enjoy a great day in the shade.<\/p>\n<p><img loading=\"lazy\" decoding=\"async\" class=\"wp-image-7683 aligncenter\" src=\"https:\/\/babyslane.com\/wp-content\/uploads\/2022\/06\/baby-beach-tent-with-pool.webp\" alt=\"\" width=\"574\" height=\"574\" srcset=\"https:\/\/babyslane.com\/wp-content\/uploads\/2022\/06\/baby-beach-tent-with-pool.webp 800w, https:\/\/babyslane.com\/wp-content\/uploads\/2022\/06\/baby-beach-tent-with-pool-300x300.webp 300w, https:\/\/babyslane.com\/wp-content\/uploads\/2022\/06\/baby-beach-tent-with-pool-150x150.webp 150w, https:\/\/babyslane.com\/wp-content\/uploads\/2022\/06\/baby-beach-tent-with-pool-768x768.webp 768w, https:\/\/babyslane.com\/wp-content\/uploads\/2022\/06\/baby-beach-tent-with-pool-600x600.webp 600w, https:\/\/babyslane.com\/wp-content\/uploads\/2022\/06\/baby-beach-tent-with-pool-100x100.webp 100w\" sizes=\"(max-width: 574px) 100vw, 574px\" \/><\/p>\n<p>Sp\u00e9cifications\u00a0:<br \/>\nMat\u00e9riau: tissu polyester imperm\u00e9able enduit d&#8217;argent.<\/p>\n<p>Taille:<br \/>\nTaille du produit : 117 x 79 x 70cm.<br \/>\nTaille de l&#8217;emballage : 56 x 56 x 3cm.<\/p>\n<p>Contenu du coffret :<br \/>\n1 x tente b\u00e9b\u00e9<br \/>\n1 x sac de transport.<br \/>\n4 x chevilles.<\/p>\n<p>&nbsp;<\/p>","protected":false},"excerpt":{"rendered":"<p>Cet \u00e9t\u00e9, offrez \u00e0 votre b\u00e9b\u00e9 de super moments de jeux dans l&#8217;eau et de d\u00e9tente tout en lui apportant une totale protection contre le soleil.<\/p>\n<p>Pratique, compacte et facile \u00e0 utiliser, la tente pour b\u00e9b\u00e9 est indispensable pour vos vacances et sorties en plein air.<\/p>\n<p>&nbsp;<\/p>\n","protected":false},"featured_media":7719,"comment_status":"open","ping_status":"closed","template":"","meta":[],"product_brand":[],"product_cat":[36,33,39],"product_tag":[],"class_list":{"0":"post-7649","1":"product","2":"type-product","3":"status-publish","4":"has-post-thumbnail","6":"product_cat-promotions","7":"product_cat-educational-toys","8":"product_cat-new-arrivals","10":"first","11":"instock","12":"sale","13":"shipping-taxable","14":"purchasable","15":"product-type-variable"},"_links":{"self":[{"href":"https:\/\/babyslane.com\/fr\/wp-json\/wp\/v2\/product\/7649","targetHints":{"allow":["GET"]}}],"collection":[{"href":"https:\/\/babyslane.com\/fr\/wp-json\/wp\/v2\/product"}],"about":[{"href":"https:\/\/babyslane.com\/fr\/wp-json\/wp\/v2\/types\/product"}],"replies":[{"embeddable":true,"href":"https:\/\/babyslane.com\/fr\/wp-json\/wp\/v2\/comments?post=7649"}],"version-history":[{"count":1,"href":"https:\/\/babyslane.com\/fr\/wp-json\/wp\/v2\/product\/7649\/revisions"}],"predecessor-version":[{"id":8114,"href":"https:\/\/babyslane.com\/fr\/wp-json\/wp\/v2\/product\/7649\/revisions\/8114"}],"wp:featuredmedia":[{"embeddable":true,"href":"https:\/\/babyslane.com\/fr\/wp-json\/wp\/v2\/media\/7719"}],"wp:attachment":[{"href":"https:\/\/babyslane.com\/fr\/wp-json\/wp\/v2\/media?parent=7649"}],"wp:term":[{"taxonomy":"product_brand","embeddable":true,"href":"https:\/\/babyslane.com\/fr\/wp-json\/wp\/v2\/product_brand?post=7649"},{"taxonomy":"product_cat","embeddable":true,"href":"https:\/\/babyslane.com\/fr\/wp-json\/wp\/v2\/product_cat?post=7649"},{"taxonomy":"product_tag","embeddable":true,"href":"https:\/\/babyslane.com\/fr\/wp-json\/wp\/v2\/product_tag?post=7649"}],"curies":[{"name":"wp","href":"https:\/\/api.w.org\/{rel}","templated":true}]}}