{"id":7836,"date":"2022-10-08T19:09:44","date_gmt":"2022-10-08T17:09:44","guid":{"rendered":"https:\/\/babyslane.com\/produit\/childrens-educational-toy-dressing-felt-busy-board\/"},"modified":"2022-11-23T19:55:04","modified_gmt":"2022-11-23T18:55:04","slug":"baby-kids-busy-book-board","status":"publish","type":"product","link":"https:\/\/babyslane.com\/fr\/produit\/baby-kids-busy-book-board\/","title":{"rendered":"Quiet Book &#8211; Livre \u00e9ducatif d&#8217;activit\u00e9s pour b\u00e9b\u00e9 et enfants"},"content":{"rendered":"<p><\/p>\n<h3><img loading=\"lazy\" decoding=\"async\" class=\"aligncenter\" src=\"https:\/\/cc-west-usa.oss-accelerate.aliyuncs.com\/d85367d7-7f16-46c6-a121-835e9f295ca9.jpg\" width=\"660\" height=\"660\" \/><\/h3>\n<h3>Aide b\u00e9b\u00e9 \u00e0 d\u00e9velopper ses fonctions et comp\u00e9tences cognitives<\/h3>\n<p>Notre livre \u00e9ducatif d&#8217;activit\u00e9s est con\u00e7u pour permettre de d\u00e9velopper plusieurs fonctions cognitives et de comp\u00e9tences pour les b\u00e9b\u00e9s et les tout-petits \u00e0 diff\u00e9rents stades de leur d\u00e9veloppement.<\/p>\n<p>&nbsp;<\/p>\n<p><img decoding=\"async\" class=\"aligncenter\" src=\"https:\/\/cc-west-usa.oss-accelerate.aliyuncs.com\/4397b01d-3981-46bf-8eeb-66c7a8cf4de5.jpg\" width=\"665\" height=\"665\" \/><\/p>\n<h3>Stimule la r\u00e9fl\u00e9xion et l&#8217;\u00e9veil de b\u00e9b\u00e9<\/h3>\n<p>B\u00e9b\u00e9 d\u00e9couvrira le toucher des diff\u00e9rentes textures et apprendra au fur et \u00e0 mesure \u00e0 raisonner pour comprendre comment ouvrir les diff\u00e9rents syst\u00e8mes de fermeture. Un excellent moyen de d\u00e9velopper et de stimuler la r\u00e9fl\u00e9xion, l&#8217;\u00e9veil et la motricit\u00e9 de b\u00e9b\u00e9.<\/p>\n<p>&nbsp;<\/p>\n<p><img decoding=\"async\" class=\"aligncenter\" src=\"https:\/\/cc-west-usa.oss-accelerate.aliyuncs.com\/7a807ca2-2510-4971-84b3-38ef17b485a4.jpg\" width=\"665\" height=\"665\" \/><\/p>\n<h3>B\u00e9b\u00e9 apprend en jouant o\u00f9 qu&#8217;il soit<\/h3>\n<p>B\u00e9b\u00e9 apprendra les couleurs en les identifiant et en les triant. Il d\u00e9couvrira les nombres et le comptage. Il pourra \u00e9galement m\u00e9moriser les lettres de l&#8217;alphabet et apprendre \u00e0 les reconnaitre puis les \u00e9crire sur le tableau blanc.<\/p>\n<p>&nbsp;<\/p>\n<p><img loading=\"lazy\" decoding=\"async\" class=\"aligncenter\" src=\"https:\/\/cc-west-usa.oss-accelerate.aliyuncs.com\/5c1f3569-e62e-4d36-af98-08dcb46016b7.jpg\" width=\"665\" height=\"665\" \/><\/p>\n<h3>D\u00e9couverte sensorielle et stimulation de la motricit\u00e9 de b\u00e9b\u00e9<\/h3>\n<p>Id\u00e9al pour le d\u00e9veloppement sensoriel de b\u00e9b\u00e9 et l&#8217;am\u00e9lioration de sa motricit\u00e9. Le meilleur outils pour d\u00e9velopper les capacit\u00e9s d&#8217;apprentissage et de m\u00e9morisation de b\u00e9b\u00e9.<\/p>\n<p>&nbsp;<\/p>\n<p><img loading=\"lazy\" decoding=\"async\" class=\"aligncenter\" src=\"https:\/\/cc-west-usa.oss-accelerate.aliyuncs.com\/c3f4970b-dcc0-4132-899c-9c008a73546b.jpg\" width=\"664\" height=\"664\" \/><\/p>\n<h4>La meilleure fa\u00e7on pour votre b\u00e9b\u00e9 de jouer en apprenant et d&#8217;apprendre en jouant \u00e0 tout moment et partout, seul ou en famille.<\/h4>\n<p>&nbsp;<\/p>\n<p><strong><img loading=\"lazy\" decoding=\"async\" class=\"aligncenter\" src=\"https:\/\/cc-west-usa.oss-accelerate.aliyuncs.com\/11c0a3fb-dee4-41dc-94ea-ba7743ded2b5.jpg\" width=\"665\" height=\"665\" \/><\/strong><\/p>\n<p><strong>Information produit:<\/strong><br \/>\nComposition: Feutrine<br \/>\nAides p\u00e9dagogiques pour l&#8217;\u00e9ducation des b\u00e9b\u00e9s et petits enfants.<\/p>\n<p>Informations sur la taille : 45 x 28 cm (livre ouvert)<\/p>\n<p>&nbsp;<\/p>","protected":false},"excerpt":{"rendered":"<p>Le meilleur moyen pour r\u00e9duire ou supprimer le temps d&#8217;exposition aux \u00e9crans et occuper votre enfant avec des activit\u00e9s \u00e9ducatives qui d\u00e9veloppent la motricit\u00e9 fine, encouragent l&#8217;imagination et la pens\u00e9e logique pendant des heures.<\/p>\n<p>Donnez \u00e0 votre enfant l&#8217;amour des livres en lui permettant d&#8217;apprendre tout en s&#8217;amusant avec notre Super Livre \u00e9ducatif d&#8217;activit\u00e9s qui capte l&#8217;attention des enfants avec des jeux cognitifs simples (couleur, nombres, lettres,&#8230;)<\/p>\n<p>Offrons \u00e0 nos enfant un avenir heureux et brillant&#8230;<\/p>\n","protected":false},"featured_media":7837,"comment_status":"open","ping_status":"closed","template":"","meta":[],"product_brand":[],"product_cat":[33,39],"product_tag":[],"class_list":{"0":"post-7836","1":"product","2":"type-product","3":"status-publish","4":"has-post-thumbnail","6":"product_cat-educational-toys","7":"product_cat-new-arrivals","9":"first","10":"instock","11":"sale","12":"shipping-taxable","13":"purchasable","14":"product-type-simple"},"_links":{"self":[{"href":"https:\/\/babyslane.com\/fr\/wp-json\/wp\/v2\/product\/7836","targetHints":{"allow":["GET"]}}],"collection":[{"href":"https:\/\/babyslane.com\/fr\/wp-json\/wp\/v2\/product"}],"about":[{"href":"https:\/\/babyslane.com\/fr\/wp-json\/wp\/v2\/types\/product"}],"replies":[{"embeddable":true,"href":"https:\/\/babyslane.com\/fr\/wp-json\/wp\/v2\/comments?post=7836"}],"version-history":[{"count":9,"href":"https:\/\/babyslane.com\/fr\/wp-json\/wp\/v2\/product\/7836\/revisions"}],"predecessor-version":[{"id":7926,"href":"https:\/\/babyslane.com\/fr\/wp-json\/wp\/v2\/product\/7836\/revisions\/7926"}],"wp:featuredmedia":[{"embeddable":true,"href":"https:\/\/babyslane.com\/fr\/wp-json\/wp\/v2\/media\/7837"}],"wp:attachment":[{"href":"https:\/\/babyslane.com\/fr\/wp-json\/wp\/v2\/media?parent=7836"}],"wp:term":[{"taxonomy":"product_brand","embeddable":true,"href":"https:\/\/babyslane.com\/fr\/wp-json\/wp\/v2\/product_brand?post=7836"},{"taxonomy":"product_cat","embeddable":true,"href":"https:\/\/babyslane.com\/fr\/wp-json\/wp\/v2\/product_cat?post=7836"},{"taxonomy":"product_tag","embeddable":true,"href":"https:\/\/babyslane.com\/fr\/wp-json\/wp\/v2\/product_tag?post=7836"}],"curies":[{"name":"wp","href":"https:\/\/api.w.org\/{rel}","templated":true}]}}