{"id":7879,"date":"2022-10-26T16:15:54","date_gmt":"2022-10-26T14:15:54","guid":{"rendered":"https:\/\/babyslane.com\/produit\/baby-shower-bath-kid-shampoo-hat\/"},"modified":"2025-07-19T19:16:47","modified_gmt":"2025-07-19T17:16:47","slug":"baby-shower-bath-kid-shampoo-hat","status":"publish","type":"product","link":"https:\/\/babyslane.com\/fr\/produit\/baby-shower-bath-kid-shampoo-hat\/","title":{"rendered":"Casquette de bain pour bebe et enfant King B-Lane"},"content":{"rendered":"<p><\/p>\n<h3><img fetchpriority=\"high\" decoding=\"async\" class=\"aligncenter\" src=\"https:\/\/cc-west-usa.oss-accelerate.aliyuncs.com\/8d8f73f4-f1fe-415c-ac4a-3e97e02ef506.jpg\" width=\"659\" height=\"879\" \/><\/h3>\n<h3>Prot\u00e9gez les yeux et les oreilles de votre enfant lors du bain<\/h3>\n<p>La composition de la majorit\u00e9 des shampoings du commerce n&#8217;est pas naturelle, il faut donc veiller \u00e0 \u00e9viter que le shampoing n&#8217;entre en contact avec les yeux et oreilles de votre bout de chou.<\/p>\n<p>La casquette de douche King dispose d&#8217;une visiere large qui prot\u00e8ge le visage et les oreilles de votre enfant et emp\u00eache le shampoing de p\u00e9n\u00e9trer dans ses yeux pendant le bain.<\/p>\n<h3 style=\"text-align: center;\"><img decoding=\"async\" class=\"aligncenter\" src=\"https:\/\/cc-west-usa.oss-accelerate.aliyuncs.com\/8a0071cb-c10e-4887-8374-371e7393968e.jpg\" width=\"660\" height=\"880\" \/><\/h3>\n<h3>Un accessoire plus qu&#8217;indispensable<\/h3>\n<p>L&#8217;accessoire que tout parent devrait avoir et utiliser lors des bains et douches des enfants en bas \u00e2ge pour \u00e9viter que l&#8217;eau ne coule sur leur visage lors du lavage de la t\u00eate et des cheveux.<\/p>\n<p style=\"text-align: center;\"><img loading=\"lazy\" decoding=\"async\" class=\"alignnone\" src=\"https:\/\/cc-west-usa.oss-accelerate.aliyuncs.com\/3c1febf0-946f-40a3-9b92-8cad7b9a29e9.jpg\" width=\"647\" height=\"863\" \/><\/p>\n<h3>Fini les yeux qui pique dans la douche<\/h3>\n<p>Le moment du shampoing de b\u00e9b\u00e9 est le plus d\u00e9licat et le plus p\u00e9nible lors du bain car il arrive souvent que le shampoing ne coule dans ses yeux et provoque des pleurs et des cris incessants d\u00f9 \u00e0 sa douleur.<\/p>\n<p style=\"text-align: center;\"><img loading=\"lazy\" decoding=\"async\" class=\"alignnone wp-image-7873\" src=\"https:\/\/babyslane.com\/wp-content\/uploads\/2022\/10\/0b8f2e4e-85de-4a68-8eb3-7da850159148.jpg\" alt=\"\" width=\"446\" height=\"595\" srcset=\"https:\/\/babyslane.com\/wp-content\/uploads\/2022\/10\/0b8f2e4e-85de-4a68-8eb3-7da850159148.jpg 750w, https:\/\/babyslane.com\/wp-content\/uploads\/2022\/10\/0b8f2e4e-85de-4a68-8eb3-7da850159148-225x300.jpg 225w, https:\/\/babyslane.com\/wp-content\/uploads\/2022\/10\/0b8f2e4e-85de-4a68-8eb3-7da850159148-600x800.jpg 600w\" sizes=\"(max-width: 446px) 100vw, 446px\" \/><\/p>\n<h3>Lavez la t\u00eate de b\u00e9b\u00e9 en toute s\u00e9r\u00e9nit\u00e9<\/h3>\n<p>Cette protection vous permet de laver ses cheveux plus facilement et en toute tranquillit\u00e9. Les bords de la casquette permettent l&#8217;eau de couler par l&#8217;arri\u00e8re de la t\u00eate.<\/p>\n<p><img loading=\"lazy\" decoding=\"async\" class=\"wp-image-7872 aligncenter\" src=\"https:\/\/babyslane.com\/wp-content\/uploads\/2022\/10\/838122fe-a55c-450e-a062-8e9f466db29b.jpg\" alt=\"\" width=\"637\" height=\"849\" srcset=\"https:\/\/babyslane.com\/wp-content\/uploads\/2022\/10\/838122fe-a55c-450e-a062-8e9f466db29b.jpg 750w, https:\/\/babyslane.com\/wp-content\/uploads\/2022\/10\/838122fe-a55c-450e-a062-8e9f466db29b-225x300.jpg 225w, https:\/\/babyslane.com\/wp-content\/uploads\/2022\/10\/838122fe-a55c-450e-a062-8e9f466db29b-600x800.jpg 600w\" sizes=\"(max-width: 637px) 100vw, 637px\" \/><\/p>\n<h3>Adaptable et ajustable selon la taille de t\u00eate de b\u00e9b\u00e9<\/h3>\n<p>Cette casquette est r\u00e9tractable et dispose de 3 positions r\u00e9glables en fonction de la largeur de la t\u00eate. Vous pouvez l&#8217;utiliser au fur et \u00e0 mesure que votre enfant grandisse.<\/p>\n<p><img loading=\"lazy\" decoding=\"async\" class=\"wp-image-7875 aligncenter\" src=\"https:\/\/babyslane.com\/wp-content\/uploads\/2022\/10\/e7d49f54-4b90-43c7-ae99-712269a37837.jpg\" alt=\"\" width=\"636\" height=\"636\" srcset=\"https:\/\/babyslane.com\/wp-content\/uploads\/2022\/10\/e7d49f54-4b90-43c7-ae99-712269a37837.jpg 800w, https:\/\/babyslane.com\/wp-content\/uploads\/2022\/10\/e7d49f54-4b90-43c7-ae99-712269a37837-300x300.jpg 300w, https:\/\/babyslane.com\/wp-content\/uploads\/2022\/10\/e7d49f54-4b90-43c7-ae99-712269a37837-150x150.jpg 150w, https:\/\/babyslane.com\/wp-content\/uploads\/2022\/10\/e7d49f54-4b90-43c7-ae99-712269a37837-768x768.jpg 768w, https:\/\/babyslane.com\/wp-content\/uploads\/2022\/10\/e7d49f54-4b90-43c7-ae99-712269a37837-600x600.jpg 600w, https:\/\/babyslane.com\/wp-content\/uploads\/2022\/10\/e7d49f54-4b90-43c7-ae99-712269a37837-100x100.jpg 100w\" sizes=\"(max-width: 636px) 100vw, 636px\" \/><\/p>\n<h3><span class=\"a-list-item\">Soft Material<\/span><\/h3>\n<p><span class=\"a-list-item\">The kids hair washing shield is made of soft PP and TPE silicone. The edges are soft and smooth, which can fit the baby&#8217;s head better. With strong stability and good sealing, lightweight and durable it is skin-friendly to wear shampoo cap will not hurt the delicate baby skin<br \/>\n<\/span><\/p>\n<p><img loading=\"lazy\" decoding=\"async\" class=\"alignnone wp-image-7878\" src=\"https:\/\/babyslane.com\/wp-content\/uploads\/2022\/10\/83c5db49-2a80-4214-94bb-3ac35bef8337.jpg\" alt=\"\" width=\"615\" height=\"615\" srcset=\"https:\/\/babyslane.com\/wp-content\/uploads\/2022\/10\/83c5db49-2a80-4214-94bb-3ac35bef8337.jpg 800w, https:\/\/babyslane.com\/wp-content\/uploads\/2022\/10\/83c5db49-2a80-4214-94bb-3ac35bef8337-300x300.jpg 300w, https:\/\/babyslane.com\/wp-content\/uploads\/2022\/10\/83c5db49-2a80-4214-94bb-3ac35bef8337-150x150.jpg 150w, https:\/\/babyslane.com\/wp-content\/uploads\/2022\/10\/83c5db49-2a80-4214-94bb-3ac35bef8337-768x768.jpg 768w, https:\/\/babyslane.com\/wp-content\/uploads\/2022\/10\/83c5db49-2a80-4214-94bb-3ac35bef8337-600x600.jpg 600w, https:\/\/babyslane.com\/wp-content\/uploads\/2022\/10\/83c5db49-2a80-4214-94bb-3ac35bef8337-100x100.jpg 100w\" sizes=\"(max-width: 615px) 100vw, 615px\" \/><\/p>\n<p><b>Product information:<\/b><\/p>\n<p>Applicable age: from 6 months to 8 years old<br \/>\nUpgraded backflow prevention ear protection and eye protection,<\/p>\n<p>Upgraded anti-backflow ear and eye protection<\/p>\n<p><b>Package:<\/b><br \/>\n1 Baby kids Shower Cap<\/p>\n<p>&nbsp;<\/p>\n<p>&nbsp;<\/p>\n<p>&nbsp;<\/p>","protected":false},"excerpt":{"rendered":"<p>Dites adieu aux pleurs et aux yeux qui piquent ! Avec notre casquette de bain pour b\u00e9b\u00e9, chaque bain devient un moment de plaisir sans d\u00e9sagr\u00e9ment, en prot\u00e9geant son petit visage de l&#8217;eau et du shampoing. Offrez \u00e0 votre enfant un bain serein et sans larmes !<\/p>\n","protected":false},"featured_media":10859,"comment_status":"open","ping_status":"closed","template":"","meta":[],"product_brand":[],"product_cat":[36,37,44,32],"product_tag":[],"class_list":{"0":"post-7879","1":"product","2":"type-product","3":"status-publish","4":"has-post-thumbnail","6":"product_cat-promotions","7":"product_cat-everyday-baby-essentials","8":"product_cat-baby-bath-accessories","9":"product_cat-baby-care","11":"first","12":"instock","13":"shipping-taxable","14":"purchasable","15":"product-type-variable","16":"has-default-attributes"},"_links":{"self":[{"href":"https:\/\/babyslane.com\/fr\/wp-json\/wp\/v2\/product\/7879","targetHints":{"allow":["GET"]}}],"collection":[{"href":"https:\/\/babyslane.com\/fr\/wp-json\/wp\/v2\/product"}],"about":[{"href":"https:\/\/babyslane.com\/fr\/wp-json\/wp\/v2\/types\/product"}],"replies":[{"embeddable":true,"href":"https:\/\/babyslane.com\/fr\/wp-json\/wp\/v2\/comments?post=7879"}],"version-history":[{"count":7,"href":"https:\/\/babyslane.com\/fr\/wp-json\/wp\/v2\/product\/7879\/revisions"}],"predecessor-version":[{"id":10834,"href":"https:\/\/babyslane.com\/fr\/wp-json\/wp\/v2\/product\/7879\/revisions\/10834"}],"wp:featuredmedia":[{"embeddable":true,"href":"https:\/\/babyslane.com\/fr\/wp-json\/wp\/v2\/media\/10859"}],"wp:attachment":[{"href":"https:\/\/babyslane.com\/fr\/wp-json\/wp\/v2\/media?parent=7879"}],"wp:term":[{"taxonomy":"product_brand","embeddable":true,"href":"https:\/\/babyslane.com\/fr\/wp-json\/wp\/v2\/product_brand?post=7879"},{"taxonomy":"product_cat","embeddable":true,"href":"https:\/\/babyslane.com\/fr\/wp-json\/wp\/v2\/product_cat?post=7879"},{"taxonomy":"product_tag","embeddable":true,"href":"https:\/\/babyslane.com\/fr\/wp-json\/wp\/v2\/product_tag?post=7879"}],"curies":[{"name":"wp","href":"https:\/\/api.w.org\/{rel}","templated":true}]}}