{"id":7912,"date":"2022-11-23T17:35:29","date_gmt":"2022-11-23T16:35:29","guid":{"rendered":"https:\/\/babyslane.com\/produit\/baby-toys-magnetic-stick-building-blocks-game-magnets-children-set-kids-magnets-for-children-magnetic-toy-bricks\/"},"modified":"2024-10-02T11:39:47","modified_gmt":"2024-10-02T09:39:47","slug":"baby-kids-magnetic-building-blocks-educational-toy-montessori","status":"publish","type":"product","link":"https:\/\/babyslane.com\/fr\/produit\/baby-kids-magnetic-building-blocks-educational-toy-montessori\/","title":{"rendered":"Jeu \u00e9ducatif de construction magn\u00e9tique b\u00e9b\u00e9 montessori"},"content":{"rendered":"<p><\/p>\n<h3>Apprendre tout en jouant n&#8217;a jamais \u00e9t\u00e9 aussi amusant!<\/h3>\n<p>Laissez libre cours \u00e0 l&#8217;imagination de vos enfants pour cr\u00e9ez leurs propres chef-d&#8217;\u0153uvre.<\/p>\n<p><img decoding=\"async\" src=\"https:\/\/cc-west-usa.oss-accelerate.aliyuncs.com\/beaaa992-5fc6-42b2-b5f3-6bb86ddee540.jpg\" \/>\u00a0 \u00a0 \u00a0 \u00a0 \u00a0 \u00a0 <img decoding=\"async\" class=\"aligncenter\" src=\"https:\/\/cc-west-usa.oss-accelerate.aliyuncs.com\/29137adc-497b-4a27-83d1-7396a89f34e7.jpg\" alt=\"\" width=\"800\" height=\"800\" \/><\/p>\n<p><img fetchpriority=\"high\" decoding=\"async\" style=\"font-size: 14px; max-width: 100%;\" src=\"https:\/\/cc-west-usa.oss-accelerate.aliyuncs.com\/86158880-51ea-4bc2-a0f4-3652ecc2ddea.jpg\" width=\"800\" height=\"800\" \/><img decoding=\"async\" style=\"font-size: 14px; max-width: 100%;\" src=\"https:\/\/cc-west-usa.oss-accelerate.aliyuncs.com\/993d47ad-9729-4064-89dd-ae09d9b986b7.jpg\" \/><img decoding=\"async\" style=\"font-size: 14px; max-width: 100%;\" src=\"https:\/\/cc-west-usa.oss-accelerate.aliyuncs.com\/0610c317-07f7-4ada-8cd6-60b57cb0f63a.jpg\" \/><img decoding=\"async\" style=\"font-size: 14px; max-width: 100%;\" src=\"https:\/\/cc-west-usa.oss-accelerate.aliyuncs.com\/e4377daa-5085-4e08-b1de-a0733e66f6ba.jpg\" \/><img decoding=\"async\" style=\"font-size: 14px; max-width: 100%;\" src=\"https:\/\/cc-west-usa.oss-accelerate.aliyuncs.com\/e9c46858-ff5d-4baf-8e7a-67f5c63eee56.jpg\" \/><\/p>","protected":false},"excerpt":{"rendered":"<p>Le meilleur jeu \u00e9ducatif pour stimuler plusieurs comp\u00e9tences de b\u00e9b\u00e9. Coordination \u0153il-main, motricit\u00e9, cr\u00e9ativit\u00e9,&#8230;<br \/>\nB\u00e9b\u00e9 cr\u00e9e et imagine, d\u00e9veloppe son sens de la r\u00e9flexion tout en jouant. \u00c9panouissement garantie.<\/p>\n","protected":false},"featured_media":7910,"comment_status":"open","ping_status":"closed","template":"","meta":[],"product_brand":[],"product_cat":[36,33,41],"product_tag":[],"class_list":{"0":"post-7912","1":"product","2":"type-product","3":"status-publish","4":"has-post-thumbnail","6":"product_cat-promotions","7":"product_cat-educational-toys","8":"product_cat-the-best-deals","10":"first","11":"instock","12":"sale","13":"shipping-taxable","14":"purchasable","15":"product-type-variable"},"_links":{"self":[{"href":"https:\/\/babyslane.com\/fr\/wp-json\/wp\/v2\/product\/7912","targetHints":{"allow":["GET"]}}],"collection":[{"href":"https:\/\/babyslane.com\/fr\/wp-json\/wp\/v2\/product"}],"about":[{"href":"https:\/\/babyslane.com\/fr\/wp-json\/wp\/v2\/types\/product"}],"replies":[{"embeddable":true,"href":"https:\/\/babyslane.com\/fr\/wp-json\/wp\/v2\/comments?post=7912"}],"version-history":[{"count":7,"href":"https:\/\/babyslane.com\/fr\/wp-json\/wp\/v2\/product\/7912\/revisions"}],"predecessor-version":[{"id":7929,"href":"https:\/\/babyslane.com\/fr\/wp-json\/wp\/v2\/product\/7912\/revisions\/7929"}],"wp:featuredmedia":[{"embeddable":true,"href":"https:\/\/babyslane.com\/fr\/wp-json\/wp\/v2\/media\/7910"}],"wp:attachment":[{"href":"https:\/\/babyslane.com\/fr\/wp-json\/wp\/v2\/media?parent=7912"}],"wp:term":[{"taxonomy":"product_brand","embeddable":true,"href":"https:\/\/babyslane.com\/fr\/wp-json\/wp\/v2\/product_brand?post=7912"},{"taxonomy":"product_cat","embeddable":true,"href":"https:\/\/babyslane.com\/fr\/wp-json\/wp\/v2\/product_cat?post=7912"},{"taxonomy":"product_tag","embeddable":true,"href":"https:\/\/babyslane.com\/fr\/wp-json\/wp\/v2\/product_tag?post=7912"}],"curies":[{"name":"wp","href":"https:\/\/api.w.org\/{rel}","templated":true}]}}