{"id":8193,"date":"2023-08-07T08:17:40","date_gmt":"2023-08-07T06:17:40","guid":{"rendered":"https:\/\/babyslane.com\/produit\/oxford-black-portable-baby-changing-pad\/"},"modified":"2025-07-20T08:30:24","modified_gmt":"2025-07-20T06:30:24","slug":"oxford-black-portable-baby-changing-pad","status":"publish","type":"product","link":"https:\/\/babyslane.com\/fr\/produit\/oxford-black-portable-baby-changing-pad\/","title":{"rendered":"Matelas de change pour Bebe portable impermeable"},"content":{"rendered":"<p><img decoding=\"async\" style=\"max-width: 100%;\" src=\"https:\/\/cc-west-usa.oss-accelerate.aliyuncs.com\/70f6836f-eddb-456f-932b-fe01762c47a6.jpg\" \/><br \/>\n<img decoding=\"async\" style=\"max-width: 100%;\" src=\"https:\/\/cc-west-usa.oss-accelerate.aliyuncs.com\/2c1bc7d3-8dcb-4621-b419-4562b22a6fbc.jpg\" \/><br \/>\n<img decoding=\"async\" style=\"max-width: 100%;\" src=\"https:\/\/cc-west-usa.oss-accelerate.aliyuncs.com\/22dc3524-63b1-48d8-8343-c9898d2f9017.jpg\" \/><\/p>","protected":false},"excerpt":{"rendered":"<div class=\"flex flex-grow flex-col max-w-full gap-3 gizmo:gap-0\">\n<div class=\"min-h-[20px] text-message flex flex-col items-start gap-3 whitespace-pre-wrap break-words [.text-message+&amp;]:mt-5 overflow-x-auto\" data-message-author-role=\"assistant\" data-message-id=\"11c4fb3d-1427-40e1-9c34-ab57777e7f0d\">\n<div class=\"markdown prose w-full break-words dark:prose-invert light\">\n<p>Essentiel et pratique pour toutes les sorties avec votre petit bout. Compacte et imperm\u00e9able, cette pochette a \u00e9t\u00e9 con\u00e7ue pour r\u00e9pondre \u00e0 tous les besoins des parents lors du change de leur b\u00e9b\u00e9 pendant les deplacement.<\/p>\n<\/div>\n<\/div>\n<\/div>\n<div class=\"flex justify-between empty:hidden gizmo:mt-1 gizmo:justify-start gizmo:gap-3 lg:block gizmo:lg:flex\">\n<div class=\"text-gray-400 flex self-end lg:self-center justify-center gizmo:lg:justify-start mt-2 gizmo:mt-0 visible gap-1\"><\/div>\n<\/div>\n","protected":false},"featured_media":8187,"comment_status":"open","ping_status":"closed","template":"","meta":[],"product_brand":[],"product_cat":[37,43,32,35],"product_tag":[],"class_list":{"0":"post-8193","1":"product","2":"type-product","3":"status-publish","4":"has-post-thumbnail","6":"product_cat-everyday-baby-essentials","7":"product_cat-diaper-bags","8":"product_cat-baby-care","9":"product_cat-outing-travel","11":"first","12":"instock","13":"shipping-taxable","14":"purchasable","15":"product-type-variable"},"_links":{"self":[{"href":"https:\/\/babyslane.com\/fr\/wp-json\/wp\/v2\/product\/8193","targetHints":{"allow":["GET"]}}],"collection":[{"href":"https:\/\/babyslane.com\/fr\/wp-json\/wp\/v2\/product"}],"about":[{"href":"https:\/\/babyslane.com\/fr\/wp-json\/wp\/v2\/types\/product"}],"replies":[{"embeddable":true,"href":"https:\/\/babyslane.com\/fr\/wp-json\/wp\/v2\/comments?post=8193"}],"version-history":[{"count":5,"href":"https:\/\/babyslane.com\/fr\/wp-json\/wp\/v2\/product\/8193\/revisions"}],"predecessor-version":[{"id":10862,"href":"https:\/\/babyslane.com\/fr\/wp-json\/wp\/v2\/product\/8193\/revisions\/10862"}],"wp:featuredmedia":[{"embeddable":true,"href":"https:\/\/babyslane.com\/fr\/wp-json\/wp\/v2\/media\/8187"}],"wp:attachment":[{"href":"https:\/\/babyslane.com\/fr\/wp-json\/wp\/v2\/media?parent=8193"}],"wp:term":[{"taxonomy":"product_brand","embeddable":true,"href":"https:\/\/babyslane.com\/fr\/wp-json\/wp\/v2\/product_brand?post=8193"},{"taxonomy":"product_cat","embeddable":true,"href":"https:\/\/babyslane.com\/fr\/wp-json\/wp\/v2\/product_cat?post=8193"},{"taxonomy":"product_tag","embeddable":true,"href":"https:\/\/babyslane.com\/fr\/wp-json\/wp\/v2\/product_tag?post=8193"}],"curies":[{"name":"wp","href":"https:\/\/api.w.org\/{rel}","templated":true}]}}