{"id":8212,"date":"2023-09-09T18:18:15","date_gmt":"2023-09-09T16:18:15","guid":{"rendered":"https:\/\/babyslane.com\/produit\/every-family-toy-puzzle-jigsaw-puzzle-wooden-toy\/"},"modified":"2023-11-30T15:26:55","modified_gmt":"2023-11-30T14:26:55","slug":"every-family-toy-puzzle-jigsaw-puzzle-wooden-toy","status":"publish","type":"product","link":"https:\/\/babyslane.com\/fr\/produit\/every-family-toy-puzzle-jigsaw-puzzle-wooden-toy\/","title":{"rendered":"Jouet Educatif Planche \u00e0 d\u00e9coup\u00e9 L\u00e9gumes en Bois"},"content":{"rendered":"<p><img decoding=\"async\" style=\"max-width: 100%;\" src=\"https:\/\/cc-west-usa.oss-accelerate.aliyuncs.com\/1620197510086.jpg\" \/><br \/>\n<img decoding=\"async\" style=\"max-width: 100%;\" src=\"https:\/\/cc-west-usa.oss-accelerate.aliyuncs.com\/1620197510247.jpg\" \/><br \/>\n<img decoding=\"async\" style=\"max-width: 100%;\" src=\"https:\/\/cc-west-usa.oss-accelerate.aliyuncs.com\/1620197510379.jpg\" \/><br \/>\n<img decoding=\"async\" style=\"max-width: 100%;\" src=\"https:\/\/cc-west-usa.oss-accelerate.aliyuncs.com\/1620197510083.jpg\" \/><br \/>\n<img decoding=\"async\" style=\"max-width: 100%;\" src=\"https:\/\/cc-west-usa.oss-accelerate.aliyuncs.com\/1620197510091.jpg\" \/><\/p>\n<div class=\"flex flex-grow flex-col max-w-full\">\n<div class=\"min-h-[20px] text-message flex flex-col items-start gap-3 whitespace-pre-wrap break-words [.text-message+&amp;]:mt-5 overflow-x-auto\" data-message-author-role=\"assistant\" data-message-id=\"2ed3dfc7-baff-4835-839e-0829b6f1b050\">\n<div class=\"markdown prose w-full break-words dark:prose-invert light\">\n<p>Informations sur le produit<\/p>\n<p>Mat\u00e9riau : Bois<\/p>\n<p>Sp\u00e9cification : 22,5 x 30 cm<\/p>\n<p>Contenu de l&#8217;emballage<\/p>\n<p>1x Planche \u00e0 d\u00e9couper l\u00e9gumes<\/p>\n<\/div>\n<\/div>\n<\/div>\n<p><\/p>","protected":false},"excerpt":{"rendered":"<p>Offrez \u00e0 votre enfant l&#8217;experience d&#8217;\u00eatre un chef cuisinier avec cette planche \u00e0 legumes equip\u00e9e d&#8217;un couteau en bois pour une touche d&#8217;authenticit\u00e9.<\/p>\n","protected":false},"featured_media":8207,"comment_status":"open","ping_status":"closed","template":"","meta":[],"product_brand":[],"product_cat":[33],"product_tag":[],"class_list":{"0":"post-8212","1":"product","2":"type-product","3":"status-publish","4":"has-post-thumbnail","6":"product_cat-educational-toys","8":"first","9":"instock","10":"sale","11":"shipping-taxable","12":"purchasable","13":"product-type-simple"},"_links":{"self":[{"href":"https:\/\/babyslane.com\/fr\/wp-json\/wp\/v2\/product\/8212","targetHints":{"allow":["GET"]}}],"collection":[{"href":"https:\/\/babyslane.com\/fr\/wp-json\/wp\/v2\/product"}],"about":[{"href":"https:\/\/babyslane.com\/fr\/wp-json\/wp\/v2\/types\/product"}],"replies":[{"embeddable":true,"href":"https:\/\/babyslane.com\/fr\/wp-json\/wp\/v2\/comments?post=8212"}],"version-history":[{"count":2,"href":"https:\/\/babyslane.com\/fr\/wp-json\/wp\/v2\/product\/8212\/revisions"}],"predecessor-version":[{"id":8978,"href":"https:\/\/babyslane.com\/fr\/wp-json\/wp\/v2\/product\/8212\/revisions\/8978"}],"wp:featuredmedia":[{"embeddable":true,"href":"https:\/\/babyslane.com\/fr\/wp-json\/wp\/v2\/media\/8207"}],"wp:attachment":[{"href":"https:\/\/babyslane.com\/fr\/wp-json\/wp\/v2\/media?parent=8212"}],"wp:term":[{"taxonomy":"product_brand","embeddable":true,"href":"https:\/\/babyslane.com\/fr\/wp-json\/wp\/v2\/product_brand?post=8212"},{"taxonomy":"product_cat","embeddable":true,"href":"https:\/\/babyslane.com\/fr\/wp-json\/wp\/v2\/product_cat?post=8212"},{"taxonomy":"product_tag","embeddable":true,"href":"https:\/\/babyslane.com\/fr\/wp-json\/wp\/v2\/product_tag?post=8212"}],"curies":[{"name":"wp","href":"https:\/\/api.w.org\/{rel}","templated":true}]}}