{"id":8252,"date":"2023-09-09T18:28:14","date_gmt":"2023-09-09T16:28:14","guid":{"rendered":"https:\/\/babyslane.com\/produit\/wooden-childrens-simulation-play-house-doctor-toy-suit-girl-injection-teeth-medicine-kit-tool-box-stall\/"},"modified":"2023-11-30T15:12:21","modified_gmt":"2023-11-30T14:12:21","slug":"wooden-childrens-simulation-play-house-doctor-toy-suit-girl-injection-teeth-medicine-kit-tool-box-stall","status":"publish","type":"product","link":"https:\/\/babyslane.com\/fr\/produit\/wooden-childrens-simulation-play-house-doctor-toy-suit-girl-injection-teeth-medicine-kit-tool-box-stall\/","title":{"rendered":"Jouet Kit du Docteur en bois Montessori"},"content":{"rendered":"<p><img decoding=\"async\" style=\"max-width: 100%;\" src=\"https:\/\/cc-west-usa.oss-accelerate.aliyuncs.com\/e3ec0e0d-f2d8-46bd-8091-08ab0bbc8ba7.jpg\" \/><br \/>\n<img decoding=\"async\" style=\"max-width: 100%;\" src=\"https:\/\/cc-west-usa.oss-accelerate.aliyuncs.com\/cd5c4456-3d51-4faa-9f4d-f1ab8c9527e6.jpg\" \/><br \/>\n<img decoding=\"async\" style=\"max-width: 100%;\" src=\"https:\/\/cc-west-usa.oss-accelerate.aliyuncs.com\/4bccd23d-2f68-4929-beed-648fade18f0b.jpg\" \/><br \/>\n<img decoding=\"async\" style=\"max-width: 100%;\" src=\"https:\/\/cc-west-usa.oss-accelerate.aliyuncs.com\/ab57dc3d-31d3-4cea-8c18-89b904d70235.jpg\" \/><br \/>\n<img decoding=\"async\" style=\"max-width: 100%;\" src=\"https:\/\/cc-west-usa.oss-accelerate.aliyuncs.com\/aac625c1-59ef-429e-ac8b-9add01fcfad1.jpg\" \/><\/p>\n<p>Informations sur le produit :<\/p>\n<p>Mat\u00e9riau du jouet : bois<\/p>\n<p>Couleurs disponibles : rouge ou vert<\/p>\n<p>Taille : 18,5*14*12 cm<\/p>\n<p>Contenu de la boite :<\/p>\n<p>1 set<\/p>","protected":false},"excerpt":{"rendered":"<div class=\"flex flex-grow flex-col max-w-full\">\n<div class=\"min-h-[20px] text-message flex flex-col items-start gap-3 whitespace-pre-wrap break-words [.text-message+&amp;]:mt-5 overflow-x-auto\" data-message-author-role=\"assistant\" data-message-id=\"c09e7b5d-515a-4604-a22c-a6351716a4a3\">\n<div class=\"markdown prose w-full break-words dark:prose-invert light\">\n<p>Laissez votre enfant explorez le monde de la m\u00e9decine avec notre Kit de M\u00e9decin Premier Secours en Bois pour Enfant. Fabriqu\u00e9 avec soin, ce jouet Montessori offre une exp\u00e9rience d&#8217;apprentissage ludique des premiers secours.<\/p>\n<p>\u00c9quip\u00e9 d&#8217;instruments m\u00e9dicaux en bois authentiques, tels que thermom\u00e8tre et st\u00e9thoscope, il encourage le jeu cr\u00e9atif tout en enseignant des comp\u00e9tences importantes.<\/p>\n<p>Offrez \u00e0 votre enfant des heures d&#8217;amusement \u00e9ducatif avec ce kit interactif et durable. Laissez son imagination s&#8217;\u00e9panouir en devenant le h\u00e9ros de la sant\u00e9!<\/p>\n<\/div>\n<\/div>\n<\/div>\n","protected":false},"featured_media":8247,"comment_status":"open","ping_status":"closed","template":"","meta":[],"product_brand":[],"product_cat":[33],"product_tag":[],"class_list":{"0":"post-8252","1":"product","2":"type-product","3":"status-publish","4":"has-post-thumbnail","6":"product_cat-educational-toys","8":"first","9":"instock","10":"sale","11":"shipping-taxable","12":"purchasable","13":"product-type-variable","14":"has-default-attributes"},"_links":{"self":[{"href":"https:\/\/babyslane.com\/fr\/wp-json\/wp\/v2\/product\/8252","targetHints":{"allow":["GET"]}}],"collection":[{"href":"https:\/\/babyslane.com\/fr\/wp-json\/wp\/v2\/product"}],"about":[{"href":"https:\/\/babyslane.com\/fr\/wp-json\/wp\/v2\/types\/product"}],"replies":[{"embeddable":true,"href":"https:\/\/babyslane.com\/fr\/wp-json\/wp\/v2\/comments?post=8252"}],"version-history":[{"count":2,"href":"https:\/\/babyslane.com\/fr\/wp-json\/wp\/v2\/product\/8252\/revisions"}],"predecessor-version":[{"id":8976,"href":"https:\/\/babyslane.com\/fr\/wp-json\/wp\/v2\/product\/8252\/revisions\/8976"}],"wp:featuredmedia":[{"embeddable":true,"href":"https:\/\/babyslane.com\/fr\/wp-json\/wp\/v2\/media\/8247"}],"wp:attachment":[{"href":"https:\/\/babyslane.com\/fr\/wp-json\/wp\/v2\/media?parent=8252"}],"wp:term":[{"taxonomy":"product_brand","embeddable":true,"href":"https:\/\/babyslane.com\/fr\/wp-json\/wp\/v2\/product_brand?post=8252"},{"taxonomy":"product_cat","embeddable":true,"href":"https:\/\/babyslane.com\/fr\/wp-json\/wp\/v2\/product_cat?post=8252"},{"taxonomy":"product_tag","embeddable":true,"href":"https:\/\/babyslane.com\/fr\/wp-json\/wp\/v2\/product_tag?post=8252"}],"curies":[{"name":"wp","href":"https:\/\/api.w.org\/{rel}","templated":true}]}}